{"id":316,"date":"2013-11-17T19:03:07","date_gmt":"2013-11-17T18:03:07","guid":{"rendered":"http:\/\/blocs.xtec.cat\/cdaaltbergueda\/?page_id=316"},"modified":"2016-06-21T11:48:47","modified_gmt":"2016-06-21T10:48:47","slug":"activitat-la-cova-de-la-tuta-les-fonts-del-llobregat","status":"publish","type":"page","link":"https:\/\/serveiseducatius.xtec.cat\/cda-paucasals\/ambits\/totes-les-activitats\/activitat-la-cova-de-la-tuta-les-fonts-del-llobregat\/","title":{"rendered":"Activitat: La cova de la Tuta i les fonts del Llobregat"},"content":{"rendered":"<h5>\u00a0\r\n\t<div class=\"slideshow_container slideshow_container_style-light\" style=\"height: 300px; \" data-slideshow-id=\"8322\" data-style-name=\"style-light\" data-style-version=\"2.3.1\" >\r\n\r\n\t\t\t\t\t<div class=\"slideshow_loading_icon\"><\/div>\r\n\t\t\r\n\t\t<div class=\"slideshow_content\" style=\"display: none;\">\r\n\r\n\t\t\t<div class=\"slideshow_view\">\r\n\t\t\t\t<div class=\"slideshow_slide slideshow_slide_image\">\r\n\t\t\t\t\t\t\t\t\t\t\t<img src=\"https:\/\/serveiseducatius.xtec.cat\/cda-paucasals\/wp-content\/uploads\/usu133\/2016\/06\/20.jpg\" alt=\"20\" width=\"1600\" height=\"1200\" \/>\r\n\t\t\t\t\t\t\t\t\t\t<div class=\"slideshow_description_box slideshow_transparent\">\r\n\t\t\t\t\t\t\t\t\t\t\t\t\t\t\t\t\t<\/div>\r\n\t\t\t\t<\/div>\r\n\r\n\t\t\t\t\t\t<div style=\"clear: both;\"><\/div><\/div><div class=\"slideshow_view\">\r\n\t\t\t\t<div class=\"slideshow_slide slideshow_slide_image\">\r\n\t\t\t\t\t\t\t\t\t\t\t<img src=\"https:\/\/serveiseducatius.xtec.cat\/cda-paucasals\/wp-content\/uploads\/usu133\/2016\/06\/DSC_0143-636x303.jpg\" alt=\"DSC_0143-636x303\" width=\"636\" height=\"303\" \/>\r\n\t\t\t\t\t\t\t\t\t\t<div class=\"slideshow_description_box slideshow_transparent\">\r\n\t\t\t\t\t\t\t\t\t\t\t\t\t\t\t\t\t<\/div>\r\n\t\t\t\t<\/div>\r\n\r\n\t\t\t\t\t\t<div style=\"clear: both;\"><\/div><\/div><div class=\"slideshow_view\">\r\n\t\t\t\t<div class=\"slideshow_slide slideshow_slide_image\">\r\n\t\t\t\t\t\t\t\t\t\t\t<img src=\"https:\/\/serveiseducatius.xtec.cat\/cda-paucasals\/wp-content\/uploads\/usu133\/2016\/06\/Portada.jpg\" alt=\"Portada\" width=\"650\" height=\"488\" \/>\r\n\t\t\t\t\t\t\t\t\t\t<div class=\"slideshow_description_box slideshow_transparent\">\r\n\t\t\t\t\t\t\t\t\t\t\t\t\t\t\t\t\t<\/div>\r\n\t\t\t\t<\/div>\r\n\r\n\t\t\t\t\t\t<div style=\"clear: both;\"><\/div><\/div>\r\n\t\t<\/div>\r\n\r\n\t\t<div class=\"slideshow_controlPanel slideshow_transparent\" style=\"display: none;\"><ul><li class=\"slideshow_togglePlay\" data-play-text=\"Visualitza\" data-pause-text=\"Pausa\"><\/li><\/ul><\/div>\r\n\r\n\t\t<div class=\"slideshow_button slideshow_previous slideshow_transparent\" role=\"button\" data-previous-text=\"Anterior\" style=\"display: none;\"><\/div>\r\n\t\t<div class=\"slideshow_button slideshow_next slideshow_transparent\" role=\"button\" data-next-text=\"Seg\u00fcent\" style=\"display: none;\"><\/div>\r\n\r\n\t\t<div class=\"slideshow_pagination\" style=\"display: none;\" data-go-to-text=\"V\u00e9s a la diapositiva\"><div class=\"slideshow_pagination_center\"><\/div><\/div>\r\n\r\n\t\t<!-- WordPress Slideshow Version 2.3.1 -->\r\n\r\n\t\t\t<\/div>\r\n\r\n<\/h5>\n<p>&nbsp;<\/p>\n<h5><strong>Nivells educatius:<\/strong><\/h5>\n<ul>\n<li>Educaci\u00f3 Prim\u00e0ria (CI, CM, CS)<\/li>\n<li>Educaci\u00f3 Secund\u00e0ria (1r cicle ESO)<\/li>\n<\/ul>\n<h5><strong>Es treballaran: \u0083<\/strong><\/h5>\n<ul>\n<li>Lectura del paisatge (comparaci\u00f3 amb el seu) \u0083<\/li>\n<li>Formaci\u00f3 dels Pirineus. Roca calc\u00e0ria. F\u00f2ssils<\/li>\n<li>\u0083 Cova, sistema c\u00e0rstic.<\/li>\n<li>\u0083 Les Fonts del Llobregat. Aig\u00fces subterr\u00e0nies<\/li>\n<li>\u0083 Aprofitament del riu (abans\/ara). Molins, fargues, hidroel\u00e8ctriques.<\/li>\n<li>\u0083 Llegenda<\/li>\n<li>\u0083 Passat hist\u00f2ric i social\/societat i economia actual.<\/li>\n<li>\u0083 El relleu de l\u2019Alt Bergued\u00e0<\/li>\n<\/ul>\n<h5><strong>Desenvolupament de l&#8217;activitat:<\/strong><\/h5>\n<p style=\"padding-left: 30px;\"><strong>Arribada a Castellar de n\u2019Hug<\/strong><br \/>\nPresentaci\u00f3 de l\u2019activitat i formulaci\u00f3 dels interrogants que s\u2019hauran deresoldre al llarg del dia.\u00a0Situaci\u00f3 de la Tuta i presentaci\u00f3 d\u2019algunes unitats de relleu.<\/p>\n<p style=\"padding-left: 30px;\"><strong>Tur\u00f3 prop de camp de futbol o altre indret (si es decideix no pujar a\u00a0la Tuta)<br \/>\n<\/strong>Lectura del paisatge i comparaci\u00f3 amb el del seu lloc de proced\u00e8ncia. A\u00a0trav\u00e9s dels elements del paisatge es parla de la formaci\u00f3 dels Pirineus,\u00a0s\u2019identifica el tipus i caracter\u00edstiques de la roca que ens envolta, l\u2019evoluci\u00f3 i\u00a0aprofitament de l\u2019entorn.\u00a0Es treballa el relleu de l\u2019Alt Bergued\u00e0, tot orientant-lo i situant-lo en un perfil.<\/p>\n<p style=\"padding-left: 30px;\"><strong>Cam\u00ed de la Tuta, Antic dip\u00f2sit<\/strong><br \/>\nLectura del paisatge i comparaci\u00f3 amb el del seu lloc de proced\u00e8ncia. A<br \/>\ntrav\u00e9s dels elements del paisatge es parla de la formaci\u00f3 dels Pirineus,<br \/>\ns\u2019identifica el tipus i caracter\u00edstiques de la roca que ens envolta, l\u2019evoluci\u00f3 i<br \/>\naprofitament de l\u2019entorn.<br \/>\nEs situa l\u2019antic castell, i que d\u00f3na nom al poble, on ara es situa el museu del<br \/>\npastor.<\/p>\n<p style=\"padding-left: 30px;\"><strong>La cova de la Tuta<br \/>\n<\/strong>Entrarem a la cova equipats amb casc i lots. S\u2019observar\u00e0 la part m\u00e9s externa\u00a0tot deduint possibles usos remots i actuals. Es baixar\u00e0 fins a la seg\u00fcent\u00a0galeria on s\u2019observaran i es parlar\u00e0 del proc\u00e9s de formaci\u00f3 d\u2019estalactites i estalagmites. Una mica m\u00e9s endins, es parlar\u00e0 dels avencs i a les fosques i\u00a0amb silenci, s\u2019escoltar\u00e0 el soroll de les gotes d\u2019aigua al caure.<\/p>\n<p style=\"padding-left: 30px;\"><strong>Les Fonts del Llobregat<\/strong><br \/>\nPel cam\u00ed de Castellar fins a les Fonts es faran un parell de parades, una per<br \/>\nescoltar el soroll i l\u2019altre per parlar del torrent de la Font del boix.<br \/>\nEn la visita a Les Fonts del Llobregat ens fixarem per on surt l\u2019aigua, quanta<br \/>\nen surt, &#8230; Tamb\u00e9 ens aportar\u00e0 informaci\u00f3 sobre l\u2019aprofitament de l\u2019aigua<br \/>\nabans i ara (canals, rescloses, molins, minicentrals hidroel\u00e8ctriques.<\/p>\n<p style=\"padding-left: 30px;\"><strong>En el Mol\u00ed de les Fonts farem l\u2019ultima parada.<\/strong><br \/>\nAqu\u00ed explicarem la llegenda de \u201cLa bruixa del riu\u201d, a partir de la qual, i de les<br \/>\nobservacions fetes durant tot el dia, esbrinarem l\u2019origen de les Fonts (el<br \/>\nrecorregut de l\u2019aigua per dins la muntanya lligant-lo amb l visita a la cova de<br \/>\nla Tuta) i el seu comportament durant el curs de l\u2019any.<br \/>\nTamb\u00e9 parlarem de l\u2019aprofitament del riu.<\/p>\n<h5><strong>Observacions:<\/strong><\/h5>\n<ul>\n<li>L\u2019activitat \u00e9s d\u2019un dia.<\/li>\n<li>Cal portar esmorzar, dinar i aigua. Tamb\u00e9 un lot\u00a0si s\u2019opta per la cova de la Tuta.<\/li>\n<li>Cal anar preparat amb bon cal\u00e7at i roba d\u2019abric per protegir-se de lespossibles inclem\u00e8ncies del temps.<\/li>\n<li>L\u2019activitat es pot adaptar segons les necessitats del centre i els\u00a0aspectes curriculars que es vulguin tractar.<\/li>\n<\/ul>\n<p><a title=\"descarregar fitxa\" href=\"https:\/\/drive.google.com\/file\/d\/0B1Whk6C-0QRaQmJsSnVxVFI3M28\/edit?usp=sharing\">Descarregar fitxa<br \/>\n<\/a><a title=\"veure mes\" href=\"http:\/\/serveiseducatius.xtec.cat\/cda-paucasals\/ambits\/totes-les-activitats\/\">Veure m\u00e9s activitats<\/a><\/p>\n","protected":false},"excerpt":{"rendered":"<p>\u00a0<\/p>\n<ul>\n<li class=\"slideshow_togglePlay\" data-play-text=\"Visualitza\" data-pause-text=\"Pausa\"><\/li>\n<\/ul>\n<p>&nbsp;<br \/>\nNivells educatius:<\/p>\n<ul>\n<li>Educaci\u00f3 Prim\u00e0ria (CI, CM, CS)<\/li>\n<li>Educaci\u00f3 Secund\u00e0ria (1r cicle ESO)<\/li>\n<\/ul>\n<p>Es treballaran: \u0083<\/p>\n<ul>\n<li>Lectura del paisatge (comparaci\u00f3 amb el seu) \u0083<\/li>\n<li>Formaci\u00f3 dels Pirineus. Roca calc\u00e0ria. F\u00f2ssils<\/li>\n<li>\u0083 Cova, sistema c\u00e0rstic.<\/li>\n<li>\u0083 Les Fonts del Llobregat. Aig\u00fces subterr\u00e0nies<\/li>\n<li>\u0083 Aprofitament del riu (abans\/ara). Molins, fargues, hidroel\u00e8ctriques.<\/li>\n<li>\u0083 Llegenda<\/li>\n<li>\u0083 Passat&hellip;  <a href=\"https:\/\/serveiseducatius.xtec.cat\/cda-paucasals\/ambits\/totes-les-activitats\/activitat-la-cova-de-la-tuta-les-fonts-del-llobregat\/\" title=\"Read Activitat: La cova de la Tuta i les fonts del Llobregat\">Llegeix m\u00e9s\u00bb<\/a><br \/>\n","protected":false},"author":1,"featured_media":0,"parent":8199,"menu_order":0,"comment_status":"open","ping_status":"open","template":"page-templates\/side-menu.php","meta":{"_bbp_topic_count":0,"_bbp_reply_count":0,"_bbp_total_topic_count":0,"_bbp_total_reply_count":0,"_bbp_voice_count":0,"_bbp_anonymous_reply_count":0,"_bbp_topic_count_hidden":0,"_bbp_reply_count_hidden":0,"_bbp_forum_subforum_count":0,"footnotes":""},"class_list":["post-316","page","type-page","status-publish","hentry"],"post_mailing_queue_ids":[],"_links":{"self":[{"href":"https:\/\/serveiseducatius.xtec.cat\/cda-paucasals\/wp-json\/wp\/v2\/pages\/316","targetHints":{"allow":["GET"]}}],"collection":[{"href":"https:\/\/serveiseducatius.xtec.cat\/cda-paucasals\/wp-json\/wp\/v2\/pages"}],"about":[{"href":"https:\/\/serveiseducatius.xtec.cat\/cda-paucasals\/wp-json\/wp\/v2\/types\/page"}],"author":[{"embeddable":true,"href":"https:\/\/serveiseducatius.xtec.cat\/cda-paucasals\/wp-json\/wp\/v2\/users\/1"}],"replies":[{"embeddable":true,"href":"https:\/\/serveiseducatius.xtec.cat\/cda-paucasals\/wp-json\/wp\/v2\/comments?post=316"}],"version-history":[{"count":0,"href":"https:\/\/serveiseducatius.xtec.cat\/cda-paucasals\/wp-json\/wp\/v2\/pages\/316\/revisions"}],"up":[{"embeddable":true,"href":"https:\/\/serveiseducatius.xtec.cat\/cda-paucasals\/wp-json\/wp\/v2\/pages\/8199"}],"wp:attachment":[{"href":"https:\/\/serveiseducatius.xtec.cat\/cda-paucasals\/wp-json\/wp\/v2\/media?parent=316"}],"curies":[{"name":"wp","href":"https:\/\/api.w.org\/{rel}","templated":true}]}}