{"id":294,"date":"2013-11-17T18:08:59","date_gmt":"2013-11-17T17:08:59","guid":{"rendered":"http:\/\/blocs.xtec.cat\/cdaaltbergueda\/?page_id=294"},"modified":"2016-06-21T11:26:09","modified_gmt":"2016-06-21T10:26:09","slug":"fongs-bolets","status":"publish","type":"page","link":"https:\/\/serveiseducatius.xtec.cat\/cda-paucasals\/ambits\/totes-les-activitats\/fongs-bolets\/","title":{"rendered":"Activitat: Els fongs i els bolets"},"content":{"rendered":"<h1><img loading=\"lazy\" decoding=\"async\" class=\"size-full wp-image-300 aligncenter\" src=\"http:\/\/serveiseducatius.xtec.cat\/cda-paucasals\/wp-content\/uploads\/usu133\/2013\/11\/bolets.png\" alt=\"bolets\" width=\"546\" height=\"151\" srcset=\"https:\/\/serveiseducatius.xtec.cat\/cda-paucasals\/wp-content\/uploads\/usu133\/2013\/11\/bolets.png 546w, https:\/\/serveiseducatius.xtec.cat\/cda-paucasals\/wp-content\/uploads\/usu133\/2013\/11\/bolets-300x83.png 300w\" sizes=\"auto, (max-width: 546px) 100vw, 546px\" \/><\/h1>\n<p><strong>Nivells educatius:<\/strong><\/p>\n<p>Educaci\u00f3 Prim\u00e0ria, 1r cicle d&#8217;Educaci\u00f3 Secund\u00e0ria<\/p>\n<p><strong>Es treballaran:<\/strong><\/p>\n<ul>\n<li>Els fongs i els bolets com a \u00e9ssers vius: el regne dels fongs, les funcions\u00a0vitals (nutrici\u00f3, relaci\u00f3 i reproducci\u00f3).<\/li>\n<li>Les parts d&#8217;un bolet, caracter\u00edstiques.<\/li>\n<li>L\u2019h\u00e0bitat i formes de vida.<\/li>\n<li>La recol\u00b7lecci\u00f3 de bolets .<\/li>\n<li>La identificaci\u00f3 i classificaci\u00f3 dels bolets m\u00e9s comuns que podem trobar a\u00a0la zona.<\/li>\n<li>La funci\u00f3 dels fongs i el seu aprofitament.<\/li>\n<\/ul>\n<p><strong>Desenvolupament de l&#8217;activitat:<\/strong><\/p>\n<p><strong>Presentaci\u00f3<\/strong><\/p>\n<ul>\n<li>Comentari sobre els bolets i els fongs. Els alumnes exposen qu\u00e8\u00a0saben dels bolets. Es plantegen preguntes o dubtes del tipus: de qu\u00e8\u00a0s&#8217;alimenten, a sobre d\u2019on viuen, qu\u00e8 \u00e9s un fong i qu\u00e8 \u00e9s un bolet, quins\u00a0beneficis aporten al bosc, com saber si s\u00f3n comestibles, en qu\u00e8\u00a0s&#8217;assemblen a un animal i en qu\u00e8 a una planta, com es reprodueixen,etc.<\/li>\n<li>Breu explicaci\u00f3 sobre com s\u2019han de collir els bolets i perqu\u00e8 es fa aix\u00ed,\u00a0quins es poden agafar i quants de cada tipus.<\/li>\n<li>Distribuci\u00f3 de cistells.<\/li>\n<\/ul>\n<p><strong>Treball de camp<\/strong><\/p>\n<ul>\n<li>Sortida a l\u2019entorn proper del centre per anar a buscar bolets.<\/li>\n<\/ul>\n<p><strong>Treball a l\u2019aula<\/strong><\/p>\n<ul>\n<li>Tria dels bolets: separar els coneguts de la resta.<\/li>\n<li>Conversa sobre utilitats, perjudicis, funcions dels bolets i dels fongs.<\/li>\n<li>Identificaci\u00f3 dels bolets trobats a partir de diapositives.<\/li>\n<\/ul>\n<p><strong>Treball de laboratori<\/strong><\/p>\n<ul>\n<li>Observaci\u00f3 de les diferents parts del bolet amb lupa binocular.<\/li>\n<li>Descripci\u00f3 d\u2019un dels bolets trobats.<\/li>\n<li>Preparaci\u00f3 de l\u2019esporada.<\/li>\n<li>Preparaci\u00f3 i observaci\u00f3 microsc\u00f2pica de les espores (per CS I ESO).<\/li>\n<\/ul>\n<p><strong>Observacions<\/strong><\/p>\n<p>El material per realitzar l\u2019activitat el proporciona el Camp: quaderns de<br \/>\npresa de dades, cistell per cada grup, safates&#8230;, de totes maneres si el centre<br \/>\nho creu convenient els alumnes poden portar els seus propis cistells.<\/p>\n<p>Per al treball de laboratori es far\u00e0 servir l\u2019aula o el laboratori del centre. Els<br \/>\ninstruments a utilitzar seran tamb\u00e9 els del centre (lupa binocular, c\u00e0psules de<br \/>\npetri, etc.). Si aquest no en disposa, ser\u00e0 el Camp qui els portar\u00e0.<\/p>\n<p><a title=\"descarregar fitxa\" href=\"https:\/\/drive.google.com\/file\/d\/0B1Whk6C-0QRaTmpuUF9fTjlvZXc\/edit?usp=sharing\">Descarregar fitxa<\/a><br \/>\n<a title=\"mes activitats\" href=\"http:\/\/serveiseducatius.xtec.cat\/cda-paucasals\/ambits\/totes-les-activitats\/\">Veure m\u00e9s activitats<\/a><\/p>\n<p>&nbsp;<\/p>\n<p>&nbsp;<\/p>\n","protected":false},"excerpt":{"rendered":"<p>Nivells educatius:<br \/>\nEducaci\u00f3 Prim\u00e0ria, 1r cicle d&#8217;Educaci\u00f3 Secund\u00e0ria<br \/>\nEs treballaran:<\/p>\n<ul>\n<li>Els fongs i els bolets com a \u00e9ssers vius: el regne dels fongs, les funcions\u00a0vitals (nutrici\u00f3, relaci\u00f3 i reproducci\u00f3).<\/li>\n<li>Les parts d&#8217;un bolet, caracter\u00edstiques.<\/li>\n<li>L\u2019h\u00e0bitat i formes de vida.<\/li>\n<li>La recol\u00b7lecci\u00f3 de bolets .<\/li>\n<li>La identificaci\u00f3 i classificaci\u00f3 dels bolets m\u00e9s comuns&hellip;  <a href=\"https:\/\/serveiseducatius.xtec.cat\/cda-paucasals\/ambits\/totes-les-activitats\/fongs-bolets\/\" title=\"Read Activitat: Els fongs i els bolets\">Llegeix m\u00e9s\u00bb<\/a><br \/>\n","protected":false},"author":1,"featured_media":0,"parent":8199,"menu_order":0,"comment_status":"open","ping_status":"closed","template":"page-templates\/side-menu.php","meta":{"_bbp_topic_count":0,"_bbp_reply_count":0,"_bbp_total_topic_count":0,"_bbp_total_reply_count":0,"_bbp_voice_count":0,"_bbp_anonymous_reply_count":0,"_bbp_topic_count_hidden":0,"_bbp_reply_count_hidden":0,"_bbp_forum_subforum_count":0,"footnotes":""},"class_list":["post-294","page","type-page","status-publish","hentry"],"post_mailing_queue_ids":[],"_links":{"self":[{"href":"https:\/\/serveiseducatius.xtec.cat\/cda-paucasals\/wp-json\/wp\/v2\/pages\/294","targetHints":{"allow":["GET"]}}],"collection":[{"href":"https:\/\/serveiseducatius.xtec.cat\/cda-paucasals\/wp-json\/wp\/v2\/pages"}],"about":[{"href":"https:\/\/serveiseducatius.xtec.cat\/cda-paucasals\/wp-json\/wp\/v2\/types\/page"}],"author":[{"embeddable":true,"href":"https:\/\/serveiseducatius.xtec.cat\/cda-paucasals\/wp-json\/wp\/v2\/users\/1"}],"replies":[{"embeddable":true,"href":"https:\/\/serveiseducatius.xtec.cat\/cda-paucasals\/wp-json\/wp\/v2\/comments?post=294"}],"version-history":[{"count":0,"href":"https:\/\/serveiseducatius.xtec.cat\/cda-paucasals\/wp-json\/wp\/v2\/pages\/294\/revisions"}],"up":[{"embeddable":true,"href":"https:\/\/serveiseducatius.xtec.cat\/cda-paucasals\/wp-json\/wp\/v2\/pages\/8199"}],"wp:attachment":[{"href":"https:\/\/serveiseducatius.xtec.cat\/cda-paucasals\/wp-json\/wp\/v2\/media?parent=294"}],"curies":[{"name":"wp","href":"https:\/\/api.w.org\/{rel}","templated":true}]}}