{"id":160,"date":"2013-11-15T13:23:03","date_gmt":"2013-11-15T12:23:03","guid":{"rendered":"http:\/\/blocs.xtec.cat\/plantillacda\/?page_id=160"},"modified":"2016-06-21T11:51:12","modified_gmt":"2016-06-21T10:51:12","slug":"projectes","status":"publish","type":"page","link":"https:\/\/serveiseducatius.xtec.cat\/cda-paucasals\/modalitats\/projectes\/","title":{"rendered":"Projectes"},"content":{"rendered":"<p><strong>Projecte l&#8217;hort escolar<\/strong><\/p>\n<p><a href=\"http:\/\/serveiseducatius.xtec.cat\/cda-paucasals\/wp-content\/uploads\/usu133\/2013\/11\/Selecci\u00f3_062.png\"><img loading=\"lazy\" decoding=\"async\" class=\"alignnone size-medium wp-image-518\" src=\"http:\/\/serveiseducatius.xtec.cat\/cda-paucasals\/wp-content\/uploads\/usu133\/2013\/11\/Selecci\u00f3_062-300x211.png\" alt=\"Selecci\u00f3_062\" width=\"300\" height=\"211\" \/><\/a><\/p>\n<p>Aquest projecte pret\u00e9n incidir a trav\u00e9s de propostes de caire pr\u00e0ctic, en continguts educatius relacionats amb la vida de les plantes de forma sempre respectuosa amb el medi. Algunes de les experi\u00e8ncies tenen com a base les suggerides a &#8220;L&#8217;Hort escolar ecol\u00f2gic&#8221; de la Montse Escutia. \u00a0<a href=\"http:\/\/hortbergueda1314.blogspot.com.es\/\">Enlla\u00e7<\/a>\u00a0al projecte.<\/p>\n<p>&nbsp;<\/p>\n<p><strong>Projecte Llobregat<\/strong><\/p>\n<p><a href=\"http:\/\/serveiseducatius.xtec.cat\/cda-paucasals\/wp-content\/uploads\/usu133\/2013\/11\/1346327037.jpg\" rel=\"attachment wp-att-8327\"><img loading=\"lazy\" decoding=\"async\" class=\"alignnone  wp-image-8327\" src=\"http:\/\/serveiseducatius.xtec.cat\/cda-paucasals\/wp-content\/uploads\/usu133\/2013\/11\/1346327037.jpg\" alt=\"1346327037\" width=\"317\" height=\"211\" srcset=\"https:\/\/serveiseducatius.xtec.cat\/cda-paucasals\/wp-content\/uploads\/usu133\/2013\/11\/1346327037.jpg 780w, https:\/\/serveiseducatius.xtec.cat\/cda-paucasals\/wp-content\/uploads\/usu133\/2013\/11\/1346327037-300x200.jpg 300w, https:\/\/serveiseducatius.xtec.cat\/cda-paucasals\/wp-content\/uploads\/usu133\/2013\/11\/1346327037-768x512.jpg 768w\" sizes=\"auto, (max-width: 317px) 100vw, 317px\" \/><\/a><\/p>\n<p>El Projecte Llobregat \u00e9s un projecte compartit entre tres escoles i els tres Camps d&#8217;Aprenentatge de la conca del Llobregat per tal de con\u00e8ixer, aprendre i valorar tota una s\u00e8rie d&#8217;aspectes a l&#8217;entorn del riu Llobregat.\u00a0<a href=\"https:\/\/sites.google.com\/site\/prollobregat\/\">Enlla\u00e7<\/a>\u00a0al projecte.<\/p>\n","protected":false},"excerpt":{"rendered":"<p>Projecte l&#8217;hort escolar<br \/>\n<a href=\"http:\/\/serveiseducatius.xtec.cat\/cda-paucasals\/wp-content\/uploads\/usu133\/2013\/11\/Selecci\u00f3_062.png\"><\/a><br \/>\nAquest projecte pret\u00e9n incidir a trav\u00e9s de propostes de caire pr\u00e0ctic, en continguts educatius relacionats amb la vida de les plantes de forma sempre respectuosa amb el medi. Algunes de les experi\u00e8ncies tenen com a base les suggerides a &#8220;L&#8217;Hort escolar ecol\u00f2gic&#8221;&hellip;  <a href=\"https:\/\/serveiseducatius.xtec.cat\/cda-paucasals\/modalitats\/projectes\/\" title=\"Read Projectes\">Llegeix m\u00e9s\u00bb<\/a><\/p>\n","protected":false},"author":1,"featured_media":0,"parent":8260,"menu_order":30,"comment_status":"closed","ping_status":"closed","template":"page-templates\/side-menu.php","meta":{"_bbp_topic_count":0,"_bbp_reply_count":0,"_bbp_total_topic_count":0,"_bbp_total_reply_count":0,"_bbp_voice_count":0,"_bbp_anonymous_reply_count":0,"_bbp_topic_count_hidden":0,"_bbp_reply_count_hidden":0,"_bbp_forum_subforum_count":0,"footnotes":""},"class_list":["post-160","page","type-page","status-publish","hentry"],"post_mailing_queue_ids":[],"_links":{"self":[{"href":"https:\/\/serveiseducatius.xtec.cat\/cda-paucasals\/wp-json\/wp\/v2\/pages\/160","targetHints":{"allow":["GET"]}}],"collection":[{"href":"https:\/\/serveiseducatius.xtec.cat\/cda-paucasals\/wp-json\/wp\/v2\/pages"}],"about":[{"href":"https:\/\/serveiseducatius.xtec.cat\/cda-paucasals\/wp-json\/wp\/v2\/types\/page"}],"author":[{"embeddable":true,"href":"https:\/\/serveiseducatius.xtec.cat\/cda-paucasals\/wp-json\/wp\/v2\/users\/1"}],"replies":[{"embeddable":true,"href":"https:\/\/serveiseducatius.xtec.cat\/cda-paucasals\/wp-json\/wp\/v2\/comments?post=160"}],"version-history":[{"count":0,"href":"https:\/\/serveiseducatius.xtec.cat\/cda-paucasals\/wp-json\/wp\/v2\/pages\/160\/revisions"}],"up":[{"embeddable":true,"href":"https:\/\/serveiseducatius.xtec.cat\/cda-paucasals\/wp-json\/wp\/v2\/pages\/8260"}],"wp:attachment":[{"href":"https:\/\/serveiseducatius.xtec.cat\/cda-paucasals\/wp-json\/wp\/v2\/media?parent=160"}],"curies":[{"name":"wp","href":"https:\/\/api.w.org\/{rel}","templated":true}]}}