{"id":9307,"date":"2019-03-05T16:50:37","date_gmt":"2019-03-05T15:50:37","guid":{"rendered":"http:\/\/serveiseducatius.xtec.cat\/cda-noguera\/?page_id=9307"},"modified":"2024-01-20T23:40:35","modified_gmt":"2024-01-20T22:40:35","slug":"arkeodidaktiques","status":"publish","type":"page","link":"https:\/\/serveiseducatius.xtec.cat\/cda-noguera\/publicacions-i-articles\/arkeodidaktiques\/","title":{"rendered":"Arkeodid\u00e0ktiques"},"content":{"rendered":"<p>Presentem les Arkeodid\u00e0ktiques, recursos did\u00e0ctics per treballar elements del Patrimoni adoptats per diferents Centres Educatius de Catalunya:<\/p>\n<p><a href=\"https:\/\/drive.google.com\/file\/d\/1fAOcGnPEWyF8CWFT2uVsY21Xh1Cu7rpl\/view?usp=sharing\" target=\"_blank\" rel=\"noopener\">Arkeodid\u00e0ktika 1: Les primeres societats agr\u00edcoles europees<\/a><\/p>\n<p><a href=\"https:\/\/drive.google.com\/file\/d\/1irPn1ntmwhL5-bqcQow6nxbOpKFiYhxI\/view?usp=sharing\" target=\"_blank\" rel=\"noopener\">Arkeodid\u00e0ctika 2: En temps de la Rep\u00fablica<\/a><\/p>\n<p><a href=\"https:\/\/drive.google.com\/file\/d\/1MCRrnUXI1BK3vyO7xdWEm6LHpDh5xKOy\/view?usp=sharing\" target=\"_blank\" rel=\"noopener\">Arkeodid\u00e0ktika 3: Humans en temps de canvi<\/a><\/p>\n<p><a href=\"https:\/\/drive.google.com\/file\/d\/1MCRrnUXI1BK3vyO7xdWEm6LHpDh5xKOy\/view?usp=sharing\" target=\"_blank\" rel=\"noopener\">Arkeodidaktika 4: Territori Neandertal. La Roca dels Bous<\/a><\/p>\n<p><a href=\"https:\/\/drive.google.com\/file\/d\/1cCZB7PtDgZ9Hz4lNxK_t6cx-n4Zdiuv2\/view?usp=sharing\" target=\"_blank\" rel=\"noopener\">Arkeodid\u00e0ctika 5: Catalunya medieval. L&#8217;esgl\u00e8sia Rom\u00e0nica de Barber\u00e0 del Vall\u00e8s<\/a><\/p>\n<p><a href=\"https:\/\/drive.google.com\/file\/d\/1VCynGFw7_IZ6hASu0C_SFqEC3CCWqGzu\/view?usp=sharing\" target=\"_blank\" rel=\"noopener\">Arkeodid\u00e0ctika 6: Artistes de la Prehist\u00f2ria. La Cova dels Vilars d&#8217;Os de Balaguer<\/a><\/p>\n<p><a href=\"https:\/\/drive.google.com\/file\/d\/1sR1ez_ZTcV-4IvwoMOG6bOsBcI_kyoK6\/view?usp=sharing\" target=\"_blank\" rel=\"noopener\">Arkeodid\u00e0ktika 7: La Necr\u00f2polis de la Colomina de gerb<\/a><\/p>\n<p><a href=\"https:\/\/drive.google.com\/file\/d\/1OruSOv5t8ajAffOmSYCsU-USmxFcaA_J\/view?usp=sharing\" target=\"_blank\" rel=\"noopener\">Arkeodid\u00e0ktika 8: Educar i aprendre en temps de la Rep\u00fablica.<\/a><\/p>\n<p><a href=\"https:\/\/drive.google.com\/file\/d\/1ssR5518FTwg9gb_w1SJ1wdKgshMa0GWH\/view?usp=sharing\" target=\"_blank\" rel=\"noopener\">Arkeodid\u00e0ctika 9: La petjada dels romans. La vil\u00b7la del Romeral d&#8217;Albesa<\/a><\/p>\n<p><a href=\"https:\/\/drive.google.com\/file\/d\/19ARiPJIp2Zq1ZnIXrKslHJPYcURqnleQ\/view?usp=sharing\" target=\"_blank\" rel=\"noopener\">Arkeodidaktika 10. Tots els camins porten a Roma. La via romana d&#8217;\u00c0ger<\/a><\/p>\n<p><a href=\"https:\/\/drive.google.com\/file\/d\/1pkAAx66FHaDTTrAmJ_O9cDUAXfeNWbzl\/view?usp=sharing\" target=\"_blank\" rel=\"noopener\">Arkeodid\u00e0ktika 11. Camperols, monjos i cavallers. El castell de Tartareu<\/a><\/p>\n<p><a href=\"https:\/\/drive.google.com\/file\/d\/1-cZyDlDvg18btZ4qNsJL5-HQmddU6Npk\/view?usp=sharing\" target=\"_blank\" rel=\"noopener\">Arkeodid\u00e0ctika 12. Camins amb hist\u00f2ria. El cam\u00ed ral al poble de l&#8217;Esquirol<\/a><\/p>\n","protected":false},"excerpt":{"rendered":"<p>Presentem les Arkeodid\u00e0ktiques, recursos did\u00e0ctics per treballar elements del Patrimoni adoptats per diferents Centres Educatius de Catalunya: Arkeodid\u00e0ktika 1: Les primeres societats agr\u00edcoles europees Arkeodid\u00e0ctika 2: En temps de la Rep\u00fablica Arkeodid\u00e0ktika 3: Humans en temps de canvi Arkeodidaktika 4: Territori Neandertal. La Roca dels Bous Arkeodid\u00e0ctika 5: Catalunya medieval. L&#8217;esgl\u00e8sia Rom\u00e0nica de Barber\u00e0 del [&hellip;]<\/p>\n","protected":false},"author":1,"featured_media":0,"parent":8792,"menu_order":40,"comment_status":"closed","ping_status":"closed","template":"","meta":{"_bbp_topic_count":0,"_bbp_reply_count":0,"_bbp_total_topic_count":0,"_bbp_total_reply_count":0,"_bbp_voice_count":0,"_bbp_anonymous_reply_count":0,"_bbp_topic_count_hidden":0,"_bbp_reply_count_hidden":0,"_bbp_forum_subforum_count":0,"site-sidebar-layout":"default","site-content-layout":"","ast-site-content-layout":"","site-content-style":"default","site-sidebar-style":"default","ast-global-header-display":"","ast-banner-title-visibility":"","ast-main-header-display":"","ast-hfb-above-header-display":"","ast-hfb-below-header-display":"","ast-hfb-mobile-header-display":"","site-post-title":"","ast-breadcrumbs-content":"","ast-featured-img":"","footer-sml-layout":"","theme-transparent-header-meta":"","adv-header-id-meta":"","stick-header-meta":"","header-above-stick-meta":"","header-main-stick-meta":"","header-below-stick-meta":"","astra-migrate-meta-layouts":"default","ast-page-background-enabled":"default","ast-page-background-meta":{"desktop":{"background-color":"var(--ast-global-color-4)","background-image":"","background-repeat":"repeat","background-position":"center center","background-size":"auto","background-attachment":"scroll","background-type":"","background-media":"","overlay-type":"","overlay-color":"","overlay-opacity":"","overlay-gradient":""},"tablet":{"background-color":"","background-image":"","background-repeat":"repeat","background-position":"center center","background-size":"auto","background-attachment":"scroll","background-type":"","background-media":"","overlay-type":"","overlay-color":"","overlay-opacity":"","overlay-gradient":""},"mobile":{"background-color":"","background-image":"","background-repeat":"repeat","background-position":"center center","background-size":"auto","background-attachment":"scroll","background-type":"","background-media":"","overlay-type":"","overlay-color":"","overlay-opacity":"","overlay-gradient":""}},"ast-content-background-meta":{"desktop":{"background-color":"var(--ast-global-color-5)","background-image":"","background-repeat":"repeat","background-position":"center center","background-size":"auto","background-attachment":"scroll","background-type":"","background-media":"","overlay-type":"","overlay-color":"","overlay-opacity":"","overlay-gradient":""},"tablet":{"background-color":"var(--ast-global-color-5)","background-image":"","background-repeat":"repeat","background-position":"center center","background-size":"auto","background-attachment":"scroll","background-type":"","background-media":"","overlay-type":"","overlay-color":"","overlay-opacity":"","overlay-gradient":""},"mobile":{"background-color":"var(--ast-global-color-5)","background-image":"","background-repeat":"repeat","background-position":"center center","background-size":"auto","background-attachment":"scroll","background-type":"","background-media":"","overlay-type":"","overlay-color":"","overlay-opacity":"","overlay-gradient":""}},"footnotes":""},"class_list":["post-9307","page","type-page","status-publish","hentry"],"post_mailing_queue_ids":[],"_links":{"self":[{"href":"https:\/\/serveiseducatius.xtec.cat\/cda-noguera\/wp-json\/wp\/v2\/pages\/9307","targetHints":{"allow":["GET"]}}],"collection":[{"href":"https:\/\/serveiseducatius.xtec.cat\/cda-noguera\/wp-json\/wp\/v2\/pages"}],"about":[{"href":"https:\/\/serveiseducatius.xtec.cat\/cda-noguera\/wp-json\/wp\/v2\/types\/page"}],"author":[{"embeddable":true,"href":"https:\/\/serveiseducatius.xtec.cat\/cda-noguera\/wp-json\/wp\/v2\/users\/1"}],"replies":[{"embeddable":true,"href":"https:\/\/serveiseducatius.xtec.cat\/cda-noguera\/wp-json\/wp\/v2\/comments?post=9307"}],"version-history":[{"count":6,"href":"https:\/\/serveiseducatius.xtec.cat\/cda-noguera\/wp-json\/wp\/v2\/pages\/9307\/revisions"}],"predecessor-version":[{"id":10665,"href":"https:\/\/serveiseducatius.xtec.cat\/cda-noguera\/wp-json\/wp\/v2\/pages\/9307\/revisions\/10665"}],"up":[{"embeddable":true,"href":"https:\/\/serveiseducatius.xtec.cat\/cda-noguera\/wp-json\/wp\/v2\/pages\/8792"}],"wp:attachment":[{"href":"https:\/\/serveiseducatius.xtec.cat\/cda-noguera\/wp-json\/wp\/v2\/media?parent=9307"}],"curies":[{"name":"wp","href":"https:\/\/api.w.org\/{rel}","templated":true}]}}