{"id":9152,"date":"2019-02-12T09:51:22","date_gmt":"2019-02-12T08:51:22","guid":{"rendered":"http:\/\/serveiseducatius.xtec.cat\/cda-noguera\/?page_id=9152"},"modified":"2025-04-13T17:27:59","modified_gmt":"2025-04-13T15:27:59","slug":"posteriors-a-la-visita","status":"publish","type":"page","link":"https:\/\/serveiseducatius.xtec.cat\/cda-noguera\/recursos-2\/posteriors-a-la-visita\/","title":{"rendered":"Posteriors a la visita"},"content":{"rendered":"<p>Recursos posteriors a la visita del Cda de la Noguera:<\/p>\n<h3><span style=\"color: #cc99ff;\"><strong>RECURSOS CICLE INICIAL<\/strong><\/span><\/h3>\n<ul>\n<li>\n<h5><a href=\"https:\/\/drive.google.com\/open?id=1pxuKwasizYqI4jEVl60EAXOAGgJnWZjx\" target=\"_blank\" rel=\"noopener noreferrer\">Memory 1<\/a>\u00a0<a href=\"https:\/\/drive.google.com\/open?id=1cu7XHn-tiYpEtQTs6N7qrjNbwhZKxerN\" target=\"_blank\" rel=\"noopener noreferrer\">Memory 2<\/a>\u00a0<a href=\"https:\/\/drive.google.com\/open?id=1WH-y8kqZIAWiGHgO_Kdt8dE9jZoITktl\" target=\"_blank\" rel=\"noopener noreferrer\">Memory 3<\/a><\/h5>\n<\/li>\n<\/ul>\n<h3><span style=\"color: #cc99ff;\"><strong>RECURSOS CICLE MITJ\u00c0<\/strong><\/span><\/h3>\n<ul>\n<li>\n<h5><a href=\"https:\/\/drive.google.com\/file\/d\/1ezrtAs3oocAFr0EHzy4zfG-3Vge4XA3S\/view?usp=sharing\" target=\"_blank\" rel=\"noopener noreferrer\">Memory 1<\/a>\u00a0<a href=\"https:\/\/drive.google.com\/file\/d\/1Vy3rS8PocLi4keEufuHCLi_sZnwkUcox\/view?usp=sharing\" target=\"_blank\" rel=\"noopener noreferrer\">Memory 2<\/a>\u00a0<a href=\"https:\/\/drive.google.com\/file\/d\/1KQ2cK2wQ8VY2EwTmdxBOEjomHEbTrHaZ\/view?usp=sharing\" target=\"_blank\" rel=\"noopener noreferrer\">Memory 3<\/a><\/h5>\n<\/li>\n<\/ul>\n<h3><span style=\"color: #cc99ff;\"><strong>RECURSOS CICLE SUPERIOR I ESO<\/strong><\/span><\/h3>\n<ol>\n<li>\n<h5><strong>Memory:<\/strong>\u00a0<a href=\"https:\/\/drive.google.com\/file\/d\/14rbFR5lwkKM2sTvaP2b7aTcbOlpsL8sg\/view?usp=sharing\" target=\"_blank\" rel=\"noopener noreferrer\">Memory 1<\/a>\u00a0<a href=\"https:\/\/drive.google.com\/file\/d\/1LgCAEbalPKXPjWdeJhS8SpIh07QvwqdU\/view?usp=sharing\" target=\"_blank\" rel=\"noopener noreferrer\">Memory 2<\/a>\u00a0<a href=\"https:\/\/drive.google.com\/file\/d\/1qx_xXwgEmQMBGvR2DpqeXUcwmUS7bAhj\/view?usp=sharing\" target=\"_blank\" rel=\"noopener noreferrer\">Memory 3<\/a><\/h5>\n<\/li>\n<\/ol>\n<h5>2. <strong>Arkeodid\u00e0ktikes: recursos did\u00e0ctics per treballar elements del Patrimoni adoptats:<\/strong><\/h5>\n<ul>\n<li>\n<h5><a href=\"https:\/\/drive.google.com\/file\/d\/1fAOcGnPEWyF8CWFT2uVsY21Xh1Cu7rpl\/view?usp=sharing\" target=\"_blank\" rel=\"noopener noreferrer\">Arkeodid\u00e0ktika 1: Les primeres societats agr\u00edcoles europees. El jaciment de B\u00f2bila Madurell<\/a><\/h5>\n<\/li>\n<li>\n<h5><a href=\"https:\/\/drive.google.com\/file\/d\/1irPn1ntmwhL5-bqcQow6nxbOpKFiYhxI\/view?usp=sharing\" target=\"_blank\" rel=\"noopener noreferrer\">Arkeodid\u00e0ktika 2: En temps de la Rep\u00fablica. Els Col\u00b7legis Nous de Sant Cugat del Vall\u00e8s<\/a><\/h5>\n<\/li>\n<li>\n<h5><a href=\"https:\/\/drive.google.com\/file\/d\/1z6XY8p2bCdeMdFGfECqBK_R0jIV7UYup\/view?usp=sharing\" target=\"_blank\" rel=\"noopener noreferrer\">Arkeodid\u00e0ktica 3: Humans en temps de canvi. El jaciment de la Cova Gran<\/a><\/h5>\n<\/li>\n<li>\n<h5><a href=\"https:\/\/drive.google.com\/file\/d\/1MCRrnUXI1BK3vyO7xdWEm6LHpDh5xKOy\/view?usp=sharing\" target=\"_blank\" rel=\"noopener noreferrer\">Arkeodidaktika 4: Territori Neandertal. La Roca dels Bous<\/a><\/h5>\n<\/li>\n<li>\n<h5><a href=\"https:\/\/drive.google.com\/file\/d\/1cCZB7PtDgZ9Hz4lNxK_t6cx-n4Zdiuv2\/view?usp=sharing\" target=\"_blank\" rel=\"noopener noreferrer\">Arkeodid\u00e0ktica 5: Catalunya medieval. L&#8217;esgl\u00e8sia Rom\u00e0nica de Barber\u00e0 del Vall\u00e8s<\/a><\/h5>\n<\/li>\n<li>\n<h5><a href=\"https:\/\/drive.google.com\/file\/d\/1VCynGFw7_IZ6hASu0C_SFqEC3CCWqGzu\/view?usp=sharing\" target=\"_blank\" rel=\"noopener noreferrer\">Arkeodid\u00e0ktika 6: Artistes de la Prehist\u00f2ria. La Cova dels Vilars d&#8217;Os de Balaguer<\/a><\/h5>\n<\/li>\n<li>\n<h5><a href=\"https:\/\/drive.google.com\/file\/d\/1sR1ez_ZTcV-4IvwoMOG6bOsBcI_kyoK6\/view?usp=sharing\" target=\"_blank\" rel=\"noopener noreferrer\">Arkeodid\u00e0ktika 7: La Necr\u00f2polis de la Colomina de Gerb<\/a><\/h5>\n<\/li>\n<li>\n<h5><a href=\"https:\/\/drive.google.com\/file\/d\/1GqZBMbHYsfPAUjww2T7Ue1SgyJTWu5jX\/view?usp=sharing\" target=\"_blank\" rel=\"noopener noreferrer\">Arkeodid\u00e0ktica 8: Un passeig per la hist\u00f2ria de l&#8217;Institut Menendez i Pelayo<\/a><\/h5>\n<\/li>\n<li>\n<h5><a href=\"https:\/\/drive.google.com\/file\/d\/1ssR5518FTwg9gb_w1SJ1wdKgshMa0GWH\/view?usp=sharing\" target=\"_blank\" rel=\"noopener noreferrer\">Arkeodid\u00e0ktika 9: En temps de la Rep\u00fablica. Els col\u00b7legis nous de St. Cugat del Vall\u00e8s<\/a><\/h5>\n<\/li>\n<li>\n<h5><a href=\"https:\/\/drive.google.com\/file\/d\/19ARiPJIp2Zq1ZnIXrKslHJPYcURqnleQ\/view?usp=sharing\" target=\"_blank\" rel=\"noopener noreferrer\">Arkeodid\u00e0ktika 10: Tots els camins porten a Roma. La via romana d&#8217;\u00c0ger<\/a><\/h5>\n<\/li>\n<li>\n<h5><a href=\"https:\/\/drive.google.com\/file\/d\/1pkAAx66FHaDTTrAmJ_O9cDUAXfeNWbzl\/view?usp=sharing\" target=\"_blank\" rel=\"noopener noreferrer\">Arkeodid\u00e0ktica 11: Camperols, monjos i cavallers. El castell de Tartareu<\/a><\/h5>\n<\/li>\n<li>\n<h5><a href=\"https:\/\/drive.google.com\/file\/d\/1-cZyDlDvg18btZ4qNsJL5-HQmddU6Npk\/view?usp=sharing\" target=\"_blank\" rel=\"noopener noreferrer\">Arkeodid\u00e0ktika 12: Camins amb hist\u00f2ria. El cam\u00ed ral al poble de l&#8217;Esquirol<\/a><\/h5>\n<\/li>\n<\/ul>\n<h5><strong>3. Altres materials d&#8217;adopci\u00f3 patrimonial<\/strong><\/h5>\n<ul>\n<li>\n<h5><a href=\"https:\/\/drive.google.com\/file\/d\/1-XyWtnO8Y7FQGpSRO1Fyby_DFv_Y2_wJ\/view?usp=sharing\" target=\"_blank\" rel=\"noopener\">El castell de la R\u00e0pita<\/a><\/h5>\n<\/li>\n<li>\n<h5><a href=\"https:\/\/drive.google.com\/file\/d\/18KCXF-5KAmT1cHY5Cf1gTHcuP1qNMLSo\/view?usp=sharing\" target=\"_blank\" rel=\"noopener\">Els meg\u00e0lits de Ser\u00f3<\/a><\/h5>\n<\/li>\n<li>\n<h5><a href=\"https:\/\/drive.google.com\/file\/d\/1SjF8JZbjQ7Qjs3XXA5LkWOugmNx-M5Ei\/view?usp=sharing\" target=\"_blank\" rel=\"noopener\">Els gravats de Can Oliva<\/a><\/h5>\n<\/li>\n<li>\n<h5><a href=\"https:\/\/drive.google.com\/file\/d\/1e3gf210dMnyskWl5N-24Pr7C64Kg0MBK\/view?usp=sharing\" target=\"_blank\" rel=\"noopener\">Les poues de Castellter\u00e7ol<\/a><\/h5>\n<\/li>\n<li>\n<h5><a href=\"https:\/\/drive.google.com\/file\/d\/1nZISVgLSaF5ht4e_Hylubnf8ywot6Bm-\/view?usp=sharing\" target=\"_blank\" rel=\"noopener\">Castell de Tartareu<\/a><\/h5>\n<\/li>\n<li>\n<h5><a href=\"https:\/\/drive.google.com\/file\/d\/1pxXCa6I7JHvNVpMSoj6AgtdiC17NbuYf\/view?usp=sharing\" target=\"_blank\" rel=\"noopener\">El castell de Ter\u00e7ol<\/a><\/h5>\n<\/li>\n<li>\n<h5><a href=\"https:\/\/drive.google.com\/file\/d\/1qxb1OS37un9_FZ4XDLGBr1Ars9rY8o5e\/view?usp=sharing\" target=\"_blank\" rel=\"noopener\">La font lluminosa de Salou<\/a><\/h5>\n<\/li>\n<li>\n<h5><a href=\"https:\/\/drive.google.com\/file\/d\/1jW2PS-f88yQMcFk3k_YHM3WGEzW_Y-X2\/view?usp=sharing\" target=\"_blank\" rel=\"noopener\">La font de Bellmunt: l&#8217;aigua<\/a><\/h5>\n<\/li>\n<li>\n<h5><a href=\"https:\/\/drive.google.com\/file\/d\/1VuZZJ0KcKLMGB9G-lvtF3CzHK45R0yAX\/view?usp=sharing\" target=\"_blank\" rel=\"noopener\">La font de Penelles<\/a><\/h5>\n<\/li>\n<li>\n<h5><a href=\"https:\/\/drive.google.com\/file\/d\/1E7aNvCa9TN9NadAm8e-_C7t5fKFjPA00\/view?usp=sharing\" target=\"_blank\" rel=\"noopener\">La sucrera de Men\u00e0rguens<\/a><\/h5>\n<\/li>\n<\/ul>\n<h5><strong>4. Maleta did\u00e0ctica de trencat\u00f2pics de la prehist\u00f2ria<\/strong><\/h5>\n<ul>\n<li>\n<h5><a href=\"https:\/\/drive.google.com\/file\/d\/1EU6X-mJDtpHuNYQDQRBTBX4S7l-Er9cx\/view?usp=sharing\" target=\"_blank\" rel=\"noopener noreferrer\">Guia de la maleta per professorat<\/a><\/h5>\n<\/li>\n<li>\n<h5><a href=\"https:\/\/drive.google.com\/file\/d\/1oaByCwDji5r2NiMIRiw7XrX5RGWITAkP\/view?usp=sharing\" target=\"_blank\" rel=\"noopener noreferrer\">Materials did\u00e0ctics trencat\u00f2pics<\/a><\/h5>\n<\/li>\n<\/ul>\n<h3><span style=\"color: #cc99ff;\"><strong>RECURSOS ESO<\/strong><\/span><\/h3>\n<ol>\n<li>\n<h5>Per treballar el neol\u00edtic tard\u00e0 :L&#8217;home del Tirol ( Otzi)\u00a0<a href=\"https:\/\/drive.google.com\/file\/d\/1Kn_iDIxLQyz77yfeB-B1zk5aFesEbPUQ\/view?usp=sharing\" target=\"_blank\" rel=\"noopener noreferrer\">Otzi pdf<\/a><\/h5>\n<\/li>\n<li>\n<h5>Cacera del Tresor de la prehist\u00f2ria:\u00a0<a href=\"https:\/\/sites.google.com\/a\/xtec.cat\/eren-solidaris-a-la-prehistoria\/home\" target=\"_blank\" rel=\"noopener noreferrer\">La solidaritat un valor hum\u00e0 de la prehist\u00f2ria?<\/a><\/h5>\n<\/li>\n<li>\n<h5>Memory:\u00a0<a href=\"https:\/\/drive.google.com\/file\/d\/14rbFR5lwkKM2sTvaP2b7aTcbOlpsL8sg\/view?usp=sharing\" target=\"_blank\" rel=\"noopener noreferrer\">Memory 1<\/a>\u00a0<a href=\"https:\/\/drive.google.com\/file\/d\/1LgCAEbalPKXPjWdeJhS8SpIh07QvwqdU\/view?usp=sharing\" target=\"_blank\" rel=\"noopener noreferrer\">Memory 2<\/a>\u00a0<a href=\"https:\/\/drive.google.com\/file\/d\/1qx_xXwgEmQMBGvR2DpqeXUcwmUS7bAhj\/view?usp=sharing\" target=\"_blank\" rel=\"noopener noreferrer\">Memory 3<\/a><\/h5>\n<\/li>\n<li>\n<h5>Pespectiva de g\u00e8nere\u00a0<a href=\"https:\/\/drive.google.com\/file\/d\/1iVB54a2aHetVovmOBz5FSBm_cevHNrzN\/view?usp=sharing\" target=\"_blank\" rel=\"noopener noreferrer\">En la prehist\u00f2ria, garantir la superviv\u00e8ncia del grup, va ser exclusivament d&#8217;homes?<\/a><\/h5>\n<\/li>\n<li>\n<h5>g\u00e8Cluedo de la Prehist\u00f2ria. Descobreix com va morir \u00d6tzi, l&#8217;home de gel. Imprimeix els pdf:\u00a0 \u00a0<a style=\"font-size: 1.4375em; font-weight: bold;\" href=\"https:\/\/drive.google.com\/file\/d\/1waA59tj0NIdP7AIaqa-mVE0FSHYNf9Ox\/view?usp=drive_link\" target=\"_blank\" rel=\"noopener\">Regles del Joc \u00a0<\/a><a style=\"font-size: 1.4375em; font-weight: bold;\" href=\"https:\/\/drive.google.com\/file\/d\/1bw8EBqnrO1XLGAUAkWoDH2RHCnMir0j9\/view?usp=drive_link\" target=\"_blank\" rel=\"noopener\">\u00a0Taulell<\/a><\/h5>\n<\/li>\n<\/ol>\n<h5><\/h5>\n<p>&nbsp;<\/p>\n<p>&nbsp;<\/p>\n","protected":false},"excerpt":{"rendered":"<p>Recursos posteriors a la visita del Cda de la Noguera: RECURSOS CICLE INICIAL Memory 1\u00a0Memory 2\u00a0Memory 3 RECURSOS CICLE MITJ\u00c0 Memory 1\u00a0Memory 2\u00a0Memory 3 RECURSOS CICLE SUPERIOR I ESO Memory:\u00a0Memory 1\u00a0Memory 2\u00a0Memory 3 2. Arkeodid\u00e0ktikes: recursos did\u00e0ctics per treballar elements del Patrimoni adoptats: Arkeodid\u00e0ktika 1: Les primeres societats agr\u00edcoles europees. El jaciment de B\u00f2bila Madurell [&hellip;]<\/p>\n","protected":false},"author":1,"featured_media":0,"parent":9146,"menu_order":12,"comment_status":"closed","ping_status":"closed","template":"page-templates\/side-menu.php","meta":{"_bbp_topic_count":0,"_bbp_reply_count":0,"_bbp_total_topic_count":0,"_bbp_total_reply_count":0,"_bbp_voice_count":0,"_bbp_anonymous_reply_count":0,"_bbp_topic_count_hidden":0,"_bbp_reply_count_hidden":0,"_bbp_forum_subforum_count":0,"site-sidebar-layout":"default","site-content-layout":"","ast-site-content-layout":"","site-content-style":"default","site-sidebar-style":"default","ast-global-header-display":"","ast-banner-title-visibility":"","ast-main-header-display":"","ast-hfb-above-header-display":"","ast-hfb-below-header-display":"","ast-hfb-mobile-header-display":"","site-post-title":"","ast-breadcrumbs-content":"","ast-featured-img":"","footer-sml-layout":"","theme-transparent-header-meta":"","adv-header-id-meta":"","stick-header-meta":"","header-above-stick-meta":"","header-main-stick-meta":"","header-below-stick-meta":"","astra-migrate-meta-layouts":"default","ast-page-background-enabled":"default","ast-page-background-meta":{"desktop":{"background-color":"var(--ast-global-color-4)","background-image":"","background-repeat":"repeat","background-position":"center center","background-size":"auto","background-attachment":"scroll","background-type":"","background-media":"","overlay-type":"","overlay-color":"","overlay-opacity":"","overlay-gradient":""},"tablet":{"background-color":"","background-image":"","background-repeat":"repeat","background-position":"center center","background-size":"auto","background-attachment":"scroll","background-type":"","background-media":"","overlay-type":"","overlay-color":"","overlay-opacity":"","overlay-gradient":""},"mobile":{"background-color":"","background-image":"","background-repeat":"repeat","background-position":"center center","background-size":"auto","background-attachment":"scroll","background-type":"","background-media":"","overlay-type":"","overlay-color":"","overlay-opacity":"","overlay-gradient":""}},"ast-content-background-meta":{"desktop":{"background-color":"var(--ast-global-color-5)","background-image":"","background-repeat":"repeat","background-position":"center center","background-size":"auto","background-attachment":"scroll","background-type":"","background-media":"","overlay-type":"","overlay-color":"","overlay-opacity":"","overlay-gradient":""},"tablet":{"background-color":"var(--ast-global-color-5)","background-image":"","background-repeat":"repeat","background-position":"center center","background-size":"auto","background-attachment":"scroll","background-type":"","background-media":"","overlay-type":"","overlay-color":"","overlay-opacity":"","overlay-gradient":""},"mobile":{"background-color":"var(--ast-global-color-5)","background-image":"","background-repeat":"repeat","background-position":"center center","background-size":"auto","background-attachment":"scroll","background-type":"","background-media":"","overlay-type":"","overlay-color":"","overlay-opacity":"","overlay-gradient":""}},"footnotes":""},"class_list":["post-9152","page","type-page","status-publish","hentry"],"post_mailing_queue_ids":[],"_links":{"self":[{"href":"https:\/\/serveiseducatius.xtec.cat\/cda-noguera\/wp-json\/wp\/v2\/pages\/9152","targetHints":{"allow":["GET"]}}],"collection":[{"href":"https:\/\/serveiseducatius.xtec.cat\/cda-noguera\/wp-json\/wp\/v2\/pages"}],"about":[{"href":"https:\/\/serveiseducatius.xtec.cat\/cda-noguera\/wp-json\/wp\/v2\/types\/page"}],"author":[{"embeddable":true,"href":"https:\/\/serveiseducatius.xtec.cat\/cda-noguera\/wp-json\/wp\/v2\/users\/1"}],"replies":[{"embeddable":true,"href":"https:\/\/serveiseducatius.xtec.cat\/cda-noguera\/wp-json\/wp\/v2\/comments?post=9152"}],"version-history":[{"count":7,"href":"https:\/\/serveiseducatius.xtec.cat\/cda-noguera\/wp-json\/wp\/v2\/pages\/9152\/revisions"}],"predecessor-version":[{"id":10946,"href":"https:\/\/serveiseducatius.xtec.cat\/cda-noguera\/wp-json\/wp\/v2\/pages\/9152\/revisions\/10946"}],"up":[{"embeddable":true,"href":"https:\/\/serveiseducatius.xtec.cat\/cda-noguera\/wp-json\/wp\/v2\/pages\/9146"}],"wp:attachment":[{"href":"https:\/\/serveiseducatius.xtec.cat\/cda-noguera\/wp-json\/wp\/v2\/media?parent=9152"}],"curies":[{"name":"wp","href":"https:\/\/api.w.org\/{rel}","templated":true}]}}