{"id":8974,"date":"2018-09-14T13:56:35","date_gmt":"2018-09-14T11:56:35","guid":{"rendered":"http:\/\/serveiseducatius.xtec.cat\/cda-noguera\/?page_id=8974"},"modified":"2024-02-25T16:19:45","modified_gmt":"2024-02-25T15:19:45","slug":"articles","status":"publish","type":"page","link":"https:\/\/serveiseducatius.xtec.cat\/cda-noguera\/publicacions-i-articles\/articles\/","title":{"rendered":"Articles"},"content":{"rendered":"<p>&nbsp;<\/p>\n<p>El<strong><span style=\"color: #993300;\"> Camp d&#8217;Aprenentatge de la Noguera<\/span> publica<\/strong> peri\u00f2dicament en revistes d&#8217;educaci\u00f3, seminaris i congressos. Mostrem la nostra pr\u00e0ctica educativa, aportem noves propostes d&#8217;aproximaci\u00f3 did\u00e0ctica i reflexionem sobre com millorar l&#8217;aprenentatge dels nostres alumnes.<\/p>\n<p>Publicacions pr\u00f2pies:<\/p>\n<h5><span style=\"color: #7c46ab;\"><b>EL PROJECTE DEL CAMP D&#8217;APRENENTATGE DE LA NOGUERA<\/b><\/span><\/h5>\n<p><a href=\"https:\/\/drive.google.com\/file\/d\/11cioz8heE618SNfJ-d-eS9NR1yqBBJS3\/view?usp=sharing\" target=\"_blank\" rel=\"noopener noreferrer\">1. L&#8217;arqueologia a l&#8217;ESO. L&#8217;exemple del CdA de la Noguera<\/a><\/p>\n<p><a href=\"https:\/\/drive.google.com\/file\/d\/1Qpd1r7NCv7t_njYM4XXF860nTPdB-KfD\/view?usp=sharing\" target=\"_blank\" rel=\"noopener noreferrer\">2. Experimentaci\u00f3 did\u00e0ctica en arqueologia. El projecte educatiu del Camp d&#8217;Aprenentatge de la Noguera<\/a><\/p>\n<p><a href=\"https:\/\/drive.google.com\/file\/d\/1RrgnfjPBxiNExFOvtELYVhq7KgqJMNip\/view?usp=sharing\" target=\"_blank\" rel=\"noopener noreferrer\">3. Una experi\u00e8ncia integrada d&#8217;educaci\u00f3 i investigaci\u00f3 prehist\u00f2rica. El Camp d&#8217;Aprenentatge de la Noguera<\/a><span style=\"color: #7c46ab;\"><b>\u00a0<\/b><\/span><\/p>\n<h5><span style=\"color: #7c46ab;\"><b>ARTICLES DE COMPET\u00c8NCIES B\u00c0SIQUES<\/b><\/span><\/h5>\n<p><a href=\"https:\/\/drive.google.com\/file\/d\/1iXj4sawrsk4bV69Ha4iBR3xBsubdxwy5\/view?usp=sharing\" target=\"_blank\" rel=\"noopener noreferrer\">El desenvolupament de les Compet\u00e8ncies B\u00e0siques des de l&#8217;Arqueologia i la Prehist\u00f2ria<\/a><\/p>\n<p><a href=\"https:\/\/drive.google.com\/file\/d\/1DMTDfPzzcZXLFrh4Um65dUci4EBepaCH\/view?usp=sharing\" target=\"_blank\" rel=\"noopener noreferrer\">L&#8217;arqueologia com a recurs en el desenvolupament de les compet\u00e8ncies b\u00e0siques a l&#8217;ESO<\/a><\/p>\n<h5><span style=\"color: #7c46ab;\"><b>ARTICLES D&#8217;EDUCACI\u00d3 INFANTIL<\/b><\/span><\/h5>\n<p><a href=\"https:\/\/drive.google.com\/file\/d\/1Dy6E4ntNTysALNucn-dfsbZeTeolsase\/view?usp=sharing\" target=\"_blank\" rel=\"noopener noreferrer\">1.Amb 3, 4 i 5 anys i vivint la hist\u00f2ria. \u00c9s possible treballar el temps hist\u00f2ric a Educaci\u00f3 Infantil? Reflexions i propostes.<\/a><\/p>\n<p><a href=\"https:\/\/drive.google.com\/file\/d\/1MPBS0w3naFvpDk6e7MDwIpkGOyj23-dn\/view?usp=sharing\" target=\"_blank\" rel=\"noopener noreferrer\">2.Amb 5 anys i aprenent de la prehist\u00f2ria. Patrimoni a Educaci\u00f3 Infantil<\/a><\/p>\n<p><a href=\"https:\/\/drive.google.com\/file\/d\/1mAGQSB6IEXVNQfPUUqiHu5wf6DweFIVo\/view?usp=sharing\" target=\"_blank\" rel=\"noopener noreferrer\">3.Excavar un jaciment arqueol\u00f2gic simulat amb nens de 3 a 5 anys?<\/a><\/p>\n<p><a href=\"https:\/\/drive.google.com\/file\/d\/1TXuTMJZzUSc7t5JRWlbpMNSUlfouGgnr\/view?usp=sharing\" target=\"_blank\" rel=\"noopener noreferrer\">4.Vivint la prehist\u00f2ria. El temps hist\u00f2ric a l&#8217;Educaci\u00f3 Infantil<\/a><\/p>\n<h5><span style=\"color: #7c46ab;\"><b>ARTICLES DE PRIM\u00c0RIA<\/b><\/span><\/h5>\n<p><a href=\"https:\/\/drive.google.com\/file\/d\/1_TyhpuvLbythn3ptDJW0fshZ5OKrr8ko\/view?usp=sharing\" target=\"_blank\" rel=\"noopener noreferrer\">Tocant la Prehist\u00f2ria<\/a><\/p>\n<h5><span style=\"color: #7c46ab;\"><b>ARTICLES D&#8217;ESO<\/b><\/span><\/h5>\n<p><a href=\"https:\/\/drive.google.com\/file\/d\/1hOyvHhGvDINymFhpmkOkukJMYVQHd_Og\/view?usp=sharing\">Arqueologia experimental a l&#8217;Educaci\u00f3 Secund\u00e0ria Obligat\u00f2ria<\/a><\/p>\n<h5><span style=\"color: #7c46ab;\"><b>ARTICLES DE PRIM\u00c0RIA I ESO<\/b><\/span><\/h5>\n<p><a href=\"https:\/\/drive.google.com\/file\/d\/1m5dKx2HUaE_YZH5tJcJwVOav6kH1fMcz\/view?usp=sharing\" target=\"_blank\" rel=\"noopener noreferrer\">Pintant les coves, els inicis de l&#8217;art i la comunicaci\u00f3. Una experi\u00e8ncia did\u00e0ctica<\/a><\/p>\n<p><a href=\"https:\/\/drive.google.com\/file\/d\/1gd_Tf8xjWdBR1br4AvAzhQWYktNtsUHN\/view?usp=sharing\" target=\"_blank\" rel=\"noopener\">IMAGINANDO LA PREHISTORIA. IM\u00c1GENES PREVIAS Y SU RECONSTRUCCI\u00d3N EN EL ALUMNADO DE ESO<\/a><\/p>\n<h5><span style=\"color: #7c46ab;\"><b>ARTICLES DE PERSPECTIVA DE G\u00c8NERE<\/b><\/span><\/h5>\n<p><a href=\"https:\/\/drive.google.com\/file\/d\/1fGB18DTy-ll7Yb0_7sJOjMKFSTH2YD2f\/view?usp=sharing\" target=\"_blank\" rel=\"noopener noreferrer\">Les dones a la prehist\u00f2ria. Trencant estereotips al Camp d&#8217;Aprenentatge de la Noguera<\/a><\/p>\n<h5><span style=\"color: #7c46ab;\"><b>ARTICLES DID\u00c0CTICA GUERRA CIVIL<\/b><\/span><\/h5>\n<p><a href=\"https:\/\/drive.google.com\/file\/d\/1z0lH8GgbJiaAnQk6b00ZAMItsemQNv8I\/view?usp=sharing\" target=\"_blank\" rel=\"noopener\">Arqueologia del a Guerra Civil: una aproximaci\u00f3 des del seu \u00fas did\u00e0ctic<\/a><\/p>\n<p><a href=\"https:\/\/drive.google.com\/file\/d\/1RgzQKTat_Gck6q2dSDc-Gyr7UIzWpf1h\/view?usp=sharing\" target=\"_blank\" rel=\"noopener\">\u00abMale\u00eft Merengue\u00bb. Apropant un espai de mem\u00f2ria de la Guerra civil a persones de zones actualment en guerra<\/a><\/p>\n<p><a href=\"https:\/\/drive.google.com\/file\/d\/1WH10Ful8xKFwiUB6twwqdmW00dB1hb_B\/view?usp=sharing\" target=\"_blank\" rel=\"noopener\">La guerra civil als centres educatius: entendre el conflicte tocant la hist\u00f2ria<\/a><\/p>\n<p><a href=\"https:\/\/drive.google.com\/file\/d\/16uLMZL6U5QpkZrTQD_0zHxKRfvFdDNSJ\/view?usp=sharing\" target=\"_blank\" rel=\"noopener\">LA REFOTOGRAFIA: UNA EXPERI\u00c8NCIA DID\u00c0CTICA PER APROPAR-SE A LA GUERRA CIVIL EN ENTORNS LOCALS, M\u00c9S ENLL\u00c0 DEL LLIBRE DE TEXT<\/a><\/p>\n","protected":false},"excerpt":{"rendered":"<p>&nbsp; El Camp d&#8217;Aprenentatge de la Noguera publica peri\u00f2dicament en revistes d&#8217;educaci\u00f3, seminaris i congressos. Mostrem la nostra pr\u00e0ctica educativa, aportem noves propostes d&#8217;aproximaci\u00f3 did\u00e0ctica i reflexionem sobre com millorar l&#8217;aprenentatge dels nostres alumnes. Publicacions pr\u00f2pies: EL PROJECTE DEL CAMP D&#8217;APRENENTATGE DE LA NOGUERA 1. L&#8217;arqueologia a l&#8217;ESO. L&#8217;exemple del CdA de la Noguera 2. [&hellip;]<\/p>\n","protected":false},"author":1,"featured_media":0,"parent":8792,"menu_order":2,"comment_status":"closed","ping_status":"closed","template":"page-templates\/side-menu.php","meta":{"_bbp_topic_count":0,"_bbp_reply_count":0,"_bbp_total_topic_count":0,"_bbp_total_reply_count":0,"_bbp_voice_count":0,"_bbp_anonymous_reply_count":0,"_bbp_topic_count_hidden":0,"_bbp_reply_count_hidden":0,"_bbp_forum_subforum_count":0,"site-sidebar-layout":"default","site-content-layout":"","ast-site-content-layout":"","site-content-style":"default","site-sidebar-style":"default","ast-global-header-display":"","ast-banner-title-visibility":"","ast-main-header-display":"","ast-hfb-above-header-display":"","ast-hfb-below-header-display":"","ast-hfb-mobile-header-display":"","site-post-title":"","ast-breadcrumbs-content":"","ast-featured-img":"","footer-sml-layout":"","theme-transparent-header-meta":"","adv-header-id-meta":"","stick-header-meta":"","header-above-stick-meta":"","header-main-stick-meta":"","header-below-stick-meta":"","astra-migrate-meta-layouts":"default","ast-page-background-enabled":"default","ast-page-background-meta":{"desktop":{"background-color":"var(--ast-global-color-4)","background-image":"","background-repeat":"repeat","background-position":"center center","background-size":"auto","background-attachment":"scroll","background-type":"","background-media":"","overlay-type":"","overlay-color":"","overlay-opacity":"","overlay-gradient":""},"tablet":{"background-color":"","background-image":"","background-repeat":"repeat","background-position":"center center","background-size":"auto","background-attachment":"scroll","background-type":"","background-media":"","overlay-type":"","overlay-color":"","overlay-opacity":"","overlay-gradient":""},"mobile":{"background-color":"","background-image":"","background-repeat":"repeat","background-position":"center center","background-size":"auto","background-attachment":"scroll","background-type":"","background-media":"","overlay-type":"","overlay-color":"","overlay-opacity":"","overlay-gradient":""}},"ast-content-background-meta":{"desktop":{"background-color":"var(--ast-global-color-5)","background-image":"","background-repeat":"repeat","background-position":"center center","background-size":"auto","background-attachment":"scroll","background-type":"","background-media":"","overlay-type":"","overlay-color":"","overlay-opacity":"","overlay-gradient":""},"tablet":{"background-color":"var(--ast-global-color-5)","background-image":"","background-repeat":"repeat","background-position":"center center","background-size":"auto","background-attachment":"scroll","background-type":"","background-media":"","overlay-type":"","overlay-color":"","overlay-opacity":"","overlay-gradient":""},"mobile":{"background-color":"var(--ast-global-color-5)","background-image":"","background-repeat":"repeat","background-position":"center center","background-size":"auto","background-attachment":"scroll","background-type":"","background-media":"","overlay-type":"","overlay-color":"","overlay-opacity":"","overlay-gradient":""}},"footnotes":""},"class_list":["post-8974","page","type-page","status-publish","hentry"],"post_mailing_queue_ids":[],"_links":{"self":[{"href":"https:\/\/serveiseducatius.xtec.cat\/cda-noguera\/wp-json\/wp\/v2\/pages\/8974","targetHints":{"allow":["GET"]}}],"collection":[{"href":"https:\/\/serveiseducatius.xtec.cat\/cda-noguera\/wp-json\/wp\/v2\/pages"}],"about":[{"href":"https:\/\/serveiseducatius.xtec.cat\/cda-noguera\/wp-json\/wp\/v2\/types\/page"}],"author":[{"embeddable":true,"href":"https:\/\/serveiseducatius.xtec.cat\/cda-noguera\/wp-json\/wp\/v2\/users\/1"}],"replies":[{"embeddable":true,"href":"https:\/\/serveiseducatius.xtec.cat\/cda-noguera\/wp-json\/wp\/v2\/comments?post=8974"}],"version-history":[{"count":6,"href":"https:\/\/serveiseducatius.xtec.cat\/cda-noguera\/wp-json\/wp\/v2\/pages\/8974\/revisions"}],"predecessor-version":[{"id":10701,"href":"https:\/\/serveiseducatius.xtec.cat\/cda-noguera\/wp-json\/wp\/v2\/pages\/8974\/revisions\/10701"}],"up":[{"embeddable":true,"href":"https:\/\/serveiseducatius.xtec.cat\/cda-noguera\/wp-json\/wp\/v2\/pages\/8792"}],"wp:attachment":[{"href":"https:\/\/serveiseducatius.xtec.cat\/cda-noguera\/wp-json\/wp\/v2\/media?parent=8974"}],"curies":[{"name":"wp","href":"https:\/\/api.w.org\/{rel}","templated":true}]}}