{"id":8792,"date":"2017-06-29T10:21:56","date_gmt":"2017-06-29T08:21:56","guid":{"rendered":"http:\/\/serveiseducatius.xtec.cat\/cda-noguera\/?page_id=8792"},"modified":"2022-10-08T10:57:03","modified_gmt":"2022-10-08T08:57:03","slug":"publicacions-i-articles","status":"publish","type":"page","link":"https:\/\/serveiseducatius.xtec.cat\/cda-noguera\/publicacions-i-articles\/","title":{"rendered":"Publicacions"},"content":{"rendered":"<p>El Camp d&#8217;Aprenentatge de la Noguera participa de forma activa en revistes del camp de l&#8217;educaci\u00f3 i de la did\u00e0ctica de l&#8217;arqueologia i de la prehist\u00f2ria, aix\u00ed com del patrimoni. Tamb\u00e9 participem en jornades i congressos per aportar la nostra experi\u00e8ncia i enriquir-nos a la vegada d&#8217;experi\u00e8ncies que aporten una nova mirada a la nostra tasca docent. Tenim publicats diversos <a href=\"https:\/\/serveiseducatius.xtec.cat\/cda-noguera\/publicacions-i-articles\/articles\/\" target=\"_blank\" rel=\"noopener\">articles<\/a>\u00a0en revistes d&#8217;educaci\u00f3 i algun cap\u00edtol sobre did\u00e0ctica de l&#8217;arqueologia i la prehist\u00f2ria en <a href=\"https:\/\/serveiseducatius.xtec.cat\/cda-noguera\/publicacions-i-articles\/llibres\/\" target=\"_blank\" rel=\"noopener\">llibres<\/a>. A m\u00e9s a m\u00e9s hem publicat materials did\u00e0ctics com les\u00a0<a href=\"https:\/\/serveiseducatius.xtec.cat\/cda-noguera\/publicacions-i-articles\/arkeodidaktiques\/\" target=\"_blank\" rel=\"noopener\">arkeodidaktiques<\/a>\u00a0per treballar el patrimoni a l&#8217;aula,\u00a0 i un\u00a0<a href=\"https:\/\/serveiseducatius.xtec.cat\/cda-noguera\/publicacions-i-articles\/jocs\/\" target=\"_blank\" rel=\"noopener\">joc de daus<\/a>\u00a0no competitiu d&#8217;avaluaci\u00f3 del les compet\u00e8ncies b\u00e0siques.<\/p>\n","protected":false},"excerpt":{"rendered":"<p>El Camp d&#8217;Aprenentatge de la Noguera participa de forma activa en revistes del camp de l&#8217;educaci\u00f3 i de la did\u00e0ctica de l&#8217;arqueologia i de la prehist\u00f2ria, aix\u00ed com del patrimoni. Tamb\u00e9 participem en jornades i congressos per aportar la nostra experi\u00e8ncia i enriquir-nos a la vegada d&#8217;experi\u00e8ncies que aporten una nova mirada a la nostra [&hellip;]<\/p>\n","protected":false},"author":1,"featured_media":0,"parent":0,"menu_order":0,"comment_status":"closed","ping_status":"closed","template":"page-templates\/side-menu.php","meta":{"_bbp_topic_count":0,"_bbp_reply_count":0,"_bbp_total_topic_count":0,"_bbp_total_reply_count":0,"_bbp_voice_count":0,"_bbp_anonymous_reply_count":0,"_bbp_topic_count_hidden":0,"_bbp_reply_count_hidden":0,"_bbp_forum_subforum_count":0,"site-sidebar-layout":"default","site-content-layout":"","ast-site-content-layout":"","site-content-style":"default","site-sidebar-style":"default","ast-global-header-display":"","ast-banner-title-visibility":"","ast-main-header-display":"","ast-hfb-above-header-display":"","ast-hfb-below-header-display":"","ast-hfb-mobile-header-display":"","site-post-title":"","ast-breadcrumbs-content":"","ast-featured-img":"","footer-sml-layout":"","theme-transparent-header-meta":"","adv-header-id-meta":"","stick-header-meta":"","header-above-stick-meta":"","header-main-stick-meta":"","header-below-stick-meta":"","astra-migrate-meta-layouts":"default","ast-page-background-enabled":"default","ast-page-background-meta":{"desktop":{"background-color":"var(--ast-global-color-4)","background-image":"","background-repeat":"repeat","background-position":"center center","background-size":"auto","background-attachment":"scroll","background-type":"","background-media":"","overlay-type":"","overlay-color":"","overlay-opacity":"","overlay-gradient":""},"tablet":{"background-color":"","background-image":"","background-repeat":"repeat","background-position":"center center","background-size":"auto","background-attachment":"scroll","background-type":"","background-media":"","overlay-type":"","overlay-color":"","overlay-opacity":"","overlay-gradient":""},"mobile":{"background-color":"","background-image":"","background-repeat":"repeat","background-position":"center center","background-size":"auto","background-attachment":"scroll","background-type":"","background-media":"","overlay-type":"","overlay-color":"","overlay-opacity":"","overlay-gradient":""}},"ast-content-background-meta":{"desktop":{"background-color":"var(--ast-global-color-5)","background-image":"","background-repeat":"repeat","background-position":"center center","background-size":"auto","background-attachment":"scroll","background-type":"","background-media":"","overlay-type":"","overlay-color":"","overlay-opacity":"","overlay-gradient":""},"tablet":{"background-color":"var(--ast-global-color-5)","background-image":"","background-repeat":"repeat","background-position":"center center","background-size":"auto","background-attachment":"scroll","background-type":"","background-media":"","overlay-type":"","overlay-color":"","overlay-opacity":"","overlay-gradient":""},"mobile":{"background-color":"var(--ast-global-color-5)","background-image":"","background-repeat":"repeat","background-position":"center center","background-size":"auto","background-attachment":"scroll","background-type":"","background-media":"","overlay-type":"","overlay-color":"","overlay-opacity":"","overlay-gradient":""}},"footnotes":""},"class_list":["post-8792","page","type-page","status-publish","hentry"],"post_mailing_queue_ids":[],"_links":{"self":[{"href":"https:\/\/serveiseducatius.xtec.cat\/cda-noguera\/wp-json\/wp\/v2\/pages\/8792","targetHints":{"allow":["GET"]}}],"collection":[{"href":"https:\/\/serveiseducatius.xtec.cat\/cda-noguera\/wp-json\/wp\/v2\/pages"}],"about":[{"href":"https:\/\/serveiseducatius.xtec.cat\/cda-noguera\/wp-json\/wp\/v2\/types\/page"}],"author":[{"embeddable":true,"href":"https:\/\/serveiseducatius.xtec.cat\/cda-noguera\/wp-json\/wp\/v2\/users\/1"}],"replies":[{"embeddable":true,"href":"https:\/\/serveiseducatius.xtec.cat\/cda-noguera\/wp-json\/wp\/v2\/comments?post=8792"}],"version-history":[{"count":4,"href":"https:\/\/serveiseducatius.xtec.cat\/cda-noguera\/wp-json\/wp\/v2\/pages\/8792\/revisions"}],"predecessor-version":[{"id":9664,"href":"https:\/\/serveiseducatius.xtec.cat\/cda-noguera\/wp-json\/wp\/v2\/pages\/8792\/revisions\/9664"}],"wp:attachment":[{"href":"https:\/\/serveiseducatius.xtec.cat\/cda-noguera\/wp-json\/wp\/v2\/media?parent=8792"}],"curies":[{"name":"wp","href":"https:\/\/api.w.org\/{rel}","templated":true}]}}