{"id":83,"date":"2013-11-14T21:16:00","date_gmt":"2013-11-14T20:16:00","guid":{"rendered":"http:\/\/blocs.xtec.cat\/plantillacda\/?page_id=83"},"modified":"2021-07-07T10:06:07","modified_gmt":"2021-07-07T08:06:07","slug":"allotjament","status":"publish","type":"page","link":"https:\/\/serveiseducatius.xtec.cat\/cda-noguera\/el-camp\/allotjament\/","title":{"rendered":"Allotjament"},"content":{"rendered":"<p>&nbsp;<\/p>\n<p><a href=\"http:\/\/serveiseducatius.xtec.cat\/cda-noguera\/wp-content\/uploads\/usu1379\/2013\/11\/cova.png\"><img loading=\"lazy\" decoding=\"async\" class=\"alignnone wp-image-8415 \" src=\"http:\/\/serveiseducatius.xtec.cat\/cda-noguera\/wp-content\/uploads\/usu1379\/2013\/11\/cova-300x225.png\" alt=\"cova\" width=\"273\" height=\"205\" srcset=\"https:\/\/serveiseducatius.xtec.cat\/cda-noguera\/wp-content\/uploads\/usu1379\/2013\/11\/cova-300x225.png 300w, https:\/\/serveiseducatius.xtec.cat\/cda-noguera\/wp-content\/uploads\/usu1379\/2013\/11\/cova-200x150.png 200w, https:\/\/serveiseducatius.xtec.cat\/cda-noguera\/wp-content\/uploads\/usu1379\/2013\/11\/cova.png 400w\" sizes=\"auto, (max-width: 273px) 100vw, 273px\" \/><\/a> <a href=\"http:\/\/serveiseducatius.xtec.cat\/cda-noguera\/wp-content\/uploads\/usu1379\/2013\/11\/cova2.png\"><img loading=\"lazy\" decoding=\"async\" class=\"alignnone wp-image-8416 \" src=\"http:\/\/serveiseducatius.xtec.cat\/cda-noguera\/wp-content\/uploads\/usu1379\/2013\/11\/cova2-300x193.png\" alt=\"cova2\" width=\"317\" height=\"204\" srcset=\"https:\/\/serveiseducatius.xtec.cat\/cda-noguera\/wp-content\/uploads\/usu1379\/2013\/11\/cova2-300x193.png 300w, https:\/\/serveiseducatius.xtec.cat\/cda-noguera\/wp-content\/uploads\/usu1379\/2013\/11\/cova2.png 332w\" sizes=\"auto, (max-width: 317px) 100vw, 317px\" \/>\u00a0\u00a0 <img loading=\"lazy\" decoding=\"async\" class=\"alignnone wp-image-9691\" src=\"https:\/\/serveiseducatius.xtec.cat\/cda-noguera\/wp-content\/uploads\/usu1379\/2019\/05\/pati-150x150.jpg\" alt=\"\" width=\"198\" height=\"198\" \/><\/a><\/p>\n<p>En l&#8217;acord de col\u00b7laboraci\u00f3 amb el Departament d&#8217;Ensenyament es preveu que l&#8217;allotjament dels vostres alumnes es faci a <span style=\"color: #ff6600;\"><strong>L&#8217;Alberg la Cova<\/strong><\/span>, a Sant Lloren\u00e7 de Montgai <b>C\/ De la Betll\u00e9 N\u00ba2<br \/>\n25613 de Sant Lloren\u00e7 de Montgai.<br \/>\n<\/b><\/p>\n<p><a href=\"http:\/\/alberglacova.com\/ca\/node\/35\" target=\"_blank\" rel=\"noopener noreferrer\">\u2192Enlla\u00e7 Informaci\u00f3 Alberg<\/a><\/p>\n<p><strong>Tel\u00e8fon de contacte<span style=\"color: #ff6600;\">: 973420427<\/span> \/ 691807581\/ <span style=\"color: #800000;\">alberglacova@gmail.com<\/span><\/strong><\/p>\n<p>L&#8217;Alberg La Cova est\u00e0 situat al casc urb\u00e0 del poble de Sant Lloren\u00e7 de Montgai i t\u00e9 una capacitat de fins a 60 places ( 1 habitaci\u00f3 de 14 places, 1 habitaci\u00f3 de 13 places, 2 habitacions de 10 places i 2 habitacions de 4 places). Compta amb cuina pr\u00f2pia, pati interior i sala polivalent.<\/p>\n<p>Els\u00a0preus\u00a0s\u00f3n els mateixos per a tots els Camps d&#8217;Aprenentatge del Departament d&#8217;Ensenyament i els podeu trobar a la p\u00e0gina\u00a0de XTEC.<\/p>\n","protected":false},"excerpt":{"rendered":"<p>&nbsp; \u00a0\u00a0 En l&#8217;acord de col\u00b7laboraci\u00f3 amb el Departament d&#8217;Ensenyament es preveu que l&#8217;allotjament dels vostres alumnes es faci a L&#8217;Alberg la Cova, a Sant Lloren\u00e7 de Montgai C\/ De la Betll\u00e9 N\u00ba2 25613 de Sant Lloren\u00e7 de Montgai. \u2192Enlla\u00e7 Informaci\u00f3 Alberg Tel\u00e8fon de contacte: 973420427 \/ 691807581\/ alberglacova@gmail.com L&#8217;Alberg La Cova est\u00e0 situat al [&hellip;]<\/p>\n","protected":false},"author":1,"featured_media":0,"parent":8225,"menu_order":40,"comment_status":"open","ping_status":"open","template":"page-templates\/side-menu.php","meta":{"_bbp_topic_count":0,"_bbp_reply_count":0,"_bbp_total_topic_count":0,"_bbp_total_reply_count":0,"_bbp_voice_count":0,"_bbp_anonymous_reply_count":0,"_bbp_topic_count_hidden":0,"_bbp_reply_count_hidden":0,"_bbp_forum_subforum_count":0,"site-sidebar-layout":"default","site-content-layout":"","ast-site-content-layout":"","site-content-style":"default","site-sidebar-style":"default","ast-global-header-display":"","ast-banner-title-visibility":"","ast-main-header-display":"","ast-hfb-above-header-display":"","ast-hfb-below-header-display":"","ast-hfb-mobile-header-display":"","site-post-title":"","ast-breadcrumbs-content":"","ast-featured-img":"","footer-sml-layout":"","theme-transparent-header-meta":"","adv-header-id-meta":"","stick-header-meta":"","header-above-stick-meta":"","header-main-stick-meta":"","header-below-stick-meta":"","astra-migrate-meta-layouts":"default","ast-page-background-enabled":"default","ast-page-background-meta":{"desktop":{"background-color":"var(--ast-global-color-4)","background-image":"","background-repeat":"repeat","background-position":"center center","background-size":"auto","background-attachment":"scroll","background-type":"","background-media":"","overlay-type":"","overlay-color":"","overlay-opacity":"","overlay-gradient":""},"tablet":{"background-color":"","background-image":"","background-repeat":"repeat","background-position":"center center","background-size":"auto","background-attachment":"scroll","background-type":"","background-media":"","overlay-type":"","overlay-color":"","overlay-opacity":"","overlay-gradient":""},"mobile":{"background-color":"","background-image":"","background-repeat":"repeat","background-position":"center center","background-size":"auto","background-attachment":"scroll","background-type":"","background-media":"","overlay-type":"","overlay-color":"","overlay-opacity":"","overlay-gradient":""}},"ast-content-background-meta":{"desktop":{"background-color":"var(--ast-global-color-5)","background-image":"","background-repeat":"repeat","background-position":"center center","background-size":"auto","background-attachment":"scroll","background-type":"","background-media":"","overlay-type":"","overlay-color":"","overlay-opacity":"","overlay-gradient":""},"tablet":{"background-color":"var(--ast-global-color-5)","background-image":"","background-repeat":"repeat","background-position":"center center","background-size":"auto","background-attachment":"scroll","background-type":"","background-media":"","overlay-type":"","overlay-color":"","overlay-opacity":"","overlay-gradient":""},"mobile":{"background-color":"var(--ast-global-color-5)","background-image":"","background-repeat":"repeat","background-position":"center center","background-size":"auto","background-attachment":"scroll","background-type":"","background-media":"","overlay-type":"","overlay-color":"","overlay-opacity":"","overlay-gradient":""}},"footnotes":""},"class_list":["post-83","page","type-page","status-publish","hentry"],"post_mailing_queue_ids":[],"_links":{"self":[{"href":"https:\/\/serveiseducatius.xtec.cat\/cda-noguera\/wp-json\/wp\/v2\/pages\/83","targetHints":{"allow":["GET"]}}],"collection":[{"href":"https:\/\/serveiseducatius.xtec.cat\/cda-noguera\/wp-json\/wp\/v2\/pages"}],"about":[{"href":"https:\/\/serveiseducatius.xtec.cat\/cda-noguera\/wp-json\/wp\/v2\/types\/page"}],"author":[{"embeddable":true,"href":"https:\/\/serveiseducatius.xtec.cat\/cda-noguera\/wp-json\/wp\/v2\/users\/1"}],"replies":[{"embeddable":true,"href":"https:\/\/serveiseducatius.xtec.cat\/cda-noguera\/wp-json\/wp\/v2\/comments?post=83"}],"version-history":[{"count":4,"href":"https:\/\/serveiseducatius.xtec.cat\/cda-noguera\/wp-json\/wp\/v2\/pages\/83\/revisions"}],"predecessor-version":[{"id":10169,"href":"https:\/\/serveiseducatius.xtec.cat\/cda-noguera\/wp-json\/wp\/v2\/pages\/83\/revisions\/10169"}],"up":[{"embeddable":true,"href":"https:\/\/serveiseducatius.xtec.cat\/cda-noguera\/wp-json\/wp\/v2\/pages\/8225"}],"wp:attachment":[{"href":"https:\/\/serveiseducatius.xtec.cat\/cda-noguera\/wp-json\/wp\/v2\/media?parent=83"}],"curies":[{"name":"wp","href":"https:\/\/api.w.org\/{rel}","templated":true}]}}