{"id":8235,"date":"2016-06-20T17:26:18","date_gmt":"2016-06-20T15:26:18","guid":{"rendered":"http:\/\/serveiseducatius.xtec.cat\/cda-noguera\/?page_id=8235"},"modified":"2024-03-07T13:40:08","modified_gmt":"2024-03-07T12:40:08","slug":"ambits","status":"publish","type":"page","link":"https:\/\/serveiseducatius.xtec.cat\/cda-noguera\/ambits\/","title":{"rendered":"Activitats i compet\u00e8ncies"},"content":{"rendered":"<div class=\"drdot\" style=\"text-align: justify;\"><\/div>\n<div class=\"node\">\n<div class=\"content\">\n<p class=\"rtejustify\" style=\"text-align: justify;\">Totes les <a href=\"https:\/\/serveiseducatius.xtec.cat\/cda-noguera\/ambits\/cataleg-dactivitats-desplegament-competencial\/\" target=\"_blank\" rel=\"noopener noreferrer\">activitats did\u00e0ctiques<\/a>\u00a0que es desenvolupen al<span style=\"color: #993366;\"> CdA de la Noguera<\/span> s&#8217;estructuren al voltant d&#8217;un conjunt d&#8217;objectes replicats i instruments d&#8217;observaci\u00f3, de mesura i classificaci\u00f3, mitjan\u00e7ant els quals s&#8217;introdueixen els continguts de cada seq\u00fc\u00e8ncia did\u00e0ctica tot desenvolupant activitats d&#8217;experimentaci\u00f3, de simulaci\u00f3 o de recerca. Compten amb propostes de treball per abans i despr\u00e9s de l&#8217;estada o sortida i materials de suport per al professorat i per a l&#8217;alumnat. Les\u00a0 <strong><span style=\"color: #800000;\"><a style=\"color: #800000;\" href=\"https:\/\/serveiseducatius.xtec.cat\/cda-noguera\/ambits\/cataleg-dactivitats-desplegament-competencial\/\" target=\"_blank\" rel=\"noopener noreferrer\">activitats did\u00e0ctiques<\/a> <\/span><\/strong>\u00a0s&#8217;agrupen en tres blocs diferenciats per la metodologia did\u00e0ctica emprada:<span style=\"color: #800000;\"><strong> les de simulaci\u00f3, les d&#8217;empatia hist\u00f2rica i, finalment, les d&#8217;experimentaci\u00f3.<\/strong><\/span> La multidisciplinarietat que caracteritza les propostes did\u00e0ctiques tamb\u00e9 facilita que les activitats desenvolupin no nom\u00e9s continguts de l&#8217;\u00e0rea de <span style=\"color: #339966;\"><span style=\"color: #800000;\"><strong>Ci\u00e8ncies Socials i de Ci\u00e8ncies Naturals<\/strong><\/span>,<\/span> sin\u00f3 tamb\u00e9 d\u2019altres \u00e0rees del curr\u00edculum com, per exemple, l<span style=\"color: #800000;\">&#8216;<strong>Educaci\u00f3 Visual i Pl\u00e0stica, la Tecnologia i la M\u00fasica<\/strong>.<\/span><\/p>\n<h4><span style=\"color: #800000;\">\u00c0mbits de treball<\/span><\/h4>\n<ul>\n<li>\u00c0mbit Arqueologia i hist\u00f2ria.<\/li>\n<li>\u00c0mbit patrimoni.<\/li>\n<li>\u00c0mbit Paisatge.<\/li>\n<\/ul>\n<h4><span style=\"color: #800000;\">Conjunts patrimonials visitables<\/span><\/h4>\n<ul>\n<li>Jaciment neandertal de la Roca dels Bous ( Sant Lloren\u00e7 de Montgai).<\/li>\n<li>Necr\u00f2polis de la Colomina ( Gerb).<\/li>\n<li>Espai de Mem\u00f2ria del Merengue i dels b\u00fanquers i trinxeres de Palous ( Camarasa).<\/li>\n<\/ul>\n<p><img loading=\"lazy\" decoding=\"async\" class=\"size-medium wp-image-9489 alignnone\" src=\"https:\/\/serveiseducatius.xtec.cat\/cda-noguera\/wp-content\/uploads\/usu1379\/2019\/05\/54236938_2038334886285430_7873708787771637760_o-300x225.jpg\" alt=\"\" width=\"300\" height=\"225\" srcset=\"https:\/\/serveiseducatius.xtec.cat\/cda-noguera\/wp-content\/uploads\/usu1379\/2019\/05\/54236938_2038334886285430_7873708787771637760_o-300x225.jpg 300w, https:\/\/serveiseducatius.xtec.cat\/cda-noguera\/wp-content\/uploads\/usu1379\/2019\/05\/54236938_2038334886285430_7873708787771637760_o-768x576.jpg 768w, https:\/\/serveiseducatius.xtec.cat\/cda-noguera\/wp-content\/uploads\/usu1379\/2019\/05\/54236938_2038334886285430_7873708787771637760_o-1024x768.jpg 1024w, https:\/\/serveiseducatius.xtec.cat\/cda-noguera\/wp-content\/uploads\/usu1379\/2019\/05\/54236938_2038334886285430_7873708787771637760_o-200x150.jpg 200w, https:\/\/serveiseducatius.xtec.cat\/cda-noguera\/wp-content\/uploads\/usu1379\/2019\/05\/54236938_2038334886285430_7873708787771637760_o.jpg 1600w\" sizes=\"auto, (max-width: 300px) 100vw, 300px\" \/><img loading=\"lazy\" decoding=\"async\" class=\"alignnone  wp-image-10706\" src=\"https:\/\/serveiseducatius.xtec.cat\/cda-noguera\/wp-content\/uploads\/usu1379\/2024\/03\/20230612_112928-1024x498.jpg\" alt=\"\" width=\"457\" height=\"222\" srcset=\"https:\/\/serveiseducatius.xtec.cat\/cda-noguera\/wp-content\/uploads\/usu1379\/2024\/03\/20230612_112928-1024x498.jpg 1024w, https:\/\/serveiseducatius.xtec.cat\/cda-noguera\/wp-content\/uploads\/usu1379\/2024\/03\/20230612_112928-300x146.jpg 300w, https:\/\/serveiseducatius.xtec.cat\/cda-noguera\/wp-content\/uploads\/usu1379\/2024\/03\/20230612_112928-768x373.jpg 768w, https:\/\/serveiseducatius.xtec.cat\/cda-noguera\/wp-content\/uploads\/usu1379\/2024\/03\/20230612_112928-1536x747.jpg 1536w, https:\/\/serveiseducatius.xtec.cat\/cda-noguera\/wp-content\/uploads\/usu1379\/2024\/03\/20230612_112928.jpg 2016w\" sizes=\"auto, (max-width: 457px) 100vw, 457px\" \/><img loading=\"lazy\" decoding=\"async\" class=\"size-medium wp-image-9485 alignnone\" src=\"https:\/\/serveiseducatius.xtec.cat\/cda-noguera\/wp-content\/uploads\/usu1379\/2019\/05\/Merengue2-300x225.jpg\" alt=\"\" width=\"300\" height=\"225\" srcset=\"https:\/\/serveiseducatius.xtec.cat\/cda-noguera\/wp-content\/uploads\/usu1379\/2019\/05\/Merengue2-300x225.jpg 300w, https:\/\/serveiseducatius.xtec.cat\/cda-noguera\/wp-content\/uploads\/usu1379\/2019\/05\/Merengue2-768x576.jpg 768w, https:\/\/serveiseducatius.xtec.cat\/cda-noguera\/wp-content\/uploads\/usu1379\/2019\/05\/Merengue2-1024x768.jpg 1024w, https:\/\/serveiseducatius.xtec.cat\/cda-noguera\/wp-content\/uploads\/usu1379\/2019\/05\/Merengue2-200x150.jpg 200w, https:\/\/serveiseducatius.xtec.cat\/cda-noguera\/wp-content\/uploads\/usu1379\/2019\/05\/Merengue2.jpg 2048w\" sizes=\"auto, (max-width: 300px) 100vw, 300px\" \/><\/p>\n<\/div>\n<\/div>\n","protected":false},"excerpt":{"rendered":"<p>Totes les activitats did\u00e0ctiques\u00a0que es desenvolupen al CdA de la Noguera s&#8217;estructuren al voltant d&#8217;un conjunt d&#8217;objectes replicats i instruments d&#8217;observaci\u00f3, de mesura i classificaci\u00f3, mitjan\u00e7ant els quals s&#8217;introdueixen els continguts de cada seq\u00fc\u00e8ncia did\u00e0ctica tot desenvolupant activitats d&#8217;experimentaci\u00f3, de simulaci\u00f3 o de recerca. Compten amb propostes de treball per abans i despr\u00e9s de l&#8217;estada [&hellip;]<\/p>\n","protected":false},"author":1,"featured_media":0,"parent":0,"menu_order":0,"comment_status":"closed","ping_status":"closed","template":"page-templates\/side-menu.php","meta":{"_bbp_topic_count":0,"_bbp_reply_count":0,"_bbp_total_topic_count":0,"_bbp_total_reply_count":0,"_bbp_voice_count":0,"_bbp_anonymous_reply_count":0,"_bbp_topic_count_hidden":0,"_bbp_reply_count_hidden":0,"_bbp_forum_subforum_count":0,"site-sidebar-layout":"default","site-content-layout":"","ast-site-content-layout":"","site-content-style":"default","site-sidebar-style":"default","ast-global-header-display":"","ast-banner-title-visibility":"","ast-main-header-display":"","ast-hfb-above-header-display":"","ast-hfb-below-header-display":"","ast-hfb-mobile-header-display":"","site-post-title":"","ast-breadcrumbs-content":"","ast-featured-img":"","footer-sml-layout":"","theme-transparent-header-meta":"","adv-header-id-meta":"","stick-header-meta":"","header-above-stick-meta":"","header-main-stick-meta":"","header-below-stick-meta":"","astra-migrate-meta-layouts":"default","ast-page-background-enabled":"default","ast-page-background-meta":{"desktop":{"background-color":"var(--ast-global-color-4)","background-image":"","background-repeat":"repeat","background-position":"center center","background-size":"auto","background-attachment":"scroll","background-type":"","background-media":"","overlay-type":"","overlay-color":"","overlay-opacity":"","overlay-gradient":""},"tablet":{"background-color":"","background-image":"","background-repeat":"repeat","background-position":"center center","background-size":"auto","background-attachment":"scroll","background-type":"","background-media":"","overlay-type":"","overlay-color":"","overlay-opacity":"","overlay-gradient":""},"mobile":{"background-color":"","background-image":"","background-repeat":"repeat","background-position":"center center","background-size":"auto","background-attachment":"scroll","background-type":"","background-media":"","overlay-type":"","overlay-color":"","overlay-opacity":"","overlay-gradient":""}},"ast-content-background-meta":{"desktop":{"background-color":"var(--ast-global-color-5)","background-image":"","background-repeat":"repeat","background-position":"center center","background-size":"auto","background-attachment":"scroll","background-type":"","background-media":"","overlay-type":"","overlay-color":"","overlay-opacity":"","overlay-gradient":""},"tablet":{"background-color":"var(--ast-global-color-5)","background-image":"","background-repeat":"repeat","background-position":"center center","background-size":"auto","background-attachment":"scroll","background-type":"","background-media":"","overlay-type":"","overlay-color":"","overlay-opacity":"","overlay-gradient":""},"mobile":{"background-color":"var(--ast-global-color-5)","background-image":"","background-repeat":"repeat","background-position":"center center","background-size":"auto","background-attachment":"scroll","background-type":"","background-media":"","overlay-type":"","overlay-color":"","overlay-opacity":"","overlay-gradient":""}},"footnotes":""},"class_list":["post-8235","page","type-page","status-publish","hentry"],"post_mailing_queue_ids":[],"_links":{"self":[{"href":"https:\/\/serveiseducatius.xtec.cat\/cda-noguera\/wp-json\/wp\/v2\/pages\/8235","targetHints":{"allow":["GET"]}}],"collection":[{"href":"https:\/\/serveiseducatius.xtec.cat\/cda-noguera\/wp-json\/wp\/v2\/pages"}],"about":[{"href":"https:\/\/serveiseducatius.xtec.cat\/cda-noguera\/wp-json\/wp\/v2\/types\/page"}],"author":[{"embeddable":true,"href":"https:\/\/serveiseducatius.xtec.cat\/cda-noguera\/wp-json\/wp\/v2\/users\/1"}],"replies":[{"embeddable":true,"href":"https:\/\/serveiseducatius.xtec.cat\/cda-noguera\/wp-json\/wp\/v2\/comments?post=8235"}],"version-history":[{"count":5,"href":"https:\/\/serveiseducatius.xtec.cat\/cda-noguera\/wp-json\/wp\/v2\/pages\/8235\/revisions"}],"predecessor-version":[{"id":10707,"href":"https:\/\/serveiseducatius.xtec.cat\/cda-noguera\/wp-json\/wp\/v2\/pages\/8235\/revisions\/10707"}],"wp:attachment":[{"href":"https:\/\/serveiseducatius.xtec.cat\/cda-noguera\/wp-json\/wp\/v2\/media?parent=8235"}],"curies":[{"name":"wp","href":"https:\/\/api.w.org\/{rel}","templated":true}]}}