{"id":8225,"date":"2016-06-20T17:21:25","date_gmt":"2016-06-20T16:21:25","guid":{"rendered":"http:\/\/serveiseducatius.xtec.cat\/cda-noguera\/?page_id=8225"},"modified":"2024-02-25T15:36:36","modified_gmt":"2024-02-25T14:36:36","slug":"el-camp","status":"publish","type":"page","link":"https:\/\/serveiseducatius.xtec.cat\/cda-noguera\/el-camp\/","title":{"rendered":"El camp"},"content":{"rendered":"<p>&nbsp;<\/p>\n<p style=\"text-align: justify;\">El<strong><span style=\"color: #993366;\"> Camp d\u2019Aprenentatge de la Noguera<\/span><\/strong> est\u00e0 situat a la localitat de Sant Lloren\u00e7 de Montgai, a la comarca de la Noguera, un territori amb una intensa pres\u00e8ncia humana des de la Prehist\u00f2ria.<\/p>\n<p style=\"text-align: justify;\">La tasca educativa es desenvolupa entorn de l\u2019embassament de Sant Lloren\u00e7 i especialment en quatre empla\u00e7aments significatius; el <strong>Parc Arqueol\u00f2gic Did\u00e0ctic,<\/strong> els <strong>laboratoris d\u2019investigaci\u00f3 educativa,<\/strong> el <strong>jaciment neandertal de la Roca dels Bous<\/strong> i el <strong>Merengue<\/strong>, espai de mem\u00f2ria de la batalla del Segre.<\/p>\n<p style=\"text-align: justify;\">L\u2019alumnat pot participar en sortides d\u2019un dia, o en estades de dos a cinc dies. L\u2019allotjament es fa a l\u2019Alberg La Cova, en la mateixa localitat.<\/p>\n<p style=\"text-align: justify;\">La proposta educativa est\u00e0 centrada en dos moments de la Hist\u00f2ria; la Prehist\u00f2ria, i la Guerra Civil Espanyola. Per potenciar l\u2019empatia hist\u00f2rica, s\u2019empren recursos did\u00e0ctics com s\u00f3n; els mateixos espais arqueol\u00f2gics i la recreaci\u00f3 d\u2019un campament paleol\u00edtic i un poblat neol\u00edtic, amb objectes replicats.<\/p>\n<p style=\"text-align: justify;\">Els objectius se centren en l\u2019assoliment d\u2019un aprenentatge competencial que potenci\u00ef l\u2019esperit cr\u00edtic i el valor del patrimoni hist\u00f2ric com a eina de construcci\u00f3 d\u2019identitats compartides, tot des d\u2019una mirada de perspectiva de g\u00e8nere.<\/p>\n<p style=\"text-align: justify;\">El treball al voltant de la Prehist\u00f2ria gira entorn de la pregunta <strong><em>\u201cQu\u00e8 ens fa humans?\u201d<\/em>.<\/strong> L\u2019alumnat cerca la resposta fent \u00fas de la metodologia did\u00e0ctica d\u2019indagaci\u00f3 i el descobriment guiat, sobre la base del m\u00e8tode arqueol\u00f2gic. Aquestes activitats, distribu\u00efdes en els \u00e0mbits<strong> <span style=\"color: #993300;\"><em>Investigar el passat<\/em>, <em>Tocar la Prehist\u00f2ria<\/em> i <em>Comprendre el paisatge<\/em><\/span><\/strong>, s\u00f3n dirigides a alumnes d\u2019educaci\u00f3 infantil, prim\u00e0ria i secund\u00e0ria obligat\u00f2ria.<\/p>\n<p style=\"text-align: justify;\">L\u2019estudi de la Guerra Civil t\u00e9 com a eix principal la recuperaci\u00f3 de la mem\u00f2ria democr\u00e0tica, a partir de la visita dels espais de batalla. Les activitats que s\u2019hi desenvolupen, agrupades en l\u2019\u00e0mbit <strong><span style=\"color: #993300;\"><em>Arqueologia de la Guerra Civil<\/em>,<\/span><\/strong> s\u00f3n dirigides a alumnes d\u2019educaci\u00f3 prim\u00e0ria, secund\u00e0ria obligat\u00f2ria i batxillerat.<\/p>\n<p style=\"text-align: justify;\">Tot plegat conforma una proposta \u00a0que facilita la immersi\u00f3 de l\u2019alumnat al passat.<\/p>\n<p><strong>Us hi esperem!<\/strong><\/p>\n<p><a href=\"http:\/\/serveiseducatius.xtec.cat\/cda-noguera\/wp-content\/uploads\/usu1379\/2016\/10\/portada.jpg\"><img loading=\"lazy\" decoding=\"async\" class=\"alignnone wp-image-8397 \" src=\"http:\/\/serveiseducatius.xtec.cat\/cda-noguera\/wp-content\/uploads\/usu1379\/2016\/10\/portada-300x225.jpg\" alt=\"portada\" width=\"411\" height=\"308\" srcset=\"https:\/\/serveiseducatius.xtec.cat\/cda-noguera\/wp-content\/uploads\/usu1379\/2016\/10\/portada-300x225.jpg 300w, https:\/\/serveiseducatius.xtec.cat\/cda-noguera\/wp-content\/uploads\/usu1379\/2016\/10\/portada-768x576.jpg 768w, https:\/\/serveiseducatius.xtec.cat\/cda-noguera\/wp-content\/uploads\/usu1379\/2016\/10\/portada-1024x768.jpg 1024w, https:\/\/serveiseducatius.xtec.cat\/cda-noguera\/wp-content\/uploads\/usu1379\/2016\/10\/portada-200x150.jpg 200w\" sizes=\"auto, (max-width: 411px) 100vw, 411px\" \/><img loading=\"lazy\" decoding=\"async\" class=\"alignleft size-full wp-image-8534\" src=\"http:\/\/serveiseducatius.xtec.cat\/cda-noguera\/wp-content\/uploads\/usu1379\/2014\/09\/ardph-large.jpg\" alt=\"\" width=\"460\" height=\"300\" srcset=\"https:\/\/serveiseducatius.xtec.cat\/cda-noguera\/wp-content\/uploads\/usu1379\/2014\/09\/ardph-large.jpg 460w, https:\/\/serveiseducatius.xtec.cat\/cda-noguera\/wp-content\/uploads\/usu1379\/2014\/09\/ardph-large-300x196.jpg 300w\" sizes=\"auto, (max-width: 460px) 100vw, 460px\" \/><\/a><\/p>\n<p>&nbsp;<\/p>\n<p>&nbsp;<\/p>\n","protected":false},"excerpt":{"rendered":"<p>&nbsp; El Camp d\u2019Aprenentatge de la Noguera est\u00e0 situat a la localitat de Sant Lloren\u00e7 de Montgai, a la comarca de la Noguera, un territori amb una intensa pres\u00e8ncia humana des de la Prehist\u00f2ria. La tasca educativa es desenvolupa entorn de l\u2019embassament de Sant Lloren\u00e7 i especialment en quatre empla\u00e7aments significatius; el Parc Arqueol\u00f2gic Did\u00e0ctic, [&hellip;]<\/p>\n","protected":false},"author":1,"featured_media":0,"parent":0,"menu_order":0,"comment_status":"closed","ping_status":"closed","template":"page-templates\/side-menu.php","meta":{"_bbp_topic_count":0,"_bbp_reply_count":0,"_bbp_total_topic_count":0,"_bbp_total_reply_count":0,"_bbp_voice_count":0,"_bbp_anonymous_reply_count":0,"_bbp_topic_count_hidden":0,"_bbp_reply_count_hidden":0,"_bbp_forum_subforum_count":0,"site-sidebar-layout":"default","site-content-layout":"","ast-site-content-layout":"","site-content-style":"default","site-sidebar-style":"default","ast-global-header-display":"","ast-banner-title-visibility":"","ast-main-header-display":"","ast-hfb-above-header-display":"","ast-hfb-below-header-display":"","ast-hfb-mobile-header-display":"","site-post-title":"","ast-breadcrumbs-content":"","ast-featured-img":"","footer-sml-layout":"","theme-transparent-header-meta":"","adv-header-id-meta":"","stick-header-meta":"","header-above-stick-meta":"","header-main-stick-meta":"","header-below-stick-meta":"","astra-migrate-meta-layouts":"default","ast-page-background-enabled":"default","ast-page-background-meta":{"desktop":{"background-color":"var(--ast-global-color-4)","background-image":"","background-repeat":"repeat","background-position":"center center","background-size":"auto","background-attachment":"scroll","background-type":"","background-media":"","overlay-type":"","overlay-color":"","overlay-opacity":"","overlay-gradient":""},"tablet":{"background-color":"","background-image":"","background-repeat":"repeat","background-position":"center center","background-size":"auto","background-attachment":"scroll","background-type":"","background-media":"","overlay-type":"","overlay-color":"","overlay-opacity":"","overlay-gradient":""},"mobile":{"background-color":"","background-image":"","background-repeat":"repeat","background-position":"center center","background-size":"auto","background-attachment":"scroll","background-type":"","background-media":"","overlay-type":"","overlay-color":"","overlay-opacity":"","overlay-gradient":""}},"ast-content-background-meta":{"desktop":{"background-color":"var(--ast-global-color-5)","background-image":"","background-repeat":"repeat","background-position":"center center","background-size":"auto","background-attachment":"scroll","background-type":"","background-media":"","overlay-type":"","overlay-color":"","overlay-opacity":"","overlay-gradient":""},"tablet":{"background-color":"var(--ast-global-color-5)","background-image":"","background-repeat":"repeat","background-position":"center center","background-size":"auto","background-attachment":"scroll","background-type":"","background-media":"","overlay-type":"","overlay-color":"","overlay-opacity":"","overlay-gradient":""},"mobile":{"background-color":"var(--ast-global-color-5)","background-image":"","background-repeat":"repeat","background-position":"center center","background-size":"auto","background-attachment":"scroll","background-type":"","background-media":"","overlay-type":"","overlay-color":"","overlay-opacity":"","overlay-gradient":""}},"footnotes":""},"class_list":["post-8225","page","type-page","status-publish","hentry"],"post_mailing_queue_ids":[],"_links":{"self":[{"href":"https:\/\/serveiseducatius.xtec.cat\/cda-noguera\/wp-json\/wp\/v2\/pages\/8225","targetHints":{"allow":["GET"]}}],"collection":[{"href":"https:\/\/serveiseducatius.xtec.cat\/cda-noguera\/wp-json\/wp\/v2\/pages"}],"about":[{"href":"https:\/\/serveiseducatius.xtec.cat\/cda-noguera\/wp-json\/wp\/v2\/types\/page"}],"author":[{"embeddable":true,"href":"https:\/\/serveiseducatius.xtec.cat\/cda-noguera\/wp-json\/wp\/v2\/users\/1"}],"replies":[{"embeddable":true,"href":"https:\/\/serveiseducatius.xtec.cat\/cda-noguera\/wp-json\/wp\/v2\/comments?post=8225"}],"version-history":[{"count":6,"href":"https:\/\/serveiseducatius.xtec.cat\/cda-noguera\/wp-json\/wp\/v2\/pages\/8225\/revisions"}],"predecessor-version":[{"id":10692,"href":"https:\/\/serveiseducatius.xtec.cat\/cda-noguera\/wp-json\/wp\/v2\/pages\/8225\/revisions\/10692"}],"wp:attachment":[{"href":"https:\/\/serveiseducatius.xtec.cat\/cda-noguera\/wp-json\/wp\/v2\/media?parent=8225"}],"curies":[{"name":"wp","href":"https:\/\/api.w.org\/{rel}","templated":true}]}}