{"id":8198,"date":"2013-11-15T13:40:37","date_gmt":"2013-11-15T12:40:37","guid":{"rendered":"http:\/\/blocs.xtec.cat\/plantillacda\/?page_id=173"},"modified":"2025-09-17T18:41:09","modified_gmt":"2025-09-17T16:41:09","slug":"ambit-arqueologia-de-la-guerra-civil","status":"publish","type":"page","link":"https:\/\/serveiseducatius.xtec.cat\/cda-noguera\/ambits\/ambit-arqueologia-de-la-guerra-civil\/","title":{"rendered":"\u00c0mbit Arqueologia  de la Guerra Civil"},"content":{"rendered":"<h3><\/h3>\n<h3><img loading=\"lazy\" decoding=\"async\" class=\"alignnone size-medium wp-image-9872\" src=\"https:\/\/serveiseducatius.xtec.cat\/cda-noguera\/wp-content\/uploads\/usu1379\/2021\/01\/Foto-4-300x169.jpg\" alt=\"\" width=\"300\" height=\"169\" srcset=\"https:\/\/serveiseducatius.xtec.cat\/cda-noguera\/wp-content\/uploads\/usu1379\/2021\/01\/Foto-4-300x169.jpg 300w, https:\/\/serveiseducatius.xtec.cat\/cda-noguera\/wp-content\/uploads\/usu1379\/2021\/01\/Foto-4-768x432.jpg 768w, https:\/\/serveiseducatius.xtec.cat\/cda-noguera\/wp-content\/uploads\/usu1379\/2021\/01\/Foto-4-1024x576.jpg 1024w\" sizes=\"auto, (max-width: 300px) 100vw, 300px\" \/><img loading=\"lazy\" decoding=\"async\" class=\"alignnone wp-image-8901\" src=\"https:\/\/serveiseducatius.xtec.cat\/cda-noguera\/wp-content\/uploads\/usu1379\/2018\/09\/5-300x225.jpg\" alt=\"\" width=\"225\" height=\"169\" srcset=\"https:\/\/serveiseducatius.xtec.cat\/cda-noguera\/wp-content\/uploads\/usu1379\/2018\/09\/5-300x225.jpg 300w, https:\/\/serveiseducatius.xtec.cat\/cda-noguera\/wp-content\/uploads\/usu1379\/2018\/09\/5-768x576.jpg 768w, https:\/\/serveiseducatius.xtec.cat\/cda-noguera\/wp-content\/uploads\/usu1379\/2018\/09\/5-200x150.jpg 200w, https:\/\/serveiseducatius.xtec.cat\/cda-noguera\/wp-content\/uploads\/usu1379\/2018\/09\/5.jpg 960w\" sizes=\"auto, (max-width: 225px) 100vw, 225px\" \/><img loading=\"lazy\" decoding=\"async\" class=\"alignnone wp-image-9485\" src=\"https:\/\/serveiseducatius.xtec.cat\/cda-noguera\/wp-content\/uploads\/usu1379\/2019\/05\/Merengue2-300x225.jpg\" alt=\"\" width=\"225\" height=\"169\" srcset=\"https:\/\/serveiseducatius.xtec.cat\/cda-noguera\/wp-content\/uploads\/usu1379\/2019\/05\/Merengue2-300x225.jpg 300w, https:\/\/serveiseducatius.xtec.cat\/cda-noguera\/wp-content\/uploads\/usu1379\/2019\/05\/Merengue2-768x576.jpg 768w, https:\/\/serveiseducatius.xtec.cat\/cda-noguera\/wp-content\/uploads\/usu1379\/2019\/05\/Merengue2-1024x768.jpg 1024w, https:\/\/serveiseducatius.xtec.cat\/cda-noguera\/wp-content\/uploads\/usu1379\/2019\/05\/Merengue2-200x150.jpg 200w, https:\/\/serveiseducatius.xtec.cat\/cda-noguera\/wp-content\/uploads\/usu1379\/2019\/05\/Merengue2.jpg 2048w\" sizes=\"auto, (max-width: 225px) 100vw, 225px\" \/><img loading=\"lazy\" decoding=\"async\" class=\"alignnone wp-image-9803\" src=\"https:\/\/serveiseducatius.xtec.cat\/cda-noguera\/wp-content\/uploads\/usu1379\/2020\/03\/84081097_2663899427062303_560629313871806464_n-225x300.jpg\" alt=\"\" width=\"126\" height=\"168\" srcset=\"https:\/\/serveiseducatius.xtec.cat\/cda-noguera\/wp-content\/uploads\/usu1379\/2020\/03\/84081097_2663899427062303_560629313871806464_n-225x300.jpg 225w, https:\/\/serveiseducatius.xtec.cat\/cda-noguera\/wp-content\/uploads\/usu1379\/2020\/03\/84081097_2663899427062303_560629313871806464_n.jpg 720w\" sizes=\"auto, (max-width: 126px) 100vw, 126px\" \/><\/h3>\n<h5><\/h5>\n<h5><\/h5>\n<h5 style=\"text-align: left;\"><strong><span style=\"color: #993300;\">ACTIVITATS RELACIONADES<\/span><\/strong><\/h5>\n<ul>\n<li>\n<h5><span style=\"color: #ff6600;\"><strong>Visita al Merengue<\/strong><\/span><\/h5>\n<\/li>\n<\/ul>\n<p>Aquesta visita a l\u2019espai de mem\u00f2ria del Merengue est\u00e0 pensada per a l&#8217;alumnat de segon cicle d&#8217;ESO i batxillerat.<\/p>\n<p>El\u00a0<strong>Camp d&#8217;Aprenentatge de la Noguera<\/strong>\u00a0ha elaborat un seguit d&#8217;activitats did\u00e0ctiques en relaci\u00f3 a la divulgaci\u00f3 escolar dels\u00a0<strong>Espais de la Batalla del Segre<\/strong>, en concret en l&#8217;espai on es va formar el\u00a0<strong>Cap de Pont de Balaguer<\/strong>, a la Noguera.<\/p>\n<p>En els darrers anys, i impulsat des del govern de Catalunya, s&#8217;han fet passos per afavorir la mem\u00f2ria i la dignificaci\u00f3 de totes aquelles persones que van patir la repressi\u00f3, el dolor i la mort en la defensa dels seus ideals democr\u00e0tics. En aquests moments, alguns dels espais hist\u00f2rics de la guerra civil espanyola a la Noguera es troben ja en situaci\u00f3 de ser visitables\u00a0-per exemple, &#8220;el Merengue&#8221; a Camarasa-, per\u00f2 manquen eines d&#8217;apropament did\u00e0ctic que afavoreixin la seva comprensi\u00f3 i que, per tant, facilitin el reconeixement i divulgaci\u00f3 de la mem\u00f2ria i el patrimoni de la guerra civil.<\/p>\n<p>En aquesta direcci\u00f3, els objectius prioritaris plantejats des del CdA de la Noguera s\u00f3n:<\/p>\n<p>&#8211; Utilitzaci\u00f3 dels espais de la mem\u00f2ria hist\u00f2rica com a font de coneixement del passat partint de la premisa que\u00a0l&#8217;experi\u00e8ncia d&#8217;enfrontar-se al passat des dels llocs on perviu la mem\u00f2ria d&#8217;aquest passat, afavoreix l&#8217;aproximaci\u00f3 als fets hist\u00f2rics.<br \/>\n&#8211; Potenciaci\u00f3 de processos d&#8217;empatia hist\u00f2rica, proposant un apropament a la mem\u00f2ria de la Batalla del Segre des dels mateixos espais hist\u00f2rics on es va desenvolupar, adre\u00e7ant-los fonamentalment a l&#8217;alumnat de 4rt. d&#8217;ESO i de batxillerat, que tenen edats similars als actors hist\u00f2rics dels fets que es produ\u00efren en aquest indret. Les primeres actuacions en aquest front de guerra van ser protagonitzades per l&#8217;anomenada lleva del biber\u00f3.<br \/>\n&#8211; Veure la hist\u00f2ria local com a eina d&#8217;apropament a la hist\u00f2ria m\u00e9s general. Aquest objectiu es\u00a0desenvolupa a partir de propostes did\u00e0ctiques que permeten una interrelaci\u00f3 entre el marc m\u00e9s general (la Guerra Civil) i el local (la Batalla del Segre en el Cap de Pont de Balaguer).<\/p>\n<h3><img loading=\"lazy\" decoding=\"async\" class=\"alignnone wp-image-10285\" src=\"https:\/\/serveiseducatius.xtec.cat\/cda-noguera\/wp-content\/uploads\/usu1379\/2022\/03\/IMG-20220204-WA0009-300x300.jpg\" alt=\"\" width=\"128\" height=\"128\" srcset=\"https:\/\/serveiseducatius.xtec.cat\/cda-noguera\/wp-content\/uploads\/usu1379\/2022\/03\/IMG-20220204-WA0009-300x300.jpg 300w, https:\/\/serveiseducatius.xtec.cat\/cda-noguera\/wp-content\/uploads\/usu1379\/2022\/03\/IMG-20220204-WA0009-1024x1024.jpg 1024w, https:\/\/serveiseducatius.xtec.cat\/cda-noguera\/wp-content\/uploads\/usu1379\/2022\/03\/IMG-20220204-WA0009-150x150.jpg 150w, https:\/\/serveiseducatius.xtec.cat\/cda-noguera\/wp-content\/uploads\/usu1379\/2022\/03\/IMG-20220204-WA0009-768x768.jpg 768w, https:\/\/serveiseducatius.xtec.cat\/cda-noguera\/wp-content\/uploads\/usu1379\/2022\/03\/IMG-20220204-WA0009-1536x1536.jpg 1536w, https:\/\/serveiseducatius.xtec.cat\/cda-noguera\/wp-content\/uploads\/usu1379\/2022\/03\/IMG-20220204-WA0009.jpg 1640w\" sizes=\"auto, (max-width: 128px) 100vw, 128px\" \/>\u00a0 Merengue 360\u00ba<\/h3>\n<p><img loading=\"lazy\" decoding=\"async\" class=\"alignnone wp-image-10599\" src=\"https:\/\/serveiseducatius.xtec.cat\/cda-noguera\/wp-content\/uploads\/usu1379\/2024\/01\/facebook_1705329134599_7152668810565920204-768x1024.jpg\" alt=\"\" width=\"207\" height=\"276\" srcset=\"https:\/\/serveiseducatius.xtec.cat\/cda-noguera\/wp-content\/uploads\/usu1379\/2024\/01\/facebook_1705329134599_7152668810565920204-768x1024.jpg 768w, https:\/\/serveiseducatius.xtec.cat\/cda-noguera\/wp-content\/uploads\/usu1379\/2024\/01\/facebook_1705329134599_7152668810565920204-225x300.jpg 225w, https:\/\/serveiseducatius.xtec.cat\/cda-noguera\/wp-content\/uploads\/usu1379\/2024\/01\/facebook_1705329134599_7152668810565920204.jpg 1080w\" sizes=\"auto, (max-width: 207px) 100vw, 207px\" \/>\u00a0 \u00a0 <img loading=\"lazy\" decoding=\"async\" class=\"alignnone wp-image-10549\" src=\"https:\/\/serveiseducatius.xtec.cat\/cda-noguera\/wp-content\/uploads\/usu1379\/2023\/12\/400207561_663182929128991_2625994660591895035_n-1024x1024.jpg\" alt=\"\" width=\"274\" height=\"274\" srcset=\"https:\/\/serveiseducatius.xtec.cat\/cda-noguera\/wp-content\/uploads\/usu1379\/2023\/12\/400207561_663182929128991_2625994660591895035_n-1024x1024.jpg 1024w, https:\/\/serveiseducatius.xtec.cat\/cda-noguera\/wp-content\/uploads\/usu1379\/2023\/12\/400207561_663182929128991_2625994660591895035_n-300x300.jpg 300w, https:\/\/serveiseducatius.xtec.cat\/cda-noguera\/wp-content\/uploads\/usu1379\/2023\/12\/400207561_663182929128991_2625994660591895035_n-150x150.jpg 150w, https:\/\/serveiseducatius.xtec.cat\/cda-noguera\/wp-content\/uploads\/usu1379\/2023\/12\/400207561_663182929128991_2625994660591895035_n-768x768.jpg 768w, https:\/\/serveiseducatius.xtec.cat\/cda-noguera\/wp-content\/uploads\/usu1379\/2023\/12\/400207561_663182929128991_2625994660591895035_n-1536x1536.jpg 1536w, https:\/\/serveiseducatius.xtec.cat\/cda-noguera\/wp-content\/uploads\/usu1379\/2023\/12\/400207561_663182929128991_2625994660591895035_n.jpg 1920w\" sizes=\"auto, (max-width: 274px) 100vw, 274px\" \/> <img loading=\"lazy\" decoding=\"async\" class=\"alignnone wp-image-10255\" src=\"https:\/\/serveiseducatius.xtec.cat\/cda-noguera\/wp-content\/uploads\/usu1379\/2022\/02\/Merengue2-1024x768.jpg\" alt=\"\" width=\"363\" height=\"272\" srcset=\"https:\/\/serveiseducatius.xtec.cat\/cda-noguera\/wp-content\/uploads\/usu1379\/2022\/02\/Merengue2-1024x768.jpg 1024w, https:\/\/serveiseducatius.xtec.cat\/cda-noguera\/wp-content\/uploads\/usu1379\/2022\/02\/Merengue2-300x225.jpg 300w, https:\/\/serveiseducatius.xtec.cat\/cda-noguera\/wp-content\/uploads\/usu1379\/2022\/02\/Merengue2-768x576.jpg 768w, https:\/\/serveiseducatius.xtec.cat\/cda-noguera\/wp-content\/uploads\/usu1379\/2022\/02\/Merengue2-1536x1152.jpg 1536w, https:\/\/serveiseducatius.xtec.cat\/cda-noguera\/wp-content\/uploads\/usu1379\/2022\/02\/Merengue2-200x150.jpg 200w, https:\/\/serveiseducatius.xtec.cat\/cda-noguera\/wp-content\/uploads\/usu1379\/2022\/02\/Merengue2.jpg 2048w\" sizes=\"auto, (max-width: 363px) 100vw, 363px\" \/><\/p>\n<ul>\n<li>\n<h5><span style=\"color: #ff0000;\"><strong><span style=\"color: #ff6600;\">Per morir en l&#8217;oblit, recuperem la mem\u00f2ria democr\u00e0tica.<\/span>\u00a0<\/strong><\/span><\/h5>\n<\/li>\n<\/ul>\n<p>Activitat did\u00e0ctica que es realitza als instituts, concretament a 2on de Batxillerat.<\/p>\n<p>\u00c9s una activitat que es porta a terme en els instituts. Cal, doncs, un espai de terra en el pati per poder desenvolupar-hi l\u2019excavaci\u00f3 arqueol\u00f2gica. Consta de <strong>tres laboratoris<\/strong> diferents per on passa l&#8217;alumnat en grups de 10, de manera rotat\u00f2ria:<br \/>\n\u2022 Un \u00e9s la de la pr\u00f2pia<strong> excavaci\u00f3<\/strong> on troben un esquelet, amb una s\u00e8rie d&#8217;elements que portava el soldat que aporten informaci\u00f3 tant de la vida al front (elements b\u00e8l\u00b7lics, sanitaris, alimentaci\u00f3,&#8230;), com de la seva vida personal, en l&#8217;estat que es troben en una excavaci\u00f3. Val a dir que totes les fonts que s&#8217;utilitzen en les diferents taules s\u00f3n de veritat, no s\u00f3n reproduccions.<br \/>\n\u2022 Un altre on l&#8217;alumnat troba una<strong> motxilla i una llauna<\/strong>. En la motxilla, que se suposa que porta el soldat, hi ha objectes originals d&#8217;\u00e8poca per poder refer la vida del soldat al front. La llauna cont\u00e9 objectes que guarda la fam\u00edlia del soldat a casa una vegada sap que \u00e9s mort. En aquest es pot refer la seva vida anterior a la guerra, tot all\u00f2 que va haver de deixar de manera traum\u00e0tica.<br \/>\nAquests dos laboratoris es basen en l&#8217;an\u00e0lisi de fonts materials.<br \/>\n\u2022 El tercer laboratori es basa en la classificaci\u00f3 de diverses<strong> fonts<\/strong> segons la seva naturalesa. S\u00f3n un conjunt de fotografies, not\u00edcies de premsa, fulletons de propaganda, mapes topogr\u00e0fics, monedes, postals, etc., de la guerra civil. En aquesta activitat aprofitem per parlar sobre la import\u00e0ncia de les fonts en el coneixement de la Hist\u00f2ria, simbologia i ideologia, diferents punts de vista sobre el mateix fet hist\u00f2ric i el paper de les dones durant la guerra civil.<\/p>\n<p><img loading=\"lazy\" decoding=\"async\" class=\"alignnone wp-image-10014\" src=\"https:\/\/serveiseducatius.xtec.cat\/cda-noguera\/wp-content\/uploads\/usu1379\/2021\/03\/151385849_3647499888702247_6792872437596174556_n.jpg\" alt=\"\" width=\"292\" height=\"366\" srcset=\"https:\/\/serveiseducatius.xtec.cat\/cda-noguera\/wp-content\/uploads\/usu1379\/2021\/03\/151385849_3647499888702247_6792872437596174556_n.jpg 767w, https:\/\/serveiseducatius.xtec.cat\/cda-noguera\/wp-content\/uploads\/usu1379\/2021\/03\/151385849_3647499888702247_6792872437596174556_n-240x300.jpg 240w\" sizes=\"auto, (max-width: 292px) 100vw, 292px\" \/>\u00a0 \u00a0 \u00a0<img loading=\"lazy\" decoding=\"async\" class=\"alignnone wp-image-10477\" src=\"https:\/\/serveiseducatius.xtec.cat\/cda-noguera\/wp-content\/uploads\/usu1379\/2023\/09\/44.jpg\" alt=\"\" width=\"205\" height=\"364\" srcset=\"https:\/\/serveiseducatius.xtec.cat\/cda-noguera\/wp-content\/uploads\/usu1379\/2023\/09\/44.jpg 576w, https:\/\/serveiseducatius.xtec.cat\/cda-noguera\/wp-content\/uploads\/usu1379\/2023\/09\/44-169x300.jpg 169w\" sizes=\"auto, (max-width: 205px) 100vw, 205px\" \/>\u00a0 \u00a0<img loading=\"lazy\" decoding=\"async\" class=\"alignnone wp-image-9872\" src=\"https:\/\/serveiseducatius.xtec.cat\/cda-noguera\/wp-content\/uploads\/usu1379\/2021\/01\/Foto-4-1024x576.jpg\" alt=\"\" width=\"430\" height=\"242\" srcset=\"https:\/\/serveiseducatius.xtec.cat\/cda-noguera\/wp-content\/uploads\/usu1379\/2021\/01\/Foto-4-1024x576.jpg 1024w, https:\/\/serveiseducatius.xtec.cat\/cda-noguera\/wp-content\/uploads\/usu1379\/2021\/01\/Foto-4-300x169.jpg 300w, https:\/\/serveiseducatius.xtec.cat\/cda-noguera\/wp-content\/uploads\/usu1379\/2021\/01\/Foto-4-768x432.jpg 768w\" sizes=\"auto, (max-width: 430px) 100vw, 430px\" \/><\/p>\n<ul>\n<li>\n<h5><span style=\"color: #ff6600;\"><strong>Dos germans entre bombes. La Guerra Civil viscuda pels infants.\u00a0 <\/strong><\/span><\/h5>\n<\/li>\n<\/ul>\n<p>Activitat did\u00e0ctica que es realitza a les escoles, concretament a 6\u00e8 de Prim\u00e0ria.<\/p>\n<p>L&#8217;activitat s&#8217;inicia amb la hist\u00f2ria de dos germans que ens expliquen la seva viv\u00e8ncia durant la Guerra Civil espanyola. Obrim la seva maleta i trobem <strong>fonts materials<\/strong>\u00a0 ( joguines de l&#8217;\u00e8poca, objectes quotidians,&#8230;)<strong> i documentals<\/strong> ( imatges, postals,&#8230;) originals de l&#8217; \u00e8poca, i un grapat de dibuixos ( fotoc\u00f2pia dels originals) que varen realitzar nens i nenes en temps de guerra. A partir de 15 dibuixos\u00a0 i dels 15 objectes o documents dels anys 30, els alumnes treballaran com era la vida quotidiana en temps de Guerra, mitjan\u00e7ant l&#8217;an\u00e0lisi del&#8217; objecte o del document, i l&#8217;an\u00e0lisi del dibuix pintat en temps de guerra per un infant de la seva mateixa edat.<\/p>\n<p>Per entendre com era la vida d&#8217;aquests dos infants, l&#8217;alumnat experimentar\u00e0 fent una pr\u00e0ctica de cal\u00b7ligrafia amb els mateixos estris( plomins i tinta) que varen emprar els infants per dibuixar els seus dibuixos en temps de guerra.<\/p>\n<p>L&#8217;activitat finalitza amb una posada en com\u00fa, i amb la pr\u00e0ctica individual experiencial d&#8217;una joguina dels anys 30.<\/p>\n<p><img loading=\"lazy\" decoding=\"async\" class=\"alignnone wp-image-10564\" src=\"https:\/\/serveiseducatius.xtec.cat\/cda-noguera\/wp-content\/uploads\/usu1379\/2024\/01\/20240111_152737-1-1024x766.jpg\" alt=\"\" width=\"332\" height=\"248\" srcset=\"https:\/\/serveiseducatius.xtec.cat\/cda-noguera\/wp-content\/uploads\/usu1379\/2024\/01\/20240111_152737-1-1024x766.jpg 1024w, https:\/\/serveiseducatius.xtec.cat\/cda-noguera\/wp-content\/uploads\/usu1379\/2024\/01\/20240111_152737-1-300x224.jpg 300w, https:\/\/serveiseducatius.xtec.cat\/cda-noguera\/wp-content\/uploads\/usu1379\/2024\/01\/20240111_152737-1-768x574.jpg 768w, https:\/\/serveiseducatius.xtec.cat\/cda-noguera\/wp-content\/uploads\/usu1379\/2024\/01\/20240111_152737-1-1536x1149.jpg 1536w, https:\/\/serveiseducatius.xtec.cat\/cda-noguera\/wp-content\/uploads\/usu1379\/2024\/01\/20240111_152737-1-2048x1532.jpg 2048w, https:\/\/serveiseducatius.xtec.cat\/cda-noguera\/wp-content\/uploads\/usu1379\/2024\/01\/20240111_152737-1-200x150.jpg 200w\" sizes=\"auto, (max-width: 332px) 100vw, 332px\" \/> <img loading=\"lazy\" decoding=\"async\" class=\"alignnone wp-image-10603\" src=\"https:\/\/serveiseducatius.xtec.cat\/cda-noguera\/wp-content\/uploads\/usu1379\/2024\/01\/c0daeb63-a244-40e0-90c1-2740a337f287_16-9-aspect-ratio_default_1031564.jpg\" alt=\"\" width=\"379\" height=\"213\" srcset=\"https:\/\/serveiseducatius.xtec.cat\/cda-noguera\/wp-content\/uploads\/usu1379\/2024\/01\/c0daeb63-a244-40e0-90c1-2740a337f287_16-9-aspect-ratio_default_1031564.jpg 880w, https:\/\/serveiseducatius.xtec.cat\/cda-noguera\/wp-content\/uploads\/usu1379\/2024\/01\/c0daeb63-a244-40e0-90c1-2740a337f287_16-9-aspect-ratio_default_1031564-300x169.jpg 300w, https:\/\/serveiseducatius.xtec.cat\/cda-noguera\/wp-content\/uploads\/usu1379\/2024\/01\/c0daeb63-a244-40e0-90c1-2740a337f287_16-9-aspect-ratio_default_1031564-768x432.jpg 768w\" sizes=\"auto, (max-width: 379px) 100vw, 379px\" \/> <img loading=\"lazy\" decoding=\"async\" class=\"alignnone wp-image-10605\" src=\"https:\/\/serveiseducatius.xtec.cat\/cda-noguera\/wp-content\/uploads\/usu1379\/2024\/01\/20240111_104120-1-1024x697.jpg\" alt=\"\" width=\"311\" height=\"212\" srcset=\"https:\/\/serveiseducatius.xtec.cat\/cda-noguera\/wp-content\/uploads\/usu1379\/2024\/01\/20240111_104120-1-1024x697.jpg 1024w, https:\/\/serveiseducatius.xtec.cat\/cda-noguera\/wp-content\/uploads\/usu1379\/2024\/01\/20240111_104120-1-300x204.jpg 300w, https:\/\/serveiseducatius.xtec.cat\/cda-noguera\/wp-content\/uploads\/usu1379\/2024\/01\/20240111_104120-1-768x523.jpg 768w, https:\/\/serveiseducatius.xtec.cat\/cda-noguera\/wp-content\/uploads\/usu1379\/2024\/01\/20240111_104120-1-1536x1046.jpg 1536w, https:\/\/serveiseducatius.xtec.cat\/cda-noguera\/wp-content\/uploads\/usu1379\/2024\/01\/20240111_104120-1-2048x1394.jpg 2048w\" sizes=\"auto, (max-width: 311px) 100vw, 311px\" \/><\/p>\n","protected":false},"excerpt":{"rendered":"<p>ACTIVITATS RELACIONADES Visita al Merengue Aquesta visita a l\u2019espai de mem\u00f2ria del Merengue est\u00e0 pensada per a l&#8217;alumnat de segon cicle d&#8217;ESO i batxillerat. El\u00a0Camp d&#8217;Aprenentatge de la Noguera\u00a0ha elaborat un seguit d&#8217;activitats did\u00e0ctiques en relaci\u00f3 a la divulgaci\u00f3 escolar dels\u00a0Espais de la Batalla del Segre, en concret en l&#8217;espai on es va formar el\u00a0Cap [&hellip;]<\/p>\n","protected":false},"author":1,"featured_media":8181,"parent":8235,"menu_order":20,"comment_status":"open","ping_status":"open","template":"","meta":{"_bbp_topic_count":0,"_bbp_reply_count":0,"_bbp_total_topic_count":0,"_bbp_total_reply_count":0,"_bbp_voice_count":0,"_bbp_anonymous_reply_count":0,"_bbp_topic_count_hidden":0,"_bbp_reply_count_hidden":0,"_bbp_forum_subforum_count":0,"site-sidebar-layout":"default","site-content-layout":"","ast-site-content-layout":"default","site-content-style":"default","site-sidebar-style":"default","ast-global-header-display":"","ast-banner-title-visibility":"","ast-main-header-display":"","ast-hfb-above-header-display":"","ast-hfb-below-header-display":"","ast-hfb-mobile-header-display":"","site-post-title":"","ast-breadcrumbs-content":"","ast-featured-img":"","footer-sml-layout":"","theme-transparent-header-meta":"default","adv-header-id-meta":"","stick-header-meta":"","header-above-stick-meta":"","header-main-stick-meta":"","header-below-stick-meta":"","astra-migrate-meta-layouts":"set","ast-page-background-enabled":"default","ast-page-background-meta":{"desktop":{"background-color":"var(--ast-global-color-4)","background-image":"","background-repeat":"repeat","background-position":"center center","background-size":"auto","background-attachment":"scroll","background-type":"","background-media":"","overlay-type":"","overlay-color":"","overlay-opacity":"","overlay-gradient":""},"tablet":{"background-color":"","background-image":"","background-repeat":"repeat","background-position":"center center","background-size":"auto","background-attachment":"scroll","background-type":"","background-media":"","overlay-type":"","overlay-color":"","overlay-opacity":"","overlay-gradient":""},"mobile":{"background-color":"","background-image":"","background-repeat":"repeat","background-position":"center center","background-size":"auto","background-attachment":"scroll","background-type":"","background-media":"","overlay-type":"","overlay-color":"","overlay-opacity":"","overlay-gradient":""}},"ast-content-background-meta":{"desktop":{"background-color":"var(--ast-global-color-5)","background-image":"","background-repeat":"repeat","background-position":"center center","background-size":"auto","background-attachment":"scroll","background-type":"","background-media":"","overlay-type":"","overlay-color":"","overlay-opacity":"","overlay-gradient":""},"tablet":{"background-color":"var(--ast-global-color-5)","background-image":"","background-repeat":"repeat","background-position":"center center","background-size":"auto","background-attachment":"scroll","background-type":"","background-media":"","overlay-type":"","overlay-color":"","overlay-opacity":"","overlay-gradient":""},"mobile":{"background-color":"var(--ast-global-color-5)","background-image":"","background-repeat":"repeat","background-position":"center center","background-size":"auto","background-attachment":"scroll","background-type":"","background-media":"","overlay-type":"","overlay-color":"","overlay-opacity":"","overlay-gradient":""}},"footnotes":""},"class_list":["post-8198","page","type-page","status-publish","has-post-thumbnail","hentry"],"post_mailing_queue_ids":[],"_links":{"self":[{"href":"https:\/\/serveiseducatius.xtec.cat\/cda-noguera\/wp-json\/wp\/v2\/pages\/8198","targetHints":{"allow":["GET"]}}],"collection":[{"href":"https:\/\/serveiseducatius.xtec.cat\/cda-noguera\/wp-json\/wp\/v2\/pages"}],"about":[{"href":"https:\/\/serveiseducatius.xtec.cat\/cda-noguera\/wp-json\/wp\/v2\/types\/page"}],"author":[{"embeddable":true,"href":"https:\/\/serveiseducatius.xtec.cat\/cda-noguera\/wp-json\/wp\/v2\/users\/1"}],"replies":[{"embeddable":true,"href":"https:\/\/serveiseducatius.xtec.cat\/cda-noguera\/wp-json\/wp\/v2\/comments?post=8198"}],"version-history":[{"count":7,"href":"https:\/\/serveiseducatius.xtec.cat\/cda-noguera\/wp-json\/wp\/v2\/pages\/8198\/revisions"}],"predecessor-version":[{"id":10621,"href":"https:\/\/serveiseducatius.xtec.cat\/cda-noguera\/wp-json\/wp\/v2\/pages\/8198\/revisions\/10621"}],"up":[{"embeddable":true,"href":"https:\/\/serveiseducatius.xtec.cat\/cda-noguera\/wp-json\/wp\/v2\/pages\/8235"}],"wp:featuredmedia":[{"embeddable":true,"href":"https:\/\/serveiseducatius.xtec.cat\/cda-noguera\/wp-json\/wp\/v2\/media\/8181"}],"wp:attachment":[{"href":"https:\/\/serveiseducatius.xtec.cat\/cda-noguera\/wp-json\/wp\/v2\/media?parent=8198"}],"curies":[{"name":"wp","href":"https:\/\/api.w.org\/{rel}","templated":true}]}}