{"id":71,"date":"2013-11-14T19:47:14","date_gmt":"2013-11-14T18:47:14","guid":{"rendered":"http:\/\/blocs.xtec.cat\/plantillacda\/?page_id=71"},"modified":"2024-03-07T13:26:41","modified_gmt":"2024-03-07T12:26:41","slug":"on-som","status":"publish","type":"page","link":"https:\/\/serveiseducatius.xtec.cat\/cda-noguera\/el-camp\/on-som\/","title":{"rendered":"On som"},"content":{"rendered":"<p>La seu del CdA est\u00e0 ubicada a <strong>Sant Lloren\u00e7 de Montgai<\/strong> al carrer Passeig del Segre 58.<\/p>\n<p><img loading=\"lazy\" decoding=\"async\" class=\"alignnone size-medium wp-image-10426\" src=\"https:\/\/serveiseducatius.xtec.cat\/cda-noguera\/wp-content\/uploads\/usu1379\/2023\/02\/Oficines-300x162.jpg\" alt=\"\" width=\"300\" height=\"162\" srcset=\"https:\/\/serveiseducatius.xtec.cat\/cda-noguera\/wp-content\/uploads\/usu1379\/2023\/02\/Oficines-300x162.jpg 300w, https:\/\/serveiseducatius.xtec.cat\/cda-noguera\/wp-content\/uploads\/usu1379\/2023\/02\/Oficines-1024x553.jpg 1024w, https:\/\/serveiseducatius.xtec.cat\/cda-noguera\/wp-content\/uploads\/usu1379\/2023\/02\/Oficines-768x415.jpg 768w, https:\/\/serveiseducatius.xtec.cat\/cda-noguera\/wp-content\/uploads\/usu1379\/2023\/02\/Oficines-1536x829.jpg 1536w, https:\/\/serveiseducatius.xtec.cat\/cda-noguera\/wp-content\/uploads\/usu1379\/2023\/02\/Oficines-2048x1106.jpg 2048w\" sizes=\"auto, (max-width: 300px) 100vw, 300px\" \/><\/p>\n<p><a href=\"https:\/\/www.google.es\/maps\/place\/Camp+d'Aprenentatge+de+la+Noguera\/@41.8674789,0.8387907,17z\/data=!3m1!4b1!4m5!3m4!1s0x12a6f4307b67a48b:0x78ea47498c731ee6!8m2!3d41.8674789!4d0.8409794\">Google Maps Cda Noguera<\/a><\/p>\n<h4 style=\"text-align: center;\"><span style=\"color: #800000;\"><strong>Com arribar-hi<\/strong><\/span><\/h4>\n<p style=\"text-align: left;\"><strong>Per carretera<\/strong><\/p>\n<p>S&#8217;hi accedeix de Barcelona per l&#8217; A2 fins la sortida 504 direcci\u00f3 Balaguer per la C13 i despr\u00e9s de Gerb a Sant Lloren\u00e7 de Montgai. Des de\u00a0 Lleida a Balaguer i\u00a0 passant per Gerb, fins a\u00a0 Sant Lloren\u00e7 de Montgai. La seu que \u00e9s el punt d&#8217;arribada es troba al final del poble.<\/p>\n<p style=\"text-align: left;\"><strong><span class=\"CENTRAL\"><span style=\"font-family: Verdana,Arial,Helvetica,sans-serif;\"><span class=\"Estilo1\">L\u00ednia de tren<\/span><\/span><\/span><\/strong><\/p>\n<p><span style=\"font-family: Verdana,Arial,Helvetica,sans-serif;\">Lleida &#8211; La Pobla de Segur (Estaci\u00f3 de Sant Lloren\u00e7 de Montgai)<\/span><\/p>\n<h4 style=\"text-align: center;\"><span style=\"color: #800000;\"><strong>Instal\u00b7lacions<\/strong><\/span><\/h4>\n<p>Disposem d&#8217;una sala multim\u00e8dia, una aula de treball, un laboratori i una biblioteca infantil i juvenil especialitzada en arqueologia i prehist\u00f2ria i un parc arqueol\u00f2gic did\u00e0ctic de 4 hect\u00e0rees<\/p>\n<p>&nbsp;<\/p>\n<h4 style=\"text-align: center;\"><span style=\"color: #800000;\"><strong>V\u00eddeo de l&#8217;entorn<\/strong><\/span><\/h4>\n<p><iframe loading=\"lazy\" src=\"\/\/www.youtube.com\/embed\/gZybBhtwBIo\" width=\"560\" height=\"314\"><\/iframe><\/p>\n<p>&nbsp;<\/p>\n","protected":false},"excerpt":{"rendered":"<p>La seu del CdA est\u00e0 ubicada a Sant Lloren\u00e7 de Montgai al carrer Passeig del Segre 58. Google Maps Cda Noguera Com arribar-hi Per carretera S&#8217;hi accedeix de Barcelona per l&#8217; A2 fins la sortida 504 direcci\u00f3 Balaguer per la C13 i despr\u00e9s de Gerb a Sant Lloren\u00e7 de Montgai. Des de\u00a0 Lleida a Balaguer [&hellip;]<\/p>\n","protected":false},"author":1,"featured_media":0,"parent":8225,"menu_order":20,"comment_status":"closed","ping_status":"closed","template":"page-templates\/side-menu.php","meta":{"_bbp_topic_count":0,"_bbp_reply_count":0,"_bbp_total_topic_count":0,"_bbp_total_reply_count":0,"_bbp_voice_count":0,"_bbp_anonymous_reply_count":0,"_bbp_topic_count_hidden":0,"_bbp_reply_count_hidden":0,"_bbp_forum_subforum_count":0,"site-sidebar-layout":"default","site-content-layout":"","ast-site-content-layout":"","site-content-style":"default","site-sidebar-style":"default","ast-global-header-display":"","ast-banner-title-visibility":"","ast-main-header-display":"","ast-hfb-above-header-display":"","ast-hfb-below-header-display":"","ast-hfb-mobile-header-display":"","site-post-title":"","ast-breadcrumbs-content":"","ast-featured-img":"","footer-sml-layout":"","theme-transparent-header-meta":"","adv-header-id-meta":"","stick-header-meta":"","header-above-stick-meta":"","header-main-stick-meta":"","header-below-stick-meta":"","astra-migrate-meta-layouts":"default","ast-page-background-enabled":"default","ast-page-background-meta":{"desktop":{"background-color":"var(--ast-global-color-4)","background-image":"","background-repeat":"repeat","background-position":"center center","background-size":"auto","background-attachment":"scroll","background-type":"","background-media":"","overlay-type":"","overlay-color":"","overlay-opacity":"","overlay-gradient":""},"tablet":{"background-color":"","background-image":"","background-repeat":"repeat","background-position":"center center","background-size":"auto","background-attachment":"scroll","background-type":"","background-media":"","overlay-type":"","overlay-color":"","overlay-opacity":"","overlay-gradient":""},"mobile":{"background-color":"","background-image":"","background-repeat":"repeat","background-position":"center center","background-size":"auto","background-attachment":"scroll","background-type":"","background-media":"","overlay-type":"","overlay-color":"","overlay-opacity":"","overlay-gradient":""}},"ast-content-background-meta":{"desktop":{"background-color":"var(--ast-global-color-5)","background-image":"","background-repeat":"repeat","background-position":"center center","background-size":"auto","background-attachment":"scroll","background-type":"","background-media":"","overlay-type":"","overlay-color":"","overlay-opacity":"","overlay-gradient":""},"tablet":{"background-color":"var(--ast-global-color-5)","background-image":"","background-repeat":"repeat","background-position":"center center","background-size":"auto","background-attachment":"scroll","background-type":"","background-media":"","overlay-type":"","overlay-color":"","overlay-opacity":"","overlay-gradient":""},"mobile":{"background-color":"var(--ast-global-color-5)","background-image":"","background-repeat":"repeat","background-position":"center center","background-size":"auto","background-attachment":"scroll","background-type":"","background-media":"","overlay-type":"","overlay-color":"","overlay-opacity":"","overlay-gradient":""}},"footnotes":""},"class_list":["post-71","page","type-page","status-publish","hentry"],"post_mailing_queue_ids":[],"_links":{"self":[{"href":"https:\/\/serveiseducatius.xtec.cat\/cda-noguera\/wp-json\/wp\/v2\/pages\/71","targetHints":{"allow":["GET"]}}],"collection":[{"href":"https:\/\/serveiseducatius.xtec.cat\/cda-noguera\/wp-json\/wp\/v2\/pages"}],"about":[{"href":"https:\/\/serveiseducatius.xtec.cat\/cda-noguera\/wp-json\/wp\/v2\/types\/page"}],"author":[{"embeddable":true,"href":"https:\/\/serveiseducatius.xtec.cat\/cda-noguera\/wp-json\/wp\/v2\/users\/1"}],"replies":[{"embeddable":true,"href":"https:\/\/serveiseducatius.xtec.cat\/cda-noguera\/wp-json\/wp\/v2\/comments?post=71"}],"version-history":[{"count":6,"href":"https:\/\/serveiseducatius.xtec.cat\/cda-noguera\/wp-json\/wp\/v2\/pages\/71\/revisions"}],"predecessor-version":[{"id":10703,"href":"https:\/\/serveiseducatius.xtec.cat\/cda-noguera\/wp-json\/wp\/v2\/pages\/71\/revisions\/10703"}],"up":[{"embeddable":true,"href":"https:\/\/serveiseducatius.xtec.cat\/cda-noguera\/wp-json\/wp\/v2\/pages\/8225"}],"wp:attachment":[{"href":"https:\/\/serveiseducatius.xtec.cat\/cda-noguera\/wp-json\/wp\/v2\/media?parent=71"}],"curies":[{"name":"wp","href":"https:\/\/api.w.org\/{rel}","templated":true}]}}