{"id":549,"date":"2013-12-12T09:25:27","date_gmt":"2013-12-12T09:25:27","guid":{"rendered":"http:\/\/blocs.xtec.cat\/plantillacda\/?page_id=549"},"modified":"2024-10-17T10:42:56","modified_gmt":"2024-10-17T08:42:56","slug":"preparacio","status":"publish","type":"page","link":"https:\/\/serveiseducatius.xtec.cat\/cda-noguera\/amb-els-centres\/preparacio\/","title":{"rendered":"Preparaci\u00f3"},"content":{"rendered":"<p style=\"text-align: center;\"><span style=\"color: #ff0000;\"><strong>Organitzaci\u00f3 i funcionament<\/strong><\/span><\/p>\n<div data-canvas-width=\"11.112185288098077\"><strong>Responsabilitats del centre i del seu professorat\u00a0\u00a0<a href=\"http:\/\/xtec.gencat.cat\/web\/.content\/serveis\/cda\/inscripcio\/documents\/Responsabilitats_centre_cda.pdf\" target=\"_blank\" rel=\"noopener noreferrer\">Enlla\u00e7 xtec pdf responsabilitats<\/a><\/strong><\/div>\n<div data-canvas-width=\"11.112185288098077\"><\/div>\n<div data-canvas-width=\"11.112185288098077\">\n<ul>\n<li data-canvas-width=\"127.51205059036317\">Garantir que la participaci\u00f3 en una estada o sortida d&#8217;un dia a un CdA \u00e9s acceptada pel Consell Escolar del centre i incorporada al seva Programaci\u00f3 General Anual.<\/li>\n<li data-canvas-width=\"103.91210789401933\">Establir un proc\u00e9s col\u00b7laboratiu de preparaci\u00f3 de les activitats a partir del moment en que el centre educatiu accepta l\u2019adjudicaci\u00f3 de l\u2019estada i la sortida al CdA. El proc\u00e9s de preparaci\u00f3 de les activitats passa per<strong> <span style=\"color: #000080;\">tres moments<\/span><\/strong>, el primer, de la <strong><span style=\"color: #993300;\">comunicaci\u00f3 amb els centres<\/span><\/strong> (que pot complementar-se amb una trobada de coordinaci\u00f3), el segon, de la <strong><span style=\"color: #993300;\">implementaci\u00f3 de l\u2019estada<\/span><\/strong> al CdA i el tercer, de l\u2019<span style=\"color: #993300;\"><strong>avaluaci\u00f3<\/strong><\/span> dels resultats de l\u2019alumne.<\/li>\n<li data-canvas-width=\"391.91195852989546\">Acompanyar el grup d&#8217;alumnes amb el nombre de professorat adient a l&#8217;edat dels alumnes i d&#8217;acord amb la normativa vigent.<\/li>\n<li data-canvas-width=\"391.91195852989546\">Assegurar que un dels docents que participar\u00e0 en les activitats del CdA amb els seus alumnes sigui el tutor o la tutora, o b\u00e9 el professor o la professora dels \u00e0mbits curriculars preferents i que participa en el proc\u00e9s col\u00b7laboratiu que es desenvolupa.<\/li>\n<li data-canvas-width=\"391.91195852989546\"><strong><span style=\"color: #993300;\">Atendre els alumnes en tot moment i participar en les activitats docents<\/span><\/strong>, d&#8217;acord amb l\u2019activitat col\u00b7laborativa entre el centre i el CdA.<\/li>\n<li data-canvas-width=\"391.91195852989546\">Responsabilitzar-se de les activitats de conviv\u00e8ncia que comporta l&#8217;estada, especialment a partir del moment en qu\u00e8 acaben les activitats de la tarda.<\/li>\n<li data-canvas-width=\"391.91195852989546\">Vetllar pel compliment de la normativa vigent sobre el consum de tabac i d&#8217;alcohol.<\/li>\n<li data-canvas-width=\"391.91195852989546\">Informar els responsables del CdA de qualsevol desperfecte causat a les instal\u00b7lacions. En cas de neglig\u00e8ncia o \u00fas indegut, la direcci\u00f3 del CdA en far\u00e0 la valoraci\u00f3 i, pr\u00e8via factura, ser\u00e0 abonat immediatament pel docent responsable del grup.<\/li>\n<\/ul>\n<\/div>\n<p style=\"text-align: center;\"><span style=\"color: #ff0000;\"><strong>Acc\u00e9s al node\u00a0del vostre centre<\/strong><\/span><\/p>\n<p>Dins d&#8217;aquest web, podeu trobar un espai privat per\u00a0la vostra escola on\u00a0trobareu materials i enlla\u00e7os personalitzats pel treball previ i podreu penjar els vostres comentaris i fotos despr\u00e9s de la visita. Busqueu el logotip de la vostra escola dins de la <a href=\"https:\/\/serveiseducatius.xtec.cat\/cda-noguera\/activitat\">xarxa interna<\/a>.<\/p>\n","protected":false},"excerpt":{"rendered":"<p>Organitzaci\u00f3 i funcionament Responsabilitats del centre i del seu professorat\u00a0\u00a0Enlla\u00e7 xtec pdf responsabilitats Garantir que la participaci\u00f3 en una estada o sortida d&#8217;un dia a un CdA \u00e9s acceptada pel Consell Escolar del centre i incorporada al seva Programaci\u00f3 General Anual. Establir un proc\u00e9s col\u00b7laboratiu de preparaci\u00f3 de les activitats a partir del moment en [&hellip;]<\/p>\n","protected":false},"author":1,"featured_media":0,"parent":8272,"menu_order":10,"comment_status":"closed","ping_status":"closed","template":"page-templates\/side-menu.php","meta":{"_bbp_topic_count":0,"_bbp_reply_count":0,"_bbp_total_topic_count":0,"_bbp_total_reply_count":0,"_bbp_voice_count":0,"_bbp_anonymous_reply_count":0,"_bbp_topic_count_hidden":0,"_bbp_reply_count_hidden":0,"_bbp_forum_subforum_count":0,"site-sidebar-layout":"default","site-content-layout":"","ast-site-content-layout":"","site-content-style":"default","site-sidebar-style":"default","ast-global-header-display":"","ast-banner-title-visibility":"","ast-main-header-display":"","ast-hfb-above-header-display":"","ast-hfb-below-header-display":"","ast-hfb-mobile-header-display":"","site-post-title":"","ast-breadcrumbs-content":"","ast-featured-img":"","footer-sml-layout":"","theme-transparent-header-meta":"","adv-header-id-meta":"","stick-header-meta":"","header-above-stick-meta":"","header-main-stick-meta":"","header-below-stick-meta":"","astra-migrate-meta-layouts":"default","ast-page-background-enabled":"default","ast-page-background-meta":{"desktop":{"background-color":"var(--ast-global-color-4)","background-image":"","background-repeat":"repeat","background-position":"center center","background-size":"auto","background-attachment":"scroll","background-type":"","background-media":"","overlay-type":"","overlay-color":"","overlay-opacity":"","overlay-gradient":""},"tablet":{"background-color":"","background-image":"","background-repeat":"repeat","background-position":"center center","background-size":"auto","background-attachment":"scroll","background-type":"","background-media":"","overlay-type":"","overlay-color":"","overlay-opacity":"","overlay-gradient":""},"mobile":{"background-color":"","background-image":"","background-repeat":"repeat","background-position":"center center","background-size":"auto","background-attachment":"scroll","background-type":"","background-media":"","overlay-type":"","overlay-color":"","overlay-opacity":"","overlay-gradient":""}},"ast-content-background-meta":{"desktop":{"background-color":"var(--ast-global-color-5)","background-image":"","background-repeat":"repeat","background-position":"center center","background-size":"auto","background-attachment":"scroll","background-type":"","background-media":"","overlay-type":"","overlay-color":"","overlay-opacity":"","overlay-gradient":""},"tablet":{"background-color":"var(--ast-global-color-5)","background-image":"","background-repeat":"repeat","background-position":"center center","background-size":"auto","background-attachment":"scroll","background-type":"","background-media":"","overlay-type":"","overlay-color":"","overlay-opacity":"","overlay-gradient":""},"mobile":{"background-color":"var(--ast-global-color-5)","background-image":"","background-repeat":"repeat","background-position":"center center","background-size":"auto","background-attachment":"scroll","background-type":"","background-media":"","overlay-type":"","overlay-color":"","overlay-opacity":"","overlay-gradient":""}},"footnotes":""},"class_list":["post-549","page","type-page","status-publish","hentry"],"post_mailing_queue_ids":[],"_links":{"self":[{"href":"https:\/\/serveiseducatius.xtec.cat\/cda-noguera\/wp-json\/wp\/v2\/pages\/549","targetHints":{"allow":["GET"]}}],"collection":[{"href":"https:\/\/serveiseducatius.xtec.cat\/cda-noguera\/wp-json\/wp\/v2\/pages"}],"about":[{"href":"https:\/\/serveiseducatius.xtec.cat\/cda-noguera\/wp-json\/wp\/v2\/types\/page"}],"author":[{"embeddable":true,"href":"https:\/\/serveiseducatius.xtec.cat\/cda-noguera\/wp-json\/wp\/v2\/users\/1"}],"replies":[{"embeddable":true,"href":"https:\/\/serveiseducatius.xtec.cat\/cda-noguera\/wp-json\/wp\/v2\/comments?post=549"}],"version-history":[{"count":4,"href":"https:\/\/serveiseducatius.xtec.cat\/cda-noguera\/wp-json\/wp\/v2\/pages\/549\/revisions"}],"predecessor-version":[{"id":10071,"href":"https:\/\/serveiseducatius.xtec.cat\/cda-noguera\/wp-json\/wp\/v2\/pages\/549\/revisions\/10071"}],"up":[{"embeddable":true,"href":"https:\/\/serveiseducatius.xtec.cat\/cda-noguera\/wp-json\/wp\/v2\/pages\/8272"}],"wp:attachment":[{"href":"https:\/\/serveiseducatius.xtec.cat\/cda-noguera\/wp-json\/wp\/v2\/media?parent=549"}],"curies":[{"name":"wp","href":"https:\/\/api.w.org\/{rel}","templated":true}]}}