{"id":54,"date":"2013-11-14T18:56:33","date_gmt":"2013-11-14T17:56:33","guid":{"rendered":"http:\/\/blocs.xtec.cat\/plantillacda\/?page_id=54"},"modified":"2025-04-16T14:18:38","modified_gmt":"2025-04-16T12:18:38","slug":"presentacio","status":"publish","type":"page","link":"https:\/\/serveiseducatius.xtec.cat\/cda-noguera\/el-camp\/presentacio\/","title":{"rendered":"Presentaci\u00f3"},"content":{"rendered":"<div id='gallery-1' class='gallery galleryid-54 gallery-columns-4 gallery-size-full'><figure class='gallery-item'>\n\t\t\t<div class='gallery-icon landscape'>\n\t\t\t\t<a href='https:\/\/serveiseducatius.xtec.cat\/cda-noguera\/ambits\/ambit-arqueologia-i-prehistoria\/attachment\/insjoansola\/'><img loading=\"lazy\" decoding=\"async\" width=\"640\" height=\"480\" src=\"https:\/\/serveiseducatius.xtec.cat\/cda-noguera\/wp-content\/uploads\/usu1379\/2013\/11\/InsJoanSola.jpg\" class=\"attachment-full size-full\" alt=\"\" srcset=\"https:\/\/serveiseducatius.xtec.cat\/cda-noguera\/wp-content\/uploads\/usu1379\/2013\/11\/InsJoanSola.jpg 640w, https:\/\/serveiseducatius.xtec.cat\/cda-noguera\/wp-content\/uploads\/usu1379\/2013\/11\/InsJoanSola-300x225.jpg 300w, https:\/\/serveiseducatius.xtec.cat\/cda-noguera\/wp-content\/uploads\/usu1379\/2013\/11\/InsJoanSola-200x150.jpg 200w\" sizes=\"auto, (max-width: 640px) 100vw, 640px\" \/><\/a>\n\t\t\t<\/div><\/figure><figure class='gallery-item'>\n\t\t\t<div class='gallery-icon landscape'>\n\t\t\t\t<a href='https:\/\/serveiseducatius.xtec.cat\/cda-noguera\/modalitats\/sortides\/attachment\/tenda\/'><img loading=\"lazy\" decoding=\"async\" width=\"300\" height=\"225\" src=\"https:\/\/serveiseducatius.xtec.cat\/cda-noguera\/wp-content\/uploads\/usu1379\/2013\/11\/tenda.jpg\" class=\"attachment-full size-full\" alt=\"\" srcset=\"https:\/\/serveiseducatius.xtec.cat\/cda-noguera\/wp-content\/uploads\/usu1379\/2013\/11\/tenda.jpg 300w, https:\/\/serveiseducatius.xtec.cat\/cda-noguera\/wp-content\/uploads\/usu1379\/2013\/11\/tenda-200x150.jpg 200w\" sizes=\"auto, (max-width: 300px) 100vw, 300px\" \/><\/a>\n\t\t\t<\/div><\/figure><figure class='gallery-item'>\n\t\t\t<div class='gallery-icon landscape'>\n\t\t\t\t<a href='https:\/\/serveiseducatius.xtec.cat\/cda-noguera\/ambits\/ambit-arqueologia-de-la-guerra-civil\/attachment\/merengue2\/'><img loading=\"lazy\" decoding=\"async\" width=\"2048\" height=\"1536\" src=\"https:\/\/serveiseducatius.xtec.cat\/cda-noguera\/wp-content\/uploads\/usu1379\/2019\/05\/Merengue2.jpg\" class=\"attachment-full size-full\" alt=\"\" srcset=\"https:\/\/serveiseducatius.xtec.cat\/cda-noguera\/wp-content\/uploads\/usu1379\/2019\/05\/Merengue2.jpg 2048w, https:\/\/serveiseducatius.xtec.cat\/cda-noguera\/wp-content\/uploads\/usu1379\/2019\/05\/Merengue2-300x225.jpg 300w, https:\/\/serveiseducatius.xtec.cat\/cda-noguera\/wp-content\/uploads\/usu1379\/2019\/05\/Merengue2-768x576.jpg 768w, https:\/\/serveiseducatius.xtec.cat\/cda-noguera\/wp-content\/uploads\/usu1379\/2019\/05\/Merengue2-1024x768.jpg 1024w, https:\/\/serveiseducatius.xtec.cat\/cda-noguera\/wp-content\/uploads\/usu1379\/2019\/05\/Merengue2-200x150.jpg 200w\" sizes=\"auto, (max-width: 2048px) 100vw, 2048px\" \/><\/a>\n\t\t\t<\/div><\/figure><figure class='gallery-item'>\n\t\t\t<div class='gallery-icon landscape'>\n\t\t\t\t<a href='https:\/\/serveiseducatius.xtec.cat\/cda-noguera\/tendes-1-2\/'><img loading=\"lazy\" decoding=\"async\" width=\"1024\" height=\"768\" src=\"https:\/\/serveiseducatius.xtec.cat\/cda-noguera\/wp-content\/uploads\/usu1379\/2018\/09\/Tendes-1-1.jpg\" class=\"attachment-full size-full\" alt=\"\" srcset=\"https:\/\/serveiseducatius.xtec.cat\/cda-noguera\/wp-content\/uploads\/usu1379\/2018\/09\/Tendes-1-1.jpg 1024w, https:\/\/serveiseducatius.xtec.cat\/cda-noguera\/wp-content\/uploads\/usu1379\/2018\/09\/Tendes-1-1-300x225.jpg 300w, https:\/\/serveiseducatius.xtec.cat\/cda-noguera\/wp-content\/uploads\/usu1379\/2018\/09\/Tendes-1-1-768x576.jpg 768w, https:\/\/serveiseducatius.xtec.cat\/cda-noguera\/wp-content\/uploads\/usu1379\/2018\/09\/Tendes-1-1-200x150.jpg 200w\" sizes=\"auto, (max-width: 1024px) 100vw, 1024px\" \/><\/a>\n\t\t\t<\/div><\/figure>\n\t\t<\/div>\n\n<p><strong><span style=\"color: #800000;\">El Camp d&#8217;Aprenentatge de la Noguera<\/span><\/strong><\/p>\n<p>El Camp d&#8217;Aprenentatge de la Noguera \u00e9s un servei educatiu del Departament d&#8217;Educaci\u00f3 de la Generalitat de Catalunya que t\u00e9 la seva seu a Sant Lloren\u00e7 de Montgai i promou activitats educatives innovadores dirigides a l\u2019alumnat d\u2019ensenyament obligatori i postobligatori. Aix\u00ed mateix, participa en la formaci\u00f3 inicial i permanent del professorat i impulsa la investigaci\u00f3 en l\u2019\u00e0mbit de la did\u00e0ctica de la hist\u00f2ria. Ofereix la possibilitat de fer estades de 2 a 5 dies o sortides d&#8217;un dia, a l&#8217;alumnat dels centres docents d&#8217;educaci\u00f3 infantil, prim\u00e0ria i secund\u00e0ria de Catalunya a les instal\u00b7lacions situades a Sant Lloren\u00e7 i a altres espais de la comarca de la Noguera.<\/p>\n<p>Les activitats d\u2019aquest camp s\u00f3n adequades als alumnes dels seg\u00fcents nivells educatius: <span style=\"color: #800000;\"><strong>EI, CI, CM, CS<\/strong> i <strong>ESO<\/strong><\/span>.<\/p>\n<p style=\"text-align: justify;\"><strong><span style=\"font-size: large;\">Us hi esperem!<\/span><\/strong><\/p>\n<p><iframe loading=\"lazy\" src=\"\/\/www.youtube.com\/embed\/Cr1H-EA75So\" width=\"560\" height=\"314\" allowfullscreen=\"allowfullscreen\"><\/iframe><\/p>\n<p>&nbsp;<\/p>\n<p><a href=\"http:\/\/serveiseducatius.xtec.cat\/cda-noguera\/wp-content\/uploads\/usu1379\/2013\/11\/Mapa-Parc_petit.jpg\"><img loading=\"lazy\" decoding=\"async\" class=\"alignnone wp-image-8529\" src=\"http:\/\/serveiseducatius.xtec.cat\/cda-noguera\/wp-content\/uploads\/usu1379\/2013\/11\/Mapa-Parc_petit.jpg\" alt=\"mapa-parc_petit\" width=\"460\" height=\"325\" srcset=\"https:\/\/serveiseducatius.xtec.cat\/cda-noguera\/wp-content\/uploads\/usu1379\/2013\/11\/Mapa-Parc_petit.jpg 576w, https:\/\/serveiseducatius.xtec.cat\/cda-noguera\/wp-content\/uploads\/usu1379\/2013\/11\/Mapa-Parc_petit-300x212.jpg 300w\" sizes=\"auto, (max-width: 460px) 100vw, 460px\" \/><\/a><\/p>\n<hr \/>\n<p><span style=\"color: #808080;\"><span style=\"font-size: small;\"><sup>1<\/sup><\/span><span style=\"font-size: small;\">Els camps d&#8217;aprenentatge s\u00f3n serveis educatius del Departament d&#8217;Ensenyament que ofereixen al professorat i als centres docents la possibilitat de desenvolupar projectes de treball per a l&#8217;estudi i l&#8217;experimentaci\u00f3 en un medi singular de Catalunya; s&#8217;adrecen principalment a alumnes d&#8217;educaci\u00f3 prim\u00e0ria, secund\u00e0ria, cicles formatius i batxillerat. Podeu trobar m\u00e9s informaci\u00f3 a:\u00a0<a href=\"http:\/\/xtec.gencat.cat\/ca\/serveis\/sesc\/cda\/queson\/\" target=\"_blank\" rel=\"noopener noreferrer\">Qu\u00e8 s\u00f3n els CdA?<\/a><\/span><\/span><\/p>\n","protected":false},"excerpt":{"rendered":"<p>El Camp d&#8217;Aprenentatge de la Noguera El Camp d&#8217;Aprenentatge de la Noguera \u00e9s un servei educatiu del Departament d&#8217;Educaci\u00f3 de la Generalitat de Catalunya que t\u00e9 la seva seu a Sant Lloren\u00e7 de Montgai i promou activitats educatives innovadores dirigides a l\u2019alumnat d\u2019ensenyament obligatori i postobligatori. Aix\u00ed mateix, participa en la formaci\u00f3 inicial i permanent [&hellip;]<\/p>\n","protected":false},"author":1,"featured_media":0,"parent":8225,"menu_order":10,"comment_status":"closed","ping_status":"closed","template":"page-templates\/side-menu.php","meta":{"_bbp_topic_count":0,"_bbp_reply_count":0,"_bbp_total_topic_count":0,"_bbp_total_reply_count":0,"_bbp_voice_count":0,"_bbp_anonymous_reply_count":0,"_bbp_topic_count_hidden":0,"_bbp_reply_count_hidden":0,"_bbp_forum_subforum_count":0,"site-sidebar-layout":"default","site-content-layout":"","ast-site-content-layout":"","site-content-style":"default","site-sidebar-style":"default","ast-global-header-display":"","ast-banner-title-visibility":"","ast-main-header-display":"","ast-hfb-above-header-display":"","ast-hfb-below-header-display":"","ast-hfb-mobile-header-display":"","site-post-title":"","ast-breadcrumbs-content":"","ast-featured-img":"","footer-sml-layout":"","theme-transparent-header-meta":"","adv-header-id-meta":"","stick-header-meta":"","header-above-stick-meta":"","header-main-stick-meta":"","header-below-stick-meta":"","astra-migrate-meta-layouts":"default","ast-page-background-enabled":"default","ast-page-background-meta":{"desktop":{"background-color":"var(--ast-global-color-4)","background-image":"","background-repeat":"repeat","background-position":"center center","background-size":"auto","background-attachment":"scroll","background-type":"","background-media":"","overlay-type":"","overlay-color":"","overlay-opacity":"","overlay-gradient":""},"tablet":{"background-color":"","background-image":"","background-repeat":"repeat","background-position":"center center","background-size":"auto","background-attachment":"scroll","background-type":"","background-media":"","overlay-type":"","overlay-color":"","overlay-opacity":"","overlay-gradient":""},"mobile":{"background-color":"","background-image":"","background-repeat":"repeat","background-position":"center center","background-size":"auto","background-attachment":"scroll","background-type":"","background-media":"","overlay-type":"","overlay-color":"","overlay-opacity":"","overlay-gradient":""}},"ast-content-background-meta":{"desktop":{"background-color":"var(--ast-global-color-5)","background-image":"","background-repeat":"repeat","background-position":"center center","background-size":"auto","background-attachment":"scroll","background-type":"","background-media":"","overlay-type":"","overlay-color":"","overlay-opacity":"","overlay-gradient":""},"tablet":{"background-color":"var(--ast-global-color-5)","background-image":"","background-repeat":"repeat","background-position":"center center","background-size":"auto","background-attachment":"scroll","background-type":"","background-media":"","overlay-type":"","overlay-color":"","overlay-opacity":"","overlay-gradient":""},"mobile":{"background-color":"var(--ast-global-color-5)","background-image":"","background-repeat":"repeat","background-position":"center center","background-size":"auto","background-attachment":"scroll","background-type":"","background-media":"","overlay-type":"","overlay-color":"","overlay-opacity":"","overlay-gradient":""}},"footnotes":""},"class_list":["post-54","page","type-page","status-publish","hentry"],"post_mailing_queue_ids":[],"_links":{"self":[{"href":"https:\/\/serveiseducatius.xtec.cat\/cda-noguera\/wp-json\/wp\/v2\/pages\/54","targetHints":{"allow":["GET"]}}],"collection":[{"href":"https:\/\/serveiseducatius.xtec.cat\/cda-noguera\/wp-json\/wp\/v2\/pages"}],"about":[{"href":"https:\/\/serveiseducatius.xtec.cat\/cda-noguera\/wp-json\/wp\/v2\/types\/page"}],"author":[{"embeddable":true,"href":"https:\/\/serveiseducatius.xtec.cat\/cda-noguera\/wp-json\/wp\/v2\/users\/1"}],"replies":[{"embeddable":true,"href":"https:\/\/serveiseducatius.xtec.cat\/cda-noguera\/wp-json\/wp\/v2\/comments?post=54"}],"version-history":[{"count":7,"href":"https:\/\/serveiseducatius.xtec.cat\/cda-noguera\/wp-json\/wp\/v2\/pages\/54\/revisions"}],"predecessor-version":[{"id":10997,"href":"https:\/\/serveiseducatius.xtec.cat\/cda-noguera\/wp-json\/wp\/v2\/pages\/54\/revisions\/10997"}],"up":[{"embeddable":true,"href":"https:\/\/serveiseducatius.xtec.cat\/cda-noguera\/wp-json\/wp\/v2\/pages\/8225"}],"wp:attachment":[{"href":"https:\/\/serveiseducatius.xtec.cat\/cda-noguera\/wp-json\/wp\/v2\/media?parent=54"}],"curies":[{"name":"wp","href":"https:\/\/api.w.org\/{rel}","templated":true}]}}