{"id":443,"date":"2013-11-13T12:53:08","date_gmt":"2013-11-13T12:53:08","guid":{"rendered":"http:\/\/blocs.xtec.cat\/plantillacda\/?page_id=2"},"modified":"2021-07-07T10:04:24","modified_gmt":"2021-07-07T08:04:24","slug":"contacte","status":"publish","type":"page","link":"https:\/\/serveiseducatius.xtec.cat\/cda-noguera\/el-camp\/contacte\/","title":{"rendered":"Contacte"},"content":{"rendered":"<p>Si voleu fer una inscripci\u00f3 per fer activitats al nostre camp, heu d&#8217;anar a la <span style=\"color: #800000;\"><a style=\"color: #800000;\" title=\"inscripci\u00f3\" href=\"http:\/\/xtec.gencat.cat\/ca\/serveis\/sesc\/cda\/inscripcio\/\">secci\u00f3 d&#8217;incripcions<\/a>.<\/span><\/p>\n<p>Si voleu fer una altre tipus de petici\u00f3 o consulta, esteu a la secci\u00f3 adequada. Podeu fer-nos arribar les vostres consultes:<\/p>\n<ul>\n<li><span style=\"line-height: 15px;\">Enviant-nos un correu electr\u00f2nic a\u00a0<span style=\"color: #800000;\"><strong>c5901117@xtec.cat<\/strong><\/span><\/span><\/li>\n<li>Trucant-nos al tel\u00e8fon\u00a0<span style=\"color: #800000;\"><strong><span style=\"font-family: Arial, Helvetica, sans-serif;\">973420410<\/span><\/strong><\/span><strong><span style=\"font-family: Arial, Helvetica, sans-serif;\"><br \/>\n<\/span><\/strong><img loading=\"lazy\" decoding=\"async\" class=\"wp-image-9698 aligncenter\" src=\"https:\/\/serveiseducatius.xtec.cat\/cda-noguera\/wp-content\/uploads\/usu1379\/2019\/05\/LOGO-CDA-300x190.jpg\" alt=\"\" width=\"217\" height=\"138\" srcset=\"https:\/\/serveiseducatius.xtec.cat\/cda-noguera\/wp-content\/uploads\/usu1379\/2019\/05\/LOGO-CDA-300x190.jpg 300w, https:\/\/serveiseducatius.xtec.cat\/cda-noguera\/wp-content\/uploads\/usu1379\/2019\/05\/LOGO-CDA-768x487.jpg 768w, https:\/\/serveiseducatius.xtec.cat\/cda-noguera\/wp-content\/uploads\/usu1379\/2019\/05\/LOGO-CDA-1024x649.jpg 1024w, https:\/\/serveiseducatius.xtec.cat\/cda-noguera\/wp-content\/uploads\/usu1379\/2019\/05\/LOGO-CDA.jpg 1643w\" sizes=\"auto, (max-width: 217px) 100vw, 217px\" \/><\/li>\n<\/ul>\n<p style=\"text-align: center;\">\n","protected":false},"excerpt":{"rendered":"<p>Si voleu fer una inscripci\u00f3 per fer activitats al nostre camp, heu d&#8217;anar a la secci\u00f3 d&#8217;incripcions. Si voleu fer una altre tipus de petici\u00f3 o consulta, esteu a la secci\u00f3 adequada. Podeu fer-nos arribar les vostres consultes: Enviant-nos un correu electr\u00f2nic a\u00a0c5901117@xtec.cat Trucant-nos al tel\u00e8fon\u00a0973420410<\/p>\n","protected":false},"author":1,"featured_media":0,"parent":8225,"menu_order":30,"comment_status":"closed","ping_status":"closed","template":"page-templates\/side-menu.php","meta":{"_bbp_topic_count":0,"_bbp_reply_count":0,"_bbp_total_topic_count":0,"_bbp_total_reply_count":0,"_bbp_voice_count":0,"_bbp_anonymous_reply_count":0,"_bbp_topic_count_hidden":0,"_bbp_reply_count_hidden":0,"_bbp_forum_subforum_count":0,"site-sidebar-layout":"default","site-content-layout":"","ast-site-content-layout":"","site-content-style":"default","site-sidebar-style":"default","ast-global-header-display":"","ast-banner-title-visibility":"","ast-main-header-display":"","ast-hfb-above-header-display":"","ast-hfb-below-header-display":"","ast-hfb-mobile-header-display":"","site-post-title":"","ast-breadcrumbs-content":"","ast-featured-img":"","footer-sml-layout":"","theme-transparent-header-meta":"","adv-header-id-meta":"","stick-header-meta":"","header-above-stick-meta":"","header-main-stick-meta":"","header-below-stick-meta":"","astra-migrate-meta-layouts":"default","ast-page-background-enabled":"default","ast-page-background-meta":{"desktop":{"background-color":"var(--ast-global-color-4)","background-image":"","background-repeat":"repeat","background-position":"center center","background-size":"auto","background-attachment":"scroll","background-type":"","background-media":"","overlay-type":"","overlay-color":"","overlay-opacity":"","overlay-gradient":""},"tablet":{"background-color":"","background-image":"","background-repeat":"repeat","background-position":"center center","background-size":"auto","background-attachment":"scroll","background-type":"","background-media":"","overlay-type":"","overlay-color":"","overlay-opacity":"","overlay-gradient":""},"mobile":{"background-color":"","background-image":"","background-repeat":"repeat","background-position":"center center","background-size":"auto","background-attachment":"scroll","background-type":"","background-media":"","overlay-type":"","overlay-color":"","overlay-opacity":"","overlay-gradient":""}},"ast-content-background-meta":{"desktop":{"background-color":"var(--ast-global-color-5)","background-image":"","background-repeat":"repeat","background-position":"center center","background-size":"auto","background-attachment":"scroll","background-type":"","background-media":"","overlay-type":"","overlay-color":"","overlay-opacity":"","overlay-gradient":""},"tablet":{"background-color":"var(--ast-global-color-5)","background-image":"","background-repeat":"repeat","background-position":"center center","background-size":"auto","background-attachment":"scroll","background-type":"","background-media":"","overlay-type":"","overlay-color":"","overlay-opacity":"","overlay-gradient":""},"mobile":{"background-color":"var(--ast-global-color-5)","background-image":"","background-repeat":"repeat","background-position":"center center","background-size":"auto","background-attachment":"scroll","background-type":"","background-media":"","overlay-type":"","overlay-color":"","overlay-opacity":"","overlay-gradient":""}},"footnotes":""},"class_list":["post-443","page","type-page","status-publish","hentry"],"post_mailing_queue_ids":[],"_links":{"self":[{"href":"https:\/\/serveiseducatius.xtec.cat\/cda-noguera\/wp-json\/wp\/v2\/pages\/443","targetHints":{"allow":["GET"]}}],"collection":[{"href":"https:\/\/serveiseducatius.xtec.cat\/cda-noguera\/wp-json\/wp\/v2\/pages"}],"about":[{"href":"https:\/\/serveiseducatius.xtec.cat\/cda-noguera\/wp-json\/wp\/v2\/types\/page"}],"author":[{"embeddable":true,"href":"https:\/\/serveiseducatius.xtec.cat\/cda-noguera\/wp-json\/wp\/v2\/users\/1"}],"replies":[{"embeddable":true,"href":"https:\/\/serveiseducatius.xtec.cat\/cda-noguera\/wp-json\/wp\/v2\/comments?post=443"}],"version-history":[{"count":3,"href":"https:\/\/serveiseducatius.xtec.cat\/cda-noguera\/wp-json\/wp\/v2\/pages\/443\/revisions"}],"predecessor-version":[{"id":10168,"href":"https:\/\/serveiseducatius.xtec.cat\/cda-noguera\/wp-json\/wp\/v2\/pages\/443\/revisions\/10168"}],"up":[{"embeddable":true,"href":"https:\/\/serveiseducatius.xtec.cat\/cda-noguera\/wp-json\/wp\/v2\/pages\/8225"}],"wp:attachment":[{"href":"https:\/\/serveiseducatius.xtec.cat\/cda-noguera\/wp-json\/wp\/v2\/media?parent=443"}],"curies":[{"name":"wp","href":"https:\/\/api.w.org\/{rel}","templated":true}]}}