{"id":253,"date":"2013-11-18T21:43:11","date_gmt":"2013-11-18T20:43:11","guid":{"rendered":"http:\/\/blocs.xtec.cat\/cdaaltbergueda\/?page_id=253"},"modified":"2022-03-09T15:55:29","modified_gmt":"2022-03-09T14:55:29","slug":"fotos-videos","status":"publish","type":"page","link":"https:\/\/serveiseducatius.xtec.cat\/cda-noguera\/amb-els-centres\/fotos-videos\/","title":{"rendered":"Moment 3. Avaluaci\u00f3 de l&#8217;impacte"},"content":{"rendered":"<p><em>S\u2019han acomplert els objectius d\u2019aprenentatge inicials?<\/em><\/p>\n<p>Es podr\u00e0 con\u00e8ixer la contribuci\u00f3 de l\u2019estada a la millora de resultats de l\u2019alumne en el moment que es realitzi l\u2019avaluaci\u00f3 de l\u2019assoliment dels objectius d\u2019aprenentatge competencials en el centre. Aquesta avaluaci\u00f3 posterior al temps de l\u2019estada requereix una nova coordinaci\u00f3 amb el centre per contrastar els resultats de l\u2019alumne i evidenciar el valor afegit de l\u2019activitat col\u00b7laborativa amb el CdA.<\/p>\n<p><strong>Exemples de Moment 3<\/strong><\/p>\n<p><a href=\"https:\/\/drive.google.com\/file\/d\/1Go3jr1ueiCbq7Z3b_QyoY1nwzzUfZuqh\/view?usp=sharing\">Moment 3 Escola Valldeflors<\/a><\/p>\n<p><a href=\"https:\/\/drive.google.com\/file\/d\/1vdILJMhpSrQU5qBY1sq5PtUku3WQFy4u\/view?usp=sharing\" target=\"_blank\" rel=\"noopener noreferrer\">Moment 3 Escola \u00c0ngel Seraf\u00ed<\/a><\/p>\n<p><a href=\"https:\/\/drive.google.com\/file\/d\/18xR_O1Q6yG2PkVPFZ2y5dIF4321PAH85\/view?usp=sharing\" target=\"_blank\" rel=\"noopener\">Moment 3 (2a Part \u00c0ngel Seraf\u00ed)<\/a><\/p>\n<p><a href=\"https:\/\/drive.google.com\/drive\/folders\/1tZXM7jb-62b648Ako34G1wL7UpaguFdB?usp=sharing\" target=\"_blank\" rel=\"noopener\">Moment 3 Escola Isona<\/a><\/p>\n<p><a href=\"https:\/\/drive.google.com\/drive\/folders\/1gQ8KVMZsqTSeH3ci_XC3H9SHU-ntQV1m?usp=sharing\" target=\"_blank\" rel=\"noopener\">Moment 3 Institut Guind\u00e0vols<\/a><\/p>\n<p><a href=\"https:\/\/drive.google.com\/file\/d\/1GRLB1kq7k41kqyDP44PJm99MKPg_8sJu\/view?usp=sharing\" target=\"_blank\" rel=\"noopener\">Moment 3 Escola Pau Vila<\/a><\/p>\n<p><a href=\"https:\/\/drive.google.com\/drive\/folders\/13-z7WUb8GemoPpNsv0I-eukvMrUs1HhE?usp=sharing\" target=\"_blank\" rel=\"noopener\">Moment 3 Zer Segri\u00e0<\/a><\/p>\n<p>&nbsp;<\/p>\n","protected":false},"excerpt":{"rendered":"<p>S\u2019han acomplert els objectius d\u2019aprenentatge inicials? Es podr\u00e0 con\u00e8ixer la contribuci\u00f3 de l\u2019estada a la millora de resultats de l\u2019alumne en el moment que es realitzi l\u2019avaluaci\u00f3 de l\u2019assoliment dels objectius d\u2019aprenentatge competencials en el centre. Aquesta avaluaci\u00f3 posterior al temps de l\u2019estada requereix una nova coordinaci\u00f3 amb el centre per contrastar els resultats de [&hellip;]<\/p>\n","protected":false},"author":1,"featured_media":0,"parent":8272,"menu_order":20,"comment_status":"closed","ping_status":"closed","template":"page-templates\/side-menu.php","meta":{"_bbp_topic_count":0,"_bbp_reply_count":0,"_bbp_total_topic_count":0,"_bbp_total_reply_count":0,"_bbp_voice_count":0,"_bbp_anonymous_reply_count":0,"_bbp_topic_count_hidden":0,"_bbp_reply_count_hidden":0,"_bbp_forum_subforum_count":0,"site-sidebar-layout":"default","site-content-layout":"","ast-site-content-layout":"","site-content-style":"default","site-sidebar-style":"default","ast-global-header-display":"","ast-banner-title-visibility":"","ast-main-header-display":"","ast-hfb-above-header-display":"","ast-hfb-below-header-display":"","ast-hfb-mobile-header-display":"","site-post-title":"","ast-breadcrumbs-content":"","ast-featured-img":"","footer-sml-layout":"","theme-transparent-header-meta":"","adv-header-id-meta":"","stick-header-meta":"","header-above-stick-meta":"","header-main-stick-meta":"","header-below-stick-meta":"","astra-migrate-meta-layouts":"default","ast-page-background-enabled":"default","ast-page-background-meta":{"desktop":{"background-color":"var(--ast-global-color-4)","background-image":"","background-repeat":"repeat","background-position":"center center","background-size":"auto","background-attachment":"scroll","background-type":"","background-media":"","overlay-type":"","overlay-color":"","overlay-opacity":"","overlay-gradient":""},"tablet":{"background-color":"","background-image":"","background-repeat":"repeat","background-position":"center center","background-size":"auto","background-attachment":"scroll","background-type":"","background-media":"","overlay-type":"","overlay-color":"","overlay-opacity":"","overlay-gradient":""},"mobile":{"background-color":"","background-image":"","background-repeat":"repeat","background-position":"center center","background-size":"auto","background-attachment":"scroll","background-type":"","background-media":"","overlay-type":"","overlay-color":"","overlay-opacity":"","overlay-gradient":""}},"ast-content-background-meta":{"desktop":{"background-color":"var(--ast-global-color-5)","background-image":"","background-repeat":"repeat","background-position":"center center","background-size":"auto","background-attachment":"scroll","background-type":"","background-media":"","overlay-type":"","overlay-color":"","overlay-opacity":"","overlay-gradient":""},"tablet":{"background-color":"var(--ast-global-color-5)","background-image":"","background-repeat":"repeat","background-position":"center center","background-size":"auto","background-attachment":"scroll","background-type":"","background-media":"","overlay-type":"","overlay-color":"","overlay-opacity":"","overlay-gradient":""},"mobile":{"background-color":"var(--ast-global-color-5)","background-image":"","background-repeat":"repeat","background-position":"center center","background-size":"auto","background-attachment":"scroll","background-type":"","background-media":"","overlay-type":"","overlay-color":"","overlay-opacity":"","overlay-gradient":""}},"footnotes":""},"class_list":["post-253","page","type-page","status-publish","hentry"],"post_mailing_queue_ids":[],"_links":{"self":[{"href":"https:\/\/serveiseducatius.xtec.cat\/cda-noguera\/wp-json\/wp\/v2\/pages\/253","targetHints":{"allow":["GET"]}}],"collection":[{"href":"https:\/\/serveiseducatius.xtec.cat\/cda-noguera\/wp-json\/wp\/v2\/pages"}],"about":[{"href":"https:\/\/serveiseducatius.xtec.cat\/cda-noguera\/wp-json\/wp\/v2\/types\/page"}],"author":[{"embeddable":true,"href":"https:\/\/serveiseducatius.xtec.cat\/cda-noguera\/wp-json\/wp\/v2\/users\/1"}],"replies":[{"embeddable":true,"href":"https:\/\/serveiseducatius.xtec.cat\/cda-noguera\/wp-json\/wp\/v2\/comments?post=253"}],"version-history":[{"count":3,"href":"https:\/\/serveiseducatius.xtec.cat\/cda-noguera\/wp-json\/wp\/v2\/pages\/253\/revisions"}],"predecessor-version":[{"id":10333,"href":"https:\/\/serveiseducatius.xtec.cat\/cda-noguera\/wp-json\/wp\/v2\/pages\/253\/revisions\/10333"}],"up":[{"embeddable":true,"href":"https:\/\/serveiseducatius.xtec.cat\/cda-noguera\/wp-json\/wp\/v2\/pages\/8272"}],"wp:attachment":[{"href":"https:\/\/serveiseducatius.xtec.cat\/cda-noguera\/wp-json\/wp\/v2\/media?parent=253"}],"curies":[{"name":"wp","href":"https:\/\/api.w.org\/{rel}","templated":true}]}}