{"id":165,"date":"2013-11-15T13:32:09","date_gmt":"2013-11-15T12:32:09","guid":{"rendered":"http:\/\/blocs.xtec.cat\/plantillacda\/?page_id=165"},"modified":"2025-09-17T18:41:55","modified_gmt":"2025-09-17T16:41:55","slug":"ambit-paisatge","status":"publish","type":"page","link":"https:\/\/serveiseducatius.xtec.cat\/cda-noguera\/ambits\/ambit-paisatge\/","title":{"rendered":"\u00c0mbit Paisatge"},"content":{"rendered":"<p>&nbsp;<\/p>\n<p><img loading=\"lazy\" decoding=\"async\" class=\"alignnone wp-image-9477\" src=\"https:\/\/serveiseducatius.xtec.cat\/cda-noguera\/wp-content\/uploads\/usu1379\/2019\/05\/embassament-300x225.jpg\" alt=\"\" width=\"295\" height=\"221\" srcset=\"https:\/\/serveiseducatius.xtec.cat\/cda-noguera\/wp-content\/uploads\/usu1379\/2019\/05\/embassament-300x225.jpg 300w, https:\/\/serveiseducatius.xtec.cat\/cda-noguera\/wp-content\/uploads\/usu1379\/2019\/05\/embassament-768x576.jpg 768w, https:\/\/serveiseducatius.xtec.cat\/cda-noguera\/wp-content\/uploads\/usu1379\/2019\/05\/embassament-1024x768.jpg 1024w, https:\/\/serveiseducatius.xtec.cat\/cda-noguera\/wp-content\/uploads\/usu1379\/2019\/05\/embassament-200x150.jpg 200w, https:\/\/serveiseducatius.xtec.cat\/cda-noguera\/wp-content\/uploads\/usu1379\/2019\/05\/embassament.jpg 2016w\" sizes=\"auto, (max-width: 295px) 100vw, 295px\" \/><img loading=\"lazy\" decoding=\"async\" class=\"alignnone wp-image-8463\" src=\"https:\/\/serveiseducatius.xtec.cat\/cda-noguera\/wp-content\/uploads\/usu1379\/2013\/11\/IMG_2136-300x225.jpg\" alt=\"\" width=\"296\" height=\"222\" srcset=\"https:\/\/serveiseducatius.xtec.cat\/cda-noguera\/wp-content\/uploads\/usu1379\/2013\/11\/IMG_2136-300x225.jpg 300w, https:\/\/serveiseducatius.xtec.cat\/cda-noguera\/wp-content\/uploads\/usu1379\/2013\/11\/IMG_2136-768x576.jpg 768w, https:\/\/serveiseducatius.xtec.cat\/cda-noguera\/wp-content\/uploads\/usu1379\/2013\/11\/IMG_2136-1024x768.jpg 1024w, https:\/\/serveiseducatius.xtec.cat\/cda-noguera\/wp-content\/uploads\/usu1379\/2013\/11\/IMG_2136-200x150.jpg 200w, https:\/\/serveiseducatius.xtec.cat\/cda-noguera\/wp-content\/uploads\/usu1379\/2013\/11\/IMG_2136.jpg 1600w\" sizes=\"auto, (max-width: 296px) 100vw, 296px\" \/><img loading=\"lazy\" decoding=\"async\" class=\"alignnone wp-image-8490\" src=\"https:\/\/serveiseducatius.xtec.cat\/cda-noguera\/wp-content\/uploads\/usu1379\/2013\/11\/20140613_100745-300x225.jpg\" alt=\"\" width=\"293\" height=\"220\" srcset=\"https:\/\/serveiseducatius.xtec.cat\/cda-noguera\/wp-content\/uploads\/usu1379\/2013\/11\/20140613_100745-300x225.jpg 300w, https:\/\/serveiseducatius.xtec.cat\/cda-noguera\/wp-content\/uploads\/usu1379\/2013\/11\/20140613_100745-768x576.jpg 768w, https:\/\/serveiseducatius.xtec.cat\/cda-noguera\/wp-content\/uploads\/usu1379\/2013\/11\/20140613_100745-1024x768.jpg 1024w, https:\/\/serveiseducatius.xtec.cat\/cda-noguera\/wp-content\/uploads\/usu1379\/2013\/11\/20140613_100745-200x150.jpg 200w\" sizes=\"auto, (max-width: 293px) 100vw, 293px\" \/><\/p>\n<p><strong><span style=\"color: #ff0000;\">Activitats relacionades<\/span><\/strong><\/p>\n<p><span style=\"color: #000000;\"><span style=\"color: #000000;\"><strong><span style=\"color: #8d3db8;\">Sensacions de la Natura<\/span>:<\/strong>\u00a0<\/span><\/span>Aquesta activitat did\u00e0ctica est\u00e0 dissenyada per a alumnat d\u2019EI.\u00a0 Es fa un recorregut que porta a la riba de l\u2019embassament. En diferents aturades al llarg del cam\u00ed es treballa l\u2019entorn natural de l\u2019embassament; quins animals\u00a0 hi ha i quin paisatge veiem.<\/p>\n<p><span style=\"font-family: inherit; font-size: 1em;\"><strong><span style=\"color: #8d3db8;\">Embassament<\/span><\/strong>:\u00a0Aquesta activitat did\u00e0ctica est\u00e0 dissenyada per a alumnat des de\u00a0 CI d\u2019EP fims a l&#8217;ESO, Es fa un recorregut<\/span><span style=\"font-family: inherit; font-size: 1em;\">\u00a0que porta fins a la central hidroel\u00e8ctrica. En diferents aturades al llarg del cam\u00ed es treballa l\u2019entorn natural de l\u2019embassament (especialment les aus aqu\u00e0tiques), els usos de l\u2019aigua, com comportar-se en un espai natural protegit i, finalment, com funciona una central hidroel\u00e8ctrica.<\/span><\/p>\n<p><span style=\"color: #8d3db8;\"><strong>Paisatge des del Castell<\/strong>:<\/span>Aquesta activitat d\u2019an\u00e0lisi i interpretaci\u00f3 del paisatge des del castell de Lloren\u00e7, est\u00e0 pensada per a alumnat de CS d\u2019EP i ESO. Comporta la realitzaci\u00f3 d\u2019un itinerari des del poble fins al castell d\u2019aproximadament 1 h de pujada i uns 45 \u2018 de baixada (en el cas d\u2019alumnat d\u2019ESO la pujada es fa pel corriol que surt del Parc Arqueol\u00f2gic, mentre que amb l\u2019alumnat d\u2019EP es fa pel cam\u00ed constru\u00eft per pujar amb cotxe).<\/p>\n<p><span style=\"color: #8d3db8;\"><strong>Paisatge sensorial:\u00a0<\/strong><span style=\"color: #000000;\">Activitat vinculada a la visita del jaciment arqueol\u00f2gic de la Roca dels Bous. An\u00e0lisi i interpretaci\u00f3 del paisatge amb els sentits. Finalitza l&#8217;activitat amb la realitzaci\u00f3 d&#8217;un croquis com eina de sintetitzar el paisatge.<\/span><\/span><\/p>\n<p>&nbsp;<\/p>\n<p>&nbsp;<\/p>\n","protected":false},"excerpt":{"rendered":"<p>&nbsp; Activitats relacionades Sensacions de la Natura:\u00a0Aquesta activitat did\u00e0ctica est\u00e0 dissenyada per a alumnat d\u2019EI.\u00a0 Es fa un recorregut que porta a la riba de l\u2019embassament. En diferents aturades al llarg del cam\u00ed es treballa l\u2019entorn natural de l\u2019embassament; quins animals\u00a0 hi ha i quin paisatge veiem. Embassament:\u00a0Aquesta activitat did\u00e0ctica est\u00e0 dissenyada per a alumnat [&hellip;]<\/p>\n","protected":false},"author":1,"featured_media":0,"parent":8235,"menu_order":40,"comment_status":"open","ping_status":"open","template":"","meta":{"_bbp_topic_count":0,"_bbp_reply_count":0,"_bbp_total_topic_count":0,"_bbp_total_reply_count":0,"_bbp_voice_count":0,"_bbp_anonymous_reply_count":0,"_bbp_topic_count_hidden":0,"_bbp_reply_count_hidden":0,"_bbp_forum_subforum_count":0,"site-sidebar-layout":"default","site-content-layout":"","ast-site-content-layout":"default","site-content-style":"default","site-sidebar-style":"default","ast-global-header-display":"","ast-banner-title-visibility":"","ast-main-header-display":"","ast-hfb-above-header-display":"","ast-hfb-below-header-display":"","ast-hfb-mobile-header-display":"","site-post-title":"","ast-breadcrumbs-content":"","ast-featured-img":"","footer-sml-layout":"","theme-transparent-header-meta":"default","adv-header-id-meta":"","stick-header-meta":"","header-above-stick-meta":"","header-main-stick-meta":"","header-below-stick-meta":"","astra-migrate-meta-layouts":"set","ast-page-background-enabled":"default","ast-page-background-meta":{"desktop":{"background-color":"var(--ast-global-color-4)","background-image":"","background-repeat":"repeat","background-position":"center center","background-size":"auto","background-attachment":"scroll","background-type":"","background-media":"","overlay-type":"","overlay-color":"","overlay-opacity":"","overlay-gradient":""},"tablet":{"background-color":"","background-image":"","background-repeat":"repeat","background-position":"center center","background-size":"auto","background-attachment":"scroll","background-type":"","background-media":"","overlay-type":"","overlay-color":"","overlay-opacity":"","overlay-gradient":""},"mobile":{"background-color":"","background-image":"","background-repeat":"repeat","background-position":"center center","background-size":"auto","background-attachment":"scroll","background-type":"","background-media":"","overlay-type":"","overlay-color":"","overlay-opacity":"","overlay-gradient":""}},"ast-content-background-meta":{"desktop":{"background-color":"var(--ast-global-color-5)","background-image":"","background-repeat":"repeat","background-position":"center center","background-size":"auto","background-attachment":"scroll","background-type":"","background-media":"","overlay-type":"","overlay-color":"","overlay-opacity":"","overlay-gradient":""},"tablet":{"background-color":"var(--ast-global-color-5)","background-image":"","background-repeat":"repeat","background-position":"center center","background-size":"auto","background-attachment":"scroll","background-type":"","background-media":"","overlay-type":"","overlay-color":"","overlay-opacity":"","overlay-gradient":""},"mobile":{"background-color":"var(--ast-global-color-5)","background-image":"","background-repeat":"repeat","background-position":"center center","background-size":"auto","background-attachment":"scroll","background-type":"","background-media":"","overlay-type":"","overlay-color":"","overlay-opacity":"","overlay-gradient":""}},"footnotes":""},"class_list":["post-165","page","type-page","status-publish","hentry"],"post_mailing_queue_ids":[],"_links":{"self":[{"href":"https:\/\/serveiseducatius.xtec.cat\/cda-noguera\/wp-json\/wp\/v2\/pages\/165","targetHints":{"allow":["GET"]}}],"collection":[{"href":"https:\/\/serveiseducatius.xtec.cat\/cda-noguera\/wp-json\/wp\/v2\/pages"}],"about":[{"href":"https:\/\/serveiseducatius.xtec.cat\/cda-noguera\/wp-json\/wp\/v2\/types\/page"}],"author":[{"embeddable":true,"href":"https:\/\/serveiseducatius.xtec.cat\/cda-noguera\/wp-json\/wp\/v2\/users\/1"}],"replies":[{"embeddable":true,"href":"https:\/\/serveiseducatius.xtec.cat\/cda-noguera\/wp-json\/wp\/v2\/comments?post=165"}],"version-history":[{"count":4,"href":"https:\/\/serveiseducatius.xtec.cat\/cda-noguera\/wp-json\/wp\/v2\/pages\/165\/revisions"}],"predecessor-version":[{"id":10106,"href":"https:\/\/serveiseducatius.xtec.cat\/cda-noguera\/wp-json\/wp\/v2\/pages\/165\/revisions\/10106"}],"up":[{"embeddable":true,"href":"https:\/\/serveiseducatius.xtec.cat\/cda-noguera\/wp-json\/wp\/v2\/pages\/8235"}],"wp:attachment":[{"href":"https:\/\/serveiseducatius.xtec.cat\/cda-noguera\/wp-json\/wp\/v2\/media?parent=165"}],"curies":[{"name":"wp","href":"https:\/\/api.w.org\/{rel}","templated":true}]}}