{"id":160,"date":"2013-11-15T13:23:03","date_gmt":"2013-11-15T12:23:03","guid":{"rendered":"http:\/\/blocs.xtec.cat\/plantillacda\/?page_id=160"},"modified":"2024-01-20T20:27:00","modified_gmt":"2024-01-20T19:27:00","slug":"projectes","status":"publish","type":"page","link":"https:\/\/serveiseducatius.xtec.cat\/cda-noguera\/modalitats\/projectes\/","title":{"rendered":"Projectes compartits i aliances"},"content":{"rendered":"<h2><strong><span style=\"color: #000000;\">PROJECTES<\/span><\/strong><\/h2>\n<p>Els <strong>projectes<\/strong> poden tenir una durada variable . Els docents del CdA, en estreta col\u00b7laboraci\u00f3 amb diferents institucions i els mestres i professors\u00a0 dels centres educatius que hi participen, plantegen idees\u00a0 per a portar a terme el projecte en q\u00fcesti\u00f3.<\/p>\n<h3 style=\"text-align: left;\"><span style=\"color: #800000;\"><b>La guerra civil a secund\u00e0ria<\/b><\/span><\/h3>\n<p style=\"text-align: left;\"><span style=\"font-weight: 400;\">Projecte\u00a0 que t\u00e9 com a objectiu l&#8217;\u00fas de fonts diverses per acostar-se a aquests<\/span> <span style=\"font-weight: 400;\">fets hist\u00f2rics. \u00c9s una activitat que es porta a terme en els instituts. Cal, doncs, un espai de terra en el pati per poder desenvolupar-hi l\u2019excavaci\u00f3 arqueol\u00f2gica. Consta de tres laboratoris diferents per on passa l&#8217;alumnat.<\/span><\/p>\n<p style=\"text-align: left;\"><a href=\"https:\/\/drive.google.com\/file\/d\/16fV1Z1U1O_Wt0FJ3emzwjiHr9gfmovAr\/view?usp=share_link\" target=\"_blank\" rel=\"noopener\">Enlla\u00e7 de l&#8217;activitat als centres<\/a><\/p>\n<p style=\"text-align: center;\">\u00a0 \u00a0 \u00a0 \u00a0 <img loading=\"lazy\" decoding=\"async\" class=\"size-medium wp-image-9872 alignnone\" src=\"https:\/\/serveiseducatius.xtec.cat\/cda-noguera\/wp-content\/uploads\/usu1379\/2021\/01\/Foto-4-300x169.jpg\" alt=\"\" width=\"300\" height=\"169\" srcset=\"https:\/\/serveiseducatius.xtec.cat\/cda-noguera\/wp-content\/uploads\/usu1379\/2021\/01\/Foto-4-300x169.jpg 300w, https:\/\/serveiseducatius.xtec.cat\/cda-noguera\/wp-content\/uploads\/usu1379\/2021\/01\/Foto-4-768x432.jpg 768w, https:\/\/serveiseducatius.xtec.cat\/cda-noguera\/wp-content\/uploads\/usu1379\/2021\/01\/Foto-4-1024x576.jpg 1024w\" sizes=\"auto, (max-width: 300px) 100vw, 300px\" \/><\/p>\n<div class=\"wrapper\">\n<div class=\"rsidebar\">\n<div class=\"defaultblock\">\n<h5><\/h5>\n<h3><\/h3>\n<h3><span style=\"color: #800000;\"><b>L&#8217;arqueologia als centres<\/b><\/span><\/h3>\n<p style=\"text-align: left;\"><span style=\"font-weight: 400;\">Projecte que t\u00e9 com a objectiu l&#8217;\u00fas de fonts materials per promoure l&#8217;apropament a la prehist\u00f2ria a prim\u00e0ria i secund\u00e0ria. \u00c9s una activitat que es porta a terme en els instituts. Cal, doncs, un espai de terra en el pati per poder desenvolupar-hi l\u2019excavaci\u00f3 arqueol\u00f2gica.<\/span><\/p>\n<p style=\"text-align: center;\">\u00a0 \u00a0 \u00a0 <img loading=\"lazy\" decoding=\"async\" class=\"size-medium wp-image-9417 alignnone\" src=\"https:\/\/serveiseducatius.xtec.cat\/cda-noguera\/wp-content\/uploads\/usu1379\/2019\/03\/52546696_2008243442627908_8163690329464111104_o-300x225.jpg\" alt=\"\" width=\"300\" height=\"225\" srcset=\"https:\/\/serveiseducatius.xtec.cat\/cda-noguera\/wp-content\/uploads\/usu1379\/2019\/03\/52546696_2008243442627908_8163690329464111104_o-300x225.jpg 300w, https:\/\/serveiseducatius.xtec.cat\/cda-noguera\/wp-content\/uploads\/usu1379\/2019\/03\/52546696_2008243442627908_8163690329464111104_o-768x576.jpg 768w, https:\/\/serveiseducatius.xtec.cat\/cda-noguera\/wp-content\/uploads\/usu1379\/2019\/03\/52546696_2008243442627908_8163690329464111104_o-1024x768.jpg 1024w, https:\/\/serveiseducatius.xtec.cat\/cda-noguera\/wp-content\/uploads\/usu1379\/2019\/03\/52546696_2008243442627908_8163690329464111104_o-200x150.jpg 200w, https:\/\/serveiseducatius.xtec.cat\/cda-noguera\/wp-content\/uploads\/usu1379\/2019\/03\/52546696_2008243442627908_8163690329464111104_o.jpg 2000w\" sizes=\"auto, (max-width: 300px) 100vw, 300px\" \/><\/p>\n<h5><\/h5>\n<h3><span style=\"color: #800000;\"><strong>Adopci\u00f3 del Patrimoni<\/strong><\/span><\/h3>\n<p><img loading=\"lazy\" decoding=\"async\" class=\"wp-image-10626 aligncenter\" src=\"https:\/\/serveiseducatius.xtec.cat\/cda-noguera\/wp-content\/uploads\/usu1379\/2024\/01\/logo-ANP.jpg\" alt=\"\" width=\"274\" height=\"205\" srcset=\"https:\/\/serveiseducatius.xtec.cat\/cda-noguera\/wp-content\/uploads\/usu1379\/2024\/01\/logo-ANP.jpg 640w, https:\/\/serveiseducatius.xtec.cat\/cda-noguera\/wp-content\/uploads\/usu1379\/2024\/01\/logo-ANP-300x225.jpg 300w, https:\/\/serveiseducatius.xtec.cat\/cda-noguera\/wp-content\/uploads\/usu1379\/2024\/01\/logo-ANP-200x150.jpg 200w\" sizes=\"auto, (max-width: 274px) 100vw, 274px\" \/><\/p>\n<h4 dir=\"ltr\">Hist\u00f2ria del Projecte<\/h4>\n<p dir=\"ltr\">L\u2019any 1992, neixia a N\u00e0pols (It\u00e0lia) el projecte LA SCUOLA ADOTTA UN MONUMENTO (l\u2019Escola Adopta un Monument) sota la iniciativa de la Fondazione Napoli Novantanove, en el marc del qual noies i nois de totes les edats van treballar sobre un monument local. L\u00b4any 1994, un programa cultural de la Uni\u00f3 Europea va impulsar aquest projecte a diferents pa\u00efsos europeus. Des del 1997, una vegada finalitzat el projecte europeu, el servei d\u2019educaci\u00f3 de English Heritage, la instituci\u00f3 encarregada de vetllar pel patrimoni arqueol\u00f2gic, hist\u00f2ric i cultural a Anglaterra, va continuar amb el programa, avui encara vigent i en expansi\u00f3 a aquell pa\u00eds.<\/p>\n<p dir=\"ltr\">Prenent com a inspiraci\u00f3 aquestes experi\u00e8ncies pr\u00e8vies, el Camp d\u2019Aprenentatge de la Noguera va impulsar, des del curs 2006-07, aquest projecte a Catalunya adaptant-lo a les caracter\u00edstiques de la realitat cultural i educativa catalana. En aquesta primera fase, la proposta \u2013 que pass\u00e0 a anomenar-se L\u2019ESCOLA ADOPTA UN MONUMENT- va portar-se a terme en col\u00b7laboraci\u00f3 amb el Centre d\u2019Estudis del Patrimoni Arqueol\u00f2gic de la Universitat Aut\u00f2noma de Barcelona, sota el paraig\u00fces del grup Arqueologia i Ensenyament, format per docents d\u2019educaci\u00f3 prim\u00e0ria, educaci\u00f3 secund\u00e0ria i arque\u00f2legs. Aviat van incorporar-se els anomenats centres territorials, que des de diferents zones de Catalunya coordinaven els centres que volien participar en el Projecte. Exemple d\u2019aquests centres territorials eren la Facultat d\u2019Educaci\u00f3 de la Universitat de Vic el Camp d\u2019Aprenentatge de l\u2019Alt Bergued\u00e0 o el Departament educatiu del Museu Dioces\u00e0 d\u2019Urgell (La Seu d\u2019Urgell). Aviat va considerar-se necessari el canvi de nom del projecte que va passar a anomenar-se PROJECTE EDUCATIU D\u2019ADOPCI\u00d3 DE MONUMENTS.<\/p>\n<p dir=\"ltr\">El curs 2013-2014, el Departament d\u2019Ensenyament va incorporar la proposta nascuda al CdA de la Noguera, als Programes d\u2019Innovaci\u00f3 del Departament sota el nom d\u2019 APADRINEM EL NOSTRE PATRIMONI. La coordinaci\u00f3 del projecte passava, doncs, a mans dels Serveis Centrals del Departament d\u2019Educaci\u00f3 de Barcelona. Van nomenar-se diversos responsables territorials, que coordinaven la gesti\u00f3 que desenvolupaven els Centres de Recursos Pedag\u00f2gics, com a elements de suport als centres a l\u2019hora de sol\u00b7licitar i desenvolupar el projecte a cada escola o institut.<\/p>\n<p style=\"text-align: left;\">\u00c9s a partir del curs escolar 2023-2024 que la coordinaci\u00f3 del projecte retorna al Camp d&#8217;Aprenentatge de la Noguera, amb el nom d\u2019 <strong>ADOPTEM EL NOSTRE PATRIMONI<\/strong> i amb una web nova:\u00a0<strong><a href=\"https:\/\/sites.google.com\/xtec.cat\/projecteadopciopatrimoni\/inici\"> Adoptem el nostre Patrimoni<\/a><\/strong><\/p>\n<h2><span style=\"font-weight: 400; color: #000000;\"><strong>ALIANCES<\/strong><\/span><\/h2>\n<h3 style=\"text-align: left;\"><span style=\"color: #800000;\"><b>Museu de la Noguera<\/b><\/span><\/h3>\n<p style=\"text-align: center;\">\u00a0 \u00a0 \u00a0 <img loading=\"lazy\" decoding=\"async\" class=\"size-full wp-image-10148 alignleft\" src=\"https:\/\/serveiseducatius.xtec.cat\/cda-noguera\/wp-content\/uploads\/usu1379\/2021\/07\/13087462_997872203635404_6732698401187607761_n.jpg\" alt=\"\" width=\"200\" height=\"200\" srcset=\"https:\/\/serveiseducatius.xtec.cat\/cda-noguera\/wp-content\/uploads\/usu1379\/2021\/07\/13087462_997872203635404_6732698401187607761_n.jpg 200w, https:\/\/serveiseducatius.xtec.cat\/cda-noguera\/wp-content\/uploads\/usu1379\/2021\/07\/13087462_997872203635404_6732698401187607761_n-150x150.jpg 150w\" sizes=\"auto, (max-width: 200px) 100vw, 200px\" \/><\/p>\n<p>&nbsp;<\/p>\n<p>&nbsp;<\/p>\n<p>&nbsp;<\/p>\n<p>&nbsp;<\/p>\n<p style=\"text-align: left;\"><span style=\"font-weight: 400;\">Participaci\u00f3 en l\u2019elaboraci\u00f3 i posada en pr\u00e0ctica de propostes did\u00e0ctiques dins del propi museu.<\/span><\/p>\n<p>&nbsp;<\/p>\n<h3 style=\"text-align: left;\"><span style=\"color: #800000;\"><b>Museu de Lleida<\/b><\/span><\/h3>\n<p style=\"text-align: center;\">\u00a0 <img loading=\"lazy\" decoding=\"async\" class=\"size-full wp-image-10149 alignleft\" src=\"https:\/\/serveiseducatius.xtec.cat\/cda-noguera\/wp-content\/uploads\/usu1379\/2021\/07\/Logotip_Museu_de_Lleida_Dioces\u00e0_i_Comarcal.png\" alt=\"\" width=\"189\" height=\"245\" \/><\/p>\n<p>&nbsp;<\/p>\n<p>&nbsp;<\/p>\n<p>&nbsp;<\/p>\n<p>&nbsp;<\/p>\n<p>&nbsp;<\/p>\n<p style=\"text-align: left;\"><span style=\"font-weight: 400;\">Participaci\u00f3 en disseny i elaboraci\u00f3 de materials i propostes did\u00e0ctiques dins del propi museu.<\/span><\/p>\n<h5><\/h5>\n<h3 style=\"text-align: left;\"><span style=\"color: #800000;\"><b>Espai Transmissor dels Meg\u00e0lits de Ser\u00f3<\/b><\/span><\/h3>\n<p>&nbsp;<\/p>\n<p style=\"text-align: center;\">\u00a0 \u00a0 <img loading=\"lazy\" decoding=\"async\" class=\"size-medium wp-image-10150 alignleft\" src=\"https:\/\/serveiseducatius.xtec.cat\/cda-noguera\/wp-content\/uploads\/usu1379\/2021\/07\/baixa-300x88.jpg\" alt=\"\" width=\"300\" height=\"88\" srcset=\"https:\/\/serveiseducatius.xtec.cat\/cda-noguera\/wp-content\/uploads\/usu1379\/2021\/07\/baixa-300x88.jpg 300w, https:\/\/serveiseducatius.xtec.cat\/cda-noguera\/wp-content\/uploads\/usu1379\/2021\/07\/baixa.jpg 414w\" sizes=\"auto, (max-width: 300px) 100vw, 300px\" \/><\/p>\n<p>&nbsp;<\/p>\n<p>&nbsp;<\/p>\n<p style=\"text-align: left;\"><span style=\"font-weight: 400;\">Participaci\u00f3 en l\u2019elaboraci\u00f3 i posada en pr\u00e0ctica de propostes did\u00e0ctiques dins del propi espai.<\/span><\/p>\n<h5><\/h5>\n<h3 style=\"text-align: left;\"><span style=\"color: #800000;\"><strong>Memorial democr\u00e0tic<\/strong><\/span><\/h3>\n<p>&nbsp;<\/p>\n<p style=\"text-align: center;\">\u00a0 \u00a0 <img loading=\"lazy\" decoding=\"async\" class=\"size-medium wp-image-10151 alignleft\" src=\"https:\/\/serveiseducatius.xtec.cat\/cda-noguera\/wp-content\/uploads\/usu1379\/2021\/07\/unnamed-300x125.jpg\" alt=\"\" width=\"300\" height=\"125\" srcset=\"https:\/\/serveiseducatius.xtec.cat\/cda-noguera\/wp-content\/uploads\/usu1379\/2021\/07\/unnamed-300x125.jpg 300w, https:\/\/serveiseducatius.xtec.cat\/cda-noguera\/wp-content\/uploads\/usu1379\/2021\/07\/unnamed.jpg 512w\" sizes=\"auto, (max-width: 300px) 100vw, 300px\" \/><\/p>\n<p>&nbsp;<\/p>\n<p>&nbsp;<\/p>\n<p>&nbsp;<\/p>\n<p>Col\u00b7laboraci\u00f3 permanent arran de la proposta did\u00e0ctica del CdA de la Noguera \u201cPer no morir en l\u2019oblit. Recuperem la mem\u00f2ria democr\u00e0tica \u201d dissenyada aquest curs i ja provada amb alumnes de batxillerat . Vam obrir la porta en seguir continuant treballant plegats en altres propostes educatives al voltant de la did\u00e0ctica de la Guerra civil.<\/p>\n<p>&nbsp;<\/p>\n<div class=\"blockcontent\">\n<p class=\"rtecenter\"><img decoding=\"async\" src=\"http:\/\/www.arkeotic.org\/camp\/web\/sites\/default\/files\/banners\/cda.jpg\" alt=\"\" \/><\/p>\n<p>&nbsp;<\/p>\n<\/div>\n<\/div>\n<\/div>\n<\/div>\n<p>&nbsp;<\/p>\n","protected":false},"excerpt":{"rendered":"<p>PROJECTES Els projectes poden tenir una durada variable . Els docents del CdA, en estreta col\u00b7laboraci\u00f3 amb diferents institucions i els mestres i professors\u00a0 dels centres educatius que hi participen, plantegen idees\u00a0 per a portar a terme el projecte en q\u00fcesti\u00f3. La guerra civil a secund\u00e0ria Projecte\u00a0 que t\u00e9 com a objectiu l&#8217;\u00fas de fonts [&hellip;]<\/p>\n","protected":false},"author":1,"featured_media":0,"parent":8260,"menu_order":30,"comment_status":"closed","ping_status":"closed","template":"page-templates\/side-menu.php","meta":{"_bbp_topic_count":0,"_bbp_reply_count":0,"_bbp_total_topic_count":0,"_bbp_total_reply_count":0,"_bbp_voice_count":0,"_bbp_anonymous_reply_count":0,"_bbp_topic_count_hidden":0,"_bbp_reply_count_hidden":0,"_bbp_forum_subforum_count":0,"site-sidebar-layout":"default","site-content-layout":"","ast-site-content-layout":"","site-content-style":"default","site-sidebar-style":"default","ast-global-header-display":"","ast-banner-title-visibility":"","ast-main-header-display":"","ast-hfb-above-header-display":"","ast-hfb-below-header-display":"","ast-hfb-mobile-header-display":"","site-post-title":"","ast-breadcrumbs-content":"","ast-featured-img":"","footer-sml-layout":"","theme-transparent-header-meta":"","adv-header-id-meta":"","stick-header-meta":"","header-above-stick-meta":"","header-main-stick-meta":"","header-below-stick-meta":"","astra-migrate-meta-layouts":"default","ast-page-background-enabled":"default","ast-page-background-meta":{"desktop":{"background-color":"var(--ast-global-color-4)","background-image":"","background-repeat":"repeat","background-position":"center center","background-size":"auto","background-attachment":"scroll","background-type":"","background-media":"","overlay-type":"","overlay-color":"","overlay-opacity":"","overlay-gradient":""},"tablet":{"background-color":"","background-image":"","background-repeat":"repeat","background-position":"center center","background-size":"auto","background-attachment":"scroll","background-type":"","background-media":"","overlay-type":"","overlay-color":"","overlay-opacity":"","overlay-gradient":""},"mobile":{"background-color":"","background-image":"","background-repeat":"repeat","background-position":"center center","background-size":"auto","background-attachment":"scroll","background-type":"","background-media":"","overlay-type":"","overlay-color":"","overlay-opacity":"","overlay-gradient":""}},"ast-content-background-meta":{"desktop":{"background-color":"var(--ast-global-color-5)","background-image":"","background-repeat":"repeat","background-position":"center center","background-size":"auto","background-attachment":"scroll","background-type":"","background-media":"","overlay-type":"","overlay-color":"","overlay-opacity":"","overlay-gradient":""},"tablet":{"background-color":"var(--ast-global-color-5)","background-image":"","background-repeat":"repeat","background-position":"center center","background-size":"auto","background-attachment":"scroll","background-type":"","background-media":"","overlay-type":"","overlay-color":"","overlay-opacity":"","overlay-gradient":""},"mobile":{"background-color":"var(--ast-global-color-5)","background-image":"","background-repeat":"repeat","background-position":"center center","background-size":"auto","background-attachment":"scroll","background-type":"","background-media":"","overlay-type":"","overlay-color":"","overlay-opacity":"","overlay-gradient":""}},"footnotes":""},"class_list":["post-160","page","type-page","status-publish","hentry"],"post_mailing_queue_ids":[],"_links":{"self":[{"href":"https:\/\/serveiseducatius.xtec.cat\/cda-noguera\/wp-json\/wp\/v2\/pages\/160","targetHints":{"allow":["GET"]}}],"collection":[{"href":"https:\/\/serveiseducatius.xtec.cat\/cda-noguera\/wp-json\/wp\/v2\/pages"}],"about":[{"href":"https:\/\/serveiseducatius.xtec.cat\/cda-noguera\/wp-json\/wp\/v2\/types\/page"}],"author":[{"embeddable":true,"href":"https:\/\/serveiseducatius.xtec.cat\/cda-noguera\/wp-json\/wp\/v2\/users\/1"}],"replies":[{"embeddable":true,"href":"https:\/\/serveiseducatius.xtec.cat\/cda-noguera\/wp-json\/wp\/v2\/comments?post=160"}],"version-history":[{"count":7,"href":"https:\/\/serveiseducatius.xtec.cat\/cda-noguera\/wp-json\/wp\/v2\/pages\/160\/revisions"}],"predecessor-version":[{"id":10660,"href":"https:\/\/serveiseducatius.xtec.cat\/cda-noguera\/wp-json\/wp\/v2\/pages\/160\/revisions\/10660"}],"up":[{"embeddable":true,"href":"https:\/\/serveiseducatius.xtec.cat\/cda-noguera\/wp-json\/wp\/v2\/pages\/8260"}],"wp:attachment":[{"href":"https:\/\/serveiseducatius.xtec.cat\/cda-noguera\/wp-json\/wp\/v2\/media?parent=160"}],"curies":[{"name":"wp","href":"https:\/\/api.w.org\/{rel}","templated":true}]}}