{"id":157,"date":"2013-11-15T13:22:03","date_gmt":"2013-11-15T12:22:03","guid":{"rendered":"http:\/\/blocs.xtec.cat\/plantillacda\/?page_id=157"},"modified":"2024-01-20T19:50:34","modified_gmt":"2024-01-20T18:50:34","slug":"estades","status":"publish","type":"page","link":"https:\/\/serveiseducatius.xtec.cat\/cda-noguera\/modalitats\/estades\/","title":{"rendered":"Estades"},"content":{"rendered":"<h4 style=\"text-align: left;\"><strong>Qu\u00e8 he de fer abans de venir a una estada?<\/strong> <a href=\"https:\/\/drive.google.com\/file\/d\/1f73yr9K-Pz3RupQXVIR7potXr0exjkPS\/view?usp=sharing\">( enlla\u00e7 a Infografia d&#8217;informaci\u00f3 )<\/a><\/h4>\n<p>Les\u00a0 estades s\u00f3n seq\u00fc\u00e8ncies\u00a0did\u00e0ctiques de m\u00e9s d\u2019un dia de duraci\u00f3, que requereixen del despla\u00e7ament i allotjament del grup d\u2019alumnes i mestres fins a la seu del CdA o EdA, i que poden tenir una\u00a0<strong>durada de 2 a 5 dies<\/strong>. Els grups d\u2019alumnes s\u2019allotgen en els albergs o cases de col\u00f2nies propers a cada CdA. Al llarg de la seva estada es desenvolupen el projecte i les activitats que s\u2019han acordat pr\u00e8viament entre els docents del CdA\/EdA i els mestres o professors del centre. El disseny d\u2019activitats i la seq\u00fc\u00e8ncia did\u00e0ctica que les acompanya,\u00a0activitats que es faran abans de l\u2019estada i els treballs posteriors a realitzar al centre, s\u2019acorden a les\u00a0<strong>trobades de coordinaci\u00f3<\/strong>\u00a0que es realitzen en diferents moments del curs escolar, per tal de garantir una correcta coordinaci\u00f3 entre els interessos del grup\/centre i l\u2019oferta d\u2019activitats del CdA o l\u2019EdA.<\/p>\n<p>Podeu triar les activitats que vulgueu del cat\u00e0leg del Cda de la Noguera, aqu\u00ed teniu possibles exemples. Recordeu que cada dia t\u00e9 un bloc d&#8217;activitats pel mat\u00ed i un bloc d&#8217;activitats per la tarda. Podeu triar i consultar les <strong>activitats<\/strong>\u00a0que podeu fer durant la sortida en el nostre\u00a0<a href=\"https:\/\/serveiseducatius.xtec.cat\/cda-noguera\/ambits\/cataleg-dactivitats-desplegament-competencial\/\" target=\"_blank\" rel=\"noopener noreferrer\">(Cat\u00e0leg d\u2019activitats)<\/a><\/p>\n<p style=\"text-align: left;\">Possibles models d&#8217;estades<\/p>\n<table style=\"height: 161px; width: 72.1459%;\" width=\"961\">\n<tbody>\n<tr>\n<td style=\"text-align: center; width: 27.8296%;\"><strong><span style=\"color: #000080;\">ESTADA DOS DIES<\/span><\/strong><\/td>\n<td style=\"text-align: center; width: 35.7377%;\"><strong><span style=\"color: #ff0000;\">Primer dia<\/span><\/strong><\/td>\n<td style=\"text-align: center; width: 100.834%;\"><strong><span style=\"color: #ff0000;\">Segon dia<\/span><\/strong><\/td>\n<\/tr>\n<tr>\n<td style=\"text-align: center; width: 27.8296%;\"><strong><span style=\"color: #ff00ff;\">MAT\u00cd<\/span><\/strong><\/td>\n<td style=\"text-align: center; width: 35.7377%;\">Habitatge en la prehist\u00f2ria<\/td>\n<td style=\"text-align: center; width: 100.834%;\">Excavant el passat<\/td>\n<\/tr>\n<tr>\n<td style=\"text-align: center; width: 27.8296%;\"><strong><span style=\"color: #339966;\">TARDA<\/span><\/strong><\/td>\n<td style=\"text-align: center; width: 35.7377%;\">Pintura i m\u00fasica ( CI,CM)<\/p>\n<p>o<\/p>\n<p>Pintura i talla (CS,ESO)<\/td>\n<td style=\"text-align: center; width: 100.834%;\">X<\/td>\n<\/tr>\n<\/tbody>\n<\/table>\n<table style=\"height: 341px; width: 93.9446%;\" width=\"566\">\n<tbody>\n<tr style=\"height: 55px;\">\n<td style=\"width: 21.2389%; height: 55px;\">\n<p style=\"text-align: center;\"><span style=\"color: #000080;\"><strong>ESTADA TRES \u00a0DIES<\/strong><\/span><\/p>\n<\/td>\n<td style=\"width: 27.5136%; height: 55px; text-align: center;\"><span style=\"color: #ff0000;\"><strong>\u00a0<\/strong><strong>Primer dia<\/strong><\/span><\/td>\n<td style=\"width: 27.7077%; height: 55px; text-align: center;\"><span style=\"color: #ff0000;\"><strong>\u00a0<\/strong><strong>Segon dia\u00a0\u00a0\u00a0 <\/strong><\/span><\/td>\n<td style=\"width: 122.549%; height: 55px; text-align: center;\"><span style=\"color: #ff0000;\"><strong>\u00a0<\/strong><strong>Tercer dia<\/strong><\/span><\/td>\n<\/tr>\n<tr style=\"height: 55px;\">\n<td style=\"width: 21.2389%; height: 55px;\">\n<p style=\"text-align: center;\"><span style=\"color: #ff00ff;\"><strong>MAT\u00cd<\/strong><\/span><\/p>\n<\/td>\n<td style=\"width: 27.5136%; height: 55px; text-align: center;\">Rebuda i allotjament<\/td>\n<td style=\"width: 27.7077%; height: 55px; text-align: center;\">Excavant el passat<\/td>\n<td style=\"width: 122.549%; height: 55px; text-align: center;\">Rotaci\u00f3 de neol\u00edtic<\/td>\n<\/tr>\n<tr style=\"height: 213px;\">\n<td style=\"width: 21.2389%; height: 182px;\"><span style=\"color: #339966;\"><strong>\u00a0 \u00a0 \u00a0 \u00a0 \u00a0 \u00a0 \u00a0 \u00a0 \u00a0 \u00a0 \u00a0TARDA<\/strong><\/span><\/p>\n<p><strong>\u00a0<\/strong><\/td>\n<td style=\"width: 27.5136%; height: 182px;\"><strong>\u00a0<\/strong><\/p>\n<p style=\"text-align: center;\">Pintura i talla de s\u00edlex ( CS i ESO)<\/p>\n<p style=\"text-align: center;\">o<\/p>\n<p style=\"text-align: center;\">Pintura i m\u00fasica( CI, CM)<\/p>\n<p>&nbsp;<\/p>\n<p>&nbsp;<\/td>\n<td style=\"width: 27.7077%; height: 182px;\">\n<p style=\"text-align: center;\"><strong>\u00a0<\/strong>Laboratori de paleoantropologia ( CM,CS)<\/p>\n<p style=\"text-align: center;\">o<\/p>\n<p style=\"text-align: center;\">\u00a0Laboratori de cer\u00e0mica (CM i CS)<\/p>\n<p style=\"text-align: center;\">o<\/p>\n<p style=\"text-align: center;\">Embassament ( CI,CM i CS)<\/p>\n<p style=\"text-align: center;\">o<\/p>\n<p style=\"text-align: center;\">Roca dels Bous (CI,CM,CS,ESO)<\/p>\n<\/td>\n<td style=\"width: 122.549%; height: 182px;\"><strong>\u00a0 \u00a0 \u00a0 \u00a0 \u00a0 \u00a0 <\/strong><strong>\u00a0X<\/strong><\/td>\n<\/tr>\n<\/tbody>\n<\/table>\n<p>El\u00a0<strong>cost<\/strong>\u00a0de les activitats \u00e9s de\u00a0<strong>3 \u20ac<\/strong>\u00a0per nen i dia (<strong><a href=\"http:\/\/portaldogc.gencat.cat\/utilsEADOP\/PDF\/7148\/1508527.pdf\" target=\"_blank\" rel=\"noopener noreferrer\">Ordre ENS\/163\/20162<\/a><\/strong>). Podeu consultar el preu de la manutenci\u00f3 i allotjament a l\u2019apartat\u00a0<a title=\"Inscripci\u00f3\" href=\"http:\/\/xtec.gencat.cat\/ca\/serveis\/sesc\/cda\/inscripcio\/\" target=\"_blank\" rel=\"noopener noreferrer\">Inscripci\u00f3 i quotes.<\/a><\/p>\n<hr \/>\n<p><em><span style=\"color: #888888;\">Aquesta taula \u00e9s un <a href=\"https:\/\/docs.google.com\/a\/xtec.cat\/spreadsheet\/ccc?key=0AlWhk6C-0QRadG1zTFdFX3FzUldfS2xuMzJjOG9DeEE&amp;usp=drive_web#gid=2\"><span style=\"color: #888888;\">full de c\u00e0lcul<\/span><\/a> de Google Drive<\/span><\/em><\/p>\n","protected":false},"excerpt":{"rendered":"<p>Qu\u00e8 he de fer abans de venir a una estada? ( enlla\u00e7 a Infografia d&#8217;informaci\u00f3 ) Les\u00a0 estades s\u00f3n seq\u00fc\u00e8ncies\u00a0did\u00e0ctiques de m\u00e9s d\u2019un dia de duraci\u00f3, que requereixen del despla\u00e7ament i allotjament del grup d\u2019alumnes i mestres fins a la seu del CdA o EdA, i que poden tenir una\u00a0durada de 2 a 5 dies. [&hellip;]<\/p>\n","protected":false},"author":1,"featured_media":0,"parent":8260,"menu_order":10,"comment_status":"closed","ping_status":"closed","template":"page-templates\/side-menu.php","meta":{"_bbp_topic_count":0,"_bbp_reply_count":0,"_bbp_total_topic_count":0,"_bbp_total_reply_count":0,"_bbp_voice_count":0,"_bbp_anonymous_reply_count":0,"_bbp_topic_count_hidden":0,"_bbp_reply_count_hidden":0,"_bbp_forum_subforum_count":0,"site-sidebar-layout":"default","site-content-layout":"","ast-site-content-layout":"","site-content-style":"default","site-sidebar-style":"default","ast-global-header-display":"","ast-banner-title-visibility":"","ast-main-header-display":"","ast-hfb-above-header-display":"","ast-hfb-below-header-display":"","ast-hfb-mobile-header-display":"","site-post-title":"","ast-breadcrumbs-content":"","ast-featured-img":"","footer-sml-layout":"","theme-transparent-header-meta":"","adv-header-id-meta":"","stick-header-meta":"","header-above-stick-meta":"","header-main-stick-meta":"","header-below-stick-meta":"","astra-migrate-meta-layouts":"default","ast-page-background-enabled":"default","ast-page-background-meta":{"desktop":{"background-color":"var(--ast-global-color-4)","background-image":"","background-repeat":"repeat","background-position":"center center","background-size":"auto","background-attachment":"scroll","background-type":"","background-media":"","overlay-type":"","overlay-color":"","overlay-opacity":"","overlay-gradient":""},"tablet":{"background-color":"","background-image":"","background-repeat":"repeat","background-position":"center center","background-size":"auto","background-attachment":"scroll","background-type":"","background-media":"","overlay-type":"","overlay-color":"","overlay-opacity":"","overlay-gradient":""},"mobile":{"background-color":"","background-image":"","background-repeat":"repeat","background-position":"center center","background-size":"auto","background-attachment":"scroll","background-type":"","background-media":"","overlay-type":"","overlay-color":"","overlay-opacity":"","overlay-gradient":""}},"ast-content-background-meta":{"desktop":{"background-color":"var(--ast-global-color-5)","background-image":"","background-repeat":"repeat","background-position":"center center","background-size":"auto","background-attachment":"scroll","background-type":"","background-media":"","overlay-type":"","overlay-color":"","overlay-opacity":"","overlay-gradient":""},"tablet":{"background-color":"var(--ast-global-color-5)","background-image":"","background-repeat":"repeat","background-position":"center center","background-size":"auto","background-attachment":"scroll","background-type":"","background-media":"","overlay-type":"","overlay-color":"","overlay-opacity":"","overlay-gradient":""},"mobile":{"background-color":"var(--ast-global-color-5)","background-image":"","background-repeat":"repeat","background-position":"center center","background-size":"auto","background-attachment":"scroll","background-type":"","background-media":"","overlay-type":"","overlay-color":"","overlay-opacity":"","overlay-gradient":""}},"footnotes":""},"class_list":["post-157","page","type-page","status-publish","hentry"],"post_mailing_queue_ids":[],"_links":{"self":[{"href":"https:\/\/serveiseducatius.xtec.cat\/cda-noguera\/wp-json\/wp\/v2\/pages\/157","targetHints":{"allow":["GET"]}}],"collection":[{"href":"https:\/\/serveiseducatius.xtec.cat\/cda-noguera\/wp-json\/wp\/v2\/pages"}],"about":[{"href":"https:\/\/serveiseducatius.xtec.cat\/cda-noguera\/wp-json\/wp\/v2\/types\/page"}],"author":[{"embeddable":true,"href":"https:\/\/serveiseducatius.xtec.cat\/cda-noguera\/wp-json\/wp\/v2\/users\/1"}],"replies":[{"embeddable":true,"href":"https:\/\/serveiseducatius.xtec.cat\/cda-noguera\/wp-json\/wp\/v2\/comments?post=157"}],"version-history":[{"count":5,"href":"https:\/\/serveiseducatius.xtec.cat\/cda-noguera\/wp-json\/wp\/v2\/pages\/157\/revisions"}],"predecessor-version":[{"id":10646,"href":"https:\/\/serveiseducatius.xtec.cat\/cda-noguera\/wp-json\/wp\/v2\/pages\/157\/revisions\/10646"}],"up":[{"embeddable":true,"href":"https:\/\/serveiseducatius.xtec.cat\/cda-noguera\/wp-json\/wp\/v2\/pages\/8260"}],"wp:attachment":[{"href":"https:\/\/serveiseducatius.xtec.cat\/cda-noguera\/wp-json\/wp\/v2\/media?parent=157"}],"curies":[{"name":"wp","href":"https:\/\/api.w.org\/{rel}","templated":true}]}}