{"id":155,"date":"2013-11-15T13:21:33","date_gmt":"2013-11-15T12:21:33","guid":{"rendered":"http:\/\/blocs.xtec.cat\/plantillacda\/?page_id=155"},"modified":"2024-01-20T19:50:03","modified_gmt":"2024-01-20T18:50:03","slug":"sortides","status":"publish","type":"page","link":"https:\/\/serveiseducatius.xtec.cat\/cda-noguera\/modalitats\/sortides\/","title":{"rendered":"Sortides"},"content":{"rendered":"<p><a href=\"http:\/\/serveiseducatius.xtec.cat\/cda-noguera\/wp-content\/uploads\/usu1379\/2013\/11\/IMG_2145.jpg\"><img loading=\"lazy\" decoding=\"async\" class=\"wp-image-8462 alignleft\" src=\"http:\/\/serveiseducatius.xtec.cat\/cda-noguera\/wp-content\/uploads\/usu1379\/2013\/11\/IMG_2145-1024x768.jpg\" alt=\"img_2145\" width=\"178\" height=\"133\" srcset=\"https:\/\/serveiseducatius.xtec.cat\/cda-noguera\/wp-content\/uploads\/usu1379\/2013\/11\/IMG_2145-1024x768.jpg 1024w, https:\/\/serveiseducatius.xtec.cat\/cda-noguera\/wp-content\/uploads\/usu1379\/2013\/11\/IMG_2145-300x225.jpg 300w, https:\/\/serveiseducatius.xtec.cat\/cda-noguera\/wp-content\/uploads\/usu1379\/2013\/11\/IMG_2145-768x576.jpg 768w, https:\/\/serveiseducatius.xtec.cat\/cda-noguera\/wp-content\/uploads\/usu1379\/2013\/11\/IMG_2145-200x150.jpg 200w\" sizes=\"auto, (max-width: 178px) 100vw, 178px\" \/><\/a><a href=\"http:\/\/serveiseducatius.xtec.cat\/cda-noguera\/wp-content\/uploads\/usu1379\/2013\/11\/IMG_2136.jpg\"><img loading=\"lazy\" decoding=\"async\" class=\"wp-image-8463 alignnone\" src=\"http:\/\/serveiseducatius.xtec.cat\/cda-noguera\/wp-content\/uploads\/usu1379\/2013\/11\/IMG_2136-1024x768.jpg\" alt=\"img_2136\" width=\"179\" height=\"134\" srcset=\"https:\/\/serveiseducatius.xtec.cat\/cda-noguera\/wp-content\/uploads\/usu1379\/2013\/11\/IMG_2136-1024x768.jpg 1024w, https:\/\/serveiseducatius.xtec.cat\/cda-noguera\/wp-content\/uploads\/usu1379\/2013\/11\/IMG_2136-300x225.jpg 300w, https:\/\/serveiseducatius.xtec.cat\/cda-noguera\/wp-content\/uploads\/usu1379\/2013\/11\/IMG_2136-768x576.jpg 768w, https:\/\/serveiseducatius.xtec.cat\/cda-noguera\/wp-content\/uploads\/usu1379\/2013\/11\/IMG_2136-200x150.jpg 200w, https:\/\/serveiseducatius.xtec.cat\/cda-noguera\/wp-content\/uploads\/usu1379\/2013\/11\/IMG_2136.jpg 1600w\" sizes=\"auto, (max-width: 179px) 100vw, 179px\" \/><\/a><a href=\"http:\/\/serveiseducatius.xtec.cat\/cda-noguera\/wp-content\/uploads\/usu1379\/2013\/11\/IMG_1915.jpg\"><img loading=\"lazy\" decoding=\"async\" class=\"wp-image-8464 alignleft\" src=\"http:\/\/serveiseducatius.xtec.cat\/cda-noguera\/wp-content\/uploads\/usu1379\/2013\/11\/IMG_1915-1024x768.jpg\" alt=\"img_1915\" width=\"177\" height=\"133\" srcset=\"https:\/\/serveiseducatius.xtec.cat\/cda-noguera\/wp-content\/uploads\/usu1379\/2013\/11\/IMG_1915-1024x768.jpg 1024w, https:\/\/serveiseducatius.xtec.cat\/cda-noguera\/wp-content\/uploads\/usu1379\/2013\/11\/IMG_1915-300x225.jpg 300w, https:\/\/serveiseducatius.xtec.cat\/cda-noguera\/wp-content\/uploads\/usu1379\/2013\/11\/IMG_1915-768x576.jpg 768w, https:\/\/serveiseducatius.xtec.cat\/cda-noguera\/wp-content\/uploads\/usu1379\/2013\/11\/IMG_1915-200x150.jpg 200w\" sizes=\"auto, (max-width: 177px) 100vw, 177px\" \/><\/a><\/p>\n<h5><strong>\u00a0 \u00a0 \u00a0 \u00a0<\/strong><\/h5>\n<h5><\/h5>\n<h5><\/h5>\n<h5><\/h5>\n<h5><strong>Qu\u00e8 has de fer abans de venir a una sortida?\u00a0<\/strong><\/h5>\n<p><strong><a href=\"https:\/\/drive.google.com\/file\/d\/1qr91WCpwakO0WwQPLhf9lZgrZ5rESJBn\/view?usp=sharing\" target=\"_blank\" rel=\"noopener noreferrer\">\u00a0Enlla\u00e7 a infografia d&#8217;informaci\u00f3<\/a><\/strong><\/p>\n<p>Les soritides: s\u00f3n activitats d\u2019un dia de durada generalment adre\u00e7ades als centres educatius m\u00e9s propers al Cda, \u00e9s a dir, amb els escolars de la comarca i comarques ve\u00efnes. \u00c9s\u00a0important un contacte previ amb els docents del CdA o EdA per acabar de concretar aspectes organitzatius i pedag\u00f2gics amb el centre. Les activitats es realitzen entre les <strong>9<\/strong>\u00a0i les<strong> 17 <\/strong>h aproximadament. El <strong>cost<\/strong> \u00e9s de <strong>3<\/strong><strong>\u20ac<\/strong> per alumne\/dia\u00a0 (\u00e9s igual a tots els Camps d&#8217;Aprenentatge).<\/p>\n<p>Podeu triar i consultar les <strong>activitats<\/strong> que podeu fer durant la sortida en el nostre\u00a0<a href=\"https:\/\/serveiseducatius.xtec.cat\/cda-noguera\/ambits\/cataleg-dactivitats-desplegament-competencial\/\" target=\"_blank\" rel=\"noopener noreferrer\">Cat\u00e0leg d&#8217;activitats<\/a><a title=\"llista activitats\" href=\"http:\/\/serveiseducatius.xtec.cat\/cda-noguera\/ambits\/totes-les-activitats\/\"><br \/>\n<\/a><\/p>\n","protected":false},"excerpt":{"rendered":"<p>\u00a0 \u00a0 \u00a0 \u00a0 Qu\u00e8 has de fer abans de venir a una sortida?\u00a0 \u00a0Enlla\u00e7 a infografia d&#8217;informaci\u00f3 Les soritides: s\u00f3n activitats d\u2019un dia de durada generalment adre\u00e7ades als centres educatius m\u00e9s propers al Cda, \u00e9s a dir, amb els escolars de la comarca i comarques ve\u00efnes. \u00c9s\u00a0important un contacte previ amb els docents del [&hellip;]<\/p>\n","protected":false},"author":1,"featured_media":0,"parent":8260,"menu_order":20,"comment_status":"closed","ping_status":"closed","template":"page-templates\/side-menu.php","meta":{"_bbp_topic_count":0,"_bbp_reply_count":0,"_bbp_total_topic_count":0,"_bbp_total_reply_count":0,"_bbp_voice_count":0,"_bbp_anonymous_reply_count":0,"_bbp_topic_count_hidden":0,"_bbp_reply_count_hidden":0,"_bbp_forum_subforum_count":0,"site-sidebar-layout":"default","site-content-layout":"","ast-site-content-layout":"","site-content-style":"default","site-sidebar-style":"default","ast-global-header-display":"","ast-banner-title-visibility":"","ast-main-header-display":"","ast-hfb-above-header-display":"","ast-hfb-below-header-display":"","ast-hfb-mobile-header-display":"","site-post-title":"","ast-breadcrumbs-content":"","ast-featured-img":"","footer-sml-layout":"","theme-transparent-header-meta":"","adv-header-id-meta":"","stick-header-meta":"","header-above-stick-meta":"","header-main-stick-meta":"","header-below-stick-meta":"","astra-migrate-meta-layouts":"default","ast-page-background-enabled":"default","ast-page-background-meta":{"desktop":{"background-color":"var(--ast-global-color-4)","background-image":"","background-repeat":"repeat","background-position":"center center","background-size":"auto","background-attachment":"scroll","background-type":"","background-media":"","overlay-type":"","overlay-color":"","overlay-opacity":"","overlay-gradient":""},"tablet":{"background-color":"","background-image":"","background-repeat":"repeat","background-position":"center center","background-size":"auto","background-attachment":"scroll","background-type":"","background-media":"","overlay-type":"","overlay-color":"","overlay-opacity":"","overlay-gradient":""},"mobile":{"background-color":"","background-image":"","background-repeat":"repeat","background-position":"center center","background-size":"auto","background-attachment":"scroll","background-type":"","background-media":"","overlay-type":"","overlay-color":"","overlay-opacity":"","overlay-gradient":""}},"ast-content-background-meta":{"desktop":{"background-color":"var(--ast-global-color-5)","background-image":"","background-repeat":"repeat","background-position":"center center","background-size":"auto","background-attachment":"scroll","background-type":"","background-media":"","overlay-type":"","overlay-color":"","overlay-opacity":"","overlay-gradient":""},"tablet":{"background-color":"var(--ast-global-color-5)","background-image":"","background-repeat":"repeat","background-position":"center center","background-size":"auto","background-attachment":"scroll","background-type":"","background-media":"","overlay-type":"","overlay-color":"","overlay-opacity":"","overlay-gradient":""},"mobile":{"background-color":"var(--ast-global-color-5)","background-image":"","background-repeat":"repeat","background-position":"center center","background-size":"auto","background-attachment":"scroll","background-type":"","background-media":"","overlay-type":"","overlay-color":"","overlay-opacity":"","overlay-gradient":""}},"footnotes":""},"class_list":["post-155","page","type-page","status-publish","hentry"],"post_mailing_queue_ids":[],"_links":{"self":[{"href":"https:\/\/serveiseducatius.xtec.cat\/cda-noguera\/wp-json\/wp\/v2\/pages\/155","targetHints":{"allow":["GET"]}}],"collection":[{"href":"https:\/\/serveiseducatius.xtec.cat\/cda-noguera\/wp-json\/wp\/v2\/pages"}],"about":[{"href":"https:\/\/serveiseducatius.xtec.cat\/cda-noguera\/wp-json\/wp\/v2\/types\/page"}],"author":[{"embeddable":true,"href":"https:\/\/serveiseducatius.xtec.cat\/cda-noguera\/wp-json\/wp\/v2\/users\/1"}],"replies":[{"embeddable":true,"href":"https:\/\/serveiseducatius.xtec.cat\/cda-noguera\/wp-json\/wp\/v2\/comments?post=155"}],"version-history":[{"count":7,"href":"https:\/\/serveiseducatius.xtec.cat\/cda-noguera\/wp-json\/wp\/v2\/pages\/155\/revisions"}],"predecessor-version":[{"id":10645,"href":"https:\/\/serveiseducatius.xtec.cat\/cda-noguera\/wp-json\/wp\/v2\/pages\/155\/revisions\/10645"}],"up":[{"embeddable":true,"href":"https:\/\/serveiseducatius.xtec.cat\/cda-noguera\/wp-json\/wp\/v2\/pages\/8260"}],"wp:attachment":[{"href":"https:\/\/serveiseducatius.xtec.cat\/cda-noguera\/wp-json\/wp\/v2\/media?parent=155"}],"curies":[{"name":"wp","href":"https:\/\/api.w.org\/{rel}","templated":true}]}}