{"id":71,"date":"2013-11-14T19:47:14","date_gmt":"2013-11-14T18:47:14","guid":{"rendered":"http:\/\/blocs.xtec.cat\/plantillacda\/?page_id=71"},"modified":"2024-09-23T14:57:49","modified_gmt":"2024-09-23T12:57:49","slug":"on-som","status":"publish","type":"page","link":"https:\/\/serveiseducatius.xtec.cat\/cda-monestirs\/el-camp\/on-som\/","title":{"rendered":"On som"},"content":{"rendered":"<p>La seu del CdA est\u00e0 ubicada a l&#8217;alberg de l&#8217;Espluga de Francol\u00ed de XANASCAT, al terme de Les Masies i a 2km del municipi.<\/p>\n<p><a href=\"https:\/\/serveiseducatius.xtec.cat\/cda-monestirs\/wp-content\/uploads\/usu1380\/2023\/11\/IMG_2948-4-scaled.jpg\"><img loading=\"lazy\" decoding=\"async\" class=\"wp-image-10548 aligncenter\" src=\"https:\/\/serveiseducatius.xtec.cat\/cda-monestirs\/wp-content\/uploads\/usu1380\/2023\/11\/IMG_2948-4-1024x768.jpg\" alt=\"\" width=\"474\" height=\"356\" srcset=\"https:\/\/serveiseducatius.xtec.cat\/cda-monestirs\/wp-content\/uploads\/usu1380\/2023\/11\/IMG_2948-4-1024x768.jpg 1024w, https:\/\/serveiseducatius.xtec.cat\/cda-monestirs\/wp-content\/uploads\/usu1380\/2023\/11\/IMG_2948-4-300x225.jpg 300w, https:\/\/serveiseducatius.xtec.cat\/cda-monestirs\/wp-content\/uploads\/usu1380\/2023\/11\/IMG_2948-4-768x576.jpg 768w, https:\/\/serveiseducatius.xtec.cat\/cda-monestirs\/wp-content\/uploads\/usu1380\/2023\/11\/IMG_2948-4-1536x1152.jpg 1536w, https:\/\/serveiseducatius.xtec.cat\/cda-monestirs\/wp-content\/uploads\/usu1380\/2023\/11\/IMG_2948-4-2048x1536.jpg 2048w, https:\/\/serveiseducatius.xtec.cat\/cda-monestirs\/wp-content\/uploads\/usu1380\/2023\/11\/IMG_2948-4-200x150.jpg 200w\" sizes=\"auto, (max-width: 474px) 100vw, 474px\" \/><\/a><a href=\"https:\/\/serveiseducatius.xtec.cat\/cda-monestirs\/wp-content\/uploads\/usu1380\/2020\/04\/portada_camp_monestir.jpg\">\u00a0\u00a0<\/a><\/p>\n<h5 style=\"text-align: center;\"><sub>&#8221; La meva vila \u00e9s clara i oberta a tots els vents<\/sub><sub> \u00a0\u00a0\u00a0<\/sub><\/h5>\n<h5 style=\"text-align: center;\"><sub>\u00a0la pedra i l&#8217;atzavara li guarden els batents&#8221;<\/sub><\/h5>\n<h5 style=\"text-align: center;\"><sub><br \/>\nRamon Muntanyola<\/sub><\/h5>\n<p>&nbsp;<\/p>\n<h4><strong>Instal\u00b7lacions<\/strong><\/h4>\n<p>Informaci\u00f3 sobre l&#8217;alberg: <a href=\"https:\/\/xanascat.gencat.cat\/ca\/albergs\/albergs\/lespluga-de-francoli-xanascat\">https:\/\/xanascat.gencat.cat\/ca\/albergs\/albergs\/lespluga-de-francoli-xanascat<\/a><\/p>\n<p><em><strong>Nota:<\/strong> els <strong>preus vigents pels alumnes s\u00f3n els que es publiquen a la p\u00e0gina de la xtec<\/strong>, previ acord entre els\u00a0 Departaments d&#8217;Educaci\u00f3 i de Treball, Afers Socials i fam\u00edlia, i que no coincideixen amb els publicats a la p\u00e0gina de l&#8217;alberg.<br \/>\n<\/em><\/p>\n<p><em>Per altra banda al CdA<strong> podem atendre un m\u00e0xim de 60 alumnes<\/strong> per estada o sortida d&#8217;un dia.<\/em><\/p>\n<h4><\/h4>\n<h4><strong>Distribuci\u00f3 dels espais<\/strong><\/h4>\n<div class=\"h5p-iframe-wrapper\"><iframe id=\"h5p-iframe-1\" class=\"h5p-iframe\" data-content-id=\"1\" style=\"height:1px\" src=\"about:blank\" frameBorder=\"0\" scrolling=\"no\" title=\"Distribuci\u00f3 dels espais de l&#039;alberg Jaume I\"><\/iframe><\/div>\n<h4><\/h4>\n<h4><strong>Espais-taller<\/strong><\/h4>\n<p>El <strong>CdA Els Monestirs<\/strong>&#8211; seu a l&#8217;alberg Jaume I_ disposa de 4 espais destinats a tallers, un dels quals \u00e9s un laboratori, i d&#8217;un espai multifuncional. Aquest espai \u00e9s b\u00e0sicament l&#8217;aula d&#8217;esbarjo dels grups, per\u00f2 en moments puntuals tamb\u00e9 s&#8217;habilita com a taller.<\/p>\n<p>Tamb\u00e9 disposem d&#8217;una aula taller al monestir de <strong>Santes Creus<\/strong>.<\/p>\n<p>Per l&#8217;activitat de<strong> Vallbona de les monges<\/strong> anem a fer els tallers als centres perqu\u00e8 no disposem de cap espai.<\/p>\n<h4><\/h4>\n<h4><strong>Com arribar-hi<\/strong><\/h4>\n<p>Per arribar al Camp d&#8217;Aprenentatge Els Monestirs de Cister cal anar fins l&#8217;Espluga de Francol\u00ed i seguir les indicacions que es ressalten a la seg\u00fcent imatge.<\/p>\n<p><a href=\"https:\/\/maps.app.goo.gl\/CJJX66Yh8YstWLNf9\"><img loading=\"lazy\" decoding=\"async\" class=\"wp-image-9177 aligncenter\" src=\"https:\/\/serveiseducatius.xtec.cat\/cda-monestirs\/wp-content\/uploads\/usu1380\/2020\/04\/Captura-de-pantalla-2017-04-10-a-les-16.16.25.png\" alt=\"\" width=\"336\" height=\"390\" srcset=\"https:\/\/serveiseducatius.xtec.cat\/cda-monestirs\/wp-content\/uploads\/usu1380\/2020\/04\/Captura-de-pantalla-2017-04-10-a-les-16.16.25.png 740w, https:\/\/serveiseducatius.xtec.cat\/cda-monestirs\/wp-content\/uploads\/usu1380\/2020\/04\/Captura-de-pantalla-2017-04-10-a-les-16.16.25-259x300.png 259w\" sizes=\"auto, (max-width: 336px) 100vw, 336px\" \/><\/a><\/p>\n<p>Clicant <a href=\"https:\/\/maps.app.goo.gl\/CJJX66Yh8YstWLNf9\">aqu\u00ed<\/a> o en la imatge anterior accedireu a les indicacions des de Google maps.<\/p>\n","protected":false},"excerpt":{"rendered":"<p>La seu del CdA est\u00e0 ubicada a l&#8217;alberg de l&#8217;Espluga de Francol\u00ed de XANASCAT, al terme de Les Masies i [&hellip;]<\/p>\n","protected":false},"author":1,"featured_media":0,"parent":8225,"menu_order":30,"comment_status":"closed","ping_status":"closed","template":"page-templates\/side-menu.php","meta":{"_bbp_topic_count":0,"_bbp_reply_count":0,"_bbp_total_topic_count":0,"_bbp_total_reply_count":0,"_bbp_voice_count":0,"_bbp_anonymous_reply_count":0,"_bbp_topic_count_hidden":0,"_bbp_reply_count_hidden":0,"_bbp_forum_subforum_count":0,"site-sidebar-layout":"default","site-content-layout":"","ast-site-content-layout":"","site-content-style":"default","site-sidebar-style":"default","ast-global-header-display":"","ast-banner-title-visibility":"","ast-main-header-display":"","ast-hfb-above-header-display":"","ast-hfb-below-header-display":"","ast-hfb-mobile-header-display":"","site-post-title":"","ast-breadcrumbs-content":"","ast-featured-img":"","footer-sml-layout":"","theme-transparent-header-meta":"","adv-header-id-meta":"","stick-header-meta":"","header-above-stick-meta":"","header-main-stick-meta":"","header-below-stick-meta":"","astra-migrate-meta-layouts":"default","ast-page-background-enabled":"default","ast-page-background-meta":{"desktop":{"background-color":"var(--ast-global-color-4)","background-image":"","background-repeat":"repeat","background-position":"center center","background-size":"auto","background-attachment":"scroll","background-type":"","background-media":"","overlay-type":"","overlay-color":"","overlay-opacity":"","overlay-gradient":""},"tablet":{"background-color":"","background-image":"","background-repeat":"repeat","background-position":"center center","background-size":"auto","background-attachment":"scroll","background-type":"","background-media":"","overlay-type":"","overlay-color":"","overlay-opacity":"","overlay-gradient":""},"mobile":{"background-color":"","background-image":"","background-repeat":"repeat","background-position":"center center","background-size":"auto","background-attachment":"scroll","background-type":"","background-media":"","overlay-type":"","overlay-color":"","overlay-opacity":"","overlay-gradient":""}},"ast-content-background-meta":{"desktop":{"background-color":"var(--ast-global-color-5)","background-image":"","background-repeat":"repeat","background-position":"center center","background-size":"auto","background-attachment":"scroll","background-type":"","background-media":"","overlay-type":"","overlay-color":"","overlay-opacity":"","overlay-gradient":""},"tablet":{"background-color":"var(--ast-global-color-5)","background-image":"","background-repeat":"repeat","background-position":"center center","background-size":"auto","background-attachment":"scroll","background-type":"","background-media":"","overlay-type":"","overlay-color":"","overlay-opacity":"","overlay-gradient":""},"mobile":{"background-color":"var(--ast-global-color-5)","background-image":"","background-repeat":"repeat","background-position":"center center","background-size":"auto","background-attachment":"scroll","background-type":"","background-media":"","overlay-type":"","overlay-color":"","overlay-opacity":"","overlay-gradient":""}},"footnotes":""},"class_list":["post-71","page","type-page","status-publish","hentry"],"post_mailing_queue_ids":[],"_links":{"self":[{"href":"https:\/\/serveiseducatius.xtec.cat\/cda-monestirs\/wp-json\/wp\/v2\/pages\/71","targetHints":{"allow":["GET"]}}],"collection":[{"href":"https:\/\/serveiseducatius.xtec.cat\/cda-monestirs\/wp-json\/wp\/v2\/pages"}],"about":[{"href":"https:\/\/serveiseducatius.xtec.cat\/cda-monestirs\/wp-json\/wp\/v2\/types\/page"}],"author":[{"embeddable":true,"href":"https:\/\/serveiseducatius.xtec.cat\/cda-monestirs\/wp-json\/wp\/v2\/users\/1"}],"replies":[{"embeddable":true,"href":"https:\/\/serveiseducatius.xtec.cat\/cda-monestirs\/wp-json\/wp\/v2\/comments?post=71"}],"version-history":[{"count":7,"href":"https:\/\/serveiseducatius.xtec.cat\/cda-monestirs\/wp-json\/wp\/v2\/pages\/71\/revisions"}],"predecessor-version":[{"id":10826,"href":"https:\/\/serveiseducatius.xtec.cat\/cda-monestirs\/wp-json\/wp\/v2\/pages\/71\/revisions\/10826"}],"up":[{"embeddable":true,"href":"https:\/\/serveiseducatius.xtec.cat\/cda-monestirs\/wp-json\/wp\/v2\/pages\/8225"}],"wp:attachment":[{"href":"https:\/\/serveiseducatius.xtec.cat\/cda-monestirs\/wp-json\/wp\/v2\/media?parent=71"}],"curies":[{"name":"wp","href":"https:\/\/api.w.org\/{rel}","templated":true}]}}