{"id":54,"date":"2013-11-14T18:56:33","date_gmt":"2013-11-14T17:56:33","guid":{"rendered":"http:\/\/blocs.xtec.cat\/plantillacda\/?page_id=54"},"modified":"2025-12-16T14:28:06","modified_gmt":"2025-12-16T13:28:06","slug":"presentacio","status":"publish","type":"page","link":"https:\/\/serveiseducatius.xtec.cat\/cda-monestirs\/el-camp\/presentacio\/","title":{"rendered":"Presentaci\u00f3"},"content":{"rendered":"<p style=\"text-align: justify;\">Els camps d&#8217;aprenentatge s\u00f3n serveis educatius del Departament d&#8217;Educaci\u00f3 que ofereixen al professorat i als centres docents la possibilitat de desenvolupar projectes de treball per a l&#8217;estudi i l&#8217;experimentaci\u00f3 en un medi singular de Catalunya; s&#8217;adrecen principalment a alumnes d&#8217;educaci\u00f3 prim\u00e0ria, secund\u00e0ria, cicles formatius i batxillerat. Podeu trobar m\u00e9s informaci\u00f3 <a href=\"http:\/\/xtec.gencat.cat\/ca\/serveis\/sesc\/cda\/queson\/\">aqu\u00ed<\/a>.<\/p>\n<p>El CdA Monestirs del Cister compta amb un equip format per quatre docents.<\/p>\n<ul>\n<li>Ekaterina K\u00e0tcheff Togobitska (secund\u00e0ria, m\u00fasica, direcci\u00f3 CdA)<\/li>\n<li>Guifr\u00e9 Colomer P\u00e9rez (secund\u00e0ria, geografia i hist\u00f2ria)<\/li>\n<li>Eric L\u00f3pez M\u00f6ller\u00a0 (secund\u00e0ria, geografia i hist\u00f2ria)<\/li>\n<li>Ana Miquel Fern\u00e0ndez (prim\u00e0ria)<\/li>\n<\/ul>\n<p>&nbsp;<\/p>\n<p><a href=\"https:\/\/serveiseducatius.xtec.cat\/cda-monestirs\/wp-content\/uploads\/usu1380\/2024\/10\/Poster-horizontal-infantil-ilustrado-rosa.jpg\"><img loading=\"lazy\" decoding=\"async\" class=\"alignnone wp-image-10890\" src=\"https:\/\/serveiseducatius.xtec.cat\/cda-monestirs\/wp-content\/uploads\/usu1380\/2024\/10\/Poster-horizontal-infantil-ilustrado-rosa-1024x724.jpg\" alt=\"\" width=\"440\" height=\"311\" srcset=\"https:\/\/serveiseducatius.xtec.cat\/cda-monestirs\/wp-content\/uploads\/usu1380\/2024\/10\/Poster-horizontal-infantil-ilustrado-rosa-1024x724.jpg 1024w, https:\/\/serveiseducatius.xtec.cat\/cda-monestirs\/wp-content\/uploads\/usu1380\/2024\/10\/Poster-horizontal-infantil-ilustrado-rosa-300x212.jpg 300w, https:\/\/serveiseducatius.xtec.cat\/cda-monestirs\/wp-content\/uploads\/usu1380\/2024\/10\/Poster-horizontal-infantil-ilustrado-rosa-768x543.jpg 768w, https:\/\/serveiseducatius.xtec.cat\/cda-monestirs\/wp-content\/uploads\/usu1380\/2024\/10\/Poster-horizontal-infantil-ilustrado-rosa-1536x1086.jpg 1536w, https:\/\/serveiseducatius.xtec.cat\/cda-monestirs\/wp-content\/uploads\/usu1380\/2024\/10\/Poster-horizontal-infantil-ilustrado-rosa.jpg 2000w\" sizes=\"auto, (max-width: 440px) 100vw, 440px\" \/>\u00a0 \u00a0 \u00a0 \u00a0 <\/a><a href=\"https:\/\/serveiseducatius.xtec.cat\/cda-monestirs\/wp-content\/uploads\/usu1380\/2024\/10\/Poster-horizontal-infantil-ilustrado-rosa-1.jpg\"><img loading=\"lazy\" decoding=\"async\" class=\"alignnone wp-image-10892\" src=\"https:\/\/serveiseducatius.xtec.cat\/cda-monestirs\/wp-content\/uploads\/usu1380\/2024\/10\/Poster-horizontal-infantil-ilustrado-rosa-1-1024x724.jpg\" alt=\"\" width=\"440\" height=\"311\" srcset=\"https:\/\/serveiseducatius.xtec.cat\/cda-monestirs\/wp-content\/uploads\/usu1380\/2024\/10\/Poster-horizontal-infantil-ilustrado-rosa-1-1024x724.jpg 1024w, https:\/\/serveiseducatius.xtec.cat\/cda-monestirs\/wp-content\/uploads\/usu1380\/2024\/10\/Poster-horizontal-infantil-ilustrado-rosa-1-300x212.jpg 300w, https:\/\/serveiseducatius.xtec.cat\/cda-monestirs\/wp-content\/uploads\/usu1380\/2024\/10\/Poster-horizontal-infantil-ilustrado-rosa-1-768x543.jpg 768w, https:\/\/serveiseducatius.xtec.cat\/cda-monestirs\/wp-content\/uploads\/usu1380\/2024\/10\/Poster-horizontal-infantil-ilustrado-rosa-1-1536x1086.jpg 1536w, https:\/\/serveiseducatius.xtec.cat\/cda-monestirs\/wp-content\/uploads\/usu1380\/2024\/10\/Poster-horizontal-infantil-ilustrado-rosa-1.jpg 2000w\" sizes=\"auto, (max-width: 440px) 100vw, 440px\" \/><\/a><\/p>\n<p><a href=\"https:\/\/serveiseducatius.xtec.cat\/cda-monestirs\/wp-content\/uploads\/usu1380\/2024\/10\/Poster-horizontal-infantil-ilustrado-rosa-3.jpg\"><img loading=\"lazy\" decoding=\"async\" class=\"alignnone wp-image-10894\" src=\"https:\/\/serveiseducatius.xtec.cat\/cda-monestirs\/wp-content\/uploads\/usu1380\/2024\/10\/Poster-horizontal-infantil-ilustrado-rosa-3-1024x724.jpg\" alt=\"\" width=\"448\" height=\"317\" srcset=\"https:\/\/serveiseducatius.xtec.cat\/cda-monestirs\/wp-content\/uploads\/usu1380\/2024\/10\/Poster-horizontal-infantil-ilustrado-rosa-3-1024x724.jpg 1024w, https:\/\/serveiseducatius.xtec.cat\/cda-monestirs\/wp-content\/uploads\/usu1380\/2024\/10\/Poster-horizontal-infantil-ilustrado-rosa-3-300x212.jpg 300w, https:\/\/serveiseducatius.xtec.cat\/cda-monestirs\/wp-content\/uploads\/usu1380\/2024\/10\/Poster-horizontal-infantil-ilustrado-rosa-3-768x543.jpg 768w, https:\/\/serveiseducatius.xtec.cat\/cda-monestirs\/wp-content\/uploads\/usu1380\/2024\/10\/Poster-horizontal-infantil-ilustrado-rosa-3-1536x1086.jpg 1536w, https:\/\/serveiseducatius.xtec.cat\/cda-monestirs\/wp-content\/uploads\/usu1380\/2024\/10\/Poster-horizontal-infantil-ilustrado-rosa-3.jpg 2000w\" sizes=\"auto, (max-width: 448px) 100vw, 448px\" \/> \u00a0 \u00a0<\/a><a href=\"https:\/\/serveiseducatius.xtec.cat\/cda-monestirs\/wp-content\/uploads\/usu1380\/2025\/09\/presentacio-cda.jpg\"><img loading=\"lazy\" decoding=\"async\" class=\"alignnone wp-image-11387\" src=\"https:\/\/serveiseducatius.xtec.cat\/cda-monestirs\/wp-content\/uploads\/usu1380\/2025\/09\/presentacio-cda-1024x724.jpg\" alt=\"\" width=\"447\" height=\"316\" srcset=\"https:\/\/serveiseducatius.xtec.cat\/cda-monestirs\/wp-content\/uploads\/usu1380\/2025\/09\/presentacio-cda-1024x724.jpg 1024w, https:\/\/serveiseducatius.xtec.cat\/cda-monestirs\/wp-content\/uploads\/usu1380\/2025\/09\/presentacio-cda-300x212.jpg 300w, https:\/\/serveiseducatius.xtec.cat\/cda-monestirs\/wp-content\/uploads\/usu1380\/2025\/09\/presentacio-cda-768x543.jpg 768w, https:\/\/serveiseducatius.xtec.cat\/cda-monestirs\/wp-content\/uploads\/usu1380\/2025\/09\/presentacio-cda-1536x1086.jpg 1536w, https:\/\/serveiseducatius.xtec.cat\/cda-monestirs\/wp-content\/uploads\/usu1380\/2025\/09\/presentacio-cda.jpg 2000w\" sizes=\"auto, (max-width: 447px) 100vw, 447px\" \/><\/a><\/p>\n<p><span style=\"font-size: large;\">Us hi esperem!<\/span><\/p>\n","protected":false},"excerpt":{"rendered":"<p>Els camps d&#8217;aprenentatge s\u00f3n serveis educatius del Departament d&#8217;Educaci\u00f3 que ofereixen al professorat i als centres docents la possibilitat de [&hellip;]<\/p>\n","protected":false},"author":1,"featured_media":0,"parent":8225,"menu_order":10,"comment_status":"closed","ping_status":"closed","template":"","meta":{"_bbp_topic_count":0,"_bbp_reply_count":0,"_bbp_total_topic_count":0,"_bbp_total_reply_count":0,"_bbp_voice_count":0,"_bbp_anonymous_reply_count":0,"_bbp_topic_count_hidden":0,"_bbp_reply_count_hidden":0,"_bbp_forum_subforum_count":0,"site-sidebar-layout":"default","site-content-layout":"","ast-site-content-layout":"default","site-content-style":"default","site-sidebar-style":"default","ast-global-header-display":"","ast-banner-title-visibility":"","ast-main-header-display":"","ast-hfb-above-header-display":"","ast-hfb-below-header-display":"","ast-hfb-mobile-header-display":"","site-post-title":"","ast-breadcrumbs-content":"","ast-featured-img":"","footer-sml-layout":"","theme-transparent-header-meta":"default","adv-header-id-meta":"","stick-header-meta":"","header-above-stick-meta":"","header-main-stick-meta":"","header-below-stick-meta":"","astra-migrate-meta-layouts":"set","ast-page-background-enabled":"default","ast-page-background-meta":{"desktop":{"background-color":"var(--ast-global-color-4)","background-image":"","background-repeat":"repeat","background-position":"center center","background-size":"auto","background-attachment":"scroll","background-type":"","background-media":"","overlay-type":"","overlay-color":"","overlay-opacity":"","overlay-gradient":""},"tablet":{"background-color":"","background-image":"","background-repeat":"repeat","background-position":"center center","background-size":"auto","background-attachment":"scroll","background-type":"","background-media":"","overlay-type":"","overlay-color":"","overlay-opacity":"","overlay-gradient":""},"mobile":{"background-color":"","background-image":"","background-repeat":"repeat","background-position":"center center","background-size":"auto","background-attachment":"scroll","background-type":"","background-media":"","overlay-type":"","overlay-color":"","overlay-opacity":"","overlay-gradient":""}},"ast-content-background-meta":{"desktop":{"background-color":"var(--ast-global-color-5)","background-image":"","background-repeat":"repeat","background-position":"center center","background-size":"auto","background-attachment":"scroll","background-type":"","background-media":"","overlay-type":"","overlay-color":"","overlay-opacity":"","overlay-gradient":""},"tablet":{"background-color":"var(--ast-global-color-5)","background-image":"","background-repeat":"repeat","background-position":"center center","background-size":"auto","background-attachment":"scroll","background-type":"","background-media":"","overlay-type":"","overlay-color":"","overlay-opacity":"","overlay-gradient":""},"mobile":{"background-color":"var(--ast-global-color-5)","background-image":"","background-repeat":"repeat","background-position":"center center","background-size":"auto","background-attachment":"scroll","background-type":"","background-media":"","overlay-type":"","overlay-color":"","overlay-opacity":"","overlay-gradient":""}},"footnotes":""},"class_list":["post-54","page","type-page","status-publish","hentry"],"post_mailing_queue_ids":[],"_links":{"self":[{"href":"https:\/\/serveiseducatius.xtec.cat\/cda-monestirs\/wp-json\/wp\/v2\/pages\/54","targetHints":{"allow":["GET"]}}],"collection":[{"href":"https:\/\/serveiseducatius.xtec.cat\/cda-monestirs\/wp-json\/wp\/v2\/pages"}],"about":[{"href":"https:\/\/serveiseducatius.xtec.cat\/cda-monestirs\/wp-json\/wp\/v2\/types\/page"}],"author":[{"embeddable":true,"href":"https:\/\/serveiseducatius.xtec.cat\/cda-monestirs\/wp-json\/wp\/v2\/users\/1"}],"replies":[{"embeddable":true,"href":"https:\/\/serveiseducatius.xtec.cat\/cda-monestirs\/wp-json\/wp\/v2\/comments?post=54"}],"version-history":[{"count":7,"href":"https:\/\/serveiseducatius.xtec.cat\/cda-monestirs\/wp-json\/wp\/v2\/pages\/54\/revisions"}],"predecessor-version":[{"id":11407,"href":"https:\/\/serveiseducatius.xtec.cat\/cda-monestirs\/wp-json\/wp\/v2\/pages\/54\/revisions\/11407"}],"up":[{"embeddable":true,"href":"https:\/\/serveiseducatius.xtec.cat\/cda-monestirs\/wp-json\/wp\/v2\/pages\/8225"}],"wp:attachment":[{"href":"https:\/\/serveiseducatius.xtec.cat\/cda-monestirs\/wp-json\/wp\/v2\/media?parent=54"}],"curies":[{"name":"wp","href":"https:\/\/api.w.org\/{rel}","templated":true}]}}