{"id":10921,"date":"2025-01-15T09:12:01","date_gmt":"2025-01-15T08:12:01","guid":{"rendered":"https:\/\/serveiseducatius.xtec.cat\/cda-monestirs\/?page_id=10921"},"modified":"2025-04-30T10:29:03","modified_gmt":"2025-04-30T08:29:03","slug":"activitats-de-l-cister-i-el-mon-medieval","status":"publish","type":"page","link":"https:\/\/serveiseducatius.xtec.cat\/cda-monestirs\/totes-les-activitats\/activitats-de-l-cister-i-el-mon-medieval\/","title":{"rendered":"ACTIVITATS DEL CISTER I EL M\u00d3N MEDIEVAL"},"content":{"rendered":"<table style=\"border-collapse: collapse; width: 100%;\">\n<tbody>\n<tr>\n<td style=\"width: 33.3333%;\" colspan=\"3\">EDUCACI\u00d3 PRIM\u00c0RIA<\/td>\n<\/tr>\n<tr>\n<td style=\"width: 33.3333%;\"><a href=\"https:\/\/serveiseducatius.xtec.cat\/cda-monestirs\/totes-les-activitats\/activitats-de-l-cister-i-el-mon-medieval\/la-dona-i-lordre-del-cister-vallbona\/\"><img loading=\"lazy\" decoding=\"async\" class=\"wp-image-11079 alignleft\" src=\"https:\/\/serveiseducatius.xtec.cat\/cda-monestirs\/wp-content\/uploads\/usu1380\/2025\/03\/cartells-nodes-4-1-1024x726.jpg\" alt=\"\" width=\"327\" height=\"232\" srcset=\"https:\/\/serveiseducatius.xtec.cat\/cda-monestirs\/wp-content\/uploads\/usu1380\/2025\/03\/cartells-nodes-4-1-1024x726.jpg 1024w, https:\/\/serveiseducatius.xtec.cat\/cda-monestirs\/wp-content\/uploads\/usu1380\/2025\/03\/cartells-nodes-4-1-300x213.jpg 300w, https:\/\/serveiseducatius.xtec.cat\/cda-monestirs\/wp-content\/uploads\/usu1380\/2025\/03\/cartells-nodes-4-1-768x545.jpg 768w, https:\/\/serveiseducatius.xtec.cat\/cda-monestirs\/wp-content\/uploads\/usu1380\/2025\/03\/cartells-nodes-4-1-1536x1090.jpg 1536w, https:\/\/serveiseducatius.xtec.cat\/cda-monestirs\/wp-content\/uploads\/usu1380\/2025\/03\/cartells-nodes-4-1.jpg 1748w\" sizes=\"auto, (max-width: 327px) 100vw, 327px\" \/><\/a><\/td>\n<td style=\"width: 33.3333%;\"><a href=\"https:\/\/serveiseducatius.xtec.cat\/cda-monestirs\/totes-les-activitats\/activitats-de-l-cister-i-el-mon-medieval\/poblet-un-monestir-cistercenc\/\" target=\"_blank\" rel=\"noopener\"><img loading=\"lazy\" decoding=\"async\" class=\"wp-image-10934 alignleft\" src=\"https:\/\/serveiseducatius.xtec.cat\/cda-monestirs\/wp-content\/uploads\/usu1380\/2025\/01\/Monestir-de-Vallbona-de-les-monges-3-1024x726.jpg\" alt=\"\" width=\"334\" height=\"237\" srcset=\"https:\/\/serveiseducatius.xtec.cat\/cda-monestirs\/wp-content\/uploads\/usu1380\/2025\/01\/Monestir-de-Vallbona-de-les-monges-3-1024x726.jpg 1024w, https:\/\/serveiseducatius.xtec.cat\/cda-monestirs\/wp-content\/uploads\/usu1380\/2025\/01\/Monestir-de-Vallbona-de-les-monges-3-300x213.jpg 300w, https:\/\/serveiseducatius.xtec.cat\/cda-monestirs\/wp-content\/uploads\/usu1380\/2025\/01\/Monestir-de-Vallbona-de-les-monges-3-768x545.jpg 768w, https:\/\/serveiseducatius.xtec.cat\/cda-monestirs\/wp-content\/uploads\/usu1380\/2025\/01\/Monestir-de-Vallbona-de-les-monges-3-1536x1090.jpg 1536w, https:\/\/serveiseducatius.xtec.cat\/cda-monestirs\/wp-content\/uploads\/usu1380\/2025\/01\/Monestir-de-Vallbona-de-les-monges-3.jpg 1748w\" sizes=\"auto, (max-width: 334px) 100vw, 334px\" \/><\/a><\/td>\n<td style=\"width: 33.3333%;\"><a href=\"https:\/\/serveiseducatius.xtec.cat\/cda-monestirs\/totes-les-activitats\/activitats-de-l-cister-i-el-mon-medieval\/santes-creus-un-monestir-cistercenc\/\"><img loading=\"lazy\" decoding=\"async\" class=\"wp-image-10935 alignleft\" src=\"https:\/\/serveiseducatius.xtec.cat\/cda-monestirs\/wp-content\/uploads\/usu1380\/2025\/01\/Monestir-de-Vallbona-de-les-monges-2-1024x726.jpg\" alt=\"\" width=\"330\" height=\"234\" srcset=\"https:\/\/serveiseducatius.xtec.cat\/cda-monestirs\/wp-content\/uploads\/usu1380\/2025\/01\/Monestir-de-Vallbona-de-les-monges-2-1024x726.jpg 1024w, https:\/\/serveiseducatius.xtec.cat\/cda-monestirs\/wp-content\/uploads\/usu1380\/2025\/01\/Monestir-de-Vallbona-de-les-monges-2-300x213.jpg 300w, https:\/\/serveiseducatius.xtec.cat\/cda-monestirs\/wp-content\/uploads\/usu1380\/2025\/01\/Monestir-de-Vallbona-de-les-monges-2-768x545.jpg 768w, https:\/\/serveiseducatius.xtec.cat\/cda-monestirs\/wp-content\/uploads\/usu1380\/2025\/01\/Monestir-de-Vallbona-de-les-monges-2-1536x1090.jpg 1536w, https:\/\/serveiseducatius.xtec.cat\/cda-monestirs\/wp-content\/uploads\/usu1380\/2025\/01\/Monestir-de-Vallbona-de-les-monges-2.jpg 1748w\" sizes=\"auto, (max-width: 330px) 100vw, 330px\" \/><\/a><\/td>\n<\/tr>\n<tr>\n<td style=\"width: 33.3333%;\"><a href=\"https:\/\/serveiseducatius.xtec.cat\/cda-monestirs\/totes-les-activitats\/activitats-de-l-cister-i-el-mon-medieval\/montblanc-una-vila-medieval\/\"><img loading=\"lazy\" decoding=\"async\" class=\"wp-image-10938 alignleft\" src=\"https:\/\/serveiseducatius.xtec.cat\/cda-monestirs\/wp-content\/uploads\/usu1380\/2025\/01\/4-1024x726.jpg\" alt=\"\" width=\"328\" height=\"233\" srcset=\"https:\/\/serveiseducatius.xtec.cat\/cda-monestirs\/wp-content\/uploads\/usu1380\/2025\/01\/4-1024x726.jpg 1024w, https:\/\/serveiseducatius.xtec.cat\/cda-monestirs\/wp-content\/uploads\/usu1380\/2025\/01\/4-300x213.jpg 300w, https:\/\/serveiseducatius.xtec.cat\/cda-monestirs\/wp-content\/uploads\/usu1380\/2025\/01\/4-768x545.jpg 768w, https:\/\/serveiseducatius.xtec.cat\/cda-monestirs\/wp-content\/uploads\/usu1380\/2025\/01\/4-1536x1090.jpg 1536w, https:\/\/serveiseducatius.xtec.cat\/cda-monestirs\/wp-content\/uploads\/usu1380\/2025\/01\/4.jpg 1748w\" sizes=\"auto, (max-width: 328px) 100vw, 328px\" \/><\/a><\/td>\n<td style=\"width: 33.3333%;\"><a href=\"https:\/\/serveiseducatius.xtec.cat\/cda-monestirs\/totes-les-activitats\/activitats-de-l-cister-i-el-mon-medieval\/lespluga-de-francoli-una-vila-medieval\/\"><img loading=\"lazy\" decoding=\"async\" class=\"wp-image-10937 alignleft\" src=\"https:\/\/serveiseducatius.xtec.cat\/cda-monestirs\/wp-content\/uploads\/usu1380\/2025\/01\/5-1024x726.jpg\" alt=\"\" width=\"330\" height=\"234\" srcset=\"https:\/\/serveiseducatius.xtec.cat\/cda-monestirs\/wp-content\/uploads\/usu1380\/2025\/01\/5-1024x726.jpg 1024w, https:\/\/serveiseducatius.xtec.cat\/cda-monestirs\/wp-content\/uploads\/usu1380\/2025\/01\/5-300x213.jpg 300w, https:\/\/serveiseducatius.xtec.cat\/cda-monestirs\/wp-content\/uploads\/usu1380\/2025\/01\/5-768x545.jpg 768w, https:\/\/serveiseducatius.xtec.cat\/cda-monestirs\/wp-content\/uploads\/usu1380\/2025\/01\/5-1536x1090.jpg 1536w, https:\/\/serveiseducatius.xtec.cat\/cda-monestirs\/wp-content\/uploads\/usu1380\/2025\/01\/5.jpg 1748w\" sizes=\"auto, (max-width: 330px) 100vw, 330px\" \/><\/a><\/td>\n<td style=\"width: 33.3333%;\"><a href=\"https:\/\/serveiseducatius.xtec.cat\/cda-monestirs\/totes-les-activitats\/activitats-de-l-cister-i-el-mon-medieval\/escriptura-medieval\/\"><img loading=\"lazy\" decoding=\"async\" class=\"size-large wp-image-11306 alignleft\" src=\"https:\/\/serveiseducatius.xtec.cat\/cda-monestirs\/wp-content\/uploads\/usu1380\/2025\/04\/cartells-nodes-9-1024x726.jpg\" alt=\"\" width=\"1024\" height=\"726\" srcset=\"https:\/\/serveiseducatius.xtec.cat\/cda-monestirs\/wp-content\/uploads\/usu1380\/2025\/04\/cartells-nodes-9-1024x726.jpg 1024w, https:\/\/serveiseducatius.xtec.cat\/cda-monestirs\/wp-content\/uploads\/usu1380\/2025\/04\/cartells-nodes-9-300x213.jpg 300w, https:\/\/serveiseducatius.xtec.cat\/cda-monestirs\/wp-content\/uploads\/usu1380\/2025\/04\/cartells-nodes-9-768x545.jpg 768w, https:\/\/serveiseducatius.xtec.cat\/cda-monestirs\/wp-content\/uploads\/usu1380\/2025\/04\/cartells-nodes-9-1536x1090.jpg 1536w, https:\/\/serveiseducatius.xtec.cat\/cda-monestirs\/wp-content\/uploads\/usu1380\/2025\/04\/cartells-nodes-9.jpg 1748w\" sizes=\"auto, (max-width: 1024px) 100vw, 1024px\" \/><\/a><\/td>\n<\/tr>\n<tr>\n<td style=\"width: 33.3333%;\"><a href=\"https:\/\/serveiseducatius.xtec.cat\/cda-monestirs\/totes-les-activitats\/activitats-de-l-cister-i-el-mon-medieval\/jocs-medievals\/\"><img loading=\"lazy\" decoding=\"async\" class=\"alignnone wp-image-10940\" src=\"https:\/\/serveiseducatius.xtec.cat\/cda-monestirs\/wp-content\/uploads\/usu1380\/2025\/01\/6-1024x726.jpg\" alt=\"\" width=\"336\" height=\"238\" srcset=\"https:\/\/serveiseducatius.xtec.cat\/cda-monestirs\/wp-content\/uploads\/usu1380\/2025\/01\/6-1024x726.jpg 1024w, https:\/\/serveiseducatius.xtec.cat\/cda-monestirs\/wp-content\/uploads\/usu1380\/2025\/01\/6-300x213.jpg 300w, https:\/\/serveiseducatius.xtec.cat\/cda-monestirs\/wp-content\/uploads\/usu1380\/2025\/01\/6-768x545.jpg 768w, https:\/\/serveiseducatius.xtec.cat\/cda-monestirs\/wp-content\/uploads\/usu1380\/2025\/01\/6-1536x1090.jpg 1536w, https:\/\/serveiseducatius.xtec.cat\/cda-monestirs\/wp-content\/uploads\/usu1380\/2025\/01\/6.jpg 1748w\" sizes=\"auto, (max-width: 336px) 100vw, 336px\" \/><\/a><\/td>\n<td style=\"width: 33.3333%;\"><a href=\"https:\/\/serveiseducatius.xtec.cat\/cda-monestirs\/totes-les-activitats\/activitats-de-l-cister-i-el-mon-medieval\/taller-de-musica-i-danses-medievals\/\"><img loading=\"lazy\" decoding=\"async\" class=\"alignnone wp-image-10941\" src=\"https:\/\/serveiseducatius.xtec.cat\/cda-monestirs\/wp-content\/uploads\/usu1380\/2025\/01\/7-1024x726.jpg\" alt=\"\" width=\"313\" height=\"222\" srcset=\"https:\/\/serveiseducatius.xtec.cat\/cda-monestirs\/wp-content\/uploads\/usu1380\/2025\/01\/7-1024x726.jpg 1024w, https:\/\/serveiseducatius.xtec.cat\/cda-monestirs\/wp-content\/uploads\/usu1380\/2025\/01\/7-300x213.jpg 300w, https:\/\/serveiseducatius.xtec.cat\/cda-monestirs\/wp-content\/uploads\/usu1380\/2025\/01\/7-768x545.jpg 768w, https:\/\/serveiseducatius.xtec.cat\/cda-monestirs\/wp-content\/uploads\/usu1380\/2025\/01\/7-1536x1090.jpg 1536w, https:\/\/serveiseducatius.xtec.cat\/cda-monestirs\/wp-content\/uploads\/usu1380\/2025\/01\/7.jpg 1748w\" sizes=\"auto, (max-width: 313px) 100vw, 313px\" \/><\/a><\/td>\n<td style=\"width: 33.3333%;\"><\/td>\n<\/tr>\n<tr>\n<td style=\"width: 33.3333%;\" colspan=\"3\">EDUCACI\u00d3 SECUND\u00c0RIA<\/td>\n<\/tr>\n<tr>\n<td style=\"width: 33.3333%;\"><a href=\"https:\/\/serveiseducatius.xtec.cat\/cda-monestirs\/totes-les-activitats\/activitats-de-l-cister-i-el-mon-medieval\/la-dona-i-lordre-del-cister-vallbona\/\"><img loading=\"lazy\" decoding=\"async\" class=\"wp-image-11079 alignleft\" src=\"https:\/\/serveiseducatius.xtec.cat\/cda-monestirs\/wp-content\/uploads\/usu1380\/2025\/03\/cartells-nodes-4-1-1024x726.jpg\" alt=\"\" width=\"327\" height=\"232\" srcset=\"https:\/\/serveiseducatius.xtec.cat\/cda-monestirs\/wp-content\/uploads\/usu1380\/2025\/03\/cartells-nodes-4-1-1024x726.jpg 1024w, https:\/\/serveiseducatius.xtec.cat\/cda-monestirs\/wp-content\/uploads\/usu1380\/2025\/03\/cartells-nodes-4-1-300x213.jpg 300w, https:\/\/serveiseducatius.xtec.cat\/cda-monestirs\/wp-content\/uploads\/usu1380\/2025\/03\/cartells-nodes-4-1-768x545.jpg 768w, https:\/\/serveiseducatius.xtec.cat\/cda-monestirs\/wp-content\/uploads\/usu1380\/2025\/03\/cartells-nodes-4-1-1536x1090.jpg 1536w, https:\/\/serveiseducatius.xtec.cat\/cda-monestirs\/wp-content\/uploads\/usu1380\/2025\/03\/cartells-nodes-4-1.jpg 1748w\" sizes=\"auto, (max-width: 327px) 100vw, 327px\" \/><\/a><\/td>\n<td style=\"width: 33.3333%;\"><a href=\"https:\/\/serveiseducatius.xtec.cat\/cda-monestirs\/totes-les-activitats\/activitats-de-l-cister-i-el-mon-medieval\/poblet-un-monestir-cistercenc\/\" target=\"_blank\" rel=\"noopener\"><img loading=\"lazy\" decoding=\"async\" class=\"wp-image-10934 alignleft\" src=\"https:\/\/serveiseducatius.xtec.cat\/cda-monestirs\/wp-content\/uploads\/usu1380\/2025\/01\/Monestir-de-Vallbona-de-les-monges-3-1024x726.jpg\" alt=\"\" width=\"334\" height=\"237\" srcset=\"https:\/\/serveiseducatius.xtec.cat\/cda-monestirs\/wp-content\/uploads\/usu1380\/2025\/01\/Monestir-de-Vallbona-de-les-monges-3-1024x726.jpg 1024w, https:\/\/serveiseducatius.xtec.cat\/cda-monestirs\/wp-content\/uploads\/usu1380\/2025\/01\/Monestir-de-Vallbona-de-les-monges-3-300x213.jpg 300w, https:\/\/serveiseducatius.xtec.cat\/cda-monestirs\/wp-content\/uploads\/usu1380\/2025\/01\/Monestir-de-Vallbona-de-les-monges-3-768x545.jpg 768w, https:\/\/serveiseducatius.xtec.cat\/cda-monestirs\/wp-content\/uploads\/usu1380\/2025\/01\/Monestir-de-Vallbona-de-les-monges-3-1536x1090.jpg 1536w, https:\/\/serveiseducatius.xtec.cat\/cda-monestirs\/wp-content\/uploads\/usu1380\/2025\/01\/Monestir-de-Vallbona-de-les-monges-3.jpg 1748w\" sizes=\"auto, (max-width: 334px) 100vw, 334px\" \/><\/a><\/td>\n<td style=\"width: 33.3333%;\"><a href=\"https:\/\/serveiseducatius.xtec.cat\/cda-monestirs\/totes-les-activitats\/activitats-de-l-cister-i-el-mon-medieval\/santes-creus-un-monestir-cistercenc\/\"><img loading=\"lazy\" decoding=\"async\" class=\"wp-image-10935 alignleft\" src=\"https:\/\/serveiseducatius.xtec.cat\/cda-monestirs\/wp-content\/uploads\/usu1380\/2025\/01\/Monestir-de-Vallbona-de-les-monges-2-1024x726.jpg\" alt=\"\" width=\"330\" height=\"234\" srcset=\"https:\/\/serveiseducatius.xtec.cat\/cda-monestirs\/wp-content\/uploads\/usu1380\/2025\/01\/Monestir-de-Vallbona-de-les-monges-2-1024x726.jpg 1024w, https:\/\/serveiseducatius.xtec.cat\/cda-monestirs\/wp-content\/uploads\/usu1380\/2025\/01\/Monestir-de-Vallbona-de-les-monges-2-300x213.jpg 300w, https:\/\/serveiseducatius.xtec.cat\/cda-monestirs\/wp-content\/uploads\/usu1380\/2025\/01\/Monestir-de-Vallbona-de-les-monges-2-768x545.jpg 768w, https:\/\/serveiseducatius.xtec.cat\/cda-monestirs\/wp-content\/uploads\/usu1380\/2025\/01\/Monestir-de-Vallbona-de-les-monges-2-1536x1090.jpg 1536w, https:\/\/serveiseducatius.xtec.cat\/cda-monestirs\/wp-content\/uploads\/usu1380\/2025\/01\/Monestir-de-Vallbona-de-les-monges-2.jpg 1748w\" sizes=\"auto, (max-width: 330px) 100vw, 330px\" \/><\/a><\/td>\n<\/tr>\n<tr>\n<td style=\"width: 33.3333%;\"><a href=\"https:\/\/serveiseducatius.xtec.cat\/cda-monestirs\/totes-les-activitats\/activitats-de-l-cister-i-el-mon-medieval\/montblanc-una-vila-medieval\/\"><img loading=\"lazy\" decoding=\"async\" class=\"wp-image-10938 alignleft\" src=\"https:\/\/serveiseducatius.xtec.cat\/cda-monestirs\/wp-content\/uploads\/usu1380\/2025\/01\/4-1024x726.jpg\" alt=\"\" width=\"328\" height=\"233\" srcset=\"https:\/\/serveiseducatius.xtec.cat\/cda-monestirs\/wp-content\/uploads\/usu1380\/2025\/01\/4-1024x726.jpg 1024w, https:\/\/serveiseducatius.xtec.cat\/cda-monestirs\/wp-content\/uploads\/usu1380\/2025\/01\/4-300x213.jpg 300w, https:\/\/serveiseducatius.xtec.cat\/cda-monestirs\/wp-content\/uploads\/usu1380\/2025\/01\/4-768x545.jpg 768w, https:\/\/serveiseducatius.xtec.cat\/cda-monestirs\/wp-content\/uploads\/usu1380\/2025\/01\/4-1536x1090.jpg 1536w, https:\/\/serveiseducatius.xtec.cat\/cda-monestirs\/wp-content\/uploads\/usu1380\/2025\/01\/4.jpg 1748w\" sizes=\"auto, (max-width: 328px) 100vw, 328px\" \/><\/a><\/td>\n<td style=\"width: 33.3333%;\"><a href=\"https:\/\/serveiseducatius.xtec.cat\/cda-monestirs\/totes-les-activitats\/activitats-de-l-cister-i-el-mon-medieval\/lespluga-de-francoli-una-vila-medieval\/\"><img loading=\"lazy\" decoding=\"async\" class=\"wp-image-10937 alignleft\" src=\"https:\/\/serveiseducatius.xtec.cat\/cda-monestirs\/wp-content\/uploads\/usu1380\/2025\/01\/5-1024x726.jpg\" alt=\"\" width=\"330\" height=\"234\" srcset=\"https:\/\/serveiseducatius.xtec.cat\/cda-monestirs\/wp-content\/uploads\/usu1380\/2025\/01\/5-1024x726.jpg 1024w, https:\/\/serveiseducatius.xtec.cat\/cda-monestirs\/wp-content\/uploads\/usu1380\/2025\/01\/5-300x213.jpg 300w, https:\/\/serveiseducatius.xtec.cat\/cda-monestirs\/wp-content\/uploads\/usu1380\/2025\/01\/5-768x545.jpg 768w, https:\/\/serveiseducatius.xtec.cat\/cda-monestirs\/wp-content\/uploads\/usu1380\/2025\/01\/5-1536x1090.jpg 1536w, https:\/\/serveiseducatius.xtec.cat\/cda-monestirs\/wp-content\/uploads\/usu1380\/2025\/01\/5.jpg 1748w\" sizes=\"auto, (max-width: 330px) 100vw, 330px\" \/><\/a><\/td>\n<td style=\"width: 33.3333%;\"><\/td>\n<\/tr>\n<\/tbody>\n<\/table>\n<p>&nbsp;<\/p>\n","protected":false},"excerpt":{"rendered":"<p>EDUCACI\u00d3 PRIM\u00c0RIA EDUCACI\u00d3 SECUND\u00c0RIA &nbsp;<\/p>\n","protected":false},"author":1,"featured_media":0,"parent":8199,"menu_order":1,"comment_status":"closed","ping_status":"closed","template":"","meta":{"_bbp_topic_count":0,"_bbp_reply_count":0,"_bbp_total_topic_count":0,"_bbp_total_reply_count":0,"_bbp_voice_count":0,"_bbp_anonymous_reply_count":0,"_bbp_topic_count_hidden":0,"_bbp_reply_count_hidden":0,"_bbp_forum_subforum_count":0,"site-sidebar-layout":"left-sidebar","site-content-layout":"","ast-site-content-layout":"default","site-content-style":"default","site-sidebar-style":"default","ast-global-header-display":"","ast-banner-title-visibility":"","ast-main-header-display":"","ast-hfb-above-header-display":"","ast-hfb-below-header-display":"","ast-hfb-mobile-header-display":"","site-post-title":"","ast-breadcrumbs-content":"","ast-featured-img":"","footer-sml-layout":"","theme-transparent-header-meta":"default","adv-header-id-meta":"","stick-header-meta":"","header-above-stick-meta":"","header-main-stick-meta":"","header-below-stick-meta":"","astra-migrate-meta-layouts":"set","ast-page-background-enabled":"default","ast-page-background-meta":{"desktop":{"background-color":"var(--ast-global-color-4)","background-image":"","background-repeat":"repeat","background-position":"center center","background-size":"auto","background-attachment":"scroll","background-type":"","background-media":"","overlay-type":"","overlay-color":"","overlay-opacity":"","overlay-gradient":""},"tablet":{"background-color":"","background-image":"","background-repeat":"repeat","background-position":"center center","background-size":"auto","background-attachment":"scroll","background-type":"","background-media":"","overlay-type":"","overlay-color":"","overlay-opacity":"","overlay-gradient":""},"mobile":{"background-color":"","background-image":"","background-repeat":"repeat","background-position":"center center","background-size":"auto","background-attachment":"scroll","background-type":"","background-media":"","overlay-type":"","overlay-color":"","overlay-opacity":"","overlay-gradient":""}},"ast-content-background-meta":{"desktop":{"background-color":"var(--ast-global-color-5)","background-image":"","background-repeat":"repeat","background-position":"center center","background-size":"auto","background-attachment":"scroll","background-type":"","background-media":"","overlay-type":"","overlay-color":"","overlay-opacity":"","overlay-gradient":""},"tablet":{"background-color":"var(--ast-global-color-5)","background-image":"","background-repeat":"repeat","background-position":"center center","background-size":"auto","background-attachment":"scroll","background-type":"","background-media":"","overlay-type":"","overlay-color":"","overlay-opacity":"","overlay-gradient":""},"mobile":{"background-color":"var(--ast-global-color-5)","background-image":"","background-repeat":"repeat","background-position":"center center","background-size":"auto","background-attachment":"scroll","background-type":"","background-media":"","overlay-type":"","overlay-color":"","overlay-opacity":"","overlay-gradient":""}},"footnotes":""},"class_list":["post-10921","page","type-page","status-publish","hentry"],"post_mailing_queue_ids":[],"_links":{"self":[{"href":"https:\/\/serveiseducatius.xtec.cat\/cda-monestirs\/wp-json\/wp\/v2\/pages\/10921","targetHints":{"allow":["GET"]}}],"collection":[{"href":"https:\/\/serveiseducatius.xtec.cat\/cda-monestirs\/wp-json\/wp\/v2\/pages"}],"about":[{"href":"https:\/\/serveiseducatius.xtec.cat\/cda-monestirs\/wp-json\/wp\/v2\/types\/page"}],"author":[{"embeddable":true,"href":"https:\/\/serveiseducatius.xtec.cat\/cda-monestirs\/wp-json\/wp\/v2\/users\/1"}],"replies":[{"embeddable":true,"href":"https:\/\/serveiseducatius.xtec.cat\/cda-monestirs\/wp-json\/wp\/v2\/comments?post=10921"}],"version-history":[{"count":7,"href":"https:\/\/serveiseducatius.xtec.cat\/cda-monestirs\/wp-json\/wp\/v2\/pages\/10921\/revisions"}],"predecessor-version":[{"id":11308,"href":"https:\/\/serveiseducatius.xtec.cat\/cda-monestirs\/wp-json\/wp\/v2\/pages\/10921\/revisions\/11308"}],"up":[{"embeddable":true,"href":"https:\/\/serveiseducatius.xtec.cat\/cda-monestirs\/wp-json\/wp\/v2\/pages\/8199"}],"wp:attachment":[{"href":"https:\/\/serveiseducatius.xtec.cat\/cda-monestirs\/wp-json\/wp\/v2\/media?parent=10921"}],"curies":[{"name":"wp","href":"https:\/\/api.w.org\/{rel}","templated":true}]}}