{"id":10845,"date":"2024-09-23T18:56:44","date_gmt":"2024-09-23T16:56:44","guid":{"rendered":"https:\/\/serveiseducatius.xtec.cat\/cda-monestirs\/?page_id=10845"},"modified":"2025-12-16T14:43:49","modified_gmt":"2025-12-16T13:43:49","slug":"moment-3-treball-posterior","status":"publish","type":"page","link":"https:\/\/serveiseducatius.xtec.cat\/cda-monestirs\/amb-els-centres\/moment-3-treball-posterior\/","title":{"rendered":"MOMENT 3: Treball posterior"},"content":{"rendered":"<p><a href=\"https:\/\/serveiseducatius.xtec.cat\/cda-monestirs\/wp-content\/uploads\/usu1380\/2025\/12\/Cartel-Vertical-Fiesta-De-La-Castanyada-Minimalista-Marron.jpg\"><img loading=\"lazy\" decoding=\"async\" class=\" wp-image-11412 alignleft\" src=\"https:\/\/serveiseducatius.xtec.cat\/cda-monestirs\/wp-content\/uploads\/usu1380\/2025\/12\/Cartel-Vertical-Fiesta-De-La-Castanyada-Minimalista-Marron-724x1024.jpg\" alt=\"\" width=\"190\" height=\"269\" srcset=\"https:\/\/serveiseducatius.xtec.cat\/cda-monestirs\/wp-content\/uploads\/usu1380\/2025\/12\/Cartel-Vertical-Fiesta-De-La-Castanyada-Minimalista-Marron-724x1024.jpg 724w, https:\/\/serveiseducatius.xtec.cat\/cda-monestirs\/wp-content\/uploads\/usu1380\/2025\/12\/Cartel-Vertical-Fiesta-De-La-Castanyada-Minimalista-Marron-212x300.jpg 212w, https:\/\/serveiseducatius.xtec.cat\/cda-monestirs\/wp-content\/uploads\/usu1380\/2025\/12\/Cartel-Vertical-Fiesta-De-La-Castanyada-Minimalista-Marron-768x1086.jpg 768w, https:\/\/serveiseducatius.xtec.cat\/cda-monestirs\/wp-content\/uploads\/usu1380\/2025\/12\/Cartel-Vertical-Fiesta-De-La-Castanyada-Minimalista-Marron-1086x1536.jpg 1086w, https:\/\/serveiseducatius.xtec.cat\/cda-monestirs\/wp-content\/uploads\/usu1380\/2025\/12\/Cartel-Vertical-Fiesta-De-La-Castanyada-Minimalista-Marron-1448x2048.jpg 1448w, https:\/\/serveiseducatius.xtec.cat\/cda-monestirs\/wp-content\/uploads\/usu1380\/2025\/12\/Cartel-Vertical-Fiesta-De-La-Castanyada-Minimalista-Marron.jpg 1587w\" sizes=\"auto, (max-width: 190px) 100vw, 190px\" \/><\/a><\/p>\n<p>&nbsp;<\/p>\n<p>Un cop finalitzada l&#8217;activitat \u00e9s aconsellable consolidar els coneixements, experi\u00e8ncies i impressions adquirits al camp. Una forma molt bonica \u00e9s preparar un treball que impliqui l&#8217;alumnat (o part d&#8217;aquest) que ha visitat el CdA.<\/p>\n<p>Tots els treballs, fruit d&#8217;aquest moment posterior, es poden presentar al concurs SUMA&#8217;T AL CISTER.<\/p>\n<p>Consulteu les bases <a href=\"https:\/\/drive.google.com\/file\/d\/1Zk4yZhI6zWF3lFI_NrJW-6Xj3t5oy_Pe\/view?usp=sharing\">aqu\u00ed<\/a>.<\/p>\n<p>&nbsp;<\/p>\n","protected":false},"excerpt":{"rendered":"<p>&nbsp; Un cop finalitzada l&#8217;activitat \u00e9s aconsellable consolidar els coneixements, experi\u00e8ncies i impressions adquirits al camp. Una forma molt bonica [&hellip;]<\/p>\n","protected":false},"author":1,"featured_media":0,"parent":8272,"menu_order":3,"comment_status":"closed","ping_status":"closed","template":"","meta":{"_bbp_topic_count":0,"_bbp_reply_count":0,"_bbp_total_topic_count":0,"_bbp_total_reply_count":0,"_bbp_voice_count":0,"_bbp_anonymous_reply_count":0,"_bbp_topic_count_hidden":0,"_bbp_reply_count_hidden":0,"_bbp_forum_subforum_count":0,"site-sidebar-layout":"default","site-content-layout":"","ast-site-content-layout":"default","site-content-style":"default","site-sidebar-style":"default","ast-global-header-display":"","ast-banner-title-visibility":"","ast-main-header-display":"","ast-hfb-above-header-display":"","ast-hfb-below-header-display":"","ast-hfb-mobile-header-display":"","site-post-title":"","ast-breadcrumbs-content":"","ast-featured-img":"","footer-sml-layout":"","theme-transparent-header-meta":"default","adv-header-id-meta":"","stick-header-meta":"","header-above-stick-meta":"","header-main-stick-meta":"","header-below-stick-meta":"","astra-migrate-meta-layouts":"set","ast-page-background-enabled":"default","ast-page-background-meta":{"desktop":{"background-color":"var(--ast-global-color-4)","background-image":"","background-repeat":"repeat","background-position":"center center","background-size":"auto","background-attachment":"scroll","background-type":"","background-media":"","overlay-type":"","overlay-color":"","overlay-opacity":"","overlay-gradient":""},"tablet":{"background-color":"","background-image":"","background-repeat":"repeat","background-position":"center center","background-size":"auto","background-attachment":"scroll","background-type":"","background-media":"","overlay-type":"","overlay-color":"","overlay-opacity":"","overlay-gradient":""},"mobile":{"background-color":"","background-image":"","background-repeat":"repeat","background-position":"center center","background-size":"auto","background-attachment":"scroll","background-type":"","background-media":"","overlay-type":"","overlay-color":"","overlay-opacity":"","overlay-gradient":""}},"ast-content-background-meta":{"desktop":{"background-color":"var(--ast-global-color-5)","background-image":"","background-repeat":"repeat","background-position":"center center","background-size":"auto","background-attachment":"scroll","background-type":"","background-media":"","overlay-type":"","overlay-color":"","overlay-opacity":"","overlay-gradient":""},"tablet":{"background-color":"var(--ast-global-color-5)","background-image":"","background-repeat":"repeat","background-position":"center center","background-size":"auto","background-attachment":"scroll","background-type":"","background-media":"","overlay-type":"","overlay-color":"","overlay-opacity":"","overlay-gradient":""},"mobile":{"background-color":"var(--ast-global-color-5)","background-image":"","background-repeat":"repeat","background-position":"center center","background-size":"auto","background-attachment":"scroll","background-type":"","background-media":"","overlay-type":"","overlay-color":"","overlay-opacity":"","overlay-gradient":""}},"footnotes":""},"class_list":["post-10845","page","type-page","status-publish","hentry"],"post_mailing_queue_ids":[],"_links":{"self":[{"href":"https:\/\/serveiseducatius.xtec.cat\/cda-monestirs\/wp-json\/wp\/v2\/pages\/10845","targetHints":{"allow":["GET"]}}],"collection":[{"href":"https:\/\/serveiseducatius.xtec.cat\/cda-monestirs\/wp-json\/wp\/v2\/pages"}],"about":[{"href":"https:\/\/serveiseducatius.xtec.cat\/cda-monestirs\/wp-json\/wp\/v2\/types\/page"}],"author":[{"embeddable":true,"href":"https:\/\/serveiseducatius.xtec.cat\/cda-monestirs\/wp-json\/wp\/v2\/users\/1"}],"replies":[{"embeddable":true,"href":"https:\/\/serveiseducatius.xtec.cat\/cda-monestirs\/wp-json\/wp\/v2\/comments?post=10845"}],"version-history":[{"count":6,"href":"https:\/\/serveiseducatius.xtec.cat\/cda-monestirs\/wp-json\/wp\/v2\/pages\/10845\/revisions"}],"predecessor-version":[{"id":11413,"href":"https:\/\/serveiseducatius.xtec.cat\/cda-monestirs\/wp-json\/wp\/v2\/pages\/10845\/revisions\/11413"}],"up":[{"embeddable":true,"href":"https:\/\/serveiseducatius.xtec.cat\/cda-monestirs\/wp-json\/wp\/v2\/pages\/8272"}],"wp:attachment":[{"href":"https:\/\/serveiseducatius.xtec.cat\/cda-monestirs\/wp-json\/wp\/v2\/media?parent=10845"}],"curies":[{"name":"wp","href":"https:\/\/api.w.org\/{rel}","templated":true}]}}