{"id":10839,"date":"2024-09-23T18:49:36","date_gmt":"2024-09-23T16:49:36","guid":{"rendered":"https:\/\/serveiseducatius.xtec.cat\/cda-monestirs\/?page_id=10839"},"modified":"2025-05-10T11:56:06","modified_gmt":"2025-05-10T09:56:06","slug":"moment-1-inscripcio-i-actuacions-previes","status":"publish","type":"page","link":"https:\/\/serveiseducatius.xtec.cat\/cda-monestirs\/amb-els-centres\/moment-1-inscripcio-i-actuacions-previes\/","title":{"rendered":"MOMENT 1: Inscripci\u00f3 i actuacions pr\u00e8vies"},"content":{"rendered":"<p>S&#8217;inicia amb l&#8217;elecci\u00f3 d&#8217;activitats per part dels centres. Es realitza amb l&#8217;aplicatiu CAMPS.<br \/>\nPer fer una bona tria els docents han de tenir en compte el projectes educatiu del propi centre i la previsi\u00f3 curricular per nivell.<\/p>\n<p>El calendari d&#8217;inscripcions es publica cada any abans del mes de maig i \u00e9s convenient respectar-ne els terminis i evitar inscripcions d&#8217;\u00faltim moment.<\/p>\n<p style=\"text-align: center;\"><a class=\"button normal\" style=\"padding: 1em; font-weight: 400; margin: 0.1em; color: white !important; background-color: #ff2a2a;\" href=\"https:\/\/drive.google.com\/file\/d\/1GsfDpbvynCw-Ny2Cnb9SXl8k3HZkDPEx\/view?usp=sharing\" target=\"_blank\" rel=\"noopener noreferrer\">COM FER SOL\u00b7LICITUD<\/a>\u00a0 \u00a0 \u00a0 \u00a0 \u00a0 <a class=\"button normal\" style=\"padding: 1em; font-weight: 400; margin: 0.1em; color: white !important; background-color: #ff2a2a;\" href=\"https:\/\/drive.google.com\/file\/d\/1sYI2j37kZdkrgbhNZlmB3vwW9ZQx2jK4\/view?usp=sharing\" target=\"_blank\" rel=\"noopener noreferrer\">COM OBTENIR FULL D&#8217;ACCEPTACI\u00d3<\/a><\/p>\n<p style=\"text-align: left;\">Un cop realitzades l&#8217;assignaci\u00f3 i acceptaci\u00f3 de dates i activitats, l&#8217;equip del CdA es posar\u00e0 en contacte amb cada centre per concertar una reuni\u00f3 de coordinaci\u00f3 pr\u00e8via amb la finalitat de preparar les estades i sortides. En aquestes trobades es concreten els continguts de les activitats, la seva seq\u00fcenciaci\u00f3 i es resolen els dubtes que puguin sorgir.<\/p>\n<p>Al final de cada reuni\u00f3 s\u2019acorda l\u2019enviament del material previ en format digital.<\/p>\n<p>Les trobades es distribueixen de la seg\u00fcent manera:<\/p>\n<p>a) Principis de setembre o final del curs anterior: els centres que venen al primer trimestre.<\/p>\n<p>b) A partir de finals del primer trimestre: centres que venen al segon trimestre.<\/p>\n<p>c) A partir de finals del segon trimestre: centres que venen al tercer trimestre.<\/p>\n<p>* Hi ha determinades activitats per a les quals l&#8217;equip docent fa un taller previ (dies o una setmana abans de l&#8217;activitat) i es despla\u00e7a al centre per realitzar la preparaci\u00f3.<\/p>\n<p>El preu de les sortides\/estades \u00e9s de 3\u20ac per alumne i dia. El dia de la sortida\/estada cal portar el certificat de bonificacions i exempcions. El podeu trobar en el seg\u00fcent bot\u00f3.<\/p>\n<p style=\"text-align: center;\"><a class=\"button normal\" style=\"padding: 1em; font-weight: 400; margin: 0.1em; color: white !important; background-color: #ff2a2a;\" href=\"https:\/\/drive.google.com\/file\/d\/1wnwHIELDXTOa8wR7jLF0NbKbiRrzP5pf\/view?usp=sharing\" target=\"_blank\" rel=\"noopener noreferrer\">CERTIFICAT DE BONIFICACIONS I EXEMPCIONS<\/a><\/p>\n","protected":false},"excerpt":{"rendered":"<p>S&#8217;inicia amb l&#8217;elecci\u00f3 d&#8217;activitats per part dels centres. Es realitza amb l&#8217;aplicatiu CAMPS. Per fer una bona tria els docents [&hellip;]<\/p>\n","protected":false},"author":1,"featured_media":0,"parent":8272,"menu_order":1,"comment_status":"closed","ping_status":"closed","template":"","meta":{"_bbp_topic_count":0,"_bbp_reply_count":0,"_bbp_total_topic_count":0,"_bbp_total_reply_count":0,"_bbp_voice_count":0,"_bbp_anonymous_reply_count":0,"_bbp_topic_count_hidden":0,"_bbp_reply_count_hidden":0,"_bbp_forum_subforum_count":0,"site-sidebar-layout":"default","site-content-layout":"","ast-site-content-layout":"default","site-content-style":"default","site-sidebar-style":"default","ast-global-header-display":"","ast-banner-title-visibility":"","ast-main-header-display":"","ast-hfb-above-header-display":"","ast-hfb-below-header-display":"","ast-hfb-mobile-header-display":"","site-post-title":"","ast-breadcrumbs-content":"","ast-featured-img":"","footer-sml-layout":"","theme-transparent-header-meta":"default","adv-header-id-meta":"","stick-header-meta":"","header-above-stick-meta":"","header-main-stick-meta":"","header-below-stick-meta":"","astra-migrate-meta-layouts":"set","ast-page-background-enabled":"default","ast-page-background-meta":{"desktop":{"background-color":"var(--ast-global-color-4)","background-image":"","background-repeat":"repeat","background-position":"center center","background-size":"auto","background-attachment":"scroll","background-type":"","background-media":"","overlay-type":"","overlay-color":"","overlay-opacity":"","overlay-gradient":""},"tablet":{"background-color":"","background-image":"","background-repeat":"repeat","background-position":"center center","background-size":"auto","background-attachment":"scroll","background-type":"","background-media":"","overlay-type":"","overlay-color":"","overlay-opacity":"","overlay-gradient":""},"mobile":{"background-color":"","background-image":"","background-repeat":"repeat","background-position":"center center","background-size":"auto","background-attachment":"scroll","background-type":"","background-media":"","overlay-type":"","overlay-color":"","overlay-opacity":"","overlay-gradient":""}},"ast-content-background-meta":{"desktop":{"background-color":"var(--ast-global-color-5)","background-image":"","background-repeat":"repeat","background-position":"center center","background-size":"auto","background-attachment":"scroll","background-type":"","background-media":"","overlay-type":"","overlay-color":"","overlay-opacity":"","overlay-gradient":""},"tablet":{"background-color":"var(--ast-global-color-5)","background-image":"","background-repeat":"repeat","background-position":"center center","background-size":"auto","background-attachment":"scroll","background-type":"","background-media":"","overlay-type":"","overlay-color":"","overlay-opacity":"","overlay-gradient":""},"mobile":{"background-color":"var(--ast-global-color-5)","background-image":"","background-repeat":"repeat","background-position":"center center","background-size":"auto","background-attachment":"scroll","background-type":"","background-media":"","overlay-type":"","overlay-color":"","overlay-opacity":"","overlay-gradient":""}},"footnotes":""},"class_list":["post-10839","page","type-page","status-publish","hentry"],"post_mailing_queue_ids":[],"_links":{"self":[{"href":"https:\/\/serveiseducatius.xtec.cat\/cda-monestirs\/wp-json\/wp\/v2\/pages\/10839","targetHints":{"allow":["GET"]}}],"collection":[{"href":"https:\/\/serveiseducatius.xtec.cat\/cda-monestirs\/wp-json\/wp\/v2\/pages"}],"about":[{"href":"https:\/\/serveiseducatius.xtec.cat\/cda-monestirs\/wp-json\/wp\/v2\/types\/page"}],"author":[{"embeddable":true,"href":"https:\/\/serveiseducatius.xtec.cat\/cda-monestirs\/wp-json\/wp\/v2\/users\/1"}],"replies":[{"embeddable":true,"href":"https:\/\/serveiseducatius.xtec.cat\/cda-monestirs\/wp-json\/wp\/v2\/comments?post=10839"}],"version-history":[{"count":6,"href":"https:\/\/serveiseducatius.xtec.cat\/cda-monestirs\/wp-json\/wp\/v2\/pages\/10839\/revisions"}],"predecessor-version":[{"id":11351,"href":"https:\/\/serveiseducatius.xtec.cat\/cda-monestirs\/wp-json\/wp\/v2\/pages\/10839\/revisions\/11351"}],"up":[{"embeddable":true,"href":"https:\/\/serveiseducatius.xtec.cat\/cda-monestirs\/wp-json\/wp\/v2\/pages\/8272"}],"wp:attachment":[{"href":"https:\/\/serveiseducatius.xtec.cat\/cda-monestirs\/wp-json\/wp\/v2\/media?parent=10839"}],"curies":[{"name":"wp","href":"https:\/\/api.w.org\/{rel}","templated":true}]}}