{"id":9594,"date":"2020-07-10T17:10:43","date_gmt":"2020-07-10T15:10:43","guid":{"rendered":"http:\/\/serveiseducatius.xtec.cat\/cda-juneda\/?page_id=9594"},"modified":"2025-09-22T14:01:54","modified_gmt":"2025-09-22T12:01:54","slug":"mon-rural-i-sostenibilitat","status":"publish","type":"page","link":"https:\/\/serveiseducatius.xtec.cat\/cda-juneda\/sortides\/mon-rural-i-sostenibilitat\/","title":{"rendered":"M\u00f3n rural: un m\u00f3n sostenible?"},"content":{"rendered":"<h6>Dirigida a: Cicle superior i ESO<\/h6>\n<p>Descobrirem fins quin punt l&#8217;agricultura i la ramaderia, dues activitats econ\u00f2miques claus en l&#8217;ecosistema agr\u00edcola, poden ser considerades sostenibles amb l&#8217;entorn. Posant sobre la taula tots els factors perqu\u00e8 l&#8217;alumnat (com a agent consumidor) prengui una posici\u00f3 sobre el qu\u00e8 passa al seu entorn, treballarem al voltant de conceptes com ramaderia intensiva\/extensiva, productes locals o de proximitat, alimentaci\u00f3 ecol\u00f2gica.<\/p>\n<p>Teniu a la vostra disposici\u00f3 tota la informaci\u00f3 de la sortida en aquest<a href=\"https:\/\/serveiseducatius.xtec.cat\/cda-juneda\/wp-content\/uploads\/usu1381\/2025\/09\/Sortida_Mon-rural-un-mon-mes-sostenible.pdf\" target=\"_blank\" rel=\"noopener\">\u00a0<strong>PDF <\/strong><strong>descarregable<\/strong>.<\/a><\/p>\n<p>L&#8217;activitat &#8216;M\u00f3n rural: un m\u00f3n sostenible?&#8221; est\u00e0 pensada per una\u00a0<strong>r\u00e0tio m\u00e0xima de 60 alumnes<\/strong> i\u00a0est\u00e0 enfocada a Cicle Superior i ESO, es duu a terme al Camp d\u2019Aprenentatge de Juneda durant una jornada de mat\u00ed i segueix la seg\u00fcent estructura:<\/p>\n<p><img loading=\"lazy\" decoding=\"async\" class=\"wp-image-10687 aligncenter\" src=\"https:\/\/serveiseducatius.xtec.cat\/cda-juneda\/wp-content\/uploads\/usu1381\/2024\/05\/INFORMACIO-SORTIDES-3-e1715700828376.png\" alt=\"\" width=\"608\" height=\"771\" srcset=\"https:\/\/serveiseducatius.xtec.cat\/cda-juneda\/wp-content\/uploads\/usu1381\/2024\/05\/INFORMACIO-SORTIDES-3-e1715700828376.png 880w, https:\/\/serveiseducatius.xtec.cat\/cda-juneda\/wp-content\/uploads\/usu1381\/2024\/05\/INFORMACIO-SORTIDES-3-e1715700828376-237x300.png 237w, https:\/\/serveiseducatius.xtec.cat\/cda-juneda\/wp-content\/uploads\/usu1381\/2024\/05\/INFORMACIO-SORTIDES-3-e1715700828376-807x1024.png 807w, https:\/\/serveiseducatius.xtec.cat\/cda-juneda\/wp-content\/uploads\/usu1381\/2024\/05\/INFORMACIO-SORTIDES-3-e1715700828376-768x974.png 768w\" sizes=\"auto, (max-width: 608px) 100vw, 608px\" \/><\/p>\n<p>A continuaci\u00f3, podeu donar un cop d&#8217;ull a les activitats ofertes i saber de qu\u00e8 tracten, aix\u00ed com un document amb totes les seves refer\u00e8ncies a nivell curricular. Cada grup de treball (15 alumnes) far\u00e0 una de les seg\u00fcents activitats.<\/p>\n<p>\ud83d\udc13 <a href=\"https:\/\/serveiseducatius.xtec.cat\/cda-juneda\/estades\/granja\/\" target=\"_blank\" rel=\"noopener\">Taller de Ramaderia<\/a><br \/>\n\ud83c\udf3e <a href=\"https:\/\/serveiseducatius.xtec.cat\/cda-juneda\/estades\/ambit-cerealista\/\" target=\"_blank\" rel=\"noopener\">Taller de Forn<\/a><br \/>\n\ud83d\udc1d <a href=\"https:\/\/serveiseducatius.xtec.cat\/cda-juneda\/estades\/espai-apicola\/\" target=\"_blank\" rel=\"noopener\">Taller d&#8217;Apicultura<\/a><br \/>\n\ud83e\udd5b <a href=\"https:\/\/serveiseducatius.xtec.cat\/cda-juneda\/estades\/aliments\/\" target=\"_blank\" rel=\"noopener\">Taller de Transformaci\u00f3 d&#8217;Aliments<\/a><\/p>\n\r\n\t<div class=\"slideshow_container slideshow_container_style-light\" style=\"height: 300px; \" data-slideshow-id=\"10217\" data-style-name=\"style-light\" data-style-version=\"2.3.1\" >\r\n\r\n\t\t\t\t\t<div class=\"slideshow_loading_icon\"><\/div>\r\n\t\t\r\n\t\t<div class=\"slideshow_content\" style=\"display: none;\">\r\n\r\n\t\t\t<div class=\"slideshow_view\">\r\n\t\t\t\t<div class=\"slideshow_slide slideshow_slide_image\">\r\n\t\t\t\t\t\t\t\t\t\t\t<img src=\"https:\/\/serveiseducatius.xtec.cat\/cda-juneda\/wp-content\/uploads\/usu1381\/2024\/05\/Imatge-de-WhatsApp-2024-05-14-a-les-11.54.09_09413f58-1.jpg\" alt=\"poni\" width=\"2048\" height=\"1536\" \/>\r\n\t\t\t\t\t\t\t\t\t\t<div class=\"slideshow_description_box slideshow_transparent\">\r\n\t\t\t\t\t\t<div class=\"slideshow_title\">poni<\/div>\t\t\t\t\t\t\t\t\t\t\t<\/div>\r\n\t\t\t\t<\/div>\r\n\r\n\t\t\t\t\t\t\r\n\t\t\t\t<div class=\"slideshow_slide slideshow_slide_image\">\r\n\t\t\t\t\t\t\t\t\t\t\t<img src=\"https:\/\/serveiseducatius.xtec.cat\/cda-juneda\/wp-content\/uploads\/usu1381\/2024\/05\/IMG20240311185313.jpg\" alt=\"panets\" width=\"2312\" height=\"1734\" \/>\r\n\t\t\t\t\t\t\t\t\t\t<div class=\"slideshow_description_box slideshow_transparent\">\r\n\t\t\t\t\t\t<div class=\"slideshow_title\">panets<\/div>\t\t\t\t\t\t\t\t\t\t\t<\/div>\r\n\t\t\t\t<\/div>\r\n\r\n\t\t\t\t\t\t\r\n\t\t\t\t<div class=\"slideshow_slide slideshow_slide_image\">\r\n\t\t\t\t\t\t\t\t\t\t\t<img src=\"https:\/\/serveiseducatius.xtec.cat\/cda-juneda\/wp-content\/uploads\/usu1381\/2022\/03\/1647524637706.jpg\" alt=\"hivernacle\" width=\"1156\" height=\"650\" \/>\r\n\t\t\t\t\t\t\t\t\t\t<div class=\"slideshow_description_box slideshow_transparent\">\r\n\t\t\t\t\t\t<div class=\"slideshow_title\">hivernacle<\/div>\t\t\t\t\t\t\t\t\t\t\t<\/div>\r\n\t\t\t\t<\/div>\r\n\r\n\t\t\t\t\t\t<div style=\"clear: both;\"><\/div><\/div><div class=\"slideshow_view\">\r\n\t\t\t\t<div class=\"slideshow_slide slideshow_slide_image\">\r\n\t\t\t\t\t\t\t\t\t\t\t<img src=\"https:\/\/serveiseducatius.xtec.cat\/cda-juneda\/wp-content\/uploads\/usu1381\/2022\/06\/WhatsApp-Image-2022-06-14-at-09.35.05-3.jpeg\" alt=\"vaques\" width=\"1024\" height=\"576\" \/>\r\n\t\t\t\t\t\t\t\t\t\t<div class=\"slideshow_description_box slideshow_transparent\">\r\n\t\t\t\t\t\t<div class=\"slideshow_title\">vaques<\/div>\t\t\t\t\t\t\t\t\t\t\t<\/div>\r\n\t\t\t\t<\/div>\r\n\r\n\t\t\t\t\t\t\r\n\t\t\t\t<div class=\"slideshow_slide slideshow_slide_image\">\r\n\t\t\t\t\t\t\t\t\t\t\t<img src=\"https:\/\/serveiseducatius.xtec.cat\/cda-juneda\/wp-content\/uploads\/usu1381\/2024\/05\/IMG_20240322_144632.jpg\" alt=\"forn\" width=\"1689\" height=\"1183\" \/>\r\n\t\t\t\t\t\t\t\t\t\t<div class=\"slideshow_description_box slideshow_transparent\">\r\n\t\t\t\t\t\t<div class=\"slideshow_title\">forn<\/div>\t\t\t\t\t\t\t\t\t\t\t<\/div>\r\n\t\t\t\t<\/div>\r\n\r\n\t\t\t\t\t\t\r\n\t\t\t\t<div class=\"slideshow_slide slideshow_slide_image\">\r\n\t\t\t\t\t\t\t\t\t\t\t<img src=\"https:\/\/serveiseducatius.xtec.cat\/cda-juneda\/wp-content\/uploads\/usu1381\/2022\/06\/WhatsApp-Image-2022-06-14-at-09.33.59-1.jpeg\" alt=\"reg\" width=\"1600\" height=\"1200\" \/>\r\n\t\t\t\t\t\t\t\t\t\t<div class=\"slideshow_description_box slideshow_transparent\">\r\n\t\t\t\t\t\t<div class=\"slideshow_title\">reg<\/div>\t\t\t\t\t\t\t\t\t\t\t<\/div>\r\n\t\t\t\t<\/div>\r\n\r\n\t\t\t\t\t\t<div style=\"clear: both;\"><\/div><\/div><div class=\"slideshow_view\">\r\n\t\t\t\t<div class=\"slideshow_slide slideshow_slide_image\">\r\n\t\t\t\t\t\t\t\t\t\t\t<img src=\"https:\/\/serveiseducatius.xtec.cat\/cda-juneda\/wp-content\/uploads\/usu1381\/2024\/05\/Imatge-de-WhatsApp-2024-05-14-a-les-11.56.35_0ef75daf.jpg\" alt=\"leghorn\" width=\"2048\" height=\"1536\" \/>\r\n\t\t\t\t\t\t\t\t\t\t<div class=\"slideshow_description_box slideshow_transparent\">\r\n\t\t\t\t\t\t<div class=\"slideshow_title\">leghorn<\/div>\t\t\t\t\t\t\t\t\t\t\t<\/div>\r\n\t\t\t\t<\/div>\r\n\r\n\t\t\t\t\t\t\r\n\t\t\t\t<div class=\"slideshow_slide slideshow_slide_image\">\r\n\t\t\t\t\t\t\t\t\t\t\t<img src=\"https:\/\/serveiseducatius.xtec.cat\/cda-juneda\/wp-content\/uploads\/usu1381\/2024\/05\/CARABASSES.jpg\" alt=\"CARABASSES\" width=\"2048\" height=\"1536\" \/>\r\n\t\t\t\t\t\t\t\t\t\t<div class=\"slideshow_description_box slideshow_transparent\">\r\n\t\t\t\t\t\t<div class=\"slideshow_title\">CARABASSES<\/div>\t\t\t\t\t\t\t\t\t\t\t<\/div>\r\n\t\t\t\t<\/div>\r\n\r\n\t\t\t\t\t\t\r\n\t\t\t\t<div class=\"slideshow_slide slideshow_slide_image\">\r\n\t\t\t\t\t\t\t\t\t\t\t<img src=\"https:\/\/serveiseducatius.xtec.cat\/cda-juneda\/wp-content\/uploads\/usu1381\/2024\/05\/fermentacio.jpg\" alt=\"fermentacio\" width=\"2048\" height=\"1536\" \/>\r\n\t\t\t\t\t\t\t\t\t\t<div class=\"slideshow_description_box slideshow_transparent\">\r\n\t\t\t\t\t\t<div class=\"slideshow_title\">fermentacio<\/div>\t\t\t\t\t\t\t\t\t\t\t<\/div>\r\n\t\t\t\t<\/div>\r\n\r\n\t\t\t\t\t\t<div style=\"clear: both;\"><\/div><\/div><div class=\"slideshow_view\">\r\n\t\t\t\t<div class=\"slideshow_slide slideshow_slide_image\">\r\n\t\t\t\t\t\t\t\t\t\t\t<img src=\"https:\/\/serveiseducatius.xtec.cat\/cda-juneda\/wp-content\/uploads\/usu1381\/2022\/06\/WhatsApp-Image-2022-06-13-at-12.29.22-4.jpeg\" alt=\"TALLERS_desnatadora\" width=\"768\" height=\"1024\" \/>\r\n\t\t\t\t\t\t\t\t\t\t<div class=\"slideshow_description_box slideshow_transparent\">\r\n\t\t\t\t\t\t<div class=\"slideshow_title\">TALLERS_desnatadora<\/div>\t\t\t\t\t\t\t\t\t\t\t<\/div>\r\n\t\t\t\t<\/div>\r\n\r\n\t\t\t\t\t\t\r\n\t\t\t\t<div class=\"slideshow_slide slideshow_slide_image\">\r\n\t\t\t\t\t\t\t\t\t\t\t<img src=\"https:\/\/serveiseducatius.xtec.cat\/cda-juneda\/wp-content\/uploads\/usu1381\/2022\/06\/WhatsApp-Image-2022-06-16-at-14.26.122.jpeg\" alt=\"banc llavors\" width=\"1024\" height=\"768\" \/>\r\n\t\t\t\t\t\t\t\t\t\t<div class=\"slideshow_description_box slideshow_transparent\">\r\n\t\t\t\t\t\t<div class=\"slideshow_title\">banc llavors<\/div>\t\t\t\t\t\t\t\t\t\t\t<\/div>\r\n\t\t\t\t<\/div>\r\n\r\n\t\t\t\t\t\t\r\n\t\t\t\t<div class=\"slideshow_slide slideshow_slide_image\">\r\n\t\t\t\t\t\t\t\t\t\t\t<img src=\"https:\/\/serveiseducatius.xtec.cat\/cda-juneda\/wp-content\/uploads\/usu1381\/2024\/05\/Imatge-de-WhatsApp-2024-05-14-a-les-11.57.37_90ed5207.jpg\" alt=\"ovelles\" width=\"1300\" height=\"1693\" \/>\r\n\t\t\t\t\t\t\t\t\t\t<div class=\"slideshow_description_box slideshow_transparent\">\r\n\t\t\t\t\t\t<div class=\"slideshow_title\">ovelles<\/div>\t\t\t\t\t\t\t\t\t\t\t<\/div>\r\n\t\t\t\t<\/div>\r\n\r\n\t\t\t\t\t\t<div style=\"clear: both;\"><\/div><\/div><div class=\"slideshow_view\">\r\n\t\t\t\t<div class=\"slideshow_slide slideshow_slide_image\">\r\n\t\t\t\t\t\t\t\t\t\t\t<img src=\"https:\/\/serveiseducatius.xtec.cat\/cda-juneda\/wp-content\/uploads\/usu1381\/2024\/05\/faves.jpg\" alt=\"faves\" width=\"1829\" height=\"1500\" \/>\r\n\t\t\t\t\t\t\t\t\t\t<div class=\"slideshow_description_box slideshow_transparent\">\r\n\t\t\t\t\t\t<div class=\"slideshow_title\">faves<\/div>\t\t\t\t\t\t\t\t\t\t\t<\/div>\r\n\t\t\t\t<\/div>\r\n\r\n\t\t\t\t\t\t\r\n\t\t\t\t<div class=\"slideshow_slide slideshow_slide_image\">\r\n\t\t\t\t\t\t\t\t\t\t\t<img src=\"https:\/\/serveiseducatius.xtec.cat\/cda-juneda\/wp-content\/uploads\/usu1381\/2022\/03\/WhatsApp-Image-2022-03-05-at-13.08.57.jpeg\" alt=\"TALLERS_Forn\" width=\"1600\" height=\"1200\" \/>\r\n\t\t\t\t\t\t\t\t\t\t<div class=\"slideshow_description_box slideshow_transparent\">\r\n\t\t\t\t\t\t<div class=\"slideshow_title\">FORN_masses<\/div>\t\t\t\t\t\t\t\t\t\t\t<\/div>\r\n\t\t\t\t<\/div>\r\n\r\n\t\t\t\t\t\t\r\n\t\t\t\t<div class=\"slideshow_slide slideshow_slide_image\">\r\n\t\t\t\t\t\t\t\t\t\t\t<img src=\"https:\/\/serveiseducatius.xtec.cat\/cda-juneda\/wp-content\/uploads\/usu1381\/2022\/06\/WhatsApp-Image-2022-06-13-at-12.29.22.jpeg\" alt=\"TALLERS_Transformaci\u00f3\" width=\"768\" height=\"1024\" \/>\r\n\t\t\t\t\t\t\t\t\t\t<div class=\"slideshow_description_box slideshow_transparent\">\r\n\t\t\t\t\t\t<div class=\"slideshow_title\">TALLERS_Transformaci\u00f3<\/div>\t\t\t\t\t\t\t\t\t\t\t<\/div>\r\n\t\t\t\t<\/div>\r\n\r\n\t\t\t\t\t\t<div style=\"clear: both;\"><\/div><\/div>\r\n\t\t<\/div>\r\n\r\n\t\t<div class=\"slideshow_controlPanel slideshow_transparent\" style=\"display: none;\"><ul><li class=\"slideshow_togglePlay\" data-play-text=\"Visualitza\" data-pause-text=\"Pausa\"><\/li><\/ul><\/div>\r\n\r\n\t\t<div class=\"slideshow_button slideshow_previous slideshow_transparent\" role=\"button\" data-previous-text=\"Anterior\" style=\"display: none;\"><\/div>\r\n\t\t<div class=\"slideshow_button slideshow_next slideshow_transparent\" role=\"button\" data-next-text=\"Seg\u00fcent\" style=\"display: none;\"><\/div>\r\n\r\n\t\t<div class=\"slideshow_pagination\" style=\"display: none;\" data-go-to-text=\"V\u00e9s a la diapositiva\"><div class=\"slideshow_pagination_center\"><\/div><\/div>\r\n\r\n\t\t<!-- WordPress Slideshow Version 2.3.1 -->\r\n\r\n\t\t\t<\/div>\r\n\r\n\n","protected":false},"excerpt":{"rendered":"<p>Dirigida a: Cicle superior i ESO Descobrirem fins quin punt l&#8217;agricultura i la ramaderia, dues activitats econ\u00f2miques claus en l&#8217;ecosistema agr\u00edcola, poden ser considerades sostenibles amb l&#8217;entorn. Posant sobre la taula tots els factors perqu\u00e8 l&#8217;alumnat (com a agent consumidor) prengui una posici\u00f3 sobre el qu\u00e8 passa al seu entorn, treballarem al voltant de conceptes [&hellip;]<\/p>\n","protected":false},"author":1,"featured_media":0,"parent":8235,"menu_order":60,"comment_status":"closed","ping_status":"closed","template":"","meta":{"_bbp_topic_count":0,"_bbp_reply_count":0,"_bbp_total_topic_count":0,"_bbp_total_reply_count":0,"_bbp_voice_count":0,"_bbp_anonymous_reply_count":0,"_bbp_topic_count_hidden":0,"_bbp_reply_count_hidden":0,"_bbp_forum_subforum_count":0,"site-sidebar-layout":"default","site-content-layout":"","ast-site-content-layout":"default","site-content-style":"default","site-sidebar-style":"default","ast-global-header-display":"","ast-banner-title-visibility":"","ast-main-header-display":"","ast-hfb-above-header-display":"","ast-hfb-below-header-display":"","ast-hfb-mobile-header-display":"","site-post-title":"","ast-breadcrumbs-content":"","ast-featured-img":"","footer-sml-layout":"","theme-transparent-header-meta":"default","adv-header-id-meta":"","stick-header-meta":"","header-above-stick-meta":"","header-main-stick-meta":"","header-below-stick-meta":"","astra-migrate-meta-layouts":"set","ast-page-background-enabled":"default","ast-page-background-meta":{"desktop":{"background-color":"var(--ast-global-color-4)","background-image":"","background-repeat":"repeat","background-position":"center center","background-size":"auto","background-attachment":"scroll","background-type":"","background-media":"","overlay-type":"","overlay-color":"","overlay-opacity":"","overlay-gradient":""},"tablet":{"background-color":"","background-image":"","background-repeat":"repeat","background-position":"center center","background-size":"auto","background-attachment":"scroll","background-type":"","background-media":"","overlay-type":"","overlay-color":"","overlay-opacity":"","overlay-gradient":""},"mobile":{"background-color":"","background-image":"","background-repeat":"repeat","background-position":"center center","background-size":"auto","background-attachment":"scroll","background-type":"","background-media":"","overlay-type":"","overlay-color":"","overlay-opacity":"","overlay-gradient":""}},"ast-content-background-meta":{"desktop":{"background-color":"var(--ast-global-color-5)","background-image":"","background-repeat":"repeat","background-position":"center center","background-size":"auto","background-attachment":"scroll","background-type":"","background-media":"","overlay-type":"","overlay-color":"","overlay-opacity":"","overlay-gradient":""},"tablet":{"background-color":"var(--ast-global-color-5)","background-image":"","background-repeat":"repeat","background-position":"center center","background-size":"auto","background-attachment":"scroll","background-type":"","background-media":"","overlay-type":"","overlay-color":"","overlay-opacity":"","overlay-gradient":""},"mobile":{"background-color":"var(--ast-global-color-5)","background-image":"","background-repeat":"repeat","background-position":"center center","background-size":"auto","background-attachment":"scroll","background-type":"","background-media":"","overlay-type":"","overlay-color":"","overlay-opacity":"","overlay-gradient":""}},"footnotes":""},"class_list":["post-9594","page","type-page","status-publish","hentry"],"post_mailing_queue_ids":[],"_links":{"self":[{"href":"https:\/\/serveiseducatius.xtec.cat\/cda-juneda\/wp-json\/wp\/v2\/pages\/9594","targetHints":{"allow":["GET"]}}],"collection":[{"href":"https:\/\/serveiseducatius.xtec.cat\/cda-juneda\/wp-json\/wp\/v2\/pages"}],"about":[{"href":"https:\/\/serveiseducatius.xtec.cat\/cda-juneda\/wp-json\/wp\/v2\/types\/page"}],"author":[{"embeddable":true,"href":"https:\/\/serveiseducatius.xtec.cat\/cda-juneda\/wp-json\/wp\/v2\/users\/1"}],"replies":[{"embeddable":true,"href":"https:\/\/serveiseducatius.xtec.cat\/cda-juneda\/wp-json\/wp\/v2\/comments?post=9594"}],"version-history":[{"count":6,"href":"https:\/\/serveiseducatius.xtec.cat\/cda-juneda\/wp-json\/wp\/v2\/pages\/9594\/revisions"}],"predecessor-version":[{"id":11231,"href":"https:\/\/serveiseducatius.xtec.cat\/cda-juneda\/wp-json\/wp\/v2\/pages\/9594\/revisions\/11231"}],"up":[{"embeddable":true,"href":"https:\/\/serveiseducatius.xtec.cat\/cda-juneda\/wp-json\/wp\/v2\/pages\/8235"}],"wp:attachment":[{"href":"https:\/\/serveiseducatius.xtec.cat\/cda-juneda\/wp-json\/wp\/v2\/media?parent=9594"}],"curies":[{"name":"wp","href":"https:\/\/api.w.org\/{rel}","templated":true}]}}