{"id":9002,"date":"2019-05-06T12:58:13","date_gmt":"2019-05-06T10:58:13","guid":{"rendered":"http:\/\/serveiseducatius.xtec.cat\/cda-juneda\/?page_id=9002"},"modified":"2024-06-11T10:42:48","modified_gmt":"2024-06-11T08:42:48","slug":"primaria","status":"publish","type":"page","link":"https:\/\/serveiseducatius.xtec.cat\/cda-juneda\/estades\/primaria\/","title":{"rendered":"Prim\u00e0ria"},"content":{"rendered":"<ul>\n<li style=\"text-align: justify;\"><strong>CICLE DEL M\u00d3N RURAL<br \/>\n<\/strong>\u00c9s una bon enfocament en cas de que el vostre centre vulgui iniciar una descoberta del\u00a0<strong style=\"font-family: inherit; font-size: 1em;\">cicle del m\u00f3n rural<\/strong><span style=\"font-family: inherit; font-size: 1em;\"> i els \u00e0mbits que el conformen, posant el focus en la pr\u00e0ctica educativa, la percepci\u00f3 del que tenim al nostre entorn i l&#8217;aprenentatge transversal de tot el que implica l&#8217;acci\u00f3 humana. <\/span>Aquest programa d\u2019estada de dos, tres, quatre o cinc dies s\u2019estructura i s&#8217;organitza a partir dels diferents \u00e0mbits de treball. S\u00f3n els seg\u00fcents:<\/li>\n<\/ul>\n<p style=\"padding-left: 40px;\">\ud83d\udc1d\u00a0\u00a0<a href=\"https:\/\/serveiseducatius.xtec.cat\/cda-juneda\/estades\/apicultura\/\" target=\"_blank\" rel=\"noopener\">APICULTURA<\/a><\/p>\n<p style=\"padding-left: 40px;\">\ud83d\udc04\u00a0\u00a0<a href=\"https:\/\/serveiseducatius.xtec.cat\/cda-juneda\/estades\/ramaderia\/\" target=\"_blank\" rel=\"noopener\">RAMADERIA<\/a><\/p>\n<p style=\"padding-left: 40px;\">\ud83c\udf5e\u00a0<a href=\"https:\/\/serveiseducatius.xtec.cat\/cda-juneda\/estades\/forndepa\/\" target=\"_blank\" rel=\"noopener\">\u00a0FORN DE PA<\/a><\/p>\n<p style=\"padding-left: 40px;\">\ud83c\udf5d\u00a0\u00a0<a href=\"https:\/\/serveiseducatius.xtec.cat\/cda-juneda\/estades\/farines-i-pastes\/\" target=\"_blank\" rel=\"noopener\">FARINES I PASTES<\/a><\/p>\n<p style=\"padding-left: 40px;\">\ud83c\udf46\u00a0<a href=\"https:\/\/serveiseducatius.xtec.cat\/cda-juneda\/ambits\/estades\/hort\/\" target=\"_blank\" rel=\"noopener\">\u00a0HORT<\/a><\/p>\n<p style=\"padding-left: 40px;\">\ud83e\udd5b\u00a0<a href=\"https:\/\/serveiseducatius.xtec.cat\/cda-juneda\/estades\/transaliments\/\" target=\"_blank\" rel=\"noopener\">\u00a0TRANSFORMACI\u00d3 D&#8217;ALIMENTS<\/a><\/p>\n<p style=\"padding-left: 40px;\">\ud83e\uddfa\u00a0\u00a0<a href=\"https:\/\/serveiseducatius.xtec.cat\/cda-juneda\/estades\/cistelleria\/\" target=\"_blank\" rel=\"noopener\">CISTELLERIA<\/a><\/p>\n<p style=\"padding-left: 40px;\">\ud83c\udf33\u00a0<a href=\"https:\/\/serveiseducatius.xtec.cat\/cda-juneda\/ambits\/estades\/paisatge\/\" target=\"_blank\" rel=\"noopener\">\u00a0ITINERARI DE PAISATGE\u00a0<\/a><\/p>\n<p style=\"padding-left: 40px;\">\ud83c\udfd8\u00a0\u00a0<a href=\"https:\/\/serveiseducatius.xtec.cat\/cda-juneda\/estades\/descoberta-de-juneda\/\" target=\"_blank\" rel=\"noopener\">DESCOBERTA DE JUNEDA<\/a><\/p>\n<p>&nbsp;<\/p>\n<ul>\n<li><strong>SITUACI\u00d3 D&#8217;APRENENTATGE PR\u00d2PIA<br \/>\n<\/strong>Un punt de partida que t\u00e9 potencial educatiu i que valorem positivament \u00e9s que, des del centre educatiu, disposeu d&#8217;una situaci\u00f3 d&#8217;aprenentatge que pugui ser complementada o que compti amb la participaci\u00f3 del CdA Juneda a trav\u00e9s d\u2019una estada. D\u2019aquesta forma, es pot establir una col\u00b7laboraci\u00f3 en forma de projecte compartit.Tenir acc\u00e9s a la part de la programaci\u00f3 que implica al CdA, con\u00e8ixer-la, trobar punts d&#8217;encaix educatiu amb el que proposem, contemplar de quina forma podem enfocar el vostre treball previ o posterior, dur a terme alguna activitat conjunta entre CdA \/ equip docent \/ alumnat&#8230; S\u00f3n elements de qualitat que valorem molt de cara a la vostra estada.<\/p>\n<p>L&#8217;estructura de l&#8217;estada a partir d&#8217;una situaci\u00f3 d&#8217;aprenentatge t\u00e9 el mateix format i contempla els mateixos \u00e0mbits de treball, oferint la possibilitat de personalitzar-los de cara al projecte que esteu duent a terme.<\/li>\n<\/ul>\n<p>&nbsp;<\/p>\n<figure id=\"attachment_9174\" aria-describedby=\"caption-attachment-9174\" style=\"width: 1038px\" class=\"wp-caption aligncenter\"><a href=\"https:\/\/serveiseducatius.xtec.cat\/cda-juneda\/wp-content\/uploads\/usu1381\/2019\/05\/cicle-granja.png\"><img loading=\"lazy\" decoding=\"async\" class=\"wp-image-9174\" src=\"https:\/\/serveiseducatius.xtec.cat\/cda-juneda\/wp-content\/uploads\/usu1381\/2019\/05\/cicle-granja.png\" alt=\"\" width=\"1038\" height=\"501\" \/><\/a><figcaption id=\"caption-attachment-9174\" class=\"wp-caption-text\">Representaci\u00f3 gr\u00e0fica del &#8220;CICLE DEL M\u00d3N RURAL&#8221;<\/figcaption><\/figure>\n<p>&nbsp;<\/p>\n","protected":false},"excerpt":{"rendered":"<p>CICLE DEL M\u00d3N RURAL \u00c9s una bon enfocament en cas de que el vostre centre vulgui iniciar una descoberta del\u00a0cicle del m\u00f3n rural i els \u00e0mbits que el conformen, posant el focus en la pr\u00e0ctica educativa, la percepci\u00f3 del que tenim al nostre entorn i l&#8217;aprenentatge transversal de tot el que implica l&#8217;acci\u00f3 humana. Aquest [&hellip;]<\/p>\n","protected":false},"author":1,"featured_media":0,"parent":8999,"menu_order":10,"comment_status":"closed","ping_status":"closed","template":"page-templates\/side-menu.php","meta":{"_bbp_topic_count":0,"_bbp_reply_count":0,"_bbp_total_topic_count":0,"_bbp_total_reply_count":0,"_bbp_voice_count":0,"_bbp_anonymous_reply_count":0,"_bbp_topic_count_hidden":0,"_bbp_reply_count_hidden":0,"_bbp_forum_subforum_count":0,"site-sidebar-layout":"default","site-content-layout":"","ast-site-content-layout":"","site-content-style":"default","site-sidebar-style":"default","ast-global-header-display":"","ast-banner-title-visibility":"","ast-main-header-display":"","ast-hfb-above-header-display":"","ast-hfb-below-header-display":"","ast-hfb-mobile-header-display":"","site-post-title":"","ast-breadcrumbs-content":"","ast-featured-img":"","footer-sml-layout":"","theme-transparent-header-meta":"","adv-header-id-meta":"","stick-header-meta":"","header-above-stick-meta":"","header-main-stick-meta":"","header-below-stick-meta":"","astra-migrate-meta-layouts":"default","ast-page-background-enabled":"default","ast-page-background-meta":{"desktop":{"background-color":"var(--ast-global-color-4)","background-image":"","background-repeat":"repeat","background-position":"center center","background-size":"auto","background-attachment":"scroll","background-type":"","background-media":"","overlay-type":"","overlay-color":"","overlay-opacity":"","overlay-gradient":""},"tablet":{"background-color":"","background-image":"","background-repeat":"repeat","background-position":"center center","background-size":"auto","background-attachment":"scroll","background-type":"","background-media":"","overlay-type":"","overlay-color":"","overlay-opacity":"","overlay-gradient":""},"mobile":{"background-color":"","background-image":"","background-repeat":"repeat","background-position":"center center","background-size":"auto","background-attachment":"scroll","background-type":"","background-media":"","overlay-type":"","overlay-color":"","overlay-opacity":"","overlay-gradient":""}},"ast-content-background-meta":{"desktop":{"background-color":"var(--ast-global-color-5)","background-image":"","background-repeat":"repeat","background-position":"center center","background-size":"auto","background-attachment":"scroll","background-type":"","background-media":"","overlay-type":"","overlay-color":"","overlay-opacity":"","overlay-gradient":""},"tablet":{"background-color":"var(--ast-global-color-5)","background-image":"","background-repeat":"repeat","background-position":"center center","background-size":"auto","background-attachment":"scroll","background-type":"","background-media":"","overlay-type":"","overlay-color":"","overlay-opacity":"","overlay-gradient":""},"mobile":{"background-color":"var(--ast-global-color-5)","background-image":"","background-repeat":"repeat","background-position":"center center","background-size":"auto","background-attachment":"scroll","background-type":"","background-media":"","overlay-type":"","overlay-color":"","overlay-opacity":"","overlay-gradient":""}},"footnotes":""},"class_list":["post-9002","page","type-page","status-publish","hentry"],"post_mailing_queue_ids":[],"_links":{"self":[{"href":"https:\/\/serveiseducatius.xtec.cat\/cda-juneda\/wp-json\/wp\/v2\/pages\/9002","targetHints":{"allow":["GET"]}}],"collection":[{"href":"https:\/\/serveiseducatius.xtec.cat\/cda-juneda\/wp-json\/wp\/v2\/pages"}],"about":[{"href":"https:\/\/serveiseducatius.xtec.cat\/cda-juneda\/wp-json\/wp\/v2\/types\/page"}],"author":[{"embeddable":true,"href":"https:\/\/serveiseducatius.xtec.cat\/cda-juneda\/wp-json\/wp\/v2\/users\/1"}],"replies":[{"embeddable":true,"href":"https:\/\/serveiseducatius.xtec.cat\/cda-juneda\/wp-json\/wp\/v2\/comments?post=9002"}],"version-history":[{"count":6,"href":"https:\/\/serveiseducatius.xtec.cat\/cda-juneda\/wp-json\/wp\/v2\/pages\/9002\/revisions"}],"predecessor-version":[{"id":10772,"href":"https:\/\/serveiseducatius.xtec.cat\/cda-juneda\/wp-json\/wp\/v2\/pages\/9002\/revisions\/10772"}],"up":[{"embeddable":true,"href":"https:\/\/serveiseducatius.xtec.cat\/cda-juneda\/wp-json\/wp\/v2\/pages\/8999"}],"wp:attachment":[{"href":"https:\/\/serveiseducatius.xtec.cat\/cda-juneda\/wp-json\/wp\/v2\/media?parent=9002"}],"curies":[{"name":"wp","href":"https:\/\/api.w.org\/{rel}","templated":true}]}}