{"id":8999,"date":"2019-05-06T12:55:02","date_gmt":"2019-05-06T10:55:02","guid":{"rendered":"http:\/\/serveiseducatius.xtec.cat\/cda-juneda\/?page_id=8999"},"modified":"2025-09-22T13:16:19","modified_gmt":"2025-09-22T11:16:19","slug":"estades","status":"publish","type":"page","link":"https:\/\/serveiseducatius.xtec.cat\/cda-juneda\/estades\/","title":{"rendered":"Estades"},"content":{"rendered":"<p style=\"text-align: justify;\">Oferim una experi\u00e8ncia d&#8217;immersi\u00f3 al m\u00f3n rural adaptada a les etapes d&#8217;Educaci\u00f3 Prim\u00e0ria i Educaci\u00f3 Secund\u00e0ria. Les estades, que poden ser de 2 a 5 dies, inclouen el treball de m\u00e9s d&#8217;una activitat del cicle del m\u00f3n rural, i per tant, poden connectar-se entre elles, promovent la consolidaci\u00f3 dels aprenentatges i dels objectius marcats dins d\u2019un projecte o situaci\u00f3 d&#8217;aprenentatge.<\/p>\n<p style=\"text-align: justify;\">\t\t\t\t\t\t<style>\r\n\t\t\t\t\r\n\t\t\t\t\t#tab_container_9930 {\r\n\toverflow:hidden;\r\n\tdisplay:block;\r\n\twidth:100%;\r\n\tborder:0px solid #ddd;\r\n\tmargin-bottom:30px;\r\n\t}\r\n\r\n#tab_container_9930 .tab-content{\r\n\tpadding:20px;\r\n\tborder: 1px solid #e6e6e6 !important;\r\n\tmargin-top: 0px;\r\n\tbackground-color:#ffffff !important;\r\n\tcolor: #000000 !important;\r\n\tfont-size:16px !important;\r\n\tfont-family: Verdana !important;\r\n\t\r\n\t\tborder: 1px solid #e6e6e6 !important;\r\n\t}\r\n#tab_container_9930 .wpsm_nav-tabs {\r\n    border-bottom: 0px solid #ddd;\r\n}\r\n#tab_container_9930 .wpsm_nav-tabs > li.active > a, #tab_container_9930 .wpsm_nav-tabs > li.active > a:hover, #tab_container_9930 .wpsm_nav-tabs > li.active > a:focus {\r\n\tcolor: #ffffff !important;\r\n\tcursor: default;\r\n\tbackground-color: #81ce16 !important;\r\n\tborder: 1px solid #68b500 !important;\r\n}\r\n\r\n#tab_container_9930 .wpsm_nav-tabs > li > a {\r\n    margin-right: 0px !important; \r\n    line-height: 1.42857143 !important;\r\n    border: 1px solid #327b00 !important;\r\n    border-radius: 0px 0px 0 0 !important; \r\n\tbackground-color: #458e11 !important;\r\n\tcolor: #ffffff !important;\r\n\tpadding: 15px 18px 15px 18px !important;\r\n\ttext-decoration: none !important;\r\n\tfont-size: 14px !important;\r\n\ttext-align:center !important;\r\n\tfont-family: Verdana !important;\r\n}\r\n#tab_container_9930 .wpsm_nav-tabs > li > a:focus {\r\noutline: 0px !important;\r\n}\r\n\r\n#tab_container_9930 .wpsm_nav-tabs > li > a:before {\r\n\tdisplay:none !important;\r\n}\r\n#tab_container_9930 .wpsm_nav-tabs > li > a:after {\r\n\tdisplay:none !important ;\r\n}\r\n#tab_container_9930 .wpsm_nav-tabs > li{\r\npadding:0px !important ;\r\nmargin:0px;\r\n}\r\n\r\n#tab_container_9930 .wpsm_nav-tabs > li > a:hover , #tab_container_9930 .wpsm_nav-tabs > li > a:focus {\r\n    color: #ffffff !important;\r\n    background-color: #458e11 !important;\r\n\tborder: 1px solid #327b00 !important;\r\n\t\r\n}\r\n#tab_container_9930 .wpsm_nav-tabs > li > a .fa{\r\n\r\nmargin-right:5px !important;\r\n\r\nmargin-left:5px !important;\r\n\r\n\r\n}\r\n\r\n\t\t#tab_container_9930 .wpsm_nav-tabs a{\r\n\t\t\tbackground-image: none;\r\n\t\t\tbackground-position: 0 0;\r\n\t\t\tbackground-repeat: repeat-x;\r\n\t\t}\r\n\t\t\t\r\n\r\n\r\n#tab_container_9930 .wpsm_nav-tabs > li {\r\n    float: left;\r\n    margin-bottom: -1px !important;\r\n\tmargin-right:0px !important; \r\n}\r\n\r\n\r\n#tab_container_9930 .tab-content{\r\noverflow:hidden !important;\r\n}\r\n\r\n\r\n@media (min-width: 769px) {\r\n\r\n\t#tab_container_9930 .wpsm_nav-tabs > li{\r\n\t\tfloat:left !important ;\r\n\t\t\t\tmargin-right:-1px !important;\r\n\t\t\t\t\t}\r\n\t#tab_container_9930 .wpsm_nav-tabs{\r\n\t\tfloat:none !important;\r\n\t\tmargin:0px !important;\r\n\t}\r\n\r\n\t#tab_container_9930 .wpsm_nav-tabs > li {\r\n\t\t\t\t\t\t\t\t\tmargin-right: 8px !important;\r\n\t\t\t\t\r\n\t\t\t\t\r\n\t\t\t\t\r\n\t}\r\n\t#tab_container_9930 .wpsm_nav{\r\n\t\t\t}\r\n\r\n}\r\n\r\n\r\n\r\n@media (max-width: 768px) {\r\n\t#tab_container_9930 .wpsm_nav-tabs > li {\r\n\t\t\t\tmargin-bottom: 8px !important;\r\n\t\tmargin-right:0px !important;\r\n\t\tmargin-left:0px !important;\r\n\t\t\t\t\r\n\t}\r\n\t#tab_container_9930 .wpsm_nav{\r\n\t\t\t}\r\n}\r\n\r\n\r\n\t.wpsm_nav-tabs li:before{\r\n\t\tdisplay:none !important;\r\n\t}\r\n\r\n\t@media (max-width: 768px) {\r\n\t\t\t\t\r\n\t\t\t\t.wpsm_nav-tabs{\r\n\t\t\tmargin-left:0px !important;\r\n\t\t\tmargin-right:0px !important; \r\n\t\t\t\r\n\t\t}\r\n\t\t\t\t#tab_container_9930 .wpsm_nav-tabs > li{\r\n\t\t\tfloat:none !important;\r\n\t\t}\r\n\t\t\t\r\n\t}\t\t\t\t<\/style>\r\n\t\t\t\t<div id=\"tab_container_9930\" >\r\n\t \r\n\t\t\t\t\t<ul class=\"wpsm_nav wpsm_nav-tabs\" role=\"tablist\" id=\"myTab_9930\">\r\n\t\t\t\t\t\t\t\r\n\t\t\t\t\t\t\t<li role=\"presentation\"  class=\"active\"  onclick=\"do_resize()\">\r\n\r\n\t\t\t\t\t\t\t\t<!-- XTEC ************ MODIFICAT - Disable scrolling on tab change. Fixes error in option \"Tabs Description Animation\" -->\r\n\t\t\t\t\t\t\t\t<!-- 2021.12.01 @aginard -->\r\n\t\t\t\t\t\t\t\t<a href=\"javascript:void(0);\" aria-controls=\"tabs_desc_9930_1\" role=\"tab\" data-toggle=\"tab\" data-target=\"#tabs_desc_9930_1\">\r\n\t\t\t\t\t\t\t\t<!-- ORIGINAL\r\n\t\t\t\t\t\t\t\t<a href=\"#tabs_desc_9930_1\" aria-controls=\"tabs_desc_9930_1\" role=\"tab\" data-toggle=\"tab\">\r\n\t\t\t\t\t\t\t\t-->\r\n\t\t\t\t\t\t\t\t<!-- ************ FI -->\r\n\t\t\t\t\t\t\t\t\t\r\n\t\t\t\t\t\t\t\t\t\t\t\t\t\t\t\t\t\t\t\t\t\t\t\t\t\t\t\t\t\t\t<i class=\"fa fa-comment\"><\/i> \t\t\t\t\t\t\t\t\t\t\t\t\t\t\t\t\t\t\t\r\n\t\t\t\t\t\t\t\t\t\t\t\t\t\t\t\t\t\t\r\n\t\t\t\t\t\t\t\t\t<span>Educaci\u00f3 Prim\u00e0ria<\/span>\r\n\t\t\t\t\t\t\t\t\t\r\n\t\t\t\t\t\t\t\t\t\t\t\t\t\t\t\t\t\t\r\n\t\t\t\t\t\t\t\t\t\t\t\t\t\t\t\t\t\t\t\t\r\n\t\t\t\t\t\t\t\t\t\r\n\t\t\t\t\t\t\t\t<\/a>\r\n\t\t\t\t\t\t\t<\/li>\r\n\t\t\t\t\t\t\t\r\n\t\t\t\t\t\t\t<li role=\"presentation\"  onclick=\"do_resize()\">\r\n\r\n\t\t\t\t\t\t\t\t<!-- XTEC ************ MODIFICAT - Disable scrolling on tab change. Fixes error in option \"Tabs Description Animation\" -->\r\n\t\t\t\t\t\t\t\t<!-- 2021.12.01 @aginard -->\r\n\t\t\t\t\t\t\t\t<a href=\"javascript:void(0);\" aria-controls=\"tabs_desc_9930_2\" role=\"tab\" data-toggle=\"tab\" data-target=\"#tabs_desc_9930_2\">\r\n\t\t\t\t\t\t\t\t<!-- ORIGINAL\r\n\t\t\t\t\t\t\t\t<a href=\"#tabs_desc_9930_2\" aria-controls=\"tabs_desc_9930_2\" role=\"tab\" data-toggle=\"tab\">\r\n\t\t\t\t\t\t\t\t-->\r\n\t\t\t\t\t\t\t\t<!-- ************ FI -->\r\n\t\t\t\t\t\t\t\t\t\r\n\t\t\t\t\t\t\t\t\t\t\t\t\t\t\t\t\t\t\t\t\t\t\t\t\t\t\t\t\t\t\t<i class=\"fa fa-comment-o\"><\/i> \t\t\t\t\t\t\t\t\t\t\t\t\t\t\t\t\t\t\t\r\n\t\t\t\t\t\t\t\t\t\t\t\t\t\t\t\t\t\t\r\n\t\t\t\t\t\t\t\t\t<span>Educaci\u00f3 Secund\u00e0ria<\/span>\r\n\t\t\t\t\t\t\t\t\t\r\n\t\t\t\t\t\t\t\t\t\t\t\t\t\t\t\t\t\t\r\n\t\t\t\t\t\t\t\t\t\t\t\t\t\t\t\t\t\t\t\t\r\n\t\t\t\t\t\t\t\t\t\r\n\t\t\t\t\t\t\t\t<\/a>\r\n\t\t\t\t\t\t\t<\/li>\r\n\t\t\t\t\t\t\t\t\t\t\t <\/ul>\r\n\r\n\t\t\t\t\t  <!-- Tab panes -->\r\n\t\t\t\t\t  <div class=\"tab-content\" id=\"tab-content_9930\">\r\n\t\t\t\t\t\t\t\t\t\t\t\t <div role=\"tabpanel\" class=\"tab-pane  in active \" id=\"tabs_desc_9930_1\">\r\n\t\t\t\t\t\t\t\t<ul style=\"list-style-type: disc\">\n<li><span style=\"color: #000000\"><strong>CICLE DEL M\u00d3N RURAL<\/strong><\/span><\/li>\n<\/ul>\n<p>\u00c9s una bon enfocament en cas de que el vostre centre vulgui iniciar una descoberta del <strong>cicle del m\u00f3n rural<\/strong> i els \u00e0mbits que el conformen, posant el focus en la pr\u00e0ctica educativa, la percepci\u00f3 del que tenim al nostre entorn i l'aprenentatge transversal de tot el que implica l'acci\u00f3 humana.<\/p>\n<p>Aquest programa d\u2019estada de dos, tres, quatre o cinc dies s\u2019estructura i s'organitza a partir dels diferents \u00e0mbits de treball. S\u00f3n els seg\u00fcents:<\/p>\n<p style=\"padding-left: 80px\">\ud83d\udc1d \u00a0<a href=\"https:\/\/serveiseducatius.xtec.cat\/cda-juneda\/estades\/apicultura\/\" target=\"_blank\" rel=\"noopener\">APICULTURA<\/a><\/p>\n<p style=\"padding-left: 80px\">\ud83c\udf5d\u00a0 <a href=\"https:\/\/serveiseducatius.xtec.cat\/cda-juneda\/estades\/farines-i-pastes\/\" target=\"_blank\" rel=\"noopener\">FARINES I PASTES<\/a><\/p>\n<p style=\"padding-left: 80px\">\ud83e\uddfa\u00a0 <a href=\"https:\/\/serveiseducatius.xtec.cat\/cda-juneda\/estades\/cistelleria\/\" target=\"_blank\" rel=\"noopener\">CISTELLERIA<\/a><\/p>\n<p style=\"padding-left: 80px\">\ud83c\udf33 <a href=\"https:\/\/serveiseducatius.xtec.cat\/cda-juneda\/estades\/paisatge\/\" target=\"_blank\" rel=\"noopener\">\u00a0ITINERARI DE PAISATGE\u00a0<\/a><\/p>\n<p style=\"padding-left: 80px\">\ud83c\udfd8\u00a0 <a href=\"https:\/\/serveiseducatius.xtec.cat\/cda-juneda\/estades\/descoberta-de-juneda\/\" target=\"_blank\" rel=\"noopener\">DESCOBERTA DE JUNEDA<\/a><\/p>\n<ul style=\"list-style-type: disc\">\n<li><span style=\"color: #000000\"><strong>SITUACI\u00d3 D'APRENENTATGE PR\u00d2PIA<\/strong><\/span><\/li>\n<\/ul>\n<p>Un punt de partida que t\u00e9 potencial educatiu i que valorem positivament \u00e9s que, des del centre educatiu, disposeu d'una situaci\u00f3 d'aprenentatge que pugui ser complementada o que compti amb la participaci\u00f3 del CdA Juneda a trav\u00e9s d\u2019una estada. D\u2019aquesta forma, es pot establir una col\u00b7laboraci\u00f3 en forma de projecte compartit.<\/p>\n<p>Tenir acc\u00e9s a la part de la programaci\u00f3 que implica al CdA, con\u00e8ixer-la, trobar punts d'encaix educatiu amb el que proposem, contemplar de quina forma podem enfocar el vostre treball previ o posterior, dur a terme alguna activitat conjunta entre CdA \/ equip docent \/ alumnat... S\u00f3n elements de qualitat que valorem molt de cara a la vostra estada.<\/p>\n<p>L'estructura de l'estada a partir d'una situaci\u00f3 d'aprenentatge t\u00e9 el mateix format i contempla els mateixos \u00e0mbits de treball, oferint la possibilitat de personalitzar-los de cara al projecte que esteu duent a terme.<\/p>\n\t\t\t\t\t\t <\/div>\r\n\t\t\t\t\t\t\t\t\t\t\t\t <div role=\"tabpanel\" class=\"tab-pane \" id=\"tabs_desc_9930_2\">\r\n\t\t\t\t\t\t\t\t<p>Us proposem participar d\u2019una <strong>experi\u00e8ncia<\/strong><strong>\u00a0<\/strong><strong>competencial<\/strong> on es duran a terme activitats de l'\u00e0mbit cientificotecnol\u00f2gic a trav\u00e9s d'una metodologia activa, centrades en la pr\u00e0ctica educativa, l'an\u00e0lisi de l'impacte\/import\u00e0ncia del sector primari a nivell global i el debat medioambiental al voltant dels models de consum actuals.<\/p>\n<p>El treball dut a terme t\u00e9 com a objectiu l\u2019elaboraci\u00f3 d\u2019un producte final com\u00fa, que centre educatiu i Camp d\u2019Aprenentatge podem pactar conjuntament.<\/p>\n<ul>\n<li><strong>PROJECTE M\u00d3N RURAL<br \/>\n<\/strong><br \/>\nExperi\u00e8ncia de dos, tres, quatre o cinc dies d'aprofundiment en el m\u00f3n rural a partir de la selecci\u00f3 d'uns \u00e0mbits de treball. Recomanem que l'alumnat de Secund\u00e0ria que visita el CdA senti que t\u00e9 un prop\u00f2sit, una tasca a dur a terme, que senti que s'est\u00e0 avaluant el seu treball durant l'estada. Podem adaptar l'estructura de les activitats a l'elaboraci\u00f3 d'un producte final. Tamb\u00e9 us podem oferir assessorament a partir de la nostra experi\u00e8ncia amb alters instituts. Treballarem a partir de la selecci\u00f3 dels seg\u00fcents \u00e0mbits:<\/li>\n<\/ul>\n<p style=\"padding-left: 80px\"><strong>\ud83d\udc1d<\/strong><a style=\"font-family: inherit;font-size: 1em\" href=\"https:\/\/serveiseducatius.xtec.cat\/cda-juneda\/estades\/apicultura\/\" target=\"_blank\" rel=\"noopener\">\u00a0APICULTURA<\/a><\/p>\n<p style=\"padding-left: 80px\">\ud83c\udf5d<span style=\"font-family: inherit;font-size: 1em\">\u00a0 <a href=\"https:\/\/serveiseducatius.xtec.cat\/cda-juneda\/estades\/farines-i-pastes\/\" target=\"_blank\" rel=\"noopener\">FARINES I PASTES<\/a><\/span><\/p>\n<p style=\"padding-left: 80px\">\ud83e\uddfa<span style=\"font-family: inherit;font-size: 1em\">\u00a0 <a href=\"https:\/\/serveiseducatius.xtec.cat\/cda-juneda\/estades\/cistelleria\/\" target=\"_blank\" rel=\"noopener\">CISTELLERIA<\/a><\/span><\/p>\n<p style=\"padding-left: 80px\">\ud83c\udf33\ud83d\udeb4\ud83c\udffc<span style=\"font-family: inherit;font-size: 1em\"> \u00a0<\/span><a style=\"font-family: inherit;font-size: 1em\" href=\"https:\/\/serveiseducatius.xtec.cat\/cda-juneda\/estades\/paisatge\/\" target=\"_blank\" rel=\"noopener\"> ITINERARI PAISATGE\u00a0<\/a><\/p>\n<ul>\n<li><strong>SITUACI\u00d3 D'APRENENTATGE PR\u00d2PIA<\/strong><\/li>\n<\/ul>\n<p>Un punt de partida que t\u00e9 potencial educatiu i que valorem positivament \u00e9s que, des del centre educatiu, disposeu d'una situaci\u00f3 d'aprenentatge que pugui ser complementada o que compti amb la participaci\u00f3 del CdA Juneda a trav\u00e9s d\u2019una estada. D\u2019aquesta forma, es pot establir una col\u00b7laboraci\u00f3 en forma de projecte compartit.<\/p>\n<p>L'estructura de l'estada a partir d'una situaci\u00f3 d'aprenentatge t\u00e9 el mateix format i contempla els mateixos \u00e0mbits de treball, oferint la possibilitat de personalitzar-los de cara al projecte que esteu duent a terme.<\/p>\n\t\t\t\t\t\t <\/div>\r\n\t\t\t\t\t\t\t\r\n\t\t\t\t\t <\/div>\r\n\t\t\t\t\t \r\n\t\t\t\t <\/div>\r\n <script>\r\n\t\tjQuery(function () {\r\n\t\t\tjQuery('#myTab_9930 a:first').tab('show')\r\n\t\t});\r\n\t\t\r\n\t\t\t\tjQuery(function(){\r\n\t\t\tvar b=\"fadeIn\";\r\n\t\t\tvar c;\r\n\t\t\tvar a;\r\n\t\t\td(jQuery(\"#myTab_9930 a\"),jQuery(\"#tab-content_9930\"));function d(e,f,g){\r\n\t\t\t\te.click(function(i){\r\n\t\t\t\t\ti.preventDefault();\r\n\t\t\t\t\tjQuery(this).tab(\"show\");\r\n\t\t\t\t\tvar h=jQuery(this).data(\"easein\");\r\n\t\t\t\t\tif(c){c.removeClass(a);}\r\n\t\t\t\t\tif(h){f.find(\"div.active\").addClass(\"animated \"+h);a=h;}\r\n\t\t\t\t\telse{if(g){f.find(\"div.active\").addClass(\"animated \"+g);a=g;}else{f.find(\"div.active\").addClass(\"animated \"+b);a=b;}}c=f.find(\"div.active\");\r\n\t\t\t\t});\r\n\t\t\t}\r\n\t\t});\r\n\t\t\r\n\r\n\t\tfunction do_resize(){\r\n\r\n\t\t\tvar width=jQuery( '.tab-content .tab-pane iframe' ).width();\r\n\t\t\tvar height=jQuery( '.tab-content .tab-pane iframe' ).height();\r\n\r\n\t\t\tvar toggleSize = true;\r\n\t\t\tjQuery('iframe').animate({\r\n\t\t\t    width: toggleSize ? width : 640,\r\n\t\t\t    height: toggleSize ? height : 360\r\n\t\t\t  }, 250);\r\n\r\n\t\t\t  toggleSize = !toggleSize;\r\n\t\t}\r\n\r\n\r\n\t<\/script>\r\n\t\t\t\t\r\n\t\t\t<\/p>\n\r\n\t<div class=\"slideshow_container slideshow_container_style-light\" style=\"height: 300px; \" data-slideshow-id=\"9939\" data-style-name=\"style-light\" data-style-version=\"2.3.1\" >\r\n\r\n\t\t\t\t\t<div class=\"slideshow_loading_icon\"><\/div>\r\n\t\t\r\n\t\t<div class=\"slideshow_content\" style=\"display: none;\">\r\n\r\n\t\t\t<div class=\"slideshow_view\">\r\n\t\t\t\t<div class=\"slideshow_slide slideshow_slide_image\">\r\n\t\t\t\t\t\t\t\t\t\t\t<img src=\"https:\/\/serveiseducatius.xtec.cat\/cda-juneda\/wp-content\/uploads\/usu1381\/2019\/05\/Vaques-panoramic.jpg\" alt=\"Vaques panoramic\" width=\"3197\" height=\"970\" \/>\r\n\t\t\t\t\t\t\t\t\t\t<div class=\"slideshow_description_box slideshow_transparent\">\r\n\t\t\t\t\t\t<div class=\"slideshow_title\">Vaques panoramic<\/div>\t\t\t\t\t\t\t\t\t\t\t<\/div>\r\n\t\t\t\t<\/div>\r\n\r\n\t\t\t\t\t\t\r\n\t\t\t\t<div class=\"slideshow_slide slideshow_slide_image\">\r\n\t\t\t\t\t\t\t\t\t\t\t<img src=\"https:\/\/serveiseducatius.xtec.cat\/cda-juneda\/wp-content\/uploads\/usu1381\/2013\/09\/DSC02016.jpg\" alt=\"Hort\" width=\"748\" height=\"542\" \/>\r\n\t\t\t\t\t\t\t\t\t\t<div class=\"slideshow_description_box slideshow_transparent\">\r\n\t\t\t\t\t\t<div class=\"slideshow_title\">Hort<\/div>\t\t\t\t\t\t\t\t\t\t\t<\/div>\r\n\t\t\t\t<\/div>\r\n\r\n\t\t\t\t\t\t\r\n\t\t\t\t<div class=\"slideshow_slide slideshow_slide_image\">\r\n\t\t\t\t\t\t\t\t\t\t\t<img src=\"https:\/\/serveiseducatius.xtec.cat\/cda-juneda\/wp-content\/uploads\/usu1381\/2019\/05\/019-768x441-1.jpg\" alt=\"Forn\" width=\"768\" height=\"315\" \/>\r\n\t\t\t\t\t\t\t\t\t\t<div class=\"slideshow_description_box slideshow_transparent\">\r\n\t\t\t\t\t\t<div class=\"slideshow_title\">Forn<\/div>\t\t\t\t\t\t\t\t\t\t\t<\/div>\r\n\t\t\t\t<\/div>\r\n\r\n\t\t\t\t\t\t<div style=\"clear: both;\"><\/div><\/div><div class=\"slideshow_view\">\r\n\t\t\t\t<div class=\"slideshow_slide slideshow_slide_image\">\r\n\t\t\t\t\t\t\t\t\t\t\t<img src=\"https:\/\/serveiseducatius.xtec.cat\/cda-juneda\/wp-content\/uploads\/usu1381\/2019\/10\/IMG_20191007_103451_.jpg\" alt=\"Apiari\" width=\"1500\" height=\"1125\" \/>\r\n\t\t\t\t\t\t\t\t\t\t<div class=\"slideshow_description_box slideshow_transparent\">\r\n\t\t\t\t\t\t<div class=\"slideshow_title\">Apiari<\/div>\t\t\t\t\t\t\t\t\t\t\t<\/div>\r\n\t\t\t\t<\/div>\r\n\r\n\t\t\t\t\t\t\r\n\t\t\t\t<div class=\"slideshow_slide slideshow_slide_image\">\r\n\t\t\t\t\t\t\t\t\t\t\t<img src=\"https:\/\/serveiseducatius.xtec.cat\/cda-juneda\/wp-content\/uploads\/usu1381\/2020\/05\/IMG_20200228_114212-1-1-e1594718479676.jpg\" alt=\"Juneda\" width=\"867\" height=\"1156\" \/>\r\n\t\t\t\t\t\t\t\t\t\t<div class=\"slideshow_description_box slideshow_transparent\">\r\n\t\t\t\t\t\t<div class=\"slideshow_title\">Juneda<\/div>\t\t\t\t\t\t\t\t\t\t\t<\/div>\r\n\t\t\t\t<\/div>\r\n\r\n\t\t\t\t\t\t\r\n\t\t\t\t<div class=\"slideshow_slide slideshow_slide_image\">\r\n\t\t\t\t\t\t\t\t\t\t\t<img src=\"https:\/\/serveiseducatius.xtec.cat\/cda-juneda\/wp-content\/uploads\/usu1381\/2020\/12\/manuel_ortiz.jpg\" alt=\"Panets de viena\" width=\"640\" height=\"481\" \/>\r\n\t\t\t\t\t\t\t\t\t\t<div class=\"slideshow_description_box slideshow_transparent\">\r\n\t\t\t\t\t\t<div class=\"slideshow_title\">Panets de viena<\/div>\t\t\t\t\t\t\t\t\t\t\t<\/div>\r\n\t\t\t\t<\/div>\r\n\r\n\t\t\t\t\t\t<div style=\"clear: both;\"><\/div><\/div><div class=\"slideshow_view\">\r\n\t\t\t\t<div class=\"slideshow_slide slideshow_slide_image\">\r\n\t\t\t\t\t\t\t\t\t\t\t<img src=\"https:\/\/serveiseducatius.xtec.cat\/cda-juneda\/wp-content\/uploads\/usu1381\/2021\/02\/IMG_20160303_105430.jpg\" alt=\"Camps florits\" width=\"3264\" height=\"2448\" \/>\r\n\t\t\t\t\t\t\t\t\t\t<div class=\"slideshow_description_box slideshow_transparent\">\r\n\t\t\t\t\t\t<div class=\"slideshow_title\">Camps florits<\/div>\t\t\t\t\t\t\t\t\t\t\t<\/div>\r\n\t\t\t\t<\/div>\r\n\r\n\t\t\t\t\t\t\r\n\t\t\t\t<div class=\"slideshow_slide slideshow_slide_image\">\r\n\t\t\t\t\t\t\t\t\t\t\t<img src=\"https:\/\/serveiseducatius.xtec.cat\/cda-juneda\/wp-content\/uploads\/usu1381\/2021\/02\/IMG_20160426_180331.jpg\" alt=\"Camps\" width=\"3264\" height=\"2448\" \/>\r\n\t\t\t\t\t\t\t\t\t\t<div class=\"slideshow_description_box slideshow_transparent\">\r\n\t\t\t\t\t\t<div class=\"slideshow_title\">Camps<\/div>\t\t\t\t\t\t\t\t\t\t\t<\/div>\r\n\t\t\t\t<\/div>\r\n\r\n\t\t\t\t\t\t\r\n\t\t\t\t<div class=\"slideshow_slide slideshow_slide_image\">\r\n\t\t\t\t\t\t\t\t\t\t\t<img src=\"https:\/\/serveiseducatius.xtec.cat\/cda-juneda\/wp-content\/uploads\/usu1381\/2021\/02\/IMG_20160429_124146.jpg\" alt=\"Roselles\" width=\"3264\" height=\"2448\" \/>\r\n\t\t\t\t\t\t\t\t\t\t<div class=\"slideshow_description_box slideshow_transparent\">\r\n\t\t\t\t\t\t<div class=\"slideshow_title\">Roselles<\/div>\t\t\t\t\t\t\t\t\t\t\t<\/div>\r\n\t\t\t\t<\/div>\r\n\r\n\t\t\t\t\t\t<div style=\"clear: both;\"><\/div><\/div>\r\n\t\t<\/div>\r\n\r\n\t\t<div class=\"slideshow_controlPanel slideshow_transparent\" style=\"display: none;\"><ul><li class=\"slideshow_togglePlay\" data-play-text=\"Visualitza\" data-pause-text=\"Pausa\"><\/li><\/ul><\/div>\r\n\r\n\t\t<div class=\"slideshow_button slideshow_previous slideshow_transparent\" role=\"button\" data-previous-text=\"Anterior\" style=\"display: none;\"><\/div>\r\n\t\t<div class=\"slideshow_button slideshow_next slideshow_transparent\" role=\"button\" data-next-text=\"Seg\u00fcent\" style=\"display: none;\"><\/div>\r\n\r\n\t\t<div class=\"slideshow_pagination\" style=\"display: none;\" data-go-to-text=\"V\u00e9s a la diapositiva\"><div class=\"slideshow_pagination_center\"><\/div><\/div>\r\n\r\n\t\t<!-- WordPress Slideshow Version 2.3.1 -->\r\n\r\n\t\t\t<\/div>\r\n\r\n\n","protected":false},"excerpt":{"rendered":"<p>Oferim una experi\u00e8ncia d&#8217;immersi\u00f3 al m\u00f3n rural adaptada a les etapes d&#8217;Educaci\u00f3 Prim\u00e0ria i Educaci\u00f3 Secund\u00e0ria. Les estades, que poden ser de 2 a 5 dies, inclouen el treball de m\u00e9s d&#8217;una activitat del cicle del m\u00f3n rural, i per tant, poden connectar-se entre elles, promovent la consolidaci\u00f3 dels aprenentatges i dels objectius marcats dins [&hellip;]<\/p>\n","protected":false},"author":1,"featured_media":0,"parent":0,"menu_order":0,"comment_status":"closed","ping_status":"closed","template":"","meta":{"_bbp_topic_count":0,"_bbp_reply_count":0,"_bbp_total_topic_count":0,"_bbp_total_reply_count":0,"_bbp_voice_count":0,"_bbp_anonymous_reply_count":0,"_bbp_topic_count_hidden":0,"_bbp_reply_count_hidden":0,"_bbp_forum_subforum_count":0,"site-sidebar-layout":"default","site-content-layout":"","ast-site-content-layout":"default","site-content-style":"default","site-sidebar-style":"default","ast-global-header-display":"","ast-banner-title-visibility":"","ast-main-header-display":"","ast-hfb-above-header-display":"","ast-hfb-below-header-display":"","ast-hfb-mobile-header-display":"","site-post-title":"","ast-breadcrumbs-content":"","ast-featured-img":"","footer-sml-layout":"","theme-transparent-header-meta":"default","adv-header-id-meta":"","stick-header-meta":"","header-above-stick-meta":"","header-main-stick-meta":"","header-below-stick-meta":"","astra-migrate-meta-layouts":"set","ast-page-background-enabled":"default","ast-page-background-meta":{"desktop":{"background-color":"var(--ast-global-color-4)","background-image":"","background-repeat":"repeat","background-position":"center center","background-size":"auto","background-attachment":"scroll","background-type":"","background-media":"","overlay-type":"","overlay-color":"","overlay-opacity":"","overlay-gradient":""},"tablet":{"background-color":"","background-image":"","background-repeat":"repeat","background-position":"center center","background-size":"auto","background-attachment":"scroll","background-type":"","background-media":"","overlay-type":"","overlay-color":"","overlay-opacity":"","overlay-gradient":""},"mobile":{"background-color":"","background-image":"","background-repeat":"repeat","background-position":"center center","background-size":"auto","background-attachment":"scroll","background-type":"","background-media":"","overlay-type":"","overlay-color":"","overlay-opacity":"","overlay-gradient":""}},"ast-content-background-meta":{"desktop":{"background-color":"var(--ast-global-color-5)","background-image":"","background-repeat":"repeat","background-position":"center center","background-size":"auto","background-attachment":"scroll","background-type":"","background-media":"","overlay-type":"","overlay-color":"","overlay-opacity":"","overlay-gradient":""},"tablet":{"background-color":"var(--ast-global-color-5)","background-image":"","background-repeat":"repeat","background-position":"center center","background-size":"auto","background-attachment":"scroll","background-type":"","background-media":"","overlay-type":"","overlay-color":"","overlay-opacity":"","overlay-gradient":""},"mobile":{"background-color":"var(--ast-global-color-5)","background-image":"","background-repeat":"repeat","background-position":"center center","background-size":"auto","background-attachment":"scroll","background-type":"","background-media":"","overlay-type":"","overlay-color":"","overlay-opacity":"","overlay-gradient":""}},"footnotes":""},"class_list":["post-8999","page","type-page","status-publish","hentry"],"post_mailing_queue_ids":[],"_links":{"self":[{"href":"https:\/\/serveiseducatius.xtec.cat\/cda-juneda\/wp-json\/wp\/v2\/pages\/8999","targetHints":{"allow":["GET"]}}],"collection":[{"href":"https:\/\/serveiseducatius.xtec.cat\/cda-juneda\/wp-json\/wp\/v2\/pages"}],"about":[{"href":"https:\/\/serveiseducatius.xtec.cat\/cda-juneda\/wp-json\/wp\/v2\/types\/page"}],"author":[{"embeddable":true,"href":"https:\/\/serveiseducatius.xtec.cat\/cda-juneda\/wp-json\/wp\/v2\/users\/1"}],"replies":[{"embeddable":true,"href":"https:\/\/serveiseducatius.xtec.cat\/cda-juneda\/wp-json\/wp\/v2\/comments?post=8999"}],"version-history":[{"count":6,"href":"https:\/\/serveiseducatius.xtec.cat\/cda-juneda\/wp-json\/wp\/v2\/pages\/8999\/revisions"}],"predecessor-version":[{"id":11191,"href":"https:\/\/serveiseducatius.xtec.cat\/cda-juneda\/wp-json\/wp\/v2\/pages\/8999\/revisions\/11191"}],"wp:attachment":[{"href":"https:\/\/serveiseducatius.xtec.cat\/cda-juneda\/wp-json\/wp\/v2\/media?parent=8999"}],"curies":[{"name":"wp","href":"https:\/\/api.w.org\/{rel}","templated":true}]}}