{"id":8845,"date":"2017-09-06T13:29:10","date_gmt":"2017-09-06T11:29:10","guid":{"rendered":"http:\/\/serveiseducatius.xtec.cat\/cda-juneda\/?page_id=8845"},"modified":"2025-09-22T13:59:55","modified_gmt":"2025-09-22T11:59:55","slug":"recursos-hort","status":"publish","type":"page","link":"https:\/\/serveiseducatius.xtec.cat\/cda-juneda\/recursos\/recursos-hort\/","title":{"rendered":"Recursos hort"},"content":{"rendered":"<h5><span style=\"color: #000000;\">A continuaci\u00f3 us proposem unes activitats que podeu dur a terme al vostre centre:<\/span><\/h5>\n<ul>\n<li><a href=\"https:\/\/serveiseducatius.xtec.cat\/cda-juneda\/wp-content\/uploads\/usu1381\/2025\/04\/Diari-del-cultiu-a-lhort-HORT-revisat.pdf\" target=\"_blank\" rel=\"noopener\">Seguiment de tasques de l\u2019hort.<\/a><\/li>\n<li><a href=\"https:\/\/serveiseducatius.xtec.cat\/cda-juneda\/wp-content\/uploads\/usu1381\/2025\/04\/Construim-un-hotel-dinsectes-revisat-1.pdf\" target=\"_blank\" rel=\"noopener\">Constru\u00efm un refugi d\u2019insectes.<\/a><\/li>\n<\/ul>\n<h5><span style=\"color: #000000;\">Produccions pr\u00f2pies:<\/span><\/h5>\n<ul style=\"list-style-type: circle;\">\n<li><a href=\"https:\/\/drive.google.com\/file\/d\/10w2H_c9NGyA-2ucnPZgeNqcS6nR8M03z\/view?usp=sharing\" target=\"_blank\" rel=\"noopener noreferrer\">Guia informativa per al professorat: Hort<\/a><\/li>\n<\/ul>\n<h5><span style=\"color: #000000;\">Webgrafia:<\/span><\/h5>\n<ul style=\"list-style-type: circle;\">\n<li><a href=\"https:\/\/sites.google.com\/site\/hortescolarecologic\/home\" target=\"_blank\" rel=\"noopener noreferrer\">Hort escolar ecol\u00f2gic<\/a> (Servei Educatiu de la Selva II)<\/li>\n<li><a href=\"http:\/\/pae.gencat.cat\/web\/.content\/al_alimentacio\/al01_pae\/05_publicacions_material_referencia\/arxius\/llibreurgell.pdf\" target=\"_blank\" rel=\"noopener noreferrer\">Com fer un hort ecol\u00f2gic<\/a> ( Consell Comarcal de l&#8217;Urgell)<\/li>\n<li><a href=\"https:\/\/www.ecovalia.org\/index.php\/que-hacemos\/nuestros-proyectos\/creando-biodiversidad-en-mi-huerto\" target=\"_blank\" rel=\"noopener noreferrer\">Creant biodiversitat al nostre hort<\/a><\/li>\n<\/ul>\n<p>&nbsp;<\/p>\n<p>&nbsp;<\/p>\n<p>&nbsp;<\/p>\n","protected":false},"excerpt":{"rendered":"<p>A continuaci\u00f3 us proposem unes activitats que podeu dur a terme al vostre centre: Seguiment de tasques de l\u2019hort. Constru\u00efm un refugi d\u2019insectes. Produccions pr\u00f2pies: Guia informativa per al professorat: Hort Webgrafia: Hort escolar ecol\u00f2gic (Servei Educatiu de la Selva II) Com fer un hort ecol\u00f2gic ( Consell Comarcal de l&#8217;Urgell) Creant biodiversitat al nostre [&hellip;]<\/p>\n","protected":false},"author":1,"featured_media":0,"parent":8580,"menu_order":5,"comment_status":"closed","ping_status":"closed","template":"","meta":{"_bbp_topic_count":0,"_bbp_reply_count":0,"_bbp_total_topic_count":0,"_bbp_total_reply_count":0,"_bbp_voice_count":0,"_bbp_anonymous_reply_count":0,"_bbp_topic_count_hidden":0,"_bbp_reply_count_hidden":0,"_bbp_forum_subforum_count":0,"site-sidebar-layout":"default","site-content-layout":"","ast-site-content-layout":"default","site-content-style":"default","site-sidebar-style":"default","ast-global-header-display":"","ast-banner-title-visibility":"","ast-main-header-display":"","ast-hfb-above-header-display":"","ast-hfb-below-header-display":"","ast-hfb-mobile-header-display":"","site-post-title":"","ast-breadcrumbs-content":"","ast-featured-img":"","footer-sml-layout":"","theme-transparent-header-meta":"default","adv-header-id-meta":"","stick-header-meta":"","header-above-stick-meta":"","header-main-stick-meta":"","header-below-stick-meta":"","astra-migrate-meta-layouts":"set","ast-page-background-enabled":"default","ast-page-background-meta":{"desktop":{"background-color":"var(--ast-global-color-4)","background-image":"","background-repeat":"repeat","background-position":"center center","background-size":"auto","background-attachment":"scroll","background-type":"","background-media":"","overlay-type":"","overlay-color":"","overlay-opacity":"","overlay-gradient":""},"tablet":{"background-color":"","background-image":"","background-repeat":"repeat","background-position":"center center","background-size":"auto","background-attachment":"scroll","background-type":"","background-media":"","overlay-type":"","overlay-color":"","overlay-opacity":"","overlay-gradient":""},"mobile":{"background-color":"","background-image":"","background-repeat":"repeat","background-position":"center center","background-size":"auto","background-attachment":"scroll","background-type":"","background-media":"","overlay-type":"","overlay-color":"","overlay-opacity":"","overlay-gradient":""}},"ast-content-background-meta":{"desktop":{"background-color":"var(--ast-global-color-5)","background-image":"","background-repeat":"repeat","background-position":"center center","background-size":"auto","background-attachment":"scroll","background-type":"","background-media":"","overlay-type":"","overlay-color":"","overlay-opacity":"","overlay-gradient":""},"tablet":{"background-color":"var(--ast-global-color-5)","background-image":"","background-repeat":"repeat","background-position":"center center","background-size":"auto","background-attachment":"scroll","background-type":"","background-media":"","overlay-type":"","overlay-color":"","overlay-opacity":"","overlay-gradient":""},"mobile":{"background-color":"var(--ast-global-color-5)","background-image":"","background-repeat":"repeat","background-position":"center center","background-size":"auto","background-attachment":"scroll","background-type":"","background-media":"","overlay-type":"","overlay-color":"","overlay-opacity":"","overlay-gradient":""}},"footnotes":""},"class_list":["post-8845","page","type-page","status-publish","hentry"],"post_mailing_queue_ids":[],"_links":{"self":[{"href":"https:\/\/serveiseducatius.xtec.cat\/cda-juneda\/wp-json\/wp\/v2\/pages\/8845","targetHints":{"allow":["GET"]}}],"collection":[{"href":"https:\/\/serveiseducatius.xtec.cat\/cda-juneda\/wp-json\/wp\/v2\/pages"}],"about":[{"href":"https:\/\/serveiseducatius.xtec.cat\/cda-juneda\/wp-json\/wp\/v2\/types\/page"}],"author":[{"embeddable":true,"href":"https:\/\/serveiseducatius.xtec.cat\/cda-juneda\/wp-json\/wp\/v2\/users\/1"}],"replies":[{"embeddable":true,"href":"https:\/\/serveiseducatius.xtec.cat\/cda-juneda\/wp-json\/wp\/v2\/comments?post=8845"}],"version-history":[{"count":6,"href":"https:\/\/serveiseducatius.xtec.cat\/cda-juneda\/wp-json\/wp\/v2\/pages\/8845\/revisions"}],"predecessor-version":[{"id":11227,"href":"https:\/\/serveiseducatius.xtec.cat\/cda-juneda\/wp-json\/wp\/v2\/pages\/8845\/revisions\/11227"}],"up":[{"embeddable":true,"href":"https:\/\/serveiseducatius.xtec.cat\/cda-juneda\/wp-json\/wp\/v2\/pages\/8580"}],"wp:attachment":[{"href":"https:\/\/serveiseducatius.xtec.cat\/cda-juneda\/wp-json\/wp\/v2\/media?parent=8845"}],"curies":[{"name":"wp","href":"https:\/\/api.w.org\/{rel}","templated":true}]}}