{"id":8607,"date":"2016-09-12T11:28:58","date_gmt":"2016-09-12T10:28:58","guid":{"rendered":"http:\/\/serveiseducatius.xtec.cat\/cda-juneda\/?page_id=8607"},"modified":"2025-02-10T12:57:53","modified_gmt":"2025-02-10T11:57:53","slug":"recursos-paisatge","status":"publish","type":"page","link":"https:\/\/serveiseducatius.xtec.cat\/cda-juneda\/recursos\/recursos-paisatge\/","title":{"rendered":"Recursos entorn"},"content":{"rendered":"<h5><span style=\"color: #000000;\">A continuaci\u00f3 us proposem unes activitats que podeu dur a terme al vostre centre:<\/span><\/h5>\n<p>&nbsp;<\/p>\n<ul style=\"list-style-type: circle;\">\n<li>Activitat: &#8220;<strong>QU\u00c8 LI HA PASSAT AL PAISATGE DE JUNEDA<\/strong>&#8220;: aquesta activitat ens aproxima a con\u00e8ixer el paisatge de Juneda des de la vessant agr\u00edcola i ramadera, per entendre la seva transformaci\u00f3 al llarg del temps gr\u00e0cies a l&#8217;arribada del Canal d&#8217;Urgell.\n<ul>\n<li style=\"list-style-type: none;\">\n<ul>\n<li style=\"list-style-type: none;\">\n<ul>\n<li style=\"list-style-type: none;\">\n<ul style=\"list-style-type: square;\">\n<li>Fitxa per a <a href=\"https:\/\/drive.google.com\/file\/d\/1z9wHsZILcavQDKXYHaBzlsHOjutB_wUE\/view?usp=sharing\" target=\"_blank\" rel=\"noopener noreferrer\">l&#8217;equip docent\u00a0<\/a><\/li>\n<li>Fitxa per a<a href=\"https:\/\/drive.google.com\/file\/d\/1lKnc7W-4LLgmRIUwb9ZwsbHfjIv1Im5g\/view?usp=sharing\" target=\"_blank\" rel=\"noopener noreferrer\"> l&#8217;alumnat<\/a><\/li>\n<li>Annexos: <a href=\"https:\/\/drive.google.com\/file\/d\/1lAwXSUUTZIEWh-KpkmQJiU7e2WrjpPut\/view?usp=sharing\">Itinerari de paisatge del CdA Juneda<\/a> \/ <a href=\"https:\/\/drive.google.com\/file\/d\/12rS608j3B1dlXxA3MbRw241ZJF2JbTHW\/view?usp=sharing\">Punts inter\u00e8s<\/a> \/ <a href=\"https:\/\/drive.google.com\/file\/d\/1XNpzeZ8lenJWnIypwpyHbmJG6r9oGRFB\/view?usp=sharing\">Paisatge de Juneda 1946-2019<\/a><\/li>\n<\/ul>\n<\/li>\n<\/ul>\n<\/li>\n<\/ul>\n<\/li>\n<\/ul>\n<\/li>\n<\/ul>\n<ul style=\"list-style-type: circle;\">\n<li>Activitat &#8220;<strong>EL\u00a0PAISATGE EN UNA CAPSA<\/strong>&#8220;: aquesta activitat ens aproxima a con\u00e8ixer el paisatge a trav\u00e9s dels nostres sentits.\n<ul>\n<li style=\"list-style-type: none;\">\n<ul>\n<li style=\"list-style-type: none;\">\n<ul>\n<li style=\"list-style-type: none;\">\n<ul style=\"list-style-type: square;\">\n<li>Fitxa per a <a href=\"https:\/\/drive.google.com\/file\/d\/1-uTZLnNI3b4pzqCl5YL6uAwPCUSVWiN1\/view?usp=sharing\" target=\"_blank\" rel=\"noopener noreferrer\">l&#8217;equip docent<\/a><\/li>\n<li>Fitxa per a <a href=\"https:\/\/drive.google.com\/file\/d\/1ByFi2gJcn0m_3q6Owqhx8wwcGnwwjc4R\/view?usp=sharing\" target=\"_blank\" rel=\"noopener noreferrer\">l&#8217;alumnat<\/a><\/li>\n<li>V\u00eddeo de l&#8217;activitat a <a href=\"https:\/\/www.youtube.com\/watch?v=1f4C2kVV60A&amp;t=7s\">Youtube<\/a><\/li>\n<\/ul>\n<\/li>\n<\/ul>\n<\/li>\n<\/ul>\n<\/li>\n<\/ul>\n<\/li>\n<\/ul>\n<h5><\/h5>\n<p>&nbsp;<\/p>\n<h5><span style=\"color: #000000;\">Webgrafia:<\/span><\/h5>\n<ul style=\"list-style-type: circle;\">\n<li><a href=\"http:\/\/www.labanquetadejuneda.cat\/\" target=\"_blank\" rel=\"noopener noreferrer\">La banqueta de Juneda<\/a><\/li>\n<li><a href=\"http:\/\/www.canalsurgell.cat\/\" target=\"_blank\" rel=\"noopener noreferrer\">Comunitat General de Regants dels Canals d&#8217;Urgell<\/a><\/li>\n<\/ul>\n<h5><\/h5>\n<p>&nbsp;<\/p>\n<h5><span style=\"color: #000000;\">La maleta dels Canals d&#8217;Urgell:<\/span><\/h5>\n<ul style=\"list-style-type: circle;\">\n<li><a href=\"https:\/\/drive.google.com\/a\/xtec.cat\/file\/d\/0B7_t382c5lcKMWQ1MjlmYmEtNzA3My00NzFlLWJmODktMGJkNDAyYTA3ODVh\/view\" target=\"_blank\" rel=\"noopener noreferrer\">Guia de sortides<\/a><\/li>\n<li><a href=\"https:\/\/drive.google.com\/a\/xtec.cat\/file\/d\/0B7_t382c5lcKMzQ1ZTg0Y2YtNzFhMy00ODUyLTlmNTgtMTBmMTA0NWQwY2Qw\/view?ddrp=1&amp;hl=ca#\" target=\"_blank\" rel=\"noopener noreferrer\">Llibre de consulta<\/a><\/li>\n<li><a href=\"https:\/\/drive.google.com\/a\/xtec.cat\/file\/d\/0B7_t382c5lcKYmZiM2QzOGYtOGRhYS00MWZiLWJhZDUtZDFmNzc0N2MxNGYx\/view\" target=\"_blank\" rel=\"noopener noreferrer\">Flora i fauna<\/a><\/li>\n<li><a href=\"https:\/\/drive.google.com\/a\/xtec.cat\/file\/d\/0B7_t382c5lcKNzc0NWJiMDQtNzg4MC00NmFkLWJmOGItNjg5ODk5MDc3NDk5\/view\" target=\"_blank\" rel=\"noopener noreferrer\">Proposta\u00a0sortides<\/a><\/li>\n<li><a href=\"https:\/\/drive.google.com\/a\/xtec.cat\/file\/d\/0B7_t382c5lcKYTdmYzhjYzktMDI3NS00OWYyLTkxNWItYWNmYjZiYTY1M2I2\/view\" target=\"_blank\" rel=\"noopener noreferrer\">Activitats<\/a><\/li>\n<li><a href=\"https:\/\/drive.google.com\/a\/xtec.cat\/file\/d\/0B7_t382c5lcKYzIyYmViMzgtYTAwNC00Y2E3LWIwYTAtODAwOTI5ZWVkYWIx\/view\" target=\"_blank\" rel=\"noopener noreferrer\">Banc d&#8217;imatges<\/a><\/li>\n<li><a href=\"https:\/\/drive.google.com\/a\/xtec.cat\/file\/d\/0B7_t382c5lcKZGFmNjc1ZGEtYWViOS00MjM1LTk0MTYtZTI4ZGYzYzhhN2Yz\/view\" target=\"_blank\" rel=\"noopener noreferrer\">Bibliografia<\/a><\/li>\n<li><a href=\"https:\/\/drive.google.com\/a\/xtec.cat\/file\/d\/0B7_t382c5lcKMDU5MjA0NjgtZmMyMC00NzY0LWI2YzktMjRmMGFiZjYzMTYy\/view\" target=\"_blank\" rel=\"noopener noreferrer\">Joc Canal d&#8217;Urgell (prim\u00e0ria)<\/a><\/li>\n<li><a href=\"https:\/\/drive.google.com\/a\/xtec.cat\/file\/d\/0B7_t382c5lcKMWE2Njk3YTgtNmFhYS00ZGMyLWE4ZjAtZmQ2YjFmNmNkZjMw\/view\" target=\"_blank\" rel=\"noopener noreferrer\">Cartografia<\/a><\/li>\n<\/ul>\n","protected":false},"excerpt":{"rendered":"<p>A continuaci\u00f3 us proposem unes activitats que podeu dur a terme al vostre centre: &nbsp; Activitat: &#8220;QU\u00c8 LI HA PASSAT AL PAISATGE DE JUNEDA&#8220;: aquesta activitat ens aproxima a con\u00e8ixer el paisatge de Juneda des de la vessant agr\u00edcola i ramadera, per entendre la seva transformaci\u00f3 al llarg del temps gr\u00e0cies a l&#8217;arribada del Canal [&hellip;]<\/p>\n","protected":false},"author":1,"featured_media":0,"parent":8580,"menu_order":6,"comment_status":"closed","ping_status":"closed","template":"page-templates\/side-menu.php","meta":{"_bbp_topic_count":0,"_bbp_reply_count":0,"_bbp_total_topic_count":0,"_bbp_total_reply_count":0,"_bbp_voice_count":0,"_bbp_anonymous_reply_count":0,"_bbp_topic_count_hidden":0,"_bbp_reply_count_hidden":0,"_bbp_forum_subforum_count":0,"site-sidebar-layout":"default","site-content-layout":"","ast-site-content-layout":"","site-content-style":"default","site-sidebar-style":"default","ast-global-header-display":"","ast-banner-title-visibility":"","ast-main-header-display":"","ast-hfb-above-header-display":"","ast-hfb-below-header-display":"","ast-hfb-mobile-header-display":"","site-post-title":"","ast-breadcrumbs-content":"","ast-featured-img":"","footer-sml-layout":"","theme-transparent-header-meta":"","adv-header-id-meta":"","stick-header-meta":"","header-above-stick-meta":"","header-main-stick-meta":"","header-below-stick-meta":"","astra-migrate-meta-layouts":"default","ast-page-background-enabled":"default","ast-page-background-meta":{"desktop":{"background-color":"var(--ast-global-color-4)","background-image":"","background-repeat":"repeat","background-position":"center center","background-size":"auto","background-attachment":"scroll","background-type":"","background-media":"","overlay-type":"","overlay-color":"","overlay-opacity":"","overlay-gradient":""},"tablet":{"background-color":"","background-image":"","background-repeat":"repeat","background-position":"center center","background-size":"auto","background-attachment":"scroll","background-type":"","background-media":"","overlay-type":"","overlay-color":"","overlay-opacity":"","overlay-gradient":""},"mobile":{"background-color":"","background-image":"","background-repeat":"repeat","background-position":"center center","background-size":"auto","background-attachment":"scroll","background-type":"","background-media":"","overlay-type":"","overlay-color":"","overlay-opacity":"","overlay-gradient":""}},"ast-content-background-meta":{"desktop":{"background-color":"var(--ast-global-color-5)","background-image":"","background-repeat":"repeat","background-position":"center center","background-size":"auto","background-attachment":"scroll","background-type":"","background-media":"","overlay-type":"","overlay-color":"","overlay-opacity":"","overlay-gradient":""},"tablet":{"background-color":"var(--ast-global-color-5)","background-image":"","background-repeat":"repeat","background-position":"center center","background-size":"auto","background-attachment":"scroll","background-type":"","background-media":"","overlay-type":"","overlay-color":"","overlay-opacity":"","overlay-gradient":""},"mobile":{"background-color":"var(--ast-global-color-5)","background-image":"","background-repeat":"repeat","background-position":"center center","background-size":"auto","background-attachment":"scroll","background-type":"","background-media":"","overlay-type":"","overlay-color":"","overlay-opacity":"","overlay-gradient":""}},"footnotes":""},"class_list":["post-8607","page","type-page","status-publish","hentry"],"post_mailing_queue_ids":[],"_links":{"self":[{"href":"https:\/\/serveiseducatius.xtec.cat\/cda-juneda\/wp-json\/wp\/v2\/pages\/8607","targetHints":{"allow":["GET"]}}],"collection":[{"href":"https:\/\/serveiseducatius.xtec.cat\/cda-juneda\/wp-json\/wp\/v2\/pages"}],"about":[{"href":"https:\/\/serveiseducatius.xtec.cat\/cda-juneda\/wp-json\/wp\/v2\/types\/page"}],"author":[{"embeddable":true,"href":"https:\/\/serveiseducatius.xtec.cat\/cda-juneda\/wp-json\/wp\/v2\/users\/1"}],"replies":[{"embeddable":true,"href":"https:\/\/serveiseducatius.xtec.cat\/cda-juneda\/wp-json\/wp\/v2\/comments?post=8607"}],"version-history":[{"count":6,"href":"https:\/\/serveiseducatius.xtec.cat\/cda-juneda\/wp-json\/wp\/v2\/pages\/8607\/revisions"}],"predecessor-version":[{"id":10982,"href":"https:\/\/serveiseducatius.xtec.cat\/cda-juneda\/wp-json\/wp\/v2\/pages\/8607\/revisions\/10982"}],"up":[{"embeddable":true,"href":"https:\/\/serveiseducatius.xtec.cat\/cda-juneda\/wp-json\/wp\/v2\/pages\/8580"}],"wp:attachment":[{"href":"https:\/\/serveiseducatius.xtec.cat\/cda-juneda\/wp-json\/wp\/v2\/media?parent=8607"}],"curies":[{"name":"wp","href":"https:\/\/api.w.org\/{rel}","templated":true}]}}