{"id":8591,"date":"2016-09-06T12:14:14","date_gmt":"2016-09-06T11:14:14","guid":{"rendered":"http:\/\/serveiseducatius.xtec.cat\/cda-juneda\/?page_id=8591"},"modified":"2025-10-30T10:31:32","modified_gmt":"2025-10-30T09:31:32","slug":"recursos-transformacio-daliments","status":"publish","type":"page","link":"https:\/\/serveiseducatius.xtec.cat\/cda-juneda\/recursos\/recursos-transformacio-daliments\/","title":{"rendered":"Recursos transformaci\u00f3 d&#8217;aliments"},"content":{"rendered":"<h5><span style=\"color: #000000;\">A continuaci\u00f3 us proposem unes activitats que podeu realitzar al vostre centre:<\/span><\/h5>\n<ul>\n<li><a href=\"https:\/\/serveiseducatius.xtec.cat\/cda-juneda\/wp-content\/uploads\/usu1381\/2025\/04\/Antotipia-Estampacio-amb-pigments-vegetals-revisat-1.pdf\" target=\"_blank\" rel=\"noopener\">Antot\u00edpia \u2013 Estampaci\u00f3 amb pigments vegetals.<\/a><\/li>\n<li><a href=\"https:\/\/serveiseducatius.xtec.cat\/cda-juneda\/wp-content\/uploads\/usu1381\/2025\/06\/Observacio-iogurt-1.pdf\" target=\"_blank\" rel=\"noopener\">Observaci\u00f3 dels bacteris presents al iogurt<\/a><\/li>\n<\/ul>\n<h5><span style=\"color: #000000;\">Produccions pr\u00f2pies:<\/span><\/h5>\n<ul style=\"list-style-type: circle;\">\n<li><a href=\"https:\/\/drive.google.com\/a\/xtec.cat\/file\/d\/0B7_t382c5lcKYmY0MzliOTItZDI0ZS00MGFjLTkzYTMtNTE3ZGU0YzFkNTBk\/view?ddrp=1&amp;hl=ca#\" target=\"_blank\" rel=\"noopener noreferrer\">L\u00e0mina mantega<\/a><\/li>\n<li><a href=\"https:\/\/drive.google.com\/a\/xtec.cat\/file\/d\/0B7_t382c5lcKOGU2ZWM4ZDAtNTA4ZC00OTk5LWI0OGMtODg2YzA1NGFmZjdk\/view?ddrp=1&amp;hl=ca#\" target=\"_blank\" rel=\"noopener noreferrer\">L\u00e0mina iogurt<\/a><\/li>\n<li><a href=\"https:\/\/drive.google.com\/a\/xtec.cat\/file\/d\/0B7_t382c5lcKN2U0NmYxNjctOTVjMy00ODcyLTkyZTYtOWNmYzAzZGExNTkz\/view?ddrp=1&amp;hl=ca#\" target=\"_blank\" rel=\"noopener noreferrer\">L\u00e0mina formatge<\/a><\/li>\n<li><a href=\"https:\/\/serveiseducatius.xtec.cat\/cda-juneda\/wp-content\/uploads\/usu1381\/2025\/10\/Processos-llet-1.pdf\">Cartells: llet crua, pasteuritzada i ultrapasteuritzada<\/a><\/li>\n<\/ul>\n<h5><span style=\"color: #000000;\">Webgrafia:<\/span><\/h5>\n<ul style=\"list-style-type: circle;\">\n<li><a href=\"https:\/\/sites.google.com\/site\/hortescolarecologic\/agenda\/calendari\" target=\"_blank\" rel=\"noopener noreferrer\">Calendari dels horts a Catalunya<\/a><\/li>\n<li><a href=\"http:\/\/www.5aldia.es\/ca\/objectius.php\" target=\"_blank\" rel=\"noopener noreferrer\">Campanya 5 fruites i hortalisses al dia<\/a><\/li>\n<li><a href=\"http:\/\/www.cuinacatalana.eu\/ca\/pag\/escoles\/\" target=\"_blank\" rel=\"noopener noreferrer\">Activitats per con\u00e8ixer\u00a0el patrimoni culinari catal\u00e0<\/a><\/li>\n<\/ul>\n<p>&nbsp;<\/p>\n<p>&nbsp;<\/p>\n<p>&nbsp;<\/p>\n","protected":false},"excerpt":{"rendered":"<p>A continuaci\u00f3 us proposem unes activitats que podeu realitzar al vostre centre: Antot\u00edpia \u2013 Estampaci\u00f3 amb pigments vegetals. Observaci\u00f3 dels bacteris presents al iogurt Produccions pr\u00f2pies: L\u00e0mina mantega L\u00e0mina iogurt L\u00e0mina formatge Cartells: llet crua, pasteuritzada i ultrapasteuritzada Webgrafia: Calendari dels horts a Catalunya Campanya 5 fruites i hortalisses al dia Activitats per con\u00e8ixer\u00a0el patrimoni [&hellip;]<\/p>\n","protected":false},"author":1,"featured_media":0,"parent":8580,"menu_order":2,"comment_status":"closed","ping_status":"closed","template":"","meta":{"_bbp_topic_count":0,"_bbp_reply_count":0,"_bbp_total_topic_count":0,"_bbp_total_reply_count":0,"_bbp_voice_count":0,"_bbp_anonymous_reply_count":0,"_bbp_topic_count_hidden":0,"_bbp_reply_count_hidden":0,"_bbp_forum_subforum_count":0,"site-sidebar-layout":"default","site-content-layout":"","ast-site-content-layout":"default","site-content-style":"default","site-sidebar-style":"default","ast-global-header-display":"","ast-banner-title-visibility":"","ast-main-header-display":"","ast-hfb-above-header-display":"","ast-hfb-below-header-display":"","ast-hfb-mobile-header-display":"","site-post-title":"","ast-breadcrumbs-content":"","ast-featured-img":"","footer-sml-layout":"","theme-transparent-header-meta":"default","adv-header-id-meta":"","stick-header-meta":"","header-above-stick-meta":"","header-main-stick-meta":"","header-below-stick-meta":"","astra-migrate-meta-layouts":"set","ast-page-background-enabled":"default","ast-page-background-meta":{"desktop":{"background-color":"var(--ast-global-color-4)","background-image":"","background-repeat":"repeat","background-position":"center center","background-size":"auto","background-attachment":"scroll","background-type":"","background-media":"","overlay-type":"","overlay-color":"","overlay-opacity":"","overlay-gradient":""},"tablet":{"background-color":"","background-image":"","background-repeat":"repeat","background-position":"center center","background-size":"auto","background-attachment":"scroll","background-type":"","background-media":"","overlay-type":"","overlay-color":"","overlay-opacity":"","overlay-gradient":""},"mobile":{"background-color":"","background-image":"","background-repeat":"repeat","background-position":"center center","background-size":"auto","background-attachment":"scroll","background-type":"","background-media":"","overlay-type":"","overlay-color":"","overlay-opacity":"","overlay-gradient":""}},"ast-content-background-meta":{"desktop":{"background-color":"var(--ast-global-color-5)","background-image":"","background-repeat":"repeat","background-position":"center center","background-size":"auto","background-attachment":"scroll","background-type":"","background-media":"","overlay-type":"","overlay-color":"","overlay-opacity":"","overlay-gradient":""},"tablet":{"background-color":"var(--ast-global-color-5)","background-image":"","background-repeat":"repeat","background-position":"center center","background-size":"auto","background-attachment":"scroll","background-type":"","background-media":"","overlay-type":"","overlay-color":"","overlay-opacity":"","overlay-gradient":""},"mobile":{"background-color":"var(--ast-global-color-5)","background-image":"","background-repeat":"repeat","background-position":"center center","background-size":"auto","background-attachment":"scroll","background-type":"","background-media":"","overlay-type":"","overlay-color":"","overlay-opacity":"","overlay-gradient":""}},"footnotes":""},"class_list":["post-8591","page","type-page","status-publish","hentry"],"post_mailing_queue_ids":[],"_links":{"self":[{"href":"https:\/\/serveiseducatius.xtec.cat\/cda-juneda\/wp-json\/wp\/v2\/pages\/8591","targetHints":{"allow":["GET"]}}],"collection":[{"href":"https:\/\/serveiseducatius.xtec.cat\/cda-juneda\/wp-json\/wp\/v2\/pages"}],"about":[{"href":"https:\/\/serveiseducatius.xtec.cat\/cda-juneda\/wp-json\/wp\/v2\/types\/page"}],"author":[{"embeddable":true,"href":"https:\/\/serveiseducatius.xtec.cat\/cda-juneda\/wp-json\/wp\/v2\/users\/1"}],"replies":[{"embeddable":true,"href":"https:\/\/serveiseducatius.xtec.cat\/cda-juneda\/wp-json\/wp\/v2\/comments?post=8591"}],"version-history":[{"count":6,"href":"https:\/\/serveiseducatius.xtec.cat\/cda-juneda\/wp-json\/wp\/v2\/pages\/8591\/revisions"}],"predecessor-version":[{"id":11272,"href":"https:\/\/serveiseducatius.xtec.cat\/cda-juneda\/wp-json\/wp\/v2\/pages\/8591\/revisions\/11272"}],"up":[{"embeddable":true,"href":"https:\/\/serveiseducatius.xtec.cat\/cda-juneda\/wp-json\/wp\/v2\/pages\/8580"}],"wp:attachment":[{"href":"https:\/\/serveiseducatius.xtec.cat\/cda-juneda\/wp-json\/wp\/v2\/media?parent=8591"}],"curies":[{"name":"wp","href":"https:\/\/api.w.org\/{rel}","templated":true}]}}