{"id":8586,"date":"2016-09-06T12:11:54","date_gmt":"2016-09-06T11:11:54","guid":{"rendered":"http:\/\/serveiseducatius.xtec.cat\/cda-juneda\/?page_id=8586"},"modified":"2025-10-30T10:16:04","modified_gmt":"2025-10-30T09:16:04","slug":"recursos-forn-farines","status":"publish","type":"page","link":"https:\/\/serveiseducatius.xtec.cat\/cda-juneda\/recursos\/recursos-forn-farines\/","title":{"rendered":"Recursos forn, farines i pastes"},"content":{"rendered":"<h5><span style=\"color: #000000;\">A continuaci\u00f3 us proposem unes activitats que podeu dur a terme al vostre centre:<\/span><\/h5>\n<ul>\n<li><a href=\"https:\/\/serveiseducatius.xtec.cat\/cda-juneda\/wp-content\/uploads\/usu1381\/2025\/04\/Receptari-forn-2025.pdf\">\ud83d\udcddRECEPTARI FORN<\/a>: recull de receptes per fer pa, panets i coques.<\/li>\n<li><a href=\"https:\/\/serveiseducatius.xtec.cat\/cda-juneda\/wp-content\/uploads\/usu1381\/2025\/04\/Magrada-el-pa-esponjos-revisat.pdf\" target=\"_blank\" rel=\"noopener\">M\u2019agrada el pa esponj\u00f3s.<\/a><\/li>\n<li><a href=\"https:\/\/serveiseducatius.xtec.cat\/cda-juneda\/wp-content\/uploads\/usu1381\/2025\/04\/Reproduccio-llevats-revisat.pdf\" target=\"_blank\" rel=\"noopener\">Els llevats es reprodueixen?<\/a><\/li>\n<li><a href=\"https:\/\/serveiseducatius.xtec.cat\/cda-juneda\/wp-content\/uploads\/usu1381\/2025\/04\/Per-que-el-pa-te-forats-revisat.pdf\" target=\"_blank\" rel=\"noopener\">Per qu\u00e8 el pa t\u00e9 forats?<\/a><\/li>\n<\/ul>\n<h5><span style=\"color: #000000;\">Produccions pr\u00f2pies:<\/span><\/h5>\n<ul style=\"list-style-type: circle;\">\n<li><a href=\"http:\/\/www.xtec.cat\/cda-juneda\/web16\/docs1617\/recursos\/forn\/GuiaForn.pdf\" target=\"_blank\" rel=\"noopener noreferrer\">Guia informativa per al professorat: Forn<\/a><\/li>\n<li><a href=\"https:\/\/drive.google.com\/file\/d\/1r2GsHMBZBhdqekRALsy8Z-X5SpYeX6mD\/view?usp=sharing\" target=\"_blank\" rel=\"noopener noreferrer\">Guia informativa per al professorat: Farines i Pastes<\/a><\/li>\n<li><a href=\"https:\/\/serveiseducatius.xtec.cat\/cda-juneda\/wp-content\/uploads\/usu1381\/2025\/10\/Els-cereals.pdf\">Cartell: Els cereals<\/a><\/li>\n<li><a href=\"https:\/\/serveiseducatius.xtec.cat\/cda-juneda\/wp-content\/uploads\/usu1381\/2025\/10\/La-farina.pdf\">Cartell: La farina<\/a><\/li>\n<li><a href=\"https:\/\/serveiseducatius.xtec.cat\/cda-juneda\/wp-content\/uploads\/usu1381\/2025\/10\/Els-llevats.pdf\">Cartell: Els llevats<\/a><\/li>\n<li><a href=\"https:\/\/serveiseducatius.xtec.cat\/cda-juneda\/wp-content\/uploads\/usu1381\/2025\/10\/La-fermentacio.pdf\">Cartell: La fermentaci\u00f3<\/a><\/li>\n<\/ul>\n<h5><span style=\"color: #000000;\">Webgrafia:<\/span><\/h5>\n<ul style=\"list-style-type: circle;\">\n<li><a href=\"https:\/\/mhunters.com\/es\/blog\/que-es-el-gluten\/\" target=\"_blank\" rel=\"noopener noreferrer\">Qu\u00e8 \u00e9s el gluten<\/a><\/li>\n<li><a href=\"http:\/\/www.rocafariners.com\/ca\/\" target=\"_blank\" rel=\"noopener noreferrer\">Farinera Roca<\/a><\/li>\n<\/ul>\n<p>&nbsp;<\/p>\n<p>&nbsp;<\/p>\n","protected":false},"excerpt":{"rendered":"<p>A continuaci\u00f3 us proposem unes activitats que podeu dur a terme al vostre centre: \ud83d\udcddRECEPTARI FORN: recull de receptes per fer pa, panets i coques. M\u2019agrada el pa esponj\u00f3s. Els llevats es reprodueixen? Per qu\u00e8 el pa t\u00e9 forats? Produccions pr\u00f2pies: Guia informativa per al professorat: Forn Guia informativa per al professorat: Farines i Pastes [&hellip;]<\/p>\n","protected":false},"author":1,"featured_media":0,"parent":8580,"menu_order":4,"comment_status":"closed","ping_status":"closed","template":"","meta":{"_bbp_topic_count":0,"_bbp_reply_count":0,"_bbp_total_topic_count":0,"_bbp_total_reply_count":0,"_bbp_voice_count":0,"_bbp_anonymous_reply_count":0,"_bbp_topic_count_hidden":0,"_bbp_reply_count_hidden":0,"_bbp_forum_subforum_count":0,"site-sidebar-layout":"default","site-content-layout":"","ast-site-content-layout":"default","site-content-style":"default","site-sidebar-style":"default","ast-global-header-display":"","ast-banner-title-visibility":"","ast-main-header-display":"","ast-hfb-above-header-display":"","ast-hfb-below-header-display":"","ast-hfb-mobile-header-display":"","site-post-title":"","ast-breadcrumbs-content":"","ast-featured-img":"","footer-sml-layout":"","theme-transparent-header-meta":"default","adv-header-id-meta":"","stick-header-meta":"","header-above-stick-meta":"","header-main-stick-meta":"","header-below-stick-meta":"","astra-migrate-meta-layouts":"set","ast-page-background-enabled":"default","ast-page-background-meta":{"desktop":{"background-color":"var(--ast-global-color-4)","background-image":"","background-repeat":"repeat","background-position":"center center","background-size":"auto","background-attachment":"scroll","background-type":"","background-media":"","overlay-type":"","overlay-color":"","overlay-opacity":"","overlay-gradient":""},"tablet":{"background-color":"","background-image":"","background-repeat":"repeat","background-position":"center center","background-size":"auto","background-attachment":"scroll","background-type":"","background-media":"","overlay-type":"","overlay-color":"","overlay-opacity":"","overlay-gradient":""},"mobile":{"background-color":"","background-image":"","background-repeat":"repeat","background-position":"center center","background-size":"auto","background-attachment":"scroll","background-type":"","background-media":"","overlay-type":"","overlay-color":"","overlay-opacity":"","overlay-gradient":""}},"ast-content-background-meta":{"desktop":{"background-color":"var(--ast-global-color-5)","background-image":"","background-repeat":"repeat","background-position":"center center","background-size":"auto","background-attachment":"scroll","background-type":"","background-media":"","overlay-type":"","overlay-color":"","overlay-opacity":"","overlay-gradient":""},"tablet":{"background-color":"var(--ast-global-color-5)","background-image":"","background-repeat":"repeat","background-position":"center center","background-size":"auto","background-attachment":"scroll","background-type":"","background-media":"","overlay-type":"","overlay-color":"","overlay-opacity":"","overlay-gradient":""},"mobile":{"background-color":"var(--ast-global-color-5)","background-image":"","background-repeat":"repeat","background-position":"center center","background-size":"auto","background-attachment":"scroll","background-type":"","background-media":"","overlay-type":"","overlay-color":"","overlay-opacity":"","overlay-gradient":""}},"footnotes":""},"class_list":["post-8586","page","type-page","status-publish","hentry"],"post_mailing_queue_ids":[],"_links":{"self":[{"href":"https:\/\/serveiseducatius.xtec.cat\/cda-juneda\/wp-json\/wp\/v2\/pages\/8586","targetHints":{"allow":["GET"]}}],"collection":[{"href":"https:\/\/serveiseducatius.xtec.cat\/cda-juneda\/wp-json\/wp\/v2\/pages"}],"about":[{"href":"https:\/\/serveiseducatius.xtec.cat\/cda-juneda\/wp-json\/wp\/v2\/types\/page"}],"author":[{"embeddable":true,"href":"https:\/\/serveiseducatius.xtec.cat\/cda-juneda\/wp-json\/wp\/v2\/users\/1"}],"replies":[{"embeddable":true,"href":"https:\/\/serveiseducatius.xtec.cat\/cda-juneda\/wp-json\/wp\/v2\/comments?post=8586"}],"version-history":[{"count":7,"href":"https:\/\/serveiseducatius.xtec.cat\/cda-juneda\/wp-json\/wp\/v2\/pages\/8586\/revisions"}],"predecessor-version":[{"id":11269,"href":"https:\/\/serveiseducatius.xtec.cat\/cda-juneda\/wp-json\/wp\/v2\/pages\/8586\/revisions\/11269"}],"up":[{"embeddable":true,"href":"https:\/\/serveiseducatius.xtec.cat\/cda-juneda\/wp-json\/wp\/v2\/pages\/8580"}],"wp:attachment":[{"href":"https:\/\/serveiseducatius.xtec.cat\/cda-juneda\/wp-json\/wp\/v2\/media?parent=8586"}],"curies":[{"name":"wp","href":"https:\/\/api.w.org\/{rel}","templated":true}]}}