{"id":8580,"date":"2016-09-06T09:04:50","date_gmt":"2016-09-06T08:04:50","guid":{"rendered":"http:\/\/serveiseducatius.xtec.cat\/cda-juneda\/?page_id=8580"},"modified":"2026-04-08T09:29:09","modified_gmt":"2026-04-08T07:29:09","slug":"recursos","status":"publish","type":"page","link":"https:\/\/serveiseducatius.xtec.cat\/cda-juneda\/recursos\/","title":{"rendered":"Recursos educatius"},"content":{"rendered":"<p>En aquest apartat hi trobareu recursos educatius d&#8217;aplicaci\u00f3 directa a l&#8217;aula, guies informatives i activitats que des del CdA Juneda posem a la vostra disposici\u00f3. En podeu fer l&#8217;\u00fas que creieu convenient: des d&#8217;utilitzar-los en sessions puntuals, incorporar-los als vostres projectes d&#8217;aula o situacions d&#8217;aprenentatge (tan si veniu al camp d&#8217;aprenentatge com si no) o com a treball previ\/posterior a una estada o sortida.<\/p>\n<p>Hem classificat els recursos en funci\u00f3 dels \u00e0mbits de treball de la nostra oferta educativa:<\/p>\n<p>\ud83d\udc37 <strong>Recursos ramaderia<\/strong><\/p>\n<ul>\n<li><a href=\"https:\/\/serveiseducatius.xtec.cat\/cda-juneda\/wp-content\/uploads\/usu1381\/2025\/04\/Analisi-produccio-lletera-vaca-revisat-1.pdf\" target=\"_blank\" rel=\"noopener\">An\u00e0lisi de la producci\u00f3 de llet d&#8217;una vaca.<\/a><\/li>\n<li><a href=\"https:\/\/serveiseducatius.xtec.cat\/cda-juneda\/wp-content\/uploads\/usu1381\/2025\/04\/La-munyida-revisat.pdf\" target=\"_blank\" rel=\"noopener\">El proc\u00e9s de producci\u00f3 de llet.<\/a><\/li>\n<li><a href=\"https:\/\/serveiseducatius.xtec.cat\/cda-juneda\/wp-content\/uploads\/usu1381\/2025\/04\/De-lou-al-pollet-revisat-1.pdf\" target=\"_blank\" rel=\"noopener\">De l&#8217;ou al pollet.<\/a><\/li>\n<\/ul>\n<p><strong>\ud83e\udd5b\u00a0Recursos transformaci\u00f3 d&#8217;aliments<\/strong><\/p>\n<ul>\n<li><a href=\"https:\/\/serveiseducatius.xtec.cat\/cda-juneda\/wp-content\/uploads\/usu1381\/2025\/04\/Antotipia-Estampacio-amb-pigments-vegetals-revisat-1.pdf\" target=\"_blank\" rel=\"noopener\">Antot\u00edpia &#8211; Estampaci\u00f3 amb pigments vegetals.<\/a><\/li>\n<li><a href=\"https:\/\/serveiseducatius.xtec.cat\/cda-juneda\/wp-content\/uploads\/usu1381\/2025\/06\/Observacio-iogurt-1.pdf\" target=\"_blank\" rel=\"noopener\">Observaci\u00f3 dels bacteris presents al iogurt<\/a><\/li>\n<\/ul>\n<p><strong>\ud83d\udc1d\u00a0Recursos apicultura<\/strong><\/p>\n<ul>\n<li><a href=\"https:\/\/serveiseducatius.xtec.cat\/cda-juneda\/wp-content\/uploads\/usu1381\/2025\/04\/Lapicultura-en-un-rusc-revisat-1.pdf\" target=\"_blank\" rel=\"noopener\">L&#8217;apicultura en un rusc.<\/a><\/li>\n<li><a href=\"https:\/\/serveiseducatius.xtec.cat\/cda-juneda\/wp-content\/uploads\/usu1381\/2025\/04\/Construim-un-hotel-dinsectes-revisat-1.pdf\" target=\"_blank\" rel=\"noopener\">Constru\u00efm un refugi d&#8217;insectes.<\/a><\/li>\n<\/ul>\n<p><strong>\ud83c\udf5e Recursos forn, farines i pastes<\/strong><\/p>\n<ul>\n<li><a href=\"https:\/\/serveiseducatius.xtec.cat\/cda-juneda\/wp-content\/uploads\/usu1381\/2025\/04\/Receptari-forn-2025.pdf\">\ud83d\udcddRECEPTARI FORN<\/a>: recull de receptes per fer pa, panets i coques.<\/li>\n<li><a href=\"https:\/\/serveiseducatius.xtec.cat\/cda-juneda\/wp-content\/uploads\/usu1381\/2025\/04\/Magrada-el-pa-esponjos-revisat.pdf\" target=\"_blank\" rel=\"noopener\">M&#8217;agrada el pa esponj\u00f3s.<\/a><\/li>\n<li><a href=\"https:\/\/serveiseducatius.xtec.cat\/cda-juneda\/wp-content\/uploads\/usu1381\/2025\/04\/Reproduccio-llevats-revisat.pdf\" target=\"_blank\" rel=\"noopener\">Els llevats es reprodueixen?<\/a><\/li>\n<li><a href=\"https:\/\/serveiseducatius.xtec.cat\/cda-juneda\/wp-content\/uploads\/usu1381\/2025\/04\/Per-que-el-pa-te-forats-revisat.pdf\" target=\"_blank\" rel=\"noopener\">Per qu\u00e8 el pa t\u00e9 forats?<\/a><\/li>\n<\/ul>\n<p><strong>\ud83e\udd6c Recursos horticultura<\/strong><\/p>\n<ul>\n<li><a href=\"https:\/\/serveiseducatius.xtec.cat\/cda-juneda\/wp-content\/uploads\/usu1381\/2025\/04\/Diari-del-cultiu-a-lhort-HORT-revisat.pdf\" target=\"_blank\" rel=\"noopener\">Seguiment de tasques de l&#8217;hort.<\/a><\/li>\n<li><a href=\"https:\/\/serveiseducatius.xtec.cat\/cda-juneda\/wp-content\/uploads\/usu1381\/2025\/04\/Construim-un-hotel-dinsectes-revisat-1.pdf\" target=\"_blank\" rel=\"noopener\">Constru\u00efm un refugi d&#8217;insectes.<\/a><\/li>\n<\/ul>\n<p>\u23ef\u00a0<strong>V\u00eddeos<\/strong><\/p>\n<ul>\n<li><a href=\"http:\/\/youtube.com\/watch?v=XClyooDXq2c\" target=\"_blank\" rel=\"noopener\">Presentaci\u00f3 oficial del Camp d&#8217;Aprenentatge de Juneda<\/a><\/li>\n<li><a href=\"https:\/\/www.youtube.com\/watch?v=_HUWNBpRi5w\" target=\"_blank\" rel=\"noopener\">Presentaci\u00f3 dels camps i entorns d&#8217;aprenentatge de Catalunya<\/a><\/li>\n<\/ul>\n<p>A la vegada, hem agrupat els nostres recursos digitals per si voleu treballar des d&#8217;aquesta vessant:<\/p>\n<p><a style=\"font-family: inherit; font-size: 1em;\" href=\"https:\/\/serveiseducatius.xtec.cat\/cda-juneda\/recursos\/recursos-digitals\/\" target=\"_blank\" rel=\"noopener noreferrer\">\ud83d\udda5\ufe0f\ud83d\udcf1 Recursos digitals<\/a><\/p>\n<p>Estem a la vostra disposici\u00f3 per si necessiteu qualsevol consell, recomanaci\u00f3 o suggeriment de com dur-les a terme, aix\u00ed com per afegir-hi propostes de millora.<\/p>\n","protected":false},"excerpt":{"rendered":"<p>En aquest apartat hi trobareu recursos educatius d&#8217;aplicaci\u00f3 directa a l&#8217;aula, guies informatives i activitats que des del CdA Juneda posem a la vostra disposici\u00f3. En podeu fer l&#8217;\u00fas que creieu convenient: des d&#8217;utilitzar-los en sessions puntuals, incorporar-los als vostres projectes d&#8217;aula o situacions d&#8217;aprenentatge (tan si veniu al camp d&#8217;aprenentatge com si no) o [&hellip;]<\/p>\n","protected":false},"author":1,"featured_media":0,"parent":0,"menu_order":4,"comment_status":"closed","ping_status":"closed","template":"","meta":{"_bbp_topic_count":0,"_bbp_reply_count":0,"_bbp_total_topic_count":0,"_bbp_total_reply_count":0,"_bbp_voice_count":0,"_bbp_anonymous_reply_count":0,"_bbp_topic_count_hidden":0,"_bbp_reply_count_hidden":0,"_bbp_forum_subforum_count":0,"site-sidebar-layout":"default","site-content-layout":"","ast-site-content-layout":"default","site-content-style":"default","site-sidebar-style":"default","ast-global-header-display":"","ast-banner-title-visibility":"","ast-main-header-display":"","ast-hfb-above-header-display":"","ast-hfb-below-header-display":"","ast-hfb-mobile-header-display":"","site-post-title":"","ast-breadcrumbs-content":"","ast-featured-img":"","footer-sml-layout":"","theme-transparent-header-meta":"default","adv-header-id-meta":"","stick-header-meta":"","header-above-stick-meta":"","header-main-stick-meta":"","header-below-stick-meta":"","astra-migrate-meta-layouts":"set","ast-page-background-enabled":"default","ast-page-background-meta":{"desktop":{"background-color":"var(--ast-global-color-4)","background-image":"","background-repeat":"repeat","background-position":"center center","background-size":"auto","background-attachment":"scroll","background-type":"","background-media":"","overlay-type":"","overlay-color":"","overlay-opacity":"","overlay-gradient":""},"tablet":{"background-color":"","background-image":"","background-repeat":"repeat","background-position":"center center","background-size":"auto","background-attachment":"scroll","background-type":"","background-media":"","overlay-type":"","overlay-color":"","overlay-opacity":"","overlay-gradient":""},"mobile":{"background-color":"","background-image":"","background-repeat":"repeat","background-position":"center center","background-size":"auto","background-attachment":"scroll","background-type":"","background-media":"","overlay-type":"","overlay-color":"","overlay-opacity":"","overlay-gradient":""}},"ast-content-background-meta":{"desktop":{"background-color":"var(--ast-global-color-5)","background-image":"","background-repeat":"repeat","background-position":"center center","background-size":"auto","background-attachment":"scroll","background-type":"","background-media":"","overlay-type":"","overlay-color":"","overlay-opacity":"","overlay-gradient":""},"tablet":{"background-color":"var(--ast-global-color-5)","background-image":"","background-repeat":"repeat","background-position":"center center","background-size":"auto","background-attachment":"scroll","background-type":"","background-media":"","overlay-type":"","overlay-color":"","overlay-opacity":"","overlay-gradient":""},"mobile":{"background-color":"var(--ast-global-color-5)","background-image":"","background-repeat":"repeat","background-position":"center center","background-size":"auto","background-attachment":"scroll","background-type":"","background-media":"","overlay-type":"","overlay-color":"","overlay-opacity":"","overlay-gradient":""}},"footnotes":""},"class_list":["post-8580","page","type-page","status-publish","hentry"],"post_mailing_queue_ids":[],"_links":{"self":[{"href":"https:\/\/serveiseducatius.xtec.cat\/cda-juneda\/wp-json\/wp\/v2\/pages\/8580","targetHints":{"allow":["GET"]}}],"collection":[{"href":"https:\/\/serveiseducatius.xtec.cat\/cda-juneda\/wp-json\/wp\/v2\/pages"}],"about":[{"href":"https:\/\/serveiseducatius.xtec.cat\/cda-juneda\/wp-json\/wp\/v2\/types\/page"}],"author":[{"embeddable":true,"href":"https:\/\/serveiseducatius.xtec.cat\/cda-juneda\/wp-json\/wp\/v2\/users\/1"}],"replies":[{"embeddable":true,"href":"https:\/\/serveiseducatius.xtec.cat\/cda-juneda\/wp-json\/wp\/v2\/comments?post=8580"}],"version-history":[{"count":7,"href":"https:\/\/serveiseducatius.xtec.cat\/cda-juneda\/wp-json\/wp\/v2\/pages\/8580\/revisions"}],"predecessor-version":[{"id":11302,"href":"https:\/\/serveiseducatius.xtec.cat\/cda-juneda\/wp-json\/wp\/v2\/pages\/8580\/revisions\/11302"}],"wp:attachment":[{"href":"https:\/\/serveiseducatius.xtec.cat\/cda-juneda\/wp-json\/wp\/v2\/media?parent=8580"}],"curies":[{"name":"wp","href":"https:\/\/api.w.org\/{rel}","templated":true}]}}