{"id":11550,"date":"2026-04-30T13:03:52","date_gmt":"2026-04-30T11:03:52","guid":{"rendered":"https:\/\/serveiseducatius.xtec.cat\/cda-juneda\/?page_id=11550"},"modified":"2026-04-30T13:04:07","modified_gmt":"2026-04-30T11:04:07","slug":"conservacio","status":"publish","type":"page","link":"https:\/\/serveiseducatius.xtec.cat\/cda-juneda\/conservacio\/","title":{"rendered":"Processos de conservaci\u00f3 dels aliments"},"content":{"rendered":"<p data-start=\"813\" data-end=\"1174\">En aquesta activitat, l\u2019alumnat s\u2019aproxima als <strong>processos de conservaci\u00f3<\/strong> dels aliments a partir de l\u2019experimentaci\u00f3 i l\u2019an\u00e0lisi de t\u00e8cniques utilitzades al llarg del temps. A trav\u00e9s de l\u2019observaci\u00f3 i la manipulaci\u00f3, investiga com factors com la temperatura, l\u2019oxigen, la humitat o el medi influeixen en la transformaci\u00f3 i conservaci\u00f3 dels aliments.<\/p>\n<p data-start=\"1176\" data-end=\"1569\">L\u2019activitat inclou l\u2019estudi de processos com <strong>la fermentaci\u00f3<\/strong>, el buit o <strong>l\u2019acci\u00f3 de microorganismes<\/strong> com les floridures, que permeten comprendre el paper dels \u00e9ssers vius i les condicions ambientals en la conservaci\u00f3 aliment\u00e0ria. Mitjan\u00e7ant l\u2019experimentaci\u00f3, l\u2019alumnat analitza, compara i extreu conclusions sobre diferents t\u00e8cniques de preservaci\u00f3, tant tradicionals com actuals.<\/p>\n<p data-start=\"1571\" data-end=\"1922\">Aquest treball permet connectar coneixement cient\u00edfic i pr\u00e0ctica quotidiana, i reflexionar sobre com les societats han desenvolupat estrat\u00e8gies per conservar els aliments, reduir el malbaratament i adaptar-se a l\u2019entorn. L\u2019activitat posa en valor el coneixement t\u00e8cnic i tradicional associat a la transformaci\u00f3 dels aliments dins el m\u00f3n rural.<\/p>\n<p data-start=\"1571\" data-end=\"1922\"><span style=\"color: #ff0000;\">(*) Aquesta activitat s\u2019incorpora per primer cop a la nostra oferta educativa durant el curs 2026-27. Els materials did\u00e0ctics estan en construcci\u00f3, i anirem compartint fotografies a mesura que es vagi implementant.\u00a0<\/span><\/p>\n","protected":false},"excerpt":{"rendered":"<p>En aquesta activitat, l\u2019alumnat s\u2019aproxima als processos de conservaci\u00f3 dels aliments a partir de l\u2019experimentaci\u00f3 i l\u2019an\u00e0lisi de t\u00e8cniques utilitzades al llarg del temps. A trav\u00e9s de l\u2019observaci\u00f3 i la manipulaci\u00f3, investiga com factors com la temperatura, l\u2019oxigen, la humitat o el medi influeixen en la transformaci\u00f3 i conservaci\u00f3 dels aliments. L\u2019activitat inclou l\u2019estudi de [&hellip;]<\/p>\n","protected":false},"author":1,"featured_media":0,"parent":0,"menu_order":0,"comment_status":"closed","ping_status":"closed","template":"","meta":{"_bbp_topic_count":0,"_bbp_reply_count":0,"_bbp_total_topic_count":0,"_bbp_total_reply_count":0,"_bbp_voice_count":0,"_bbp_anonymous_reply_count":0,"_bbp_topic_count_hidden":0,"_bbp_reply_count_hidden":0,"_bbp_forum_subforum_count":0,"site-sidebar-layout":"default","site-content-layout":"","ast-site-content-layout":"default","site-content-style":"default","site-sidebar-style":"default","ast-global-header-display":"","ast-banner-title-visibility":"","ast-main-header-display":"","ast-hfb-above-header-display":"","ast-hfb-below-header-display":"","ast-hfb-mobile-header-display":"","site-post-title":"","ast-breadcrumbs-content":"","ast-featured-img":"","footer-sml-layout":"","theme-transparent-header-meta":"default","adv-header-id-meta":"","stick-header-meta":"","header-above-stick-meta":"","header-main-stick-meta":"","header-below-stick-meta":"","astra-migrate-meta-layouts":"set","ast-page-background-enabled":"default","ast-page-background-meta":{"desktop":{"background-color":"var(--ast-global-color-4)","background-image":"","background-repeat":"repeat","background-position":"center center","background-size":"auto","background-attachment":"scroll","background-type":"","background-media":"","overlay-type":"","overlay-color":"","overlay-opacity":"","overlay-gradient":""},"tablet":{"background-color":"","background-image":"","background-repeat":"repeat","background-position":"center center","background-size":"auto","background-attachment":"scroll","background-type":"","background-media":"","overlay-type":"","overlay-color":"","overlay-opacity":"","overlay-gradient":""},"mobile":{"background-color":"","background-image":"","background-repeat":"repeat","background-position":"center center","background-size":"auto","background-attachment":"scroll","background-type":"","background-media":"","overlay-type":"","overlay-color":"","overlay-opacity":"","overlay-gradient":""}},"ast-content-background-meta":{"desktop":{"background-color":"var(--ast-global-color-5)","background-image":"","background-repeat":"repeat","background-position":"center center","background-size":"auto","background-attachment":"scroll","background-type":"","background-media":"","overlay-type":"","overlay-color":"","overlay-opacity":"","overlay-gradient":""},"tablet":{"background-color":"var(--ast-global-color-5)","background-image":"","background-repeat":"repeat","background-position":"center center","background-size":"auto","background-attachment":"scroll","background-type":"","background-media":"","overlay-type":"","overlay-color":"","overlay-opacity":"","overlay-gradient":""},"mobile":{"background-color":"var(--ast-global-color-5)","background-image":"","background-repeat":"repeat","background-position":"center center","background-size":"auto","background-attachment":"scroll","background-type":"","background-media":"","overlay-type":"","overlay-color":"","overlay-opacity":"","overlay-gradient":""}},"footnotes":""},"class_list":["post-11550","page","type-page","status-publish","hentry"],"post_mailing_queue_ids":[],"_links":{"self":[{"href":"https:\/\/serveiseducatius.xtec.cat\/cda-juneda\/wp-json\/wp\/v2\/pages\/11550","targetHints":{"allow":["GET"]}}],"collection":[{"href":"https:\/\/serveiseducatius.xtec.cat\/cda-juneda\/wp-json\/wp\/v2\/pages"}],"about":[{"href":"https:\/\/serveiseducatius.xtec.cat\/cda-juneda\/wp-json\/wp\/v2\/types\/page"}],"author":[{"embeddable":true,"href":"https:\/\/serveiseducatius.xtec.cat\/cda-juneda\/wp-json\/wp\/v2\/users\/1"}],"replies":[{"embeddable":true,"href":"https:\/\/serveiseducatius.xtec.cat\/cda-juneda\/wp-json\/wp\/v2\/comments?post=11550"}],"version-history":[{"count":1,"href":"https:\/\/serveiseducatius.xtec.cat\/cda-juneda\/wp-json\/wp\/v2\/pages\/11550\/revisions"}],"predecessor-version":[{"id":11553,"href":"https:\/\/serveiseducatius.xtec.cat\/cda-juneda\/wp-json\/wp\/v2\/pages\/11550\/revisions\/11553"}],"wp:attachment":[{"href":"https:\/\/serveiseducatius.xtec.cat\/cda-juneda\/wp-json\/wp\/v2\/media?parent=11550"}],"curies":[{"name":"wp","href":"https:\/\/api.w.org\/{rel}","templated":true}]}}