{"id":11442,"date":"2026-04-29T16:42:31","date_gmt":"2026-04-29T14:42:31","guid":{"rendered":"https:\/\/serveiseducatius.xtec.cat\/cda-juneda\/?page_id=11442"},"modified":"2026-04-29T17:39:27","modified_gmt":"2026-04-29T15:39:27","slug":"estades-2","status":"publish","type":"page","link":"https:\/\/serveiseducatius.xtec.cat\/cda-juneda\/estades-2\/","title":{"rendered":"ESTADES"},"content":{"rendered":"<p>Al Camp d&#8217;aprenentatge de Juneda oferim una experi\u00e8ncia d\u2019immersi\u00f3 al m\u00f3n rural adaptada a les etapes d\u2019Educaci\u00f3 Prim\u00e0ria i Educaci\u00f3 Secund\u00e0ria.<\/p>\n<p>Les estades que ofereix el CdA de Juneda poden ser <strong>de 2 a 4 dies<\/strong>, i inclouen el treball de m\u00e9s d\u2019una activitat vinculada als processos de <strong data-start=\"351\" data-end=\"385\">mat\u00e8ria, ofici i transformaci\u00f3<\/strong>, i es poden connectar entre elles per afavorir la consolidaci\u00f3 dels aprenentatges i dels objectius marcats dins d\u2019un projecte o situaci\u00f3 d\u2019aprenentatge.<\/p>\n<p>El preu p\u00fablic de les activitats d&#8217;ensenyament-aprenentatge \u00e9s de 3\u20ac per persona i dia. S&#8217;aplicar\u00e0 les exempcions i bonificacions contemplades a\u00a0 l&#8217;<a href=\"https:\/\/dogc.gencat.cat\/ca\/document-del-dogc\/?documentId=743883\">ordre vigent.<\/a><\/p>\n","protected":false},"excerpt":{"rendered":"<p>Al Camp d&#8217;aprenentatge de Juneda oferim una experi\u00e8ncia d\u2019immersi\u00f3 al m\u00f3n rural adaptada a les etapes d\u2019Educaci\u00f3 Prim\u00e0ria i Educaci\u00f3 Secund\u00e0ria. Les estades que ofereix el CdA de Juneda poden ser de 2 a 4 dies, i inclouen el treball de m\u00e9s d\u2019una activitat vinculada als processos de mat\u00e8ria, ofici i transformaci\u00f3, i es poden [&hellip;]<\/p>\n","protected":false},"author":1,"featured_media":0,"parent":0,"menu_order":0,"comment_status":"closed","ping_status":"closed","template":"","meta":{"_bbp_topic_count":0,"_bbp_reply_count":0,"_bbp_total_topic_count":0,"_bbp_total_reply_count":0,"_bbp_voice_count":0,"_bbp_anonymous_reply_count":0,"_bbp_topic_count_hidden":0,"_bbp_reply_count_hidden":0,"_bbp_forum_subforum_count":0,"site-sidebar-layout":"default","site-content-layout":"","ast-site-content-layout":"default","site-content-style":"default","site-sidebar-style":"default","ast-global-header-display":"","ast-banner-title-visibility":"","ast-main-header-display":"","ast-hfb-above-header-display":"","ast-hfb-below-header-display":"","ast-hfb-mobile-header-display":"","site-post-title":"","ast-breadcrumbs-content":"","ast-featured-img":"","footer-sml-layout":"","theme-transparent-header-meta":"default","adv-header-id-meta":"","stick-header-meta":"","header-above-stick-meta":"","header-main-stick-meta":"","header-below-stick-meta":"","astra-migrate-meta-layouts":"set","ast-page-background-enabled":"default","ast-page-background-meta":{"desktop":{"background-color":"var(--ast-global-color-4)","background-image":"","background-repeat":"repeat","background-position":"center center","background-size":"auto","background-attachment":"scroll","background-type":"","background-media":"","overlay-type":"","overlay-color":"","overlay-opacity":"","overlay-gradient":""},"tablet":{"background-color":"","background-image":"","background-repeat":"repeat","background-position":"center center","background-size":"auto","background-attachment":"scroll","background-type":"","background-media":"","overlay-type":"","overlay-color":"","overlay-opacity":"","overlay-gradient":""},"mobile":{"background-color":"","background-image":"","background-repeat":"repeat","background-position":"center center","background-size":"auto","background-attachment":"scroll","background-type":"","background-media":"","overlay-type":"","overlay-color":"","overlay-opacity":"","overlay-gradient":""}},"ast-content-background-meta":{"desktop":{"background-color":"var(--ast-global-color-5)","background-image":"","background-repeat":"repeat","background-position":"center center","background-size":"auto","background-attachment":"scroll","background-type":"","background-media":"","overlay-type":"","overlay-color":"","overlay-opacity":"","overlay-gradient":""},"tablet":{"background-color":"var(--ast-global-color-5)","background-image":"","background-repeat":"repeat","background-position":"center center","background-size":"auto","background-attachment":"scroll","background-type":"","background-media":"","overlay-type":"","overlay-color":"","overlay-opacity":"","overlay-gradient":""},"mobile":{"background-color":"var(--ast-global-color-5)","background-image":"","background-repeat":"repeat","background-position":"center center","background-size":"auto","background-attachment":"scroll","background-type":"","background-media":"","overlay-type":"","overlay-color":"","overlay-opacity":"","overlay-gradient":""}},"footnotes":""},"class_list":["post-11442","page","type-page","status-publish","hentry"],"post_mailing_queue_ids":[],"_links":{"self":[{"href":"https:\/\/serveiseducatius.xtec.cat\/cda-juneda\/wp-json\/wp\/v2\/pages\/11442","targetHints":{"allow":["GET"]}}],"collection":[{"href":"https:\/\/serveiseducatius.xtec.cat\/cda-juneda\/wp-json\/wp\/v2\/pages"}],"about":[{"href":"https:\/\/serveiseducatius.xtec.cat\/cda-juneda\/wp-json\/wp\/v2\/types\/page"}],"author":[{"embeddable":true,"href":"https:\/\/serveiseducatius.xtec.cat\/cda-juneda\/wp-json\/wp\/v2\/users\/1"}],"replies":[{"embeddable":true,"href":"https:\/\/serveiseducatius.xtec.cat\/cda-juneda\/wp-json\/wp\/v2\/comments?post=11442"}],"version-history":[{"count":5,"href":"https:\/\/serveiseducatius.xtec.cat\/cda-juneda\/wp-json\/wp\/v2\/pages\/11442\/revisions"}],"predecessor-version":[{"id":11490,"href":"https:\/\/serveiseducatius.xtec.cat\/cda-juneda\/wp-json\/wp\/v2\/pages\/11442\/revisions\/11490"}],"wp:attachment":[{"href":"https:\/\/serveiseducatius.xtec.cat\/cda-juneda\/wp-json\/wp\/v2\/media?parent=11442"}],"curies":[{"name":"wp","href":"https:\/\/api.w.org\/{rel}","templated":true}]}}