{"id":11417,"date":"2026-04-29T16:07:14","date_gmt":"2026-04-29T14:07:14","guid":{"rendered":"https:\/\/serveiseducatius.xtec.cat\/cda-juneda\/?page_id=11417"},"modified":"2026-04-29T16:07:14","modified_gmt":"2026-04-29T14:07:14","slug":"recursos-cistelleria","status":"publish","type":"page","link":"https:\/\/serveiseducatius.xtec.cat\/cda-juneda\/recursos-cistelleria\/","title":{"rendered":"Recursos cistelleria"},"content":{"rendered":"<h5><span style=\"color: #000000;\">V\u00eddeo tutorials:<\/span><\/h5>\n<ul style=\"list-style-type: circle;\">\n<li><a href=\"https:\/\/www.youtube.com\/watch?v=VL3Uy5of9wM\">T\u00e8cnica de la lligada de quatre. Ona Trepat<\/a><\/li>\n<li><a href=\"https:\/\/www.youtube.com\/watch?v=Mvr9h4XJypY\">Sabonera de v\u00edmet. Ona Trepat.\u00a0<\/a><\/li>\n<\/ul>\n<h5><span style=\"color: #000000;\">Bibliografia:<\/span><\/h5>\n<ul style=\"list-style-type: circle;\">\n<li><em>Cester\u00eda paso a paso<\/em>\u00a0de Virbe Boesch. Editorial Drac<\/li>\n<li><em>Cester\u00eda Creativa<\/em>\u00a0de Sylvie B\u00e9got. Editorial Drac<\/li>\n<li><em>Manual pr\u00e1ctivo de cester\u00eda<\/em>\u00a0de BJ Crawford. Editorial Drac<\/li>\n<li><em>Mimbre<\/em>\u00a0de Jenny Crisp. Editorial Blume<\/li>\n<li><em>Cester\u00eda<\/em>\u00a0de Caterina Hern\u00e1ndez i Eva Pascual. Editorial Parramon<\/li>\n<li><em>La vida quotidiana abans i ara<\/em> de Maria Cristina Junyent i Cristina Losantos. Editorial Combel<\/li>\n<\/ul>\n","protected":false},"excerpt":{"rendered":"<p>V\u00eddeo tutorials: T\u00e8cnica de la lligada de quatre. Ona Trepat Sabonera de v\u00edmet. Ona Trepat.\u00a0 Bibliografia: Cester\u00eda paso a paso\u00a0de Virbe Boesch. Editorial Drac Cester\u00eda Creativa\u00a0de Sylvie B\u00e9got. Editorial Drac Manual pr\u00e1ctivo de cester\u00eda\u00a0de BJ Crawford. Editorial Drac Mimbre\u00a0de Jenny Crisp. Editorial Blume Cester\u00eda\u00a0de Caterina Hern\u00e1ndez i Eva Pascual. Editorial Parramon La vida quotidiana abans [&hellip;]<\/p>\n","protected":false},"author":1,"featured_media":0,"parent":0,"menu_order":0,"comment_status":"closed","ping_status":"closed","template":"","meta":{"_bbp_topic_count":0,"_bbp_reply_count":0,"_bbp_total_topic_count":0,"_bbp_total_reply_count":0,"_bbp_voice_count":0,"_bbp_anonymous_reply_count":0,"_bbp_topic_count_hidden":0,"_bbp_reply_count_hidden":0,"_bbp_forum_subforum_count":0,"site-sidebar-layout":"default","site-content-layout":"","ast-site-content-layout":"default","site-content-style":"default","site-sidebar-style":"default","ast-global-header-display":"","ast-banner-title-visibility":"","ast-main-header-display":"","ast-hfb-above-header-display":"","ast-hfb-below-header-display":"","ast-hfb-mobile-header-display":"","site-post-title":"","ast-breadcrumbs-content":"","ast-featured-img":"","footer-sml-layout":"","theme-transparent-header-meta":"default","adv-header-id-meta":"","stick-header-meta":"","header-above-stick-meta":"","header-main-stick-meta":"","header-below-stick-meta":"","astra-migrate-meta-layouts":"set","ast-page-background-enabled":"default","ast-page-background-meta":{"desktop":{"background-color":"var(--ast-global-color-4)","background-image":"","background-repeat":"repeat","background-position":"center center","background-size":"auto","background-attachment":"scroll","background-type":"","background-media":"","overlay-type":"","overlay-color":"","overlay-opacity":"","overlay-gradient":""},"tablet":{"background-color":"","background-image":"","background-repeat":"repeat","background-position":"center center","background-size":"auto","background-attachment":"scroll","background-type":"","background-media":"","overlay-type":"","overlay-color":"","overlay-opacity":"","overlay-gradient":""},"mobile":{"background-color":"","background-image":"","background-repeat":"repeat","background-position":"center center","background-size":"auto","background-attachment":"scroll","background-type":"","background-media":"","overlay-type":"","overlay-color":"","overlay-opacity":"","overlay-gradient":""}},"ast-content-background-meta":{"desktop":{"background-color":"var(--ast-global-color-5)","background-image":"","background-repeat":"repeat","background-position":"center center","background-size":"auto","background-attachment":"scroll","background-type":"","background-media":"","overlay-type":"","overlay-color":"","overlay-opacity":"","overlay-gradient":""},"tablet":{"background-color":"var(--ast-global-color-5)","background-image":"","background-repeat":"repeat","background-position":"center center","background-size":"auto","background-attachment":"scroll","background-type":"","background-media":"","overlay-type":"","overlay-color":"","overlay-opacity":"","overlay-gradient":""},"mobile":{"background-color":"var(--ast-global-color-5)","background-image":"","background-repeat":"repeat","background-position":"center center","background-size":"auto","background-attachment":"scroll","background-type":"","background-media":"","overlay-type":"","overlay-color":"","overlay-opacity":"","overlay-gradient":""}},"footnotes":""},"class_list":["post-11417","page","type-page","status-publish","hentry"],"post_mailing_queue_ids":[],"_links":{"self":[{"href":"https:\/\/serveiseducatius.xtec.cat\/cda-juneda\/wp-json\/wp\/v2\/pages\/11417","targetHints":{"allow":["GET"]}}],"collection":[{"href":"https:\/\/serveiseducatius.xtec.cat\/cda-juneda\/wp-json\/wp\/v2\/pages"}],"about":[{"href":"https:\/\/serveiseducatius.xtec.cat\/cda-juneda\/wp-json\/wp\/v2\/types\/page"}],"author":[{"embeddable":true,"href":"https:\/\/serveiseducatius.xtec.cat\/cda-juneda\/wp-json\/wp\/v2\/users\/1"}],"replies":[{"embeddable":true,"href":"https:\/\/serveiseducatius.xtec.cat\/cda-juneda\/wp-json\/wp\/v2\/comments?post=11417"}],"version-history":[{"count":1,"href":"https:\/\/serveiseducatius.xtec.cat\/cda-juneda\/wp-json\/wp\/v2\/pages\/11417\/revisions"}],"predecessor-version":[{"id":11419,"href":"https:\/\/serveiseducatius.xtec.cat\/cda-juneda\/wp-json\/wp\/v2\/pages\/11417\/revisions\/11419"}],"wp:attachment":[{"href":"https:\/\/serveiseducatius.xtec.cat\/cda-juneda\/wp-json\/wp\/v2\/media?parent=11417"}],"curies":[{"name":"wp","href":"https:\/\/api.w.org\/{rel}","templated":true}]}}