{"id":11398,"date":"2026-04-29T15:44:50","date_gmt":"2026-04-29T13:44:50","guid":{"rendered":"https:\/\/serveiseducatius.xtec.cat\/cda-juneda\/?page_id=11398"},"modified":"2026-04-29T15:45:38","modified_gmt":"2026-04-29T13:45:38","slug":"eix-de-treball","status":"publish","type":"page","link":"https:\/\/serveiseducatius.xtec.cat\/cda-juneda\/el-camp-2\/eix-de-treball\/","title":{"rendered":"Eix de treball"},"content":{"rendered":"<p><strong>Qu\u00e8 proposem al CdA Juneda?<\/strong><\/p>\n<p data-start=\"362\" data-end=\"629\">Al Camp d\u2019Aprenentatge de Juneda treballem diferents activitats que comparteixen un mateix fil conductor: la relaci\u00f3 entre les persones, els materials que ens ofereix el m\u00f3n rural i els processos de transformaci\u00f3 que els converteixen en recursos per a la vida quotidiana.<\/p>\n<p data-start=\"631\" data-end=\"1107\">A trav\u00e9s de propostes vinculades a la llana, la cer\u00e0mica, les fibres vegetals, el cereal o l\u2019apicultura, l\u2019alumnat <strong data-start=\"746\" data-end=\"757\">explora<\/strong> com la mat\u00e8ria primera es transforma mitjan\u00e7ant t\u00e8cniques i coneixements que han donat lloc a oficis tradicionals estretament lligats al m\u00f3n rural. Aquest recorregut permet <strong data-start=\"931\" data-end=\"943\">entendre<\/strong> el valor dels recursos naturals, <strong data-start=\"977\" data-end=\"991\">recon\u00e8ixer<\/strong> la import\u00e0ncia dels oficis artesans i <strong data-start=\"1030\" data-end=\"1043\">analitzar<\/strong> com han evolucionat les formes de producci\u00f3 al llarg del temps.<\/p>\n<p data-start=\"1109\" data-end=\"1506\">Al mateix temps, aquestes activitats conviden a <strong data-start=\"1157\" data-end=\"1172\">reflexionar<\/strong> sobre els models de consum actuals i l\u2019impacte ambiental dels materials sint\u00e8tics i la producci\u00f3 industrial. El treball amb materials naturals esdev\u00e9 una oportunitat per <strong data-start=\"1343\" data-end=\"1356\">connectar<\/strong> coneixement cient\u00edfic, experi\u00e8ncia directa i consci\u00e8ncia ecosocial, posant en valor formes de fer m\u00e9s sostenibles, properes i arrelades al territori.<\/p>\n<p><strong>A qui s\u2019adre\u00e7a la nostra oferta?<\/strong><\/p>\n<p>Els CdA\/EdA s\u2019adrecen principalment a alumnat d\u2019Educaci\u00f3 Prim\u00e0ria, d&#8217;Educaci\u00f3 Secund\u00e0ria, de cicles formatius, Batxillerat i primers cursos universitaris dels centres educatius de Catalunya. En cas excepcional, condicionat per les activitats col\u00b7laboratives concretes i a la disponibilitat del CdA\/l\u2019EdA, es podran atendre centres educatius p\u00fablics de fora de Catalunya.<\/p>\n","protected":false},"excerpt":{"rendered":"<p>Qu\u00e8 proposem al CdA Juneda? Al Camp d\u2019Aprenentatge de Juneda treballem diferents activitats que comparteixen un mateix fil conductor: la relaci\u00f3 entre les persones, els materials que ens ofereix el m\u00f3n rural i els processos de transformaci\u00f3 que els converteixen en recursos per a la vida quotidiana. A trav\u00e9s de propostes vinculades a la llana, [&hellip;]<\/p>\n","protected":false},"author":1,"featured_media":0,"parent":9457,"menu_order":2,"comment_status":"closed","ping_status":"closed","template":"","meta":{"_bbp_topic_count":0,"_bbp_reply_count":0,"_bbp_total_topic_count":0,"_bbp_total_reply_count":0,"_bbp_voice_count":0,"_bbp_anonymous_reply_count":0,"_bbp_topic_count_hidden":0,"_bbp_reply_count_hidden":0,"_bbp_forum_subforum_count":0,"site-sidebar-layout":"default","site-content-layout":"","ast-site-content-layout":"default","site-content-style":"default","site-sidebar-style":"default","ast-global-header-display":"","ast-banner-title-visibility":"","ast-main-header-display":"","ast-hfb-above-header-display":"","ast-hfb-below-header-display":"","ast-hfb-mobile-header-display":"","site-post-title":"","ast-breadcrumbs-content":"","ast-featured-img":"","footer-sml-layout":"","theme-transparent-header-meta":"default","adv-header-id-meta":"","stick-header-meta":"","header-above-stick-meta":"","header-main-stick-meta":"","header-below-stick-meta":"","astra-migrate-meta-layouts":"set","ast-page-background-enabled":"default","ast-page-background-meta":{"desktop":{"background-color":"var(--ast-global-color-4)","background-image":"","background-repeat":"repeat","background-position":"center center","background-size":"auto","background-attachment":"scroll","background-type":"","background-media":"","overlay-type":"","overlay-color":"","overlay-opacity":"","overlay-gradient":""},"tablet":{"background-color":"","background-image":"","background-repeat":"repeat","background-position":"center center","background-size":"auto","background-attachment":"scroll","background-type":"","background-media":"","overlay-type":"","overlay-color":"","overlay-opacity":"","overlay-gradient":""},"mobile":{"background-color":"","background-image":"","background-repeat":"repeat","background-position":"center center","background-size":"auto","background-attachment":"scroll","background-type":"","background-media":"","overlay-type":"","overlay-color":"","overlay-opacity":"","overlay-gradient":""}},"ast-content-background-meta":{"desktop":{"background-color":"var(--ast-global-color-5)","background-image":"","background-repeat":"repeat","background-position":"center center","background-size":"auto","background-attachment":"scroll","background-type":"","background-media":"","overlay-type":"","overlay-color":"","overlay-opacity":"","overlay-gradient":""},"tablet":{"background-color":"var(--ast-global-color-5)","background-image":"","background-repeat":"repeat","background-position":"center center","background-size":"auto","background-attachment":"scroll","background-type":"","background-media":"","overlay-type":"","overlay-color":"","overlay-opacity":"","overlay-gradient":""},"mobile":{"background-color":"var(--ast-global-color-5)","background-image":"","background-repeat":"repeat","background-position":"center center","background-size":"auto","background-attachment":"scroll","background-type":"","background-media":"","overlay-type":"","overlay-color":"","overlay-opacity":"","overlay-gradient":""}},"footnotes":""},"class_list":["post-11398","page","type-page","status-publish","hentry"],"post_mailing_queue_ids":[],"_links":{"self":[{"href":"https:\/\/serveiseducatius.xtec.cat\/cda-juneda\/wp-json\/wp\/v2\/pages\/11398","targetHints":{"allow":["GET"]}}],"collection":[{"href":"https:\/\/serveiseducatius.xtec.cat\/cda-juneda\/wp-json\/wp\/v2\/pages"}],"about":[{"href":"https:\/\/serveiseducatius.xtec.cat\/cda-juneda\/wp-json\/wp\/v2\/types\/page"}],"author":[{"embeddable":true,"href":"https:\/\/serveiseducatius.xtec.cat\/cda-juneda\/wp-json\/wp\/v2\/users\/1"}],"replies":[{"embeddable":true,"href":"https:\/\/serveiseducatius.xtec.cat\/cda-juneda\/wp-json\/wp\/v2\/comments?post=11398"}],"version-history":[{"count":2,"href":"https:\/\/serveiseducatius.xtec.cat\/cda-juneda\/wp-json\/wp\/v2\/pages\/11398\/revisions"}],"predecessor-version":[{"id":11400,"href":"https:\/\/serveiseducatius.xtec.cat\/cda-juneda\/wp-json\/wp\/v2\/pages\/11398\/revisions\/11400"}],"up":[{"embeddable":true,"href":"https:\/\/serveiseducatius.xtec.cat\/cda-juneda\/wp-json\/wp\/v2\/pages\/9457"}],"wp:attachment":[{"href":"https:\/\/serveiseducatius.xtec.cat\/cda-juneda\/wp-json\/wp\/v2\/media?parent=11398"}],"curies":[{"name":"wp","href":"https:\/\/api.w.org\/{rel}","templated":true}]}}