{"id":11386,"date":"2026-04-29T13:47:54","date_gmt":"2026-04-29T11:47:54","guid":{"rendered":"https:\/\/serveiseducatius.xtec.cat\/cda-juneda\/?page_id=11386"},"modified":"2026-04-30T10:12:55","modified_gmt":"2026-04-30T08:12:55","slug":"ceramica","status":"publish","type":"page","link":"https:\/\/serveiseducatius.xtec.cat\/cda-juneda\/ceramica\/","title":{"rendered":"Cer\u00e0mica: processos i t\u00e8cniques del fang"},"content":{"rendered":"<p>La cer\u00e0mica neix d\u2019un gest essencial: transformar la terra en objectes \u00fatils. L\u2019argila, present en molts entorns propers, ha estat durant segles una mat\u00e8ria primera clau per donar resposta a necessitats quotidianes, des de recipients fins a estris de cuina. Aquest proc\u00e9s ha donat lloc a oficis com el de terrisser, que combinen coneixement del material, t\u00e8cnica i sensibilitat. Avui, en un context dominat per la producci\u00f3 industrial i materials poc sostenibles, recuperar la cer\u00e0mica permet reconnectar amb els or\u00edgens dels objectes que utilitzem i amb el valor del fer manual.<\/p>\n<p>En aquesta activitat, l\u2019alumnat investiga les propietats de l\u2019argila i experimenta amb els seus comportaments a trav\u00e9s del treball directe amb el material. Mitjan\u00e7ant el disseny i la creaci\u00f3 d\u2019una pe\u00e7a pr\u00f2pia, posa en joc processos de transformaci\u00f3, pren decisions i resol reptes t\u00e8cnics vinculats al modelatge. Al llarg del proc\u00e9s, interpreta la relaci\u00f3 entre mat\u00e8ria primera, t\u00e8cnica i \u00fas, i reflexiona sobre com produ\u00efm i consumim els objectes en l\u2019actualitat, valorant alternatives m\u00e9s properes, duradores i sostenibles.<\/p>\n<p><span style=\"color: #ff0000;\">(*) Aquesta activitat s&#8217;incorpora per primer cop a la nostra oferta educativa durant el curs 2026-27. Els materials did\u00e0ctics estan en construcci\u00f3, i anirem compartint fotografies a mesura que es vagi implementant.\u00a0<\/span><\/p>\n","protected":false},"excerpt":{"rendered":"<p>La cer\u00e0mica neix d\u2019un gest essencial: transformar la terra en objectes \u00fatils. L\u2019argila, present en molts entorns propers, ha estat durant segles una mat\u00e8ria primera clau per donar resposta a necessitats quotidianes, des de recipients fins a estris de cuina. Aquest proc\u00e9s ha donat lloc a oficis com el de terrisser, que combinen coneixement del [&hellip;]<\/p>\n","protected":false},"author":1,"featured_media":0,"parent":0,"menu_order":0,"comment_status":"closed","ping_status":"closed","template":"","meta":{"_bbp_topic_count":0,"_bbp_reply_count":0,"_bbp_total_topic_count":0,"_bbp_total_reply_count":0,"_bbp_voice_count":0,"_bbp_anonymous_reply_count":0,"_bbp_topic_count_hidden":0,"_bbp_reply_count_hidden":0,"_bbp_forum_subforum_count":0,"site-sidebar-layout":"default","site-content-layout":"","ast-site-content-layout":"default","site-content-style":"default","site-sidebar-style":"default","ast-global-header-display":"","ast-banner-title-visibility":"","ast-main-header-display":"","ast-hfb-above-header-display":"","ast-hfb-below-header-display":"","ast-hfb-mobile-header-display":"","site-post-title":"","ast-breadcrumbs-content":"","ast-featured-img":"","footer-sml-layout":"","theme-transparent-header-meta":"default","adv-header-id-meta":"","stick-header-meta":"","header-above-stick-meta":"","header-main-stick-meta":"","header-below-stick-meta":"","astra-migrate-meta-layouts":"set","ast-page-background-enabled":"default","ast-page-background-meta":{"desktop":{"background-color":"var(--ast-global-color-4)","background-image":"","background-repeat":"repeat","background-position":"center center","background-size":"auto","background-attachment":"scroll","background-type":"","background-media":"","overlay-type":"","overlay-color":"","overlay-opacity":"","overlay-gradient":""},"tablet":{"background-color":"","background-image":"","background-repeat":"repeat","background-position":"center center","background-size":"auto","background-attachment":"scroll","background-type":"","background-media":"","overlay-type":"","overlay-color":"","overlay-opacity":"","overlay-gradient":""},"mobile":{"background-color":"","background-image":"","background-repeat":"repeat","background-position":"center center","background-size":"auto","background-attachment":"scroll","background-type":"","background-media":"","overlay-type":"","overlay-color":"","overlay-opacity":"","overlay-gradient":""}},"ast-content-background-meta":{"desktop":{"background-color":"var(--ast-global-color-5)","background-image":"","background-repeat":"repeat","background-position":"center center","background-size":"auto","background-attachment":"scroll","background-type":"","background-media":"","overlay-type":"","overlay-color":"","overlay-opacity":"","overlay-gradient":""},"tablet":{"background-color":"var(--ast-global-color-5)","background-image":"","background-repeat":"repeat","background-position":"center center","background-size":"auto","background-attachment":"scroll","background-type":"","background-media":"","overlay-type":"","overlay-color":"","overlay-opacity":"","overlay-gradient":""},"mobile":{"background-color":"var(--ast-global-color-5)","background-image":"","background-repeat":"repeat","background-position":"center center","background-size":"auto","background-attachment":"scroll","background-type":"","background-media":"","overlay-type":"","overlay-color":"","overlay-opacity":"","overlay-gradient":""}},"footnotes":""},"class_list":["post-11386","page","type-page","status-publish","hentry"],"post_mailing_queue_ids":[],"_links":{"self":[{"href":"https:\/\/serveiseducatius.xtec.cat\/cda-juneda\/wp-json\/wp\/v2\/pages\/11386","targetHints":{"allow":["GET"]}}],"collection":[{"href":"https:\/\/serveiseducatius.xtec.cat\/cda-juneda\/wp-json\/wp\/v2\/pages"}],"about":[{"href":"https:\/\/serveiseducatius.xtec.cat\/cda-juneda\/wp-json\/wp\/v2\/types\/page"}],"author":[{"embeddable":true,"href":"https:\/\/serveiseducatius.xtec.cat\/cda-juneda\/wp-json\/wp\/v2\/users\/1"}],"replies":[{"embeddable":true,"href":"https:\/\/serveiseducatius.xtec.cat\/cda-juneda\/wp-json\/wp\/v2\/comments?post=11386"}],"version-history":[{"count":2,"href":"https:\/\/serveiseducatius.xtec.cat\/cda-juneda\/wp-json\/wp\/v2\/pages\/11386\/revisions"}],"predecessor-version":[{"id":11522,"href":"https:\/\/serveiseducatius.xtec.cat\/cda-juneda\/wp-json\/wp\/v2\/pages\/11386\/revisions\/11522"}],"wp:attachment":[{"href":"https:\/\/serveiseducatius.xtec.cat\/cda-juneda\/wp-json\/wp\/v2\/media?parent=11386"}],"curies":[{"name":"wp","href":"https:\/\/api.w.org\/{rel}","templated":true}]}}