{"id":11161,"date":"2025-09-22T12:51:09","date_gmt":"2025-09-22T10:51:09","guid":{"rendered":"https:\/\/serveiseducatius.xtec.cat\/cda-juneda\/?page_id=11161"},"modified":"2025-09-24T11:54:10","modified_gmt":"2025-09-24T09:54:10","slug":"projectes-compartits","status":"publish","type":"page","link":"https:\/\/serveiseducatius.xtec.cat\/cda-juneda\/projectes-compartits\/","title":{"rendered":"Projecte compartit: &#8220;La vida dins l&#8217;ou&#8221;"},"content":{"rendered":"<p>El projecte <strong>\u201cLa vida dins l\u2019ou: incubaci\u00f3 i cria de pollets a l\u2019aula&#8221;<\/strong> \u00e9s un recurs educatiu que el CdA Juneda posa a disposici\u00f3 dels centres educatius. Cont\u00e9 tot el <a href=\"https:\/\/drive.google.com\/file\/d\/101pIvswCuxlIOhlWSdu-0LQzDYOp07bj\/view?usp=sharing\">material<\/a> necessari per oferir a l&#8217;alumnat una experi\u00e8ncia d&#8217;aprenentatge pr\u00e0ctica i interactiva que els permeti <strong>entendre i viure en primera persona<\/strong> els processos biol\u00f2gics relacionats amb la reproducci\u00f3, el desenvolupament embrionari i la cura d&#8217;\u00e9ssers vius. Des del punt de vista curricular, \u00e9s tamb\u00e9 una <strong>eina metodol\u00f2gica<\/strong> potent per als equips docents.<\/p>\n<p>Aquest projecte apropa a l&#8217;alumnat a una experi\u00e8ncia que fomenta l&#8217;observaci\u00f3 i la curiositat cient\u00edfica. Desenvolupa <strong>sabers i compet\u00e8ncies espec\u00edfiques de coneixement del medi<\/strong>, ja que la maleta inclou recursos did\u00e0ctics que expliquen els diferents estadis del desenvolupament embrionari i els requisits espec\u00edfics d&#8217;incubaci\u00f3 (temperatura, humitat, rotaci\u00f3 dels ous). A la vegada, es <strong>genera en l&#8217;infant<\/strong> un sentit de responsabilitat i cura vers uns \u00e9ssers vius, i es fa a trav\u00e9s de la cooperaci\u00f3, ja que cal assegurar el repartiment de tasques necess\u00e0ries per a la incubaci\u00f3 i la superviv\u00e8ncia dels pollets.<\/p>\n<p>Des del punt de vista curricular, aquest projecte ofereix poder treballar compet\u00e8ncies transversals i \u00e9s <strong>interdisciplinari<\/strong>, ja que al treball espec\u00edfic de coneixement del medi o biologia s&#8217;hi poden introduir elements d&#8217;altres \u00e0rees, com matem\u00e0tiques (mesura de temperatura i temps, registre de dades, elaboraci\u00f3 de gr\u00e0fiques&#8230;), lleng\u00fces (redacci\u00f3 de diaris d&#8217;observaci\u00f3, creaci\u00f3 de murals i infografies, vocabulari en llengua anglesa) o tecnologia.<\/p>\n\r\n\t<div class=\"slideshow_container slideshow_container_style-light\" style=\"height: 300px; \" data-slideshow-id=\"10834\" data-style-name=\"style-light\" data-style-version=\"2.3.1\" >\r\n\r\n\t\t\t\t\t<div class=\"slideshow_loading_icon\"><\/div>\r\n\t\t\r\n\t\t<div class=\"slideshow_content\" style=\"display: none;\">\r\n\r\n\t\t\t<div class=\"slideshow_view\">\r\n\t\t\t\t<div class=\"slideshow_slide slideshow_slide_image\">\r\n\t\t\t\t\t\t\t\t\t\t\t<img src=\"https:\/\/serveiseducatius.xtec.cat\/cda-juneda\/wp-content\/uploads\/usu1381\/2024\/09\/Imatge-de-WhatsApp-2024-09-04-a-les-14.05.18_0e13147css.jpg\" alt=\"caixa incubaci\u00f3 1\" width=\"2048\" height=\"1536\" \/>\r\n\t\t\t\t\t\t\t\t\t\t<div class=\"slideshow_description_box slideshow_transparent\">\r\n\t\t\t\t\t\t<div class=\"slideshow_title\">caixa incubaci\u00f3 1<\/div>\t\t\t\t\t\t\t\t\t\t\t<\/div>\r\n\t\t\t\t<\/div>\r\n\r\n\t\t\t\t\t\t\r\n\t\t\t\t<div class=\"slideshow_slide slideshow_slide_image\">\r\n\t\t\t\t\t\t\t\t\t\t\t<img src=\"https:\/\/serveiseducatius.xtec.cat\/cda-juneda\/wp-content\/uploads\/usu1381\/2024\/09\/Imatge-de-WhatsApp-2024-09-04-a-les-14.05.18_0e13147c.jpg\" alt=\"caixa incubaci\u00f3 2\" width=\"1536\" height=\"2048\" \/>\r\n\t\t\t\t\t\t\t\t\t\t<div class=\"slideshow_description_box slideshow_transparent\">\r\n\t\t\t\t\t\t<div class=\"slideshow_title\">caixa incubaci\u00f3 2<\/div>\t\t\t\t\t\t\t\t\t\t\t<\/div>\r\n\t\t\t\t<\/div>\r\n\r\n\t\t\t\t\t\t\r\n\t\t\t\t<div class=\"slideshow_slide slideshow_slide_image\">\r\n\t\t\t\t\t\t\t\t\t\t\t<img src=\"https:\/\/serveiseducatius.xtec.cat\/cda-juneda\/wp-content\/uploads\/usu1381\/2024\/09\/caixa-incubaci3.jpg\" alt=\"caixa incubaci\u00f3 3\" width=\"1600\" height=\"1200\" \/>\r\n\t\t\t\t\t\t\t\t\t\t<div class=\"slideshow_description_box slideshow_transparent\">\r\n\t\t\t\t\t\t<div class=\"slideshow_title\">caixa incubaci\u00f3 3<\/div>\t\t\t\t\t\t\t\t\t\t\t<\/div>\r\n\t\t\t\t<\/div>\r\n\r\n\t\t\t\t\t\t<div style=\"clear: both;\"><\/div><\/div>\r\n\t\t<\/div>\r\n\r\n\t\t<div class=\"slideshow_controlPanel slideshow_transparent\" style=\"display: none;\"><ul><li class=\"slideshow_togglePlay\" data-play-text=\"Visualitza\" data-pause-text=\"Pausa\"><\/li><\/ul><\/div>\r\n\r\n\t\t<div class=\"slideshow_button slideshow_previous slideshow_transparent\" role=\"button\" data-previous-text=\"Anterior\" style=\"display: none;\"><\/div>\r\n\t\t<div class=\"slideshow_button slideshow_next slideshow_transparent\" role=\"button\" data-next-text=\"Seg\u00fcent\" style=\"display: none;\"><\/div>\r\n\r\n\t\t<div class=\"slideshow_pagination\" style=\"display: none;\" data-go-to-text=\"V\u00e9s a la diapositiva\"><div class=\"slideshow_pagination_center\"><\/div><\/div>\r\n\r\n\t\t<!-- WordPress Slideshow Version 2.3.1 -->\r\n\r\n\t\t\t<\/div>\r\n\r\n\n<div><\/div>\n<p><strong>\ud83d\udce6 QU\u00c8 CONT\u00c9 LA CAIXA?<\/strong><\/p>\n<ul>\n<li style=\"list-style-type: none;\">\n<ul>\n<li>En aquest <a href=\"https:\/\/drive.google.com\/file\/d\/15U3NKU3HFuCqhVVIy5iFwmjI20XCcUke\/view?usp=drive_link\">document inventari <\/a>hi podeu trobar tot el material que trobareu a la caixa i que ha de tenir en el moment de finalitzaci\u00f3 del pr\u00e9stec.<\/li>\n<\/ul>\n<\/li>\n<\/ul>\n<p><strong>\u2b07 \u00a0MATERIAL EDUCATIU DESCARREGABLE:<\/strong><\/p>\n<ul>\n<li style=\"list-style-type: none;\">\n<ul>\n<li><a href=\"https:\/\/drive.google.com\/file\/d\/1lkLQR2M-7A23KAbClLY8NOwE6tcLTyGW\/view?usp=sharing\" target=\"_blank\" rel=\"noopener\">Cartellera: informaci\u00f3 t\u00e8cnica sobre les gallines, ous i alimentaci\u00f3<\/a> \ud83d\udd17<\/li>\n<li><a href=\"https:\/\/drive.google.com\/file\/d\/1vNurRJRO1l550qDp6O53V4jVHE5ySH8x\/view?usp=sharing\" target=\"_blank\" rel=\"noopener\">Gui\u00f3 per a l&#8217;alumnat: infografies amb els passos a seguir per a la incubaci\u00f3 i cria de pollets<\/a> \ud83d\udd17<\/li>\n<li><a href=\"https:\/\/drive.google.com\/file\/d\/1KUZtY6MHcz61WVzErAtVSs4j39YPDnEf\/view?usp=sharing\" target=\"_blank\" rel=\"noopener\">Guia b\u00e0sica amb diferents races de gallina<\/a> \ud83d\udd17<\/li>\n<li><a href=\"https:\/\/drive.google.com\/file\/d\/1ZRiQ_LC9Ds-W-SDnrlCUnpYFPgupHBni\/view?usp=sharing\" target=\"_blank\" rel=\"noopener\">Manual de funcionament de la incubadora<\/a>\u00a0\ud83d\udd17<\/li>\n<li><a href=\"https:\/\/serveiseducatius.xtec.cat\/cda-juneda\/wp-content\/uploads\/usu1381\/2025\/06\/ROLL-UP-WEB.pdf\">Ous, pollets i gallines \ud83d\udd17<\/a><\/li>\n<\/ul>\n<\/li>\n<\/ul>\n<p>Podeu trobar tots aquests documents descarregables agrupats a la <a href=\"https:\/\/drive.google.com\/file\/d\/1ztHxSdaG9elRGcj6OtdT0kX8goxAQ8ZS\/view?usp=sharing\" target=\"_blank\" rel=\"noopener\">GUIA COMPLETA<\/a> del projecte.<\/p>\n<p><strong style=\"font-family: inherit; font-size: 1em;\">\u261d\ud83c\udffd COM PODEM SOL\u00b7LICITAR AQUEST MATERIAL?<\/strong><\/p>\n<p>\u00c9s necessari fer-nos arribar la sol\u00b7licitud a trav\u00e9s d&#8217;aquest\u00a0<a href=\"https:\/\/docs.google.com\/forms\/d\/e\/1FAIpQLSeTY4ZtFpMHVYFFS2JRHqoIRHGU4dbjRHTLlkU1Ipk53bHoUQ\/viewform\" target=\"_blank\" rel=\"noopener\" data-saferedirecturl=\"https:\/\/www.google.com\/url?q=https:\/\/docs.google.com\/forms\/d\/e\/1FAIpQLSeTY4ZtFpMHVYFFS2JRHqoIRHGU4dbjRHTLlkU1Ipk53bHoUQ\/viewform&amp;source=gmail&amp;ust=1725612694020000&amp;usg=AOvVaw06jaAvIMkqwmA2guy5gChR\">FORMULARI<\/a>. D&#8217;aquesta forma, podem garantir que el material estigui disponible en les dates que necessiteu.<\/p>\n<p><strong>\ud83d\udcdd <\/strong>Podeu consultar les condicions del pr\u00e9stec en aquest <a href=\"https:\/\/drive.google.com\/file\/d\/1TISCd2Wmmo_yXbhAk_B86PpWfw7U9pCG\/view?usp=sharing\" target=\"_blank\" rel=\"noopener\">enlla\u00e7<\/a>.<\/p>\n","protected":false},"excerpt":{"rendered":"<p>El projecte \u201cLa vida dins l\u2019ou: incubaci\u00f3 i cria de pollets a l\u2019aula&#8221; \u00e9s un recurs educatiu que el CdA Juneda posa a disposici\u00f3 dels centres educatius. Cont\u00e9 tot el material necessari per oferir a l&#8217;alumnat una experi\u00e8ncia d&#8217;aprenentatge pr\u00e0ctica i interactiva que els permeti entendre i viure en primera persona els processos biol\u00f2gics relacionats [&hellip;]<\/p>\n","protected":false},"author":1,"featured_media":0,"parent":0,"menu_order":0,"comment_status":"closed","ping_status":"closed","template":"","meta":{"_bbp_topic_count":0,"_bbp_reply_count":0,"_bbp_total_topic_count":0,"_bbp_total_reply_count":0,"_bbp_voice_count":0,"_bbp_anonymous_reply_count":0,"_bbp_topic_count_hidden":0,"_bbp_reply_count_hidden":0,"_bbp_forum_subforum_count":0,"site-sidebar-layout":"default","site-content-layout":"","ast-site-content-layout":"default","site-content-style":"default","site-sidebar-style":"default","ast-global-header-display":"","ast-banner-title-visibility":"","ast-main-header-display":"","ast-hfb-above-header-display":"","ast-hfb-below-header-display":"","ast-hfb-mobile-header-display":"","site-post-title":"","ast-breadcrumbs-content":"","ast-featured-img":"","footer-sml-layout":"","theme-transparent-header-meta":"default","adv-header-id-meta":"","stick-header-meta":"","header-above-stick-meta":"","header-main-stick-meta":"","header-below-stick-meta":"","astra-migrate-meta-layouts":"set","ast-page-background-enabled":"default","ast-page-background-meta":{"desktop":{"background-color":"var(--ast-global-color-4)","background-image":"","background-repeat":"repeat","background-position":"center center","background-size":"auto","background-attachment":"scroll","background-type":"","background-media":"","overlay-type":"","overlay-color":"","overlay-opacity":"","overlay-gradient":""},"tablet":{"background-color":"","background-image":"","background-repeat":"repeat","background-position":"center center","background-size":"auto","background-attachment":"scroll","background-type":"","background-media":"","overlay-type":"","overlay-color":"","overlay-opacity":"","overlay-gradient":""},"mobile":{"background-color":"","background-image":"","background-repeat":"repeat","background-position":"center center","background-size":"auto","background-attachment":"scroll","background-type":"","background-media":"","overlay-type":"","overlay-color":"","overlay-opacity":"","overlay-gradient":""}},"ast-content-background-meta":{"desktop":{"background-color":"var(--ast-global-color-5)","background-image":"","background-repeat":"repeat","background-position":"center center","background-size":"auto","background-attachment":"scroll","background-type":"","background-media":"","overlay-type":"","overlay-color":"","overlay-opacity":"","overlay-gradient":""},"tablet":{"background-color":"var(--ast-global-color-5)","background-image":"","background-repeat":"repeat","background-position":"center center","background-size":"auto","background-attachment":"scroll","background-type":"","background-media":"","overlay-type":"","overlay-color":"","overlay-opacity":"","overlay-gradient":""},"mobile":{"background-color":"var(--ast-global-color-5)","background-image":"","background-repeat":"repeat","background-position":"center center","background-size":"auto","background-attachment":"scroll","background-type":"","background-media":"","overlay-type":"","overlay-color":"","overlay-opacity":"","overlay-gradient":""}},"footnotes":""},"class_list":["post-11161","page","type-page","status-publish","hentry"],"post_mailing_queue_ids":[],"_links":{"self":[{"href":"https:\/\/serveiseducatius.xtec.cat\/cda-juneda\/wp-json\/wp\/v2\/pages\/11161","targetHints":{"allow":["GET"]}}],"collection":[{"href":"https:\/\/serveiseducatius.xtec.cat\/cda-juneda\/wp-json\/wp\/v2\/pages"}],"about":[{"href":"https:\/\/serveiseducatius.xtec.cat\/cda-juneda\/wp-json\/wp\/v2\/types\/page"}],"author":[{"embeddable":true,"href":"https:\/\/serveiseducatius.xtec.cat\/cda-juneda\/wp-json\/wp\/v2\/users\/1"}],"replies":[{"embeddable":true,"href":"https:\/\/serveiseducatius.xtec.cat\/cda-juneda\/wp-json\/wp\/v2\/comments?post=11161"}],"version-history":[{"count":4,"href":"https:\/\/serveiseducatius.xtec.cat\/cda-juneda\/wp-json\/wp\/v2\/pages\/11161\/revisions"}],"predecessor-version":[{"id":11248,"href":"https:\/\/serveiseducatius.xtec.cat\/cda-juneda\/wp-json\/wp\/v2\/pages\/11161\/revisions\/11248"}],"wp:attachment":[{"href":"https:\/\/serveiseducatius.xtec.cat\/cda-juneda\/wp-json\/wp\/v2\/media?parent=11161"}],"curies":[{"name":"wp","href":"https:\/\/api.w.org\/{rel}","templated":true}]}}