{"id":10784,"date":"2024-06-27T09:08:40","date_gmt":"2024-06-27T07:08:40","guid":{"rendered":"https:\/\/serveiseducatius.xtec.cat\/cda-juneda\/?page_id=10784"},"modified":"2026-03-25T09:23:46","modified_gmt":"2026-03-25T08:23:46","slug":"dua","status":"publish","type":"page","link":"https:\/\/serveiseducatius.xtec.cat\/cda-juneda\/dua\/","title":{"rendered":"Recursos DUA"},"content":{"rendered":"<p><a href=\"https:\/\/serveiseducatius.xtec.cat\/cda-juneda\/wp-content\/uploads\/usu1381\/2024\/07\/RECURSOS-DUA-1.png\"><img loading=\"lazy\" decoding=\"async\" class=\"wp-image-10811 aligncenter\" src=\"https:\/\/serveiseducatius.xtec.cat\/cda-juneda\/wp-content\/uploads\/usu1381\/2024\/07\/RECURSOS-DUA-1.png\" alt=\"\" width=\"979\" height=\"112\" srcset=\"https:\/\/serveiseducatius.xtec.cat\/cda-juneda\/wp-content\/uploads\/usu1381\/2024\/07\/RECURSOS-DUA-1.png 1787w, https:\/\/serveiseducatius.xtec.cat\/cda-juneda\/wp-content\/uploads\/usu1381\/2024\/07\/RECURSOS-DUA-1-300x34.png 300w, https:\/\/serveiseducatius.xtec.cat\/cda-juneda\/wp-content\/uploads\/usu1381\/2024\/07\/RECURSOS-DUA-1-1024x117.png 1024w, https:\/\/serveiseducatius.xtec.cat\/cda-juneda\/wp-content\/uploads\/usu1381\/2024\/07\/RECURSOS-DUA-1-768x88.png 768w, https:\/\/serveiseducatius.xtec.cat\/cda-juneda\/wp-content\/uploads\/usu1381\/2024\/07\/RECURSOS-DUA-1-1536x175.png 1536w\" sizes=\"auto, (max-width: 979px) 100vw, 979px\" \/><\/a><\/p>\n<p>Una de les l\u00ednies en les que estem treballant des del CdA Juneda \u00e9s l&#8217;atenci\u00f3 educativa a l&#8217;alumnat en el marc d&#8217;un sistema educatiu inclusiu (<a href=\"https:\/\/portaljuridic.gencat.cat\/ca\/document-del-pjur\/?documentId=799722\" target=\"_blank\" rel=\"noopener\">Decret 150\/2017 de 17 d&#8217;octubre<\/a>). \u00c9s per aix\u00f2 que estem incorporant mesures i suports universals <a href=\"https:\/\/xtec.gencat.cat\/ca\/curriculum\/diversitat-i-inclusio\/projectes-educatius-inclusius\/disseny-universal-per-a-laprenentatge\/\" target=\"_blank\" rel=\"noopener\">DUA<\/a> en el desenvolupament de les nostres activitats, alguns dels quals tenen format descarregable per tal d&#8217;oferir-vos l&#8217;opci\u00f3 de treballar-ho pr\u00e8viament al centre.<\/p>\n<ul>\n<li><strong>Anticipaci\u00f3 de tasques<\/strong>, a trav\u00e9s de cartelleria amb format de text i imatge unificada, per tal d&#8217;oferir refer\u00e8ncies a l&#8217;alumnat sobre tot all\u00f2 que passar\u00e0 al llarg de la sessi\u00f3. Tamb\u00e9 pot servir per anticipar vocabulari espec\u00edfic de l&#8217;\u00e0mbit de treball a l&#8217;alumnat que est\u00e0 en proc\u00e9s d&#8217;adquisici\u00f3 o aprenentatge de la llengua.\n<ul>\n<li style=\"list-style-type: none;\">\n<ul>\n<li style=\"list-style-type: none;\">\n<ul>\n<li style=\"list-style-type: none;\">\n<ul>\n<li style=\"list-style-type: none;\">\n<ul>\n<li><a href=\"https:\/\/drive.google.com\/file\/d\/1ki2O056mu-LCTYhd4uVgaZS3hYoeS2SC\/view?usp=sharing\" target=\"_blank\" rel=\"noopener\">\ud83d\udd17<\/a>\u00a0<a href=\"https:\/\/serveiseducatius.xtec.cat\/cda-juneda\/wp-content\/uploads\/usu1381\/2026\/03\/ANTICIPACIO-DUA-APICULTURA-amb-visita.pdf\">Anticipaci\u00f3 de tasques: APICULTURA AMB VISITA A L&#8217;ARNERA<\/a><\/li>\n<li><a href=\"https:\/\/drive.google.com\/file\/d\/1ki2O056mu-LCTYhd4uVgaZS3hYoeS2SC\/view?usp=sharing\" target=\"_blank\" rel=\"noopener\">\ud83d\udd17<\/a><a href=\"https:\/\/serveiseducatius.xtec.cat\/cda-juneda\/wp-content\/uploads\/usu1381\/2026\/03\/ANTICIPACIO-DUA-APICULTURA-i-pollinitzadors.pdf\">Anticipaci\u00f3 de tasques: APICULTURA I POL\u00b7LINITZADORS (sense visita a l&#8217;arnera)<\/a><\/li>\n<li><a href=\"https:\/\/drive.google.com\/file\/d\/1ki2O056mu-LCTYhd4uVgaZS3hYoeS2SC\/view?usp=sharing\" target=\"_blank\" rel=\"noopener\">\ud83d\udd17<\/a><a href=\"https:\/\/serveiseducatius.xtec.cat\/cda-juneda\/wp-content\/uploads\/usu1381\/2026\/03\/ANTICIPACIO-DUA-CISTELLERIA-210-x-297-mm.pdf\">Anticipaci\u00f3 de tasques: CISTELLERIA<\/a><\/li>\n<li><a href=\"https:\/\/drive.google.com\/file\/d\/1ki2O056mu-LCTYhd4uVgaZS3hYoeS2SC\/view?usp=sharing\" target=\"_blank\" rel=\"noopener\">\ud83d\udd17<\/a><a href=\"https:\/\/serveiseducatius.xtec.cat\/cda-juneda\/wp-content\/uploads\/usu1381\/2026\/03\/ANTICIPACIO-DUA-FARINES-1.pdf\">Anticipaci\u00f3 de tasques: FARINES<\/a><\/li>\n<li><a href=\"https:\/\/drive.google.com\/file\/d\/1ki2O056mu-LCTYhd4uVgaZS3hYoeS2SC\/view?usp=sharing\" target=\"_blank\" rel=\"noopener\">\ud83d\udd17<\/a>Anticipaci\u00f3 de tasques: PAISATGE EN BICICLETA<\/li>\n<li><a href=\"https:\/\/drive.google.com\/file\/d\/1ki2O056mu-LCTYhd4uVgaZS3hYoeS2SC\/view?usp=sharing\" target=\"_blank\" rel=\"noopener\">\ud83d\udd17<\/a>Anticipaci\u00f3 de tasques: PAISATGE CAMINANT<\/li>\n<li><a href=\"https:\/\/drive.google.com\/file\/d\/1ki2O056mu-LCTYhd4uVgaZS3hYoeS2SC\/view?usp=sharing\" target=\"_blank\" rel=\"noopener\">\ud83d\udd17<\/a> <a href=\"https:\/\/serveiseducatius.xtec.cat\/cda-juneda\/wp-content\/uploads\/usu1381\/2024\/12\/INCLUSIO-DUA-FORN.pdf\" target=\"_blank\" rel=\"noopener\">Anticipaci\u00f3 de tasques: FORN<\/a><\/li>\n<li><a href=\"https:\/\/drive.google.com\/file\/d\/1ki2O056mu-LCTYhd4uVgaZS3hYoeS2SC\/view?usp=sharing\" target=\"_blank\" rel=\"noopener\">\ud83d\udd17<\/a><a href=\"https:\/\/serveiseducatius.xtec.cat\/cda-juneda\/wp-content\/uploads\/usu1381\/2024\/12\/INCLUSIO-DUA-RAMADERIA.pdf\" target=\"_blank\" rel=\"noopener\">Anticipaci\u00f3 de tasques: RAMADERIA<\/a>\n<ul>\n<li style=\"list-style-type: none;\">\n<ul style=\"list-style-type: circle;\">\n<li>Anticipaci\u00f3 de tasques espec\u00edfica: <a href=\"https:\/\/serveiseducatius.xtec.cat\/cda-juneda\/wp-content\/uploads\/usu1381\/2024\/12\/INCLUSIO-DUA-MUNYIDA-VAQUES.pdf\" target=\"_blank\" rel=\"noopener\">La munyida de les vaques<\/a><\/li>\n<\/ul>\n<\/li>\n<\/ul>\n<\/li>\n<li><a href=\"https:\/\/drive.google.com\/file\/d\/1ki2O056mu-LCTYhd4uVgaZS3hYoeS2SC\/view?usp=sharing\" target=\"_blank\" rel=\"noopener\">\ud83d\udd17<\/a> <a href=\"https:\/\/serveiseducatius.xtec.cat\/cda-juneda\/wp-content\/uploads\/usu1381\/2024\/12\/INCLUSIO-DUA-HORT.pdf\" target=\"_blank\" rel=\"noopener\">Anticipaci\u00f3 de tasques: HORT<\/a><\/li>\n<\/ul>\n<\/li>\n<\/ul>\n<\/li>\n<\/ul>\n<\/li>\n<\/ul>\n<\/li>\n<\/ul>\n<\/li>\n<\/ul>\n<ul>\n<li><strong>\u00das de sistemes alternatius i augmentatius de comunicaci\u00f3 (pictogrames ARASAAC) <\/strong>a tots els espais de la casa. Us facilitem un document amb els cartells amb els que hem retolat el nostre camp d&#8217;aprenentatge.\n<ul>\n<li style=\"list-style-type: none;\">\n<ul>\n<li style=\"list-style-type: none;\">\n<ul>\n<li style=\"list-style-type: none;\">\n<ul>\n<li><a href=\"https:\/\/drive.google.com\/file\/d\/1ki2O056mu-LCTYhd4uVgaZS3hYoeS2SC\/view?usp=sharing\" target=\"_blank\" rel=\"noopener\">\ud83d\udd17<\/a> <a href=\"https:\/\/drive.google.com\/file\/d\/1WJHqoLvNWVfNqYSZn_b7sKisMzIuQx3z\/view?usp=sharing\" target=\"_blank\" rel=\"noopener\">DOCUMENT PICTOGRAMES ARASAAC<\/a><\/li>\n<\/ul>\n<\/li>\n<\/ul>\n<\/li>\n<\/ul>\n<\/li>\n<\/ul>\n<\/li>\n<\/ul>\n<p>Hi ha altres mesures i suports universals no llistats aqu\u00ed i que s&#8217;apliquen de forma recurrent al llarg de totes les activitats (contextualitzaci\u00f3, seguiment aut\u00f2nom de tasques, canals d&#8217;informaci\u00f3 visuals, auditius i sensitius&#8230;).<\/p>\n<p>Aquesta pestanya de la nostra web s&#8217;anir\u00e0 actualitzant a mesura que puguem elaborar nous documents per a la nostra proposta educativa. Si sou un equip docent que n&#8217;heu treballat algun i creieu que es pot adaptar al CdA Juneda, ens el podeu fer arribar a <span style=\"color: #0000ff;\">cda-juneda@xtec.cat\u00a0<span style=\"color: #000000;\">i, d&#8217;aquesta forma, podem tenir un calaix de recursos per al Disseny Universal de l&#8217;Aprenentatge cada cop m\u00e9s gran.<\/span><\/span><\/p>\n","protected":false},"excerpt":{"rendered":"<p>Una de les l\u00ednies en les que estem treballant des del CdA Juneda \u00e9s l&#8217;atenci\u00f3 educativa a l&#8217;alumnat en el marc d&#8217;un sistema educatiu inclusiu (Decret 150\/2017 de 17 d&#8217;octubre). \u00c9s per aix\u00f2 que estem incorporant mesures i suports universals DUA en el desenvolupament de les nostres activitats, alguns dels quals tenen format descarregable per [&hellip;]<\/p>\n","protected":false},"author":1,"featured_media":0,"parent":0,"menu_order":0,"comment_status":"closed","ping_status":"closed","template":"","meta":{"_bbp_topic_count":0,"_bbp_reply_count":0,"_bbp_total_topic_count":0,"_bbp_total_reply_count":0,"_bbp_voice_count":0,"_bbp_anonymous_reply_count":0,"_bbp_topic_count_hidden":0,"_bbp_reply_count_hidden":0,"_bbp_forum_subforum_count":0,"site-sidebar-layout":"default","site-content-layout":"","ast-site-content-layout":"default","site-content-style":"default","site-sidebar-style":"default","ast-global-header-display":"","ast-banner-title-visibility":"","ast-main-header-display":"","ast-hfb-above-header-display":"","ast-hfb-below-header-display":"","ast-hfb-mobile-header-display":"","site-post-title":"","ast-breadcrumbs-content":"","ast-featured-img":"","footer-sml-layout":"","theme-transparent-header-meta":"default","adv-header-id-meta":"","stick-header-meta":"","header-above-stick-meta":"","header-main-stick-meta":"","header-below-stick-meta":"","astra-migrate-meta-layouts":"set","ast-page-background-enabled":"default","ast-page-background-meta":{"desktop":{"background-color":"var(--ast-global-color-4)","background-image":"","background-repeat":"repeat","background-position":"center center","background-size":"auto","background-attachment":"scroll","background-type":"","background-media":"","overlay-type":"","overlay-color":"","overlay-opacity":"","overlay-gradient":""},"tablet":{"background-color":"","background-image":"","background-repeat":"repeat","background-position":"center center","background-size":"auto","background-attachment":"scroll","background-type":"","background-media":"","overlay-type":"","overlay-color":"","overlay-opacity":"","overlay-gradient":""},"mobile":{"background-color":"","background-image":"","background-repeat":"repeat","background-position":"center center","background-size":"auto","background-attachment":"scroll","background-type":"","background-media":"","overlay-type":"","overlay-color":"","overlay-opacity":"","overlay-gradient":""}},"ast-content-background-meta":{"desktop":{"background-color":"var(--ast-global-color-5)","background-image":"","background-repeat":"repeat","background-position":"center center","background-size":"auto","background-attachment":"scroll","background-type":"","background-media":"","overlay-type":"","overlay-color":"","overlay-opacity":"","overlay-gradient":""},"tablet":{"background-color":"var(--ast-global-color-5)","background-image":"","background-repeat":"repeat","background-position":"center center","background-size":"auto","background-attachment":"scroll","background-type":"","background-media":"","overlay-type":"","overlay-color":"","overlay-opacity":"","overlay-gradient":""},"mobile":{"background-color":"var(--ast-global-color-5)","background-image":"","background-repeat":"repeat","background-position":"center center","background-size":"auto","background-attachment":"scroll","background-type":"","background-media":"","overlay-type":"","overlay-color":"","overlay-opacity":"","overlay-gradient":""}},"footnotes":""},"class_list":["post-10784","page","type-page","status-publish","hentry"],"post_mailing_queue_ids":[],"_links":{"self":[{"href":"https:\/\/serveiseducatius.xtec.cat\/cda-juneda\/wp-json\/wp\/v2\/pages\/10784","targetHints":{"allow":["GET"]}}],"collection":[{"href":"https:\/\/serveiseducatius.xtec.cat\/cda-juneda\/wp-json\/wp\/v2\/pages"}],"about":[{"href":"https:\/\/serveiseducatius.xtec.cat\/cda-juneda\/wp-json\/wp\/v2\/types\/page"}],"author":[{"embeddable":true,"href":"https:\/\/serveiseducatius.xtec.cat\/cda-juneda\/wp-json\/wp\/v2\/users\/1"}],"replies":[{"embeddable":true,"href":"https:\/\/serveiseducatius.xtec.cat\/cda-juneda\/wp-json\/wp\/v2\/comments?post=10784"}],"version-history":[{"count":6,"href":"https:\/\/serveiseducatius.xtec.cat\/cda-juneda\/wp-json\/wp\/v2\/pages\/10784\/revisions"}],"predecessor-version":[{"id":11301,"href":"https:\/\/serveiseducatius.xtec.cat\/cda-juneda\/wp-json\/wp\/v2\/pages\/10784\/revisions\/11301"}],"wp:attachment":[{"href":"https:\/\/serveiseducatius.xtec.cat\/cda-juneda\/wp-json\/wp\/v2\/media?parent=10784"}],"curies":[{"name":"wp","href":"https:\/\/api.w.org\/{rel}","templated":true}]}}