{"id":9745,"date":"2021-01-21T12:24:50","date_gmt":"2021-01-21T11:24:50","guid":{"rendered":"http:\/\/serveiseducatius.xtec.cat\/cda-garrotxa\/?page_id=9745"},"modified":"2025-12-12T09:54:57","modified_gmt":"2025-12-12T08:54:57","slug":"sortides","status":"publish","type":"page","link":"https:\/\/serveiseducatius.xtec.cat\/cda-garrotxa\/sortides\/","title":{"rendered":"Sortides"},"content":{"rendered":"\n<p>El CdA de la Garrotxa ofereix la possibilitat a tots els centres de prim\u00e0ria i secund\u00e0ria de la comarca o b\u00e9, de comarques properes, de desenvolupar un projecte de treball incorporat a la programaci\u00f3 anual del centre. En les diverses activitats que us planteja el CdA es pret\u00e9n establir una bona coordinaci\u00f3 amb l\u2019equip docent que realitzar\u00e0 l&#8217;activitat amb el seu alumnat. D&#8217;aquesta manera, mirarem d&#8217;adaptar al m\u00e0xim les nostres propostes als objectius concrets i a les compet\u00e8ncies en les quals es vol incidir en cada cas i d&#8217;altra banda; establirem els acords pertinents per dur a terme el treball dels tres moments importants (treball previ, durant i posterior a la sortida).<\/p>\n\n\n\n<h3 class=\"wp-block-heading\"><span style=\"color: #993300;\"><strong>Quota de les sortides<\/strong><\/span><\/h3>\n\n\n\n<p>D&#8217;acord amb l&#8217;<a href=\"http:\/\/portaldogc.gencat.cat\/utilsEADOP\/PDF\/7148\/1508527.pdf\" target=\"_blank\" rel=\"noopener noreferrer\"><strong>Ordre ENS\/163\/2016,<\/strong><\/a> de 16 de juny, per la qual es crea el preu p\u00fablic pel servei d\u2019activitats d\u2019ensenyament-aprenentatge als camps d\u2019aprenentatge del Departament d\u2019Ensenyament, s&#8217;estableix que <strong>l&#8217;import per alumne i dia \u00e9s de 3\u20ac.<br><\/strong><\/p>\n\n\n\n<p>Aquest abonament es realitzar\u00e0 mitjan\u00e7ant transfer\u00e8ncia bancaria al compte corrent del camp d\u2019aprenentatge un cop h\u00e0giu realitzat la sortida. Els alumnes membres de fam\u00edlies nombroses de categoria general o fam\u00edlies monoparentals gaudeixen del 50% de bonificaci\u00f3. Estan exempts d\u2019aquesta quota els alumnes que tinguin una discapacitat acreditada igual o superior al 33%, els membres de fam\u00edlies nombroses de categoria especial, els membres de fam\u00edlies v\u00edctimes de viol\u00e8ncia de g\u00e8nere, les v\u00edctimes d\u2019actes terroristes, els seus c\u00f2njuges i els seus fills o filles, i els alumnes de centres que tinguin la consideraci\u00f3 de complexitat m\u00e0xima, d\u2019acord amb la resoluci\u00f3 ENS\/906\/2014, de 23 d\u2019abril, per la qual es determinen els centres educatius i els llocs de treball docents que tenen la consideraci\u00f3 de dificultat especial.<\/p>\n\n\n\n<p>Podeu consultar tota aquesta informaci\u00f3 actualitzada al web de l&#8217;xtec, a l&#8217;apartat <a href=\"http:\/\/xtec.gencat.cat\/ca\/serveis\/sesc\/cda\/inscripcio\/\">d&#8217;inscripci\u00f3 i quotes.<\/a><\/p>\n\n\n\n<h3 class=\"wp-block-heading\"><span style=\"color: #993300;\"><strong>Quota d\u2019Activitats externes al CdA<\/strong><\/span><\/h3>\n\n\n\n<h5 class=\"wp-block-heading\"><span style=\"color: #000000;\"><strong>Cooperativa de la Fageda<\/strong><\/span><\/h5>\n\n\n\n<p>En el cas que el centre vulgui fer l&#8217;activitat de l&#8217;estudi del bosc a la Fageda d&#8217;en Jord\u00e0, hi ha la possibilitat de complementar la sortida amb la <strong>Visita a la cooperativa de la Fageda<\/strong>. En aquest cas, en tractar-se d&#8217;una activitat externa al CdA, guiada i gestionada per la pr\u00f2pia cooperativa, t\u00e9 un cost addicional de <strong>3\u20ac per alumne<\/strong>. Aquest pagament s&#8217;efectuar\u00e0, un cop s&#8217;hagi realitzat l&#8217;activitat, directament amb aquesta entitat.<\/p>\n","protected":false},"excerpt":{"rendered":"<p>El CdA de la Garrotxa ofereix la possibilitat a tots els centres de prim\u00e0ria i secund\u00e0ria de la comarca o b\u00e9, de comarques properes, de desenvolupar un projecte de treball incorporat a la programaci\u00f3 anual del centre. En les diverses activitats que us planteja el CdA es pret\u00e9n establir una bona coordinaci\u00f3 amb l\u2019equip docent [&hellip;]<\/p>\n","protected":false},"author":1,"featured_media":0,"parent":0,"menu_order":0,"comment_status":"closed","ping_status":"closed","template":"","meta":{"_bbp_topic_count":0,"_bbp_reply_count":0,"_bbp_total_topic_count":0,"_bbp_total_reply_count":0,"_bbp_voice_count":0,"_bbp_anonymous_reply_count":0,"_bbp_topic_count_hidden":0,"_bbp_reply_count_hidden":0,"_bbp_forum_subforum_count":0,"site-sidebar-layout":"default","site-content-layout":"","ast-site-content-layout":"default","site-content-style":"default","site-sidebar-style":"default","ast-global-header-display":"","ast-banner-title-visibility":"","ast-main-header-display":"","ast-hfb-above-header-display":"","ast-hfb-below-header-display":"","ast-hfb-mobile-header-display":"","site-post-title":"","ast-breadcrumbs-content":"","ast-featured-img":"","footer-sml-layout":"","theme-transparent-header-meta":"","adv-header-id-meta":"","stick-header-meta":"","header-above-stick-meta":"","header-main-stick-meta":"","header-below-stick-meta":"","astra-migrate-meta-layouts":"set","ast-page-background-enabled":"default","ast-page-background-meta":{"desktop":{"background-color":"var(--ast-global-color-4)","background-image":"","background-repeat":"repeat","background-position":"center center","background-size":"auto","background-attachment":"scroll","background-type":"","background-media":"","overlay-type":"","overlay-color":"","overlay-opacity":"","overlay-gradient":""},"tablet":{"background-color":"","background-image":"","background-repeat":"repeat","background-position":"center center","background-size":"auto","background-attachment":"scroll","background-type":"","background-media":"","overlay-type":"","overlay-color":"","overlay-opacity":"","overlay-gradient":""},"mobile":{"background-color":"","background-image":"","background-repeat":"repeat","background-position":"center center","background-size":"auto","background-attachment":"scroll","background-type":"","background-media":"","overlay-type":"","overlay-color":"","overlay-opacity":"","overlay-gradient":""}},"ast-content-background-meta":{"desktop":{"background-color":"var(--ast-global-color-5)","background-image":"","background-repeat":"repeat","background-position":"center center","background-size":"auto","background-attachment":"scroll","background-type":"","background-media":"","overlay-type":"","overlay-color":"","overlay-opacity":"","overlay-gradient":""},"tablet":{"background-color":"var(--ast-global-color-5)","background-image":"","background-repeat":"repeat","background-position":"center center","background-size":"auto","background-attachment":"scroll","background-type":"","background-media":"","overlay-type":"","overlay-color":"","overlay-opacity":"","overlay-gradient":""},"mobile":{"background-color":"var(--ast-global-color-5)","background-image":"","background-repeat":"repeat","background-position":"center center","background-size":"auto","background-attachment":"scroll","background-type":"","background-media":"","overlay-type":"","overlay-color":"","overlay-opacity":"","overlay-gradient":""}},"footnotes":""},"class_list":["post-9745","page","type-page","status-publish","hentry"],"post_mailing_queue_ids":[],"_links":{"self":[{"href":"https:\/\/serveiseducatius.xtec.cat\/cda-garrotxa\/wp-json\/wp\/v2\/pages\/9745","targetHints":{"allow":["GET"]}}],"collection":[{"href":"https:\/\/serveiseducatius.xtec.cat\/cda-garrotxa\/wp-json\/wp\/v2\/pages"}],"about":[{"href":"https:\/\/serveiseducatius.xtec.cat\/cda-garrotxa\/wp-json\/wp\/v2\/types\/page"}],"author":[{"embeddable":true,"href":"https:\/\/serveiseducatius.xtec.cat\/cda-garrotxa\/wp-json\/wp\/v2\/users\/1"}],"replies":[{"embeddable":true,"href":"https:\/\/serveiseducatius.xtec.cat\/cda-garrotxa\/wp-json\/wp\/v2\/comments?post=9745"}],"version-history":[{"count":5,"href":"https:\/\/serveiseducatius.xtec.cat\/cda-garrotxa\/wp-json\/wp\/v2\/pages\/9745\/revisions"}],"predecessor-version":[{"id":11034,"href":"https:\/\/serveiseducatius.xtec.cat\/cda-garrotxa\/wp-json\/wp\/v2\/pages\/9745\/revisions\/11034"}],"wp:attachment":[{"href":"https:\/\/serveiseducatius.xtec.cat\/cda-garrotxa\/wp-json\/wp\/v2\/media?parent=9745"}],"curies":[{"name":"wp","href":"https:\/\/api.w.org\/{rel}","templated":true}]}}