{"id":9743,"date":"2021-01-21T12:24:25","date_gmt":"2021-01-21T11:24:25","guid":{"rendered":"http:\/\/serveiseducatius.xtec.cat\/cda-garrotxa\/?page_id=9743"},"modified":"2025-12-12T09:59:32","modified_gmt":"2025-12-12T08:59:32","slug":"estades","status":"publish","type":"page","link":"https:\/\/serveiseducatius.xtec.cat\/cda-garrotxa\/estades\/","title":{"rendered":"Estades"},"content":{"rendered":"\n<p>Des del CdA oferim als centres que ens visiten l&#8217;experi\u00e8ncia de viure i descobrir <em>in situ<\/em> el vulcanisme, la geologia, la natura i l&#8217;entorn de la Garrotxa, sempre adaptant-nos a les seves necessitats.<\/p>\n\n\n\n<p>Les estades, de 2 a 5 dies, destinades a les diferents etapes educatives (des de Cicle inicial d&#8217;Educaci\u00f3 Prim\u00e0ria fins a Batxillerat) permeten a l&#8217;alumnat treballar i descobrir diferents indrets de la comarca, i aix\u00ed adquirir i connectar diferents coneixements, promovent la consolidaci\u00f3 dels aprenentatges i dels objectius marcats dins d\u2019un projecte o situaci\u00f3 d\u2019aprenentatge.<\/p>\n\n\n\n<p>En aquestes estades s\u2019hi desenvolupa un projecte de treball acordat pr\u00e8viament amb el centre. Aix\u00f2 permet incidir en l&#8217;assoliment de les diferents compet\u00e8ncies que es pretenen treballar durant l&#8217;estada. <\/p>\n\n\n\n<p>Per tal de dur-ho a terme \u00e9s important que hi hagi una bona coordinaci\u00f3 de l&#8217;estada amb l&#8217;equip docent que vindran a realitzar l&#8217;estada i alhora, que s&#8217;estableixin els acords pertinents per dur a terme el treball dels tres moments importants (treball previ, durant i posterior a l&#8217;estada).<\/p>\n\n\n\n<h3 class=\"wp-block-heading\"><span style=\"color: #993300;\"><strong>Quotes a tenir en compte<\/strong><\/span><\/h3>\n\n\n\n<h5 class=\"wp-block-heading\"><strong><span style=\"color: #993300;\">Quota del CdA<\/span><\/strong><\/h5>\n\n\n\n<p>D&#8217;acord amb l&#8217;<a href=\"http:\/\/portaldogc.gencat.cat\/utilsEADOP\/PDF\/7148\/1508527.pdf\" target=\"_blank\" rel=\"noopener noreferrer\"><strong>Ordre ENS\/163\/2016,<\/strong><\/a> de 16 de juny, per la qual es crea el preu p\u00fablic pel servei d\u2019activitats d\u2019ensenyament-aprenentatge als camps d\u2019aprenentatge del Departament d\u2019Ensenyament, s&#8217;estableix que <strong>l&#8217;import per alumne i dia \u00e9s de 3\u20ac.<br><\/strong><\/p>\n\n\n\n<p>Aquest abonament es realitzar\u00e0 mitjan\u00e7ant transfer\u00e8ncia bancaria al compte corrent del camp d\u2019aprenentatge un cop h\u00e0giu realitzat l&#8217;estada. Els alumnes membres de fam\u00edlies nombroses de categoria general o fam\u00edlies monoparentals gaudeixen del 50% de bonificaci\u00f3. Estan exempts d\u2019aquesta quota els alumnes que tinguin una discapacitat acreditada igual o superior al 33%, els membres de fam\u00edlies nombroses de categoria especial, els membres de fam\u00edlies v\u00edctimes de viol\u00e8ncia de g\u00e8nere, les v\u00edctimes d\u2019actes terroristes, els seus c\u00f2njuges i els seus fills o filles, i els alumnes de centres que tinguin la consideraci\u00f3 de complexitat m\u00e0xima, d\u2019acord amb la resoluci\u00f3 ENS\/906\/2014, de 23 d\u2019abril, per la qual es determinen els centres educatius i els llocs de treball docents que tenen la consideraci\u00f3 de dificultat especial.<\/p>\n\n\n\n<p>Podeu consultar tota aquesta informaci\u00f3 actualitzada al web de l&#8217;xtec, a l&#8217;apartat <a href=\"http:\/\/xtec.gencat.cat\/ca\/serveis\/sesc\/cda\/inscripcio\/\">d&#8217;inscripci\u00f3 i quotes.<\/a><\/p>\n\n\n\n<h5 class=\"wp-block-heading\"><strong><span style=\"color: #993300;\">Quota d&#8217;Allotjament i manutenci\u00f3<\/span><\/strong><\/h5>\n\n\n\n<p>La gesti\u00f3 de l&#8217;allotjament i manutenci\u00f3 durant la vostra estada es porta a terme des de XANASCAT (Xarxa d&#8217;Albergs de Catalunya). Heu de tenir present que, pel que fa a aquest concepte heu de concretar el detalls directament amb <a href=\"https:\/\/xanascat.gencat.cat\/ca\/albergs\/albergs\/olot-xanascat\">l&#8217;Alberg Torre Malagrida d&#8217;Olot<\/a>.&nbsp; Podeu consultar les <a href=\"https:\/\/xanascat.gencat.cat\/ca\/programes\/camps-i-entorns-daprenentatge\">tarifes actualitzades a la seva web<\/a>.<\/p>\n","protected":false},"excerpt":{"rendered":"<p>Des del CdA oferim als centres que ens visiten l&#8217;experi\u00e8ncia de viure i descobrir in situ el vulcanisme, la geologia, la natura i l&#8217;entorn de la Garrotxa, sempre adaptant-nos a les seves necessitats. Les estades, de 2 a 5 dies, destinades a les diferents etapes educatives (des de Cicle inicial d&#8217;Educaci\u00f3 Prim\u00e0ria fins a Batxillerat) [&hellip;]<\/p>\n","protected":false},"author":1,"featured_media":0,"parent":0,"menu_order":0,"comment_status":"closed","ping_status":"closed","template":"","meta":{"_bbp_topic_count":0,"_bbp_reply_count":0,"_bbp_total_topic_count":0,"_bbp_total_reply_count":0,"_bbp_voice_count":0,"_bbp_anonymous_reply_count":0,"_bbp_topic_count_hidden":0,"_bbp_reply_count_hidden":0,"_bbp_forum_subforum_count":0,"site-sidebar-layout":"default","site-content-layout":"","ast-site-content-layout":"default","site-content-style":"default","site-sidebar-style":"default","ast-global-header-display":"","ast-banner-title-visibility":"","ast-main-header-display":"","ast-hfb-above-header-display":"","ast-hfb-below-header-display":"","ast-hfb-mobile-header-display":"","site-post-title":"","ast-breadcrumbs-content":"","ast-featured-img":"","footer-sml-layout":"","theme-transparent-header-meta":"","adv-header-id-meta":"","stick-header-meta":"","header-above-stick-meta":"","header-main-stick-meta":"","header-below-stick-meta":"","astra-migrate-meta-layouts":"set","ast-page-background-enabled":"default","ast-page-background-meta":{"desktop":{"background-color":"var(--ast-global-color-4)","background-image":"","background-repeat":"repeat","background-position":"center center","background-size":"auto","background-attachment":"scroll","background-type":"","background-media":"","overlay-type":"","overlay-color":"","overlay-opacity":"","overlay-gradient":""},"tablet":{"background-color":"","background-image":"","background-repeat":"repeat","background-position":"center center","background-size":"auto","background-attachment":"scroll","background-type":"","background-media":"","overlay-type":"","overlay-color":"","overlay-opacity":"","overlay-gradient":""},"mobile":{"background-color":"","background-image":"","background-repeat":"repeat","background-position":"center center","background-size":"auto","background-attachment":"scroll","background-type":"","background-media":"","overlay-type":"","overlay-color":"","overlay-opacity":"","overlay-gradient":""}},"ast-content-background-meta":{"desktop":{"background-color":"var(--ast-global-color-5)","background-image":"","background-repeat":"repeat","background-position":"center center","background-size":"auto","background-attachment":"scroll","background-type":"","background-media":"","overlay-type":"","overlay-color":"","overlay-opacity":"","overlay-gradient":""},"tablet":{"background-color":"var(--ast-global-color-5)","background-image":"","background-repeat":"repeat","background-position":"center center","background-size":"auto","background-attachment":"scroll","background-type":"","background-media":"","overlay-type":"","overlay-color":"","overlay-opacity":"","overlay-gradient":""},"mobile":{"background-color":"var(--ast-global-color-5)","background-image":"","background-repeat":"repeat","background-position":"center center","background-size":"auto","background-attachment":"scroll","background-type":"","background-media":"","overlay-type":"","overlay-color":"","overlay-opacity":"","overlay-gradient":""}},"footnotes":""},"class_list":["post-9743","page","type-page","status-publish","hentry"],"post_mailing_queue_ids":[],"_links":{"self":[{"href":"https:\/\/serveiseducatius.xtec.cat\/cda-garrotxa\/wp-json\/wp\/v2\/pages\/9743","targetHints":{"allow":["GET"]}}],"collection":[{"href":"https:\/\/serveiseducatius.xtec.cat\/cda-garrotxa\/wp-json\/wp\/v2\/pages"}],"about":[{"href":"https:\/\/serveiseducatius.xtec.cat\/cda-garrotxa\/wp-json\/wp\/v2\/types\/page"}],"author":[{"embeddable":true,"href":"https:\/\/serveiseducatius.xtec.cat\/cda-garrotxa\/wp-json\/wp\/v2\/users\/1"}],"replies":[{"embeddable":true,"href":"https:\/\/serveiseducatius.xtec.cat\/cda-garrotxa\/wp-json\/wp\/v2\/comments?post=9743"}],"version-history":[{"count":6,"href":"https:\/\/serveiseducatius.xtec.cat\/cda-garrotxa\/wp-json\/wp\/v2\/pages\/9743\/revisions"}],"predecessor-version":[{"id":11035,"href":"https:\/\/serveiseducatius.xtec.cat\/cda-garrotxa\/wp-json\/wp\/v2\/pages\/9743\/revisions\/11035"}],"wp:attachment":[{"href":"https:\/\/serveiseducatius.xtec.cat\/cda-garrotxa\/wp-json\/wp\/v2\/media?parent=9743"}],"curies":[{"name":"wp","href":"https:\/\/api.w.org\/{rel}","templated":true}]}}