{"id":8197,"date":"2013-11-15T13:39:26","date_gmt":"2013-11-15T12:39:26","guid":{"rendered":"http:\/\/blocs.xtec.cat\/plantillacda\/?page_id=171"},"modified":"2025-09-17T09:51:57","modified_gmt":"2025-09-17T07:51:57","slug":"geologia-i-vulcanisme","status":"publish","type":"page","link":"https:\/\/serveiseducatius.xtec.cat\/cda-garrotxa\/activitats-2\/geologia-i-vulcanisme\/","title":{"rendered":"Geologia i vulcanisme"},"content":{"rendered":"<p style=\"width: 100%; text-align: justify;\">Les situacions d&#8217;aprenentatge de <strong>geologia i vulcanisme<\/strong> ofereixen la possibilitat d\u2019estudiar el territori que ens envolta des d\u2019una mirada geol\u00f2gica per tal d\u2019entendre\u2019n la seva formaci\u00f3 i les caracter\u00edstiques principals que fan d\u2019aquest territori un indret \u00fanic i singular.<\/p>\n<p style=\"text-align: justify;\"><span style=\"font-family: inherit; font-size: 1em;\">Per obtenir informaci\u00f3 detallada de cada activitat, <strong>clica<\/strong> a sobre de cada una d&#8217;elles:<\/span><\/p>\n<ul>\n<li><a href=\"https:\/\/serveiseducatius.xtec.cat\/cda-garrotxa\/activitats-2\/geologia-i-vulcanisme\/viure-entre-volcans-risc-o-oportunitat\/\">\u2696 Viure entre volcans: Risc o oportunitat? <\/a>(Situaci\u00f3 d&#8217;aprenentatge de m\u00e9s d&#8217;un dia)<\/li>\n<li><a href=\"https:\/\/serveiseducatius.xtec.cat\/cda-garrotxa\/activitats-2\/geologia-i-vulcanisme\/la-greda-vol-fer-noves-amistats\/\">\u26f0 La Greda vol fer noves amistats! <\/a>(Situaci\u00f3 d&#8217;aprenentatge did\u00e0ctica de m\u00e9s d&#8217;un dia)<\/li>\n<li><a href=\"https:\/\/serveiseducatius.xtec.cat\/cda-garrotxa\/activitats-2\/geologia-i-vulcanisme\/descripcio-colades\/\">\ud83d\udd25 Colades de lava.<\/a><\/li>\n<li><a href=\"https:\/\/serveiseducatius.xtec.cat\/cda-garrotxa\/activitats-2\/geologia-i-vulcanisme\/espai-crater\/\">\ud83c\udfdb Espai cr\u00e0ter. <span style=\"color: #000000;\"><strong>\u20ac<\/strong><\/span><\/a><\/li>\n<li><a href=\"https:\/\/serveiseducatius.xtec.cat\/cda-garrotxa\/activitats-2\/geologia-i-vulcanisme\/croscat-la-historia-dun-volca\/\">\ud83c\udf0b Croscat: La hist\u00f2ria d&#8217;un volc\u00e0.<\/a><\/li>\n<li><a href=\"https:\/\/serveiseducatius.xtec.cat\/cda-garrotxa\/activitats-2\/geologia-i-vulcanisme\/descripcio-cons\/\">\u26ea Con volc\u00e0nic de Santa Margarida.<\/a><\/li>\n<li><a href=\"https:\/\/serveiseducatius.xtec.cat\/cda-garrotxa\/activitats-2\/geologia-i-vulcanisme\/descripcio-taller-roques\/\">\ud83d\udd0e Tallers geol\u00f2gics.<\/a><\/li>\n<li><a href=\"https:\/\/serveiseducatius.xtec.cat\/cda-garrotxa\/activitats-2\/geologia-i-vulcanisme\/descripcio-tallers-maquetes\/\">\u2702 Taller de maquetes.<\/a><\/li>\n<li><a href=\"https:\/\/serveiseducatius.xtec.cat\/cda-garrotxa\/activitats-2\/geologia-i-vulcanisme\/el-risc-geologic-a-la-garrotxa\/\">\ud83c\udfda El risc geol\u00f2gic a la Garrotxa.<\/a><\/li>\n<li><a href=\"https:\/\/serveiseducatius.xtec.cat\/cda-garrotxa\/activitats-2\/geologia-i-vulcanisme\/entre-aigua-i-basalt\/\">\ud83d\udca7 Entre aigua i basalt.<\/a><\/li>\n<li><a href=\"https:\/\/serveiseducatius.xtec.cat\/cda-garrotxa\/activitats-2\/geologia-i-vulcanisme\/espai-crater-2\">\ud83d\udd2c Aprofundim a l&#8217;Espai Cr\u00e0ter. <\/a><strong>\u20ac<\/strong><\/li>\n<\/ul>\n<p><strong>\u20ac <\/strong>&#8211; Activitat amb un cost afegit.<\/p>\n<div style=\"width: 100%;\"><\/div>\n","protected":false},"excerpt":{"rendered":"<p>Les situacions d&#8217;aprenentatge de geologia i vulcanisme ofereixen la possibilitat d\u2019estudiar el territori que ens envolta des d\u2019una mirada geol\u00f2gica per tal d\u2019entendre\u2019n la seva formaci\u00f3 i les caracter\u00edstiques principals que fan d\u2019aquest territori un indret \u00fanic i singular. Per obtenir informaci\u00f3 detallada de cada activitat, clica a sobre de cada una d&#8217;elles: \u2696 Viure [&hellip;]<\/p>\n","protected":false},"author":1,"featured_media":0,"parent":9741,"menu_order":10,"comment_status":"open","ping_status":"open","template":"","meta":{"_bbp_topic_count":0,"_bbp_reply_count":0,"_bbp_total_topic_count":0,"_bbp_total_reply_count":0,"_bbp_voice_count":0,"_bbp_anonymous_reply_count":0,"_bbp_topic_count_hidden":0,"_bbp_reply_count_hidden":0,"_bbp_forum_subforum_count":0,"site-sidebar-layout":"default","site-content-layout":"","ast-site-content-layout":"default","site-content-style":"default","site-sidebar-style":"default","ast-global-header-display":"","ast-banner-title-visibility":"","ast-main-header-display":"","ast-hfb-above-header-display":"","ast-hfb-below-header-display":"","ast-hfb-mobile-header-display":"","site-post-title":"","ast-breadcrumbs-content":"","ast-featured-img":"","footer-sml-layout":"","theme-transparent-header-meta":"","adv-header-id-meta":"","stick-header-meta":"","header-above-stick-meta":"","header-main-stick-meta":"","header-below-stick-meta":"","astra-migrate-meta-layouts":"set","ast-page-background-enabled":"default","ast-page-background-meta":{"desktop":{"background-color":"var(--ast-global-color-4)","background-image":"","background-repeat":"repeat","background-position":"center center","background-size":"auto","background-attachment":"scroll","background-type":"","background-media":"","overlay-type":"","overlay-color":"","overlay-opacity":"","overlay-gradient":""},"tablet":{"background-color":"","background-image":"","background-repeat":"repeat","background-position":"center center","background-size":"auto","background-attachment":"scroll","background-type":"","background-media":"","overlay-type":"","overlay-color":"","overlay-opacity":"","overlay-gradient":""},"mobile":{"background-color":"","background-image":"","background-repeat":"repeat","background-position":"center center","background-size":"auto","background-attachment":"scroll","background-type":"","background-media":"","overlay-type":"","overlay-color":"","overlay-opacity":"","overlay-gradient":""}},"ast-content-background-meta":{"desktop":{"background-color":"var(--ast-global-color-5)","background-image":"","background-repeat":"repeat","background-position":"center center","background-size":"auto","background-attachment":"scroll","background-type":"","background-media":"","overlay-type":"","overlay-color":"","overlay-opacity":"","overlay-gradient":""},"tablet":{"background-color":"var(--ast-global-color-5)","background-image":"","background-repeat":"repeat","background-position":"center center","background-size":"auto","background-attachment":"scroll","background-type":"","background-media":"","overlay-type":"","overlay-color":"","overlay-opacity":"","overlay-gradient":""},"mobile":{"background-color":"var(--ast-global-color-5)","background-image":"","background-repeat":"repeat","background-position":"center center","background-size":"auto","background-attachment":"scroll","background-type":"","background-media":"","overlay-type":"","overlay-color":"","overlay-opacity":"","overlay-gradient":""}},"footnotes":""},"class_list":["post-8197","page","type-page","status-publish","hentry"],"post_mailing_queue_ids":[],"_links":{"self":[{"href":"https:\/\/serveiseducatius.xtec.cat\/cda-garrotxa\/wp-json\/wp\/v2\/pages\/8197","targetHints":{"allow":["GET"]}}],"collection":[{"href":"https:\/\/serveiseducatius.xtec.cat\/cda-garrotxa\/wp-json\/wp\/v2\/pages"}],"about":[{"href":"https:\/\/serveiseducatius.xtec.cat\/cda-garrotxa\/wp-json\/wp\/v2\/types\/page"}],"author":[{"embeddable":true,"href":"https:\/\/serveiseducatius.xtec.cat\/cda-garrotxa\/wp-json\/wp\/v2\/users\/1"}],"replies":[{"embeddable":true,"href":"https:\/\/serveiseducatius.xtec.cat\/cda-garrotxa\/wp-json\/wp\/v2\/comments?post=8197"}],"version-history":[{"count":6,"href":"https:\/\/serveiseducatius.xtec.cat\/cda-garrotxa\/wp-json\/wp\/v2\/pages\/8197\/revisions"}],"predecessor-version":[{"id":10902,"href":"https:\/\/serveiseducatius.xtec.cat\/cda-garrotxa\/wp-json\/wp\/v2\/pages\/8197\/revisions\/10902"}],"up":[{"embeddable":true,"href":"https:\/\/serveiseducatius.xtec.cat\/cda-garrotxa\/wp-json\/wp\/v2\/pages\/9741"}],"wp:attachment":[{"href":"https:\/\/serveiseducatius.xtec.cat\/cda-garrotxa\/wp-json\/wp\/v2\/media?parent=8197"}],"curies":[{"name":"wp","href":"https:\/\/api.w.org\/{rel}","templated":true}]}}