{"id":359,"date":"2013-11-18T10:16:41","date_gmt":"2013-11-18T09:16:41","guid":{"rendered":"http:\/\/blocs.xtec.cat\/cdaaltbergueda\/?page_id=359"},"modified":"2021-11-02T12:30:29","modified_gmt":"2021-11-02T11:30:29","slug":"m3","status":"publish","type":"page","link":"https:\/\/serveiseducatius.xtec.cat\/cda-garrotxa\/sortides\/m3\/","title":{"rendered":"Despr\u00e9s de la sortida (M3)"},"content":{"rendered":"<p>Un cop h\u00e0giu tornat al vostre centre:<\/p>\n<ul>\n<li>Haureu de realitzar el\u00a0<strong>pagament del rebut en concepte de les Activitats d\u2019ensenyament-aprenentatge<\/strong>\u00a0al n\u00famero de compte del Camp d\u2019Aprenentatge.<\/li>\n<li>\u00c9s el moment de mobilitzar els aprenentatges adquirits durant la vostra sortida i posar-los en pr\u00e0ctica per tal de dotar-los d\u2019una projecci\u00f3 que doni sentit a l\u2019aprenentatge. Aquesta projecci\u00f3 l\u2019aconseguirem a trav\u00e9s de <strong>l\u2019elaboraci\u00f3 d\u2019un producte final<\/strong>\u00a0que estarem encantats de rebre\u2019n un\u00a0<strong>retorn.<\/strong><\/li>\n<li>Ser\u00e0 tamb\u00e9 el moment<strong>\u00a0d\u2019avaluar conjuntament<\/strong>\u00a0el treball realitzat a partir de diferents visions:<\/li>\n<\/ul>\n<p><strong>Per part de l\u2019equip docent del centre:<\/strong><\/p>\n<ul>\n<li><strong>Avaluaci\u00f3 de l\u2019alumnat<\/strong>\u00a0a partir dels instruments acordats per l\u2019equip docent.<\/li>\n<li><strong>Valoraci\u00f3 de la sortida<\/strong>\u00a0(equip docent)\u00a0a partir d\u2019un formulari ofert pel CdA. Aquesta valoraci\u00f3 permetr\u00e0 que l\u2019equip del CdA en faci un an\u00e0lisi per tal d\u2019anar millorant en la nostra metodologia pedag\u00f2gica.<\/li>\n<\/ul>\n<p><strong>Per part del CdA:<\/strong><\/p>\n<ul>\n<li>Valoraci\u00f3 de l\u2019estada per part de l\u2019equip del CdA. Aquesta ens permetr\u00e0 reflexionar sobre aquells aspectes que cal millorar en refer\u00e8ncia a la nostra organitzaci\u00f3 interna i avaluar la nostra pr\u00f2pia activitat docent per tal d\u2019anar-la adaptant, tant com es pugui, a les necessitats dels centres.<\/li>\n<\/ul>\n<p>Les vostres opinions i els vostres suggeriments ens poden ser molt \u00fatils per a millorar les sortides i la coordinaci\u00f3 amb la tasca que dueu a terme a les escoles i als instituts. \u00c9s per aix\u00f2 que us demanem una mica de temps i la vostra col\u00b7laboraci\u00f3.<\/p>\n","protected":false},"excerpt":{"rendered":"<p>Un cop h\u00e0giu tornat al vostre centre: Haureu de realitzar el\u00a0pagament del rebut en concepte de les Activitats d\u2019ensenyament-aprenentatge\u00a0al n\u00famero de compte del Camp d\u2019Aprenentatge. \u00c9s el moment de mobilitzar els aprenentatges adquirits durant la vostra sortida i posar-los en pr\u00e0ctica per tal de dotar-los d\u2019una projecci\u00f3 que doni sentit a l\u2019aprenentatge. Aquesta projecci\u00f3 l\u2019aconseguirem [&hellip;]<\/p>\n","protected":false},"author":1,"featured_media":0,"parent":9745,"menu_order":30,"comment_status":"closed","ping_status":"closed","template":"page-templates\/side-menu.php","meta":{"_bbp_topic_count":0,"_bbp_reply_count":0,"_bbp_total_topic_count":0,"_bbp_total_reply_count":0,"_bbp_voice_count":0,"_bbp_anonymous_reply_count":0,"_bbp_topic_count_hidden":0,"_bbp_reply_count_hidden":0,"_bbp_forum_subforum_count":0,"site-sidebar-layout":"default","site-content-layout":"","ast-site-content-layout":"","site-content-style":"default","site-sidebar-style":"default","ast-global-header-display":"","ast-banner-title-visibility":"","ast-main-header-display":"","ast-hfb-above-header-display":"","ast-hfb-below-header-display":"","ast-hfb-mobile-header-display":"","site-post-title":"","ast-breadcrumbs-content":"","ast-featured-img":"","footer-sml-layout":"","theme-transparent-header-meta":"","adv-header-id-meta":"","stick-header-meta":"","header-above-stick-meta":"","header-main-stick-meta":"","header-below-stick-meta":"","astra-migrate-meta-layouts":"default","ast-page-background-enabled":"default","ast-page-background-meta":{"desktop":{"background-color":"var(--ast-global-color-4)","background-image":"","background-repeat":"repeat","background-position":"center center","background-size":"auto","background-attachment":"scroll","background-type":"","background-media":"","overlay-type":"","overlay-color":"","overlay-opacity":"","overlay-gradient":""},"tablet":{"background-color":"","background-image":"","background-repeat":"repeat","background-position":"center center","background-size":"auto","background-attachment":"scroll","background-type":"","background-media":"","overlay-type":"","overlay-color":"","overlay-opacity":"","overlay-gradient":""},"mobile":{"background-color":"","background-image":"","background-repeat":"repeat","background-position":"center center","background-size":"auto","background-attachment":"scroll","background-type":"","background-media":"","overlay-type":"","overlay-color":"","overlay-opacity":"","overlay-gradient":""}},"ast-content-background-meta":{"desktop":{"background-color":"var(--ast-global-color-5)","background-image":"","background-repeat":"repeat","background-position":"center center","background-size":"auto","background-attachment":"scroll","background-type":"","background-media":"","overlay-type":"","overlay-color":"","overlay-opacity":"","overlay-gradient":""},"tablet":{"background-color":"var(--ast-global-color-5)","background-image":"","background-repeat":"repeat","background-position":"center center","background-size":"auto","background-attachment":"scroll","background-type":"","background-media":"","overlay-type":"","overlay-color":"","overlay-opacity":"","overlay-gradient":""},"mobile":{"background-color":"var(--ast-global-color-5)","background-image":"","background-repeat":"repeat","background-position":"center center","background-size":"auto","background-attachment":"scroll","background-type":"","background-media":"","overlay-type":"","overlay-color":"","overlay-opacity":"","overlay-gradient":""}},"footnotes":""},"class_list":["post-359","page","type-page","status-publish","hentry"],"post_mailing_queue_ids":[],"_links":{"self":[{"href":"https:\/\/serveiseducatius.xtec.cat\/cda-garrotxa\/wp-json\/wp\/v2\/pages\/359","targetHints":{"allow":["GET"]}}],"collection":[{"href":"https:\/\/serveiseducatius.xtec.cat\/cda-garrotxa\/wp-json\/wp\/v2\/pages"}],"about":[{"href":"https:\/\/serveiseducatius.xtec.cat\/cda-garrotxa\/wp-json\/wp\/v2\/types\/page"}],"author":[{"embeddable":true,"href":"https:\/\/serveiseducatius.xtec.cat\/cda-garrotxa\/wp-json\/wp\/v2\/users\/1"}],"replies":[{"embeddable":true,"href":"https:\/\/serveiseducatius.xtec.cat\/cda-garrotxa\/wp-json\/wp\/v2\/comments?post=359"}],"version-history":[{"count":4,"href":"https:\/\/serveiseducatius.xtec.cat\/cda-garrotxa\/wp-json\/wp\/v2\/pages\/359\/revisions"}],"predecessor-version":[{"id":10225,"href":"https:\/\/serveiseducatius.xtec.cat\/cda-garrotxa\/wp-json\/wp\/v2\/pages\/359\/revisions\/10225"}],"up":[{"embeddable":true,"href":"https:\/\/serveiseducatius.xtec.cat\/cda-garrotxa\/wp-json\/wp\/v2\/pages\/9745"}],"wp:attachment":[{"href":"https:\/\/serveiseducatius.xtec.cat\/cda-garrotxa\/wp-json\/wp\/v2\/media?parent=359"}],"curies":[{"name":"wp","href":"https:\/\/api.w.org\/{rel}","templated":true}]}}