{"id":253,"date":"2013-11-18T21:43:11","date_gmt":"2013-11-18T20:43:11","guid":{"rendered":"http:\/\/blocs.xtec.cat\/cdaaltbergueda\/?page_id=253"},"modified":"2024-07-01T11:47:54","modified_gmt":"2024-07-01T09:47:54","slug":"m2","status":"publish","type":"page","link":"https:\/\/serveiseducatius.xtec.cat\/cda-garrotxa\/sortides\/m2\/","title":{"rendered":"Durant la sortida (M2)"},"content":{"rendered":"<p style=\"text-align: justify;\">Quan arribi el dia de la sortida:<\/p>\n<ul>\n<li style=\"text-align: justify;\">Us donarem la\u00a0<strong>benvinguda<\/strong>\u00a0al lloc d\u2019arribada acordat.<\/li>\n<li style=\"text-align: justify;\">Recollirem la\u00a0<strong>documentaci\u00f3 necess\u00e0ria<\/strong> per acabar de formalitzar la sortida (full d\u2019inscripci\u00f3 definitiva, llistat d\u2019alumnes i fotoc\u00f2pies acreditatives per a bonificacions o exempcions).<\/li>\n<li style=\"text-align: justify;\">Farem la\u00a0<strong>presentaci\u00f3 de la Situaci\u00f3 d&#8217;Aprenentatge<\/strong>\u00a0a l\u2019alumnat a partir d\u2019una pluja d\u2019idees que ens permeti detectar els coneixements previs i el punt de partida de l\u2019alumnat.<\/li>\n<li style=\"text-align: justify;\">Iniciarem les activitats acordades, les quals seran la continu\u00eftat del vostre treball previ al centre i tindran l\u2019enfocament competencial que haurem pactat en funci\u00f3 dels objectius pedag\u00f2gics que pretenem aconseguir. Els materials pedag\u00f2gics, el ritme de treball i la metodologia s\u2019aniran adaptant en funci\u00f3 de les singularitats i interessos del vostre alumnat, dels seus coneixements previs i de les seves necessitats educatives.<\/li>\n<\/ul>\n","protected":false},"excerpt":{"rendered":"<p>Quan arribi el dia de la sortida: Us donarem la\u00a0benvinguda\u00a0al lloc d\u2019arribada acordat. Recollirem la\u00a0documentaci\u00f3 necess\u00e0ria per acabar de formalitzar la sortida (full d\u2019inscripci\u00f3 definitiva, llistat d\u2019alumnes i fotoc\u00f2pies acreditatives per a bonificacions o exempcions). Farem la\u00a0presentaci\u00f3 de la Situaci\u00f3 d&#8217;Aprenentatge\u00a0a l\u2019alumnat a partir d\u2019una pluja d\u2019idees que ens permeti detectar els coneixements previs i [&hellip;]<\/p>\n","protected":false},"author":1,"featured_media":0,"parent":9745,"menu_order":30,"comment_status":"closed","ping_status":"closed","template":"page-templates\/side-menu.php","meta":{"_bbp_topic_count":0,"_bbp_reply_count":0,"_bbp_total_topic_count":0,"_bbp_total_reply_count":0,"_bbp_voice_count":0,"_bbp_anonymous_reply_count":0,"_bbp_topic_count_hidden":0,"_bbp_reply_count_hidden":0,"_bbp_forum_subforum_count":0,"site-sidebar-layout":"default","site-content-layout":"","ast-site-content-layout":"","site-content-style":"default","site-sidebar-style":"default","ast-global-header-display":"","ast-banner-title-visibility":"","ast-main-header-display":"","ast-hfb-above-header-display":"","ast-hfb-below-header-display":"","ast-hfb-mobile-header-display":"","site-post-title":"","ast-breadcrumbs-content":"","ast-featured-img":"","footer-sml-layout":"","theme-transparent-header-meta":"","adv-header-id-meta":"","stick-header-meta":"","header-above-stick-meta":"","header-main-stick-meta":"","header-below-stick-meta":"","astra-migrate-meta-layouts":"default","ast-page-background-enabled":"default","ast-page-background-meta":{"desktop":{"background-color":"var(--ast-global-color-4)","background-image":"","background-repeat":"repeat","background-position":"center center","background-size":"auto","background-attachment":"scroll","background-type":"","background-media":"","overlay-type":"","overlay-color":"","overlay-opacity":"","overlay-gradient":""},"tablet":{"background-color":"","background-image":"","background-repeat":"repeat","background-position":"center center","background-size":"auto","background-attachment":"scroll","background-type":"","background-media":"","overlay-type":"","overlay-color":"","overlay-opacity":"","overlay-gradient":""},"mobile":{"background-color":"","background-image":"","background-repeat":"repeat","background-position":"center center","background-size":"auto","background-attachment":"scroll","background-type":"","background-media":"","overlay-type":"","overlay-color":"","overlay-opacity":"","overlay-gradient":""}},"ast-content-background-meta":{"desktop":{"background-color":"var(--ast-global-color-5)","background-image":"","background-repeat":"repeat","background-position":"center center","background-size":"auto","background-attachment":"scroll","background-type":"","background-media":"","overlay-type":"","overlay-color":"","overlay-opacity":"","overlay-gradient":""},"tablet":{"background-color":"var(--ast-global-color-5)","background-image":"","background-repeat":"repeat","background-position":"center center","background-size":"auto","background-attachment":"scroll","background-type":"","background-media":"","overlay-type":"","overlay-color":"","overlay-opacity":"","overlay-gradient":""},"mobile":{"background-color":"var(--ast-global-color-5)","background-image":"","background-repeat":"repeat","background-position":"center center","background-size":"auto","background-attachment":"scroll","background-type":"","background-media":"","overlay-type":"","overlay-color":"","overlay-opacity":"","overlay-gradient":""}},"footnotes":""},"class_list":["post-253","page","type-page","status-publish","hentry"],"post_mailing_queue_ids":[],"_links":{"self":[{"href":"https:\/\/serveiseducatius.xtec.cat\/cda-garrotxa\/wp-json\/wp\/v2\/pages\/253","targetHints":{"allow":["GET"]}}],"collection":[{"href":"https:\/\/serveiseducatius.xtec.cat\/cda-garrotxa\/wp-json\/wp\/v2\/pages"}],"about":[{"href":"https:\/\/serveiseducatius.xtec.cat\/cda-garrotxa\/wp-json\/wp\/v2\/types\/page"}],"author":[{"embeddable":true,"href":"https:\/\/serveiseducatius.xtec.cat\/cda-garrotxa\/wp-json\/wp\/v2\/users\/1"}],"replies":[{"embeddable":true,"href":"https:\/\/serveiseducatius.xtec.cat\/cda-garrotxa\/wp-json\/wp\/v2\/comments?post=253"}],"version-history":[{"count":5,"href":"https:\/\/serveiseducatius.xtec.cat\/cda-garrotxa\/wp-json\/wp\/v2\/pages\/253\/revisions"}],"predecessor-version":[{"id":10756,"href":"https:\/\/serveiseducatius.xtec.cat\/cda-garrotxa\/wp-json\/wp\/v2\/pages\/253\/revisions\/10756"}],"up":[{"embeddable":true,"href":"https:\/\/serveiseducatius.xtec.cat\/cda-garrotxa\/wp-json\/wp\/v2\/pages\/9745"}],"wp:attachment":[{"href":"https:\/\/serveiseducatius.xtec.cat\/cda-garrotxa\/wp-json\/wp\/v2\/media?parent=253"}],"curies":[{"name":"wp","href":"https:\/\/api.w.org\/{rel}","templated":true}]}}