{"id":10959,"date":"2025-09-19T12:57:37","date_gmt":"2025-09-19T10:57:37","guid":{"rendered":"https:\/\/serveiseducatius.xtec.cat\/cda-garrotxa\/?page_id=10959"},"modified":"2025-12-12T10:32:23","modified_gmt":"2025-12-12T09:32:23","slug":"trobada-de-coordinacio","status":"publish","type":"page","link":"https:\/\/serveiseducatius.xtec.cat\/cda-garrotxa\/trobada-de-coordinacio\/","title":{"rendered":"Trobada de coordinaci\u00f3"},"content":{"rendered":"\n<p>La participaci\u00f3 dels centres educatius en activitats de camps i entorns d\u2019aprenentatge, entesos com a serveis educatius del Departament d\u2019Educaci\u00f3, requereix un comprom\u00eds educatiu i did\u00e0ctic, que es resumeix i s\u2019estructura en tres moments:<\/p>\n\n\n\n<ul class=\"wp-block-list\">\n<li><strong>Moment 1:&nbsp;<em>Trobada de coordinaci\u00f3<\/em><\/strong> i planificaci\u00f3 de l&#8217;estada a trav\u00e9s dels documents compartits. Activitats pr\u00e8vies al centre educatiu.<\/li>\n\n\n\n<li><strong>Moment 2:<\/strong>&nbsp;Implementaci\u00f3 de l\u2019estada o sortida al camp d&#8217;aprenentatge.<\/li>\n\n\n\n<li><strong>Moment 3:<\/strong>&nbsp;Avaluaci\u00f3 de l&#8217;estada i propostes de millora. Desenvolupament i\/o tancament del projecte. Enviament del producte final.<\/li>\n<\/ul>\n\n\n\n<p>M\u00e9s enll\u00e0 dels tres moments de participaci\u00f3 del centre, es contemplen responsabilitats que es troben en el seg\u00fcent document, que podeu trobar a la p\u00e0gina XTEC:&nbsp;<a href=\"https:\/\/xtec.gencat.cat\/web\/.content\/serveis\/cda\/inscripcio\/documents\/Responsabilitats_centre_cda.pdf\">Responsabilitats del centre, del seu professorat, de l\u2019alumnat i dels equips docents del Camp i de l\u2019Entorn d\u2019aprenentatge (CdA\/EdA)<\/a>.<\/p>\n\n\n\n<div style=\"height:39px\" aria-hidden=\"true\" class=\"wp-block-spacer\"><\/div>\n\n\n\n<h3 class=\"wp-block-heading has-text-align-center has-border-color\" style=\"border-color:var(--ast-global-color-0);border-width:3px;border-radius:15px\">Trobada de Coordinaci\u00f3<\/h3>\n\n\n\n<p>Entre els mesos de juliol i de setembre es realitzar\u00e0 aquesta trobada de coordinaci\u00f3, que serveix de primer contacte entre el CdA i el centre educatiu.<\/p>\n\n\n\n<p> La Trobada de Coordinaci\u00f3 es fa en format telem\u00e0tic i \u00e9s <strong>d\u2019assist\u00e8ncia&nbsp;obligat\u00f2ria per al professorat que assistir\u00e0 a les estades o sortides a la Garrotxa, i el coordinador de l&#8217;activitat<\/strong>.<\/p>\n\n\n\n<p>Els objectius principals de la TC s\u00f3n:<\/p>\n\n\n\n<ul class=\"wp-block-list\">\n<li>Con\u00e8ixer l\u2019oferta educativa i pedag\u00f2gica del CdA.<\/li>\n\n\n\n<li>Estableir<strong>\u00a0la comunicaci\u00f3 entre el centre educatiu i el Camp d\u2019Aprenentatge<\/strong>, per tal de coneixe\u2019ns i programar l&#8217;estada o la sortida entre ambdues parts. La comunicaci\u00f3 \u00e9s indispensable per tal que, la vostra estada, conjuntament amb la seq\u00fc\u00e8ncia did\u00e0ctica acordada, estigui integrada en el curr\u00edculum i la programaci\u00f3 del centre educatiu i que representi un aprenentatge significatiu per a l\u2019alumnat.<\/li>\n\n\n\n<li>Con\u00e8ixer i compartir les singularitats de cada centre i del seu alumnat, per tal d&#8217;adaptar al m\u00e0xim l&#8217;oferta educativa i les din\u00e0miques i activitats que es desenvoluparan al CdA a les seves necessitats.<\/li>\n\n\n\n<li>Fer una primera proposta de treball i concretar, en la mesura del possible, el programa de l\u2019estada i la sortida. I definir els aspectes did\u00e0ctics, curriculars i organitzatius derivats.<\/li>\n\n\n\n<li>Concretar el paper del professorat que acompanyar\u00e0 l&#8217;alumnat durant les activitats a la Garrotxa.<\/li>\n\n\n\n<li>Durant la trobada concretarem el <strong>treball previ<\/strong> a realitzar abans de venir a fer les activitats al CdA, comen\u00e7arem a plantejar el possible <strong>treball posterior<\/strong> i l&#8217;elaboraci\u00f3 d&#8217;un producte final, que permetr\u00e0, d\u2019una banda, a l\u2019alumnat, posar en pr\u00e0ctica els aprenentatges adquirits durant l\u2019estada a la Garrotxa, i d\u2019altra banda, a l\u2019equip de mestres o professorat a fer-ne l\u2019avaluaci\u00f3 de la seq\u00fc\u00e8ncia.<\/li>\n<\/ul>\n","protected":false},"excerpt":{"rendered":"<p>La participaci\u00f3 dels centres educatius en activitats de camps i entorns d\u2019aprenentatge, entesos com a serveis educatius del Departament d\u2019Educaci\u00f3, requereix un comprom\u00eds educatiu i did\u00e0ctic, que es resumeix i s\u2019estructura en tres moments: M\u00e9s enll\u00e0 dels tres moments de participaci\u00f3 del centre, es contemplen responsabilitats que es troben en el seg\u00fcent document, que podeu [&hellip;]<\/p>\n","protected":false},"author":1,"featured_media":0,"parent":0,"menu_order":0,"comment_status":"closed","ping_status":"close","template":"","meta":{"_bbp_topic_count":0,"_bbp_reply_count":0,"_bbp_total_topic_count":0,"_bbp_total_reply_count":0,"_bbp_voice_count":0,"_bbp_anonymous_reply_count":0,"_bbp_topic_count_hidden":0,"_bbp_reply_count_hidden":0,"_bbp_forum_subforum_count":0,"site-sidebar-layout":"default","site-content-layout":"","ast-site-content-layout":"default","site-content-style":"default","site-sidebar-style":"default","ast-global-header-display":"","ast-banner-title-visibility":"","ast-main-header-display":"","ast-hfb-above-header-display":"","ast-hfb-below-header-display":"","ast-hfb-mobile-header-display":"","site-post-title":"","ast-breadcrumbs-content":"","ast-featured-img":"","footer-sml-layout":"","theme-transparent-header-meta":"","adv-header-id-meta":"","stick-header-meta":"","header-above-stick-meta":"","header-main-stick-meta":"","header-below-stick-meta":"","astra-migrate-meta-layouts":"set","ast-page-background-enabled":"default","ast-page-background-meta":{"desktop":{"background-color":"var(--ast-global-color-4)","background-image":"","background-repeat":"repeat","background-position":"center center","background-size":"auto","background-attachment":"scroll","background-type":"","background-media":"","overlay-type":"","overlay-color":"","overlay-opacity":"","overlay-gradient":""},"tablet":{"background-color":"","background-image":"","background-repeat":"repeat","background-position":"center center","background-size":"auto","background-attachment":"scroll","background-type":"","background-media":"","overlay-type":"","overlay-color":"","overlay-opacity":"","overlay-gradient":""},"mobile":{"background-color":"","background-image":"","background-repeat":"repeat","background-position":"center center","background-size":"auto","background-attachment":"scroll","background-type":"","background-media":"","overlay-type":"","overlay-color":"","overlay-opacity":"","overlay-gradient":""}},"ast-content-background-meta":{"desktop":{"background-color":"var(--ast-global-color-5)","background-image":"","background-repeat":"repeat","background-position":"center center","background-size":"auto","background-attachment":"scroll","background-type":"","background-media":"","overlay-type":"","overlay-color":"","overlay-opacity":"","overlay-gradient":""},"tablet":{"background-color":"var(--ast-global-color-5)","background-image":"","background-repeat":"repeat","background-position":"center center","background-size":"auto","background-attachment":"scroll","background-type":"","background-media":"","overlay-type":"","overlay-color":"","overlay-opacity":"","overlay-gradient":""},"mobile":{"background-color":"var(--ast-global-color-5)","background-image":"","background-repeat":"repeat","background-position":"center center","background-size":"auto","background-attachment":"scroll","background-type":"","background-media":"","overlay-type":"","overlay-color":"","overlay-opacity":"","overlay-gradient":""}},"footnotes":""},"class_list":["post-10959","page","type-page","status-publish","hentry"],"post_mailing_queue_ids":[],"_links":{"self":[{"href":"https:\/\/serveiseducatius.xtec.cat\/cda-garrotxa\/wp-json\/wp\/v2\/pages\/10959","targetHints":{"allow":["GET"]}}],"collection":[{"href":"https:\/\/serveiseducatius.xtec.cat\/cda-garrotxa\/wp-json\/wp\/v2\/pages"}],"about":[{"href":"https:\/\/serveiseducatius.xtec.cat\/cda-garrotxa\/wp-json\/wp\/v2\/types\/page"}],"author":[{"embeddable":true,"href":"https:\/\/serveiseducatius.xtec.cat\/cda-garrotxa\/wp-json\/wp\/v2\/users\/1"}],"replies":[{"embeddable":true,"href":"https:\/\/serveiseducatius.xtec.cat\/cda-garrotxa\/wp-json\/wp\/v2\/comments?post=10959"}],"version-history":[{"count":5,"href":"https:\/\/serveiseducatius.xtec.cat\/cda-garrotxa\/wp-json\/wp\/v2\/pages\/10959\/revisions"}],"predecessor-version":[{"id":11043,"href":"https:\/\/serveiseducatius.xtec.cat\/cda-garrotxa\/wp-json\/wp\/v2\/pages\/10959\/revisions\/11043"}],"wp:attachment":[{"href":"https:\/\/serveiseducatius.xtec.cat\/cda-garrotxa\/wp-json\/wp\/v2\/media?parent=10959"}],"curies":[{"name":"wp","href":"https:\/\/api.w.org\/{rel}","templated":true}]}}