{"id":10916,"date":"2025-09-17T11:58:02","date_gmt":"2025-09-17T09:58:02","guid":{"rendered":"https:\/\/serveiseducatius.xtec.cat\/cda-garrotxa\/?page_id=10916"},"modified":"2025-12-12T10:03:06","modified_gmt":"2025-12-12T09:03:06","slug":"amb-els-centres","status":"publish","type":"page","link":"https:\/\/serveiseducatius.xtec.cat\/cda-garrotxa\/amb-els-centres\/","title":{"rendered":"Amb els centres"},"content":{"rendered":"\n<blockquote class=\"wp-block-quote is-layout-flow wp-block-quote-is-layout-flow\" style=\"margin-top:0;margin-right:0;margin-bottom:0;margin-left:0;padding-top:0;padding-right:var(--wp--preset--spacing--80);padding-bottom:0;padding-left:var(--wp--preset--spacing--80)\">\n<p class=\"has-text-align-center\"><em>Com ho hem de fer si volem venir al CdA de la Garrotxa? On ens hem d&#8217;inscriure? Quan ens hem d&#8217;inscriure? Amb quants alumnes podem venir a la Garrotxa? Amb qui ens coordinarem? <\/em> <\/p>\n<\/blockquote>\n\n\n\n<div style=\"height:41px\" aria-hidden=\"true\" class=\"wp-block-spacer\"><\/div>\n\n\n\n<p>A continuaci\u00f3 trobareu una<strong> infografia<\/strong> amb tota la informaci\u00f3 i els enlla\u00e7os per intentar calendaritzar i ordenar els diferents moments que formen part d&#8217;una estada o sortida al CdA de la Garrotxa:<\/p>\n\n\n\n<figure class=\"wp-block-image aligncenter size-large\"><a href=\"https:\/\/serveiseducatius.xtec.cat\/cda-garrotxa\/wp-content\/uploads\/usu1382\/2025\/12\/Com-funcionem.jpg\"><img loading=\"lazy\" decoding=\"async\" width=\"410\" height=\"1024\" src=\"https:\/\/serveiseducatius.xtec.cat\/cda-garrotxa\/wp-content\/uploads\/usu1382\/2025\/12\/Com-funcionem-410x1024.jpg\" alt=\"\" class=\"wp-image-11030\" srcset=\"https:\/\/serveiseducatius.xtec.cat\/cda-garrotxa\/wp-content\/uploads\/usu1382\/2025\/12\/Com-funcionem-410x1024.jpg 410w, https:\/\/serveiseducatius.xtec.cat\/cda-garrotxa\/wp-content\/uploads\/usu1382\/2025\/12\/Com-funcionem-120x300.jpg 120w, https:\/\/serveiseducatius.xtec.cat\/cda-garrotxa\/wp-content\/uploads\/usu1382\/2025\/12\/Com-funcionem-768x1920.jpg 768w, https:\/\/serveiseducatius.xtec.cat\/cda-garrotxa\/wp-content\/uploads\/usu1382\/2025\/12\/Com-funcionem.jpg 800w\" sizes=\"auto, (max-width: 410px) 100vw, 410px\" \/><\/a><\/figure>\n\n\n\n<div style=\"height:30px\" aria-hidden=\"true\" class=\"wp-block-spacer\"><\/div>\n\n\n\n<p>M\u00e9s enll\u00e0 dels tres moments de participaci\u00f3 del centre, es contemplen responsabilitats que es troben en el seg\u00fcent document, que podeu trobar a la p\u00e0gina XTEC:&nbsp;<a href=\"https:\/\/xtec.gencat.cat\/web\/.content\/serveis\/cda\/inscripcio\/documents\/Responsabilitats_centre_cda.pdf\">Responsabilitats del centre, del seu professorat, de l\u2019alumnat i dels equips docents del Camp i de l\u2019Entorn d\u2019aprenentatge (CdA\/EdA)<\/a>.<\/p>\n\n\n\n<p><\/p>\n","protected":false},"excerpt":{"rendered":"<p>Com ho hem de fer si volem venir al CdA de la Garrotxa? On ens hem d&#8217;inscriure? Quan ens hem d&#8217;inscriure? Amb quants alumnes podem venir a la Garrotxa? Amb qui ens coordinarem? A continuaci\u00f3 trobareu una infografia amb tota la informaci\u00f3 i els enlla\u00e7os per intentar calendaritzar i ordenar els diferents moments que formen [&hellip;]<\/p>\n","protected":false},"author":1,"featured_media":0,"parent":0,"menu_order":0,"comment_status":"closed","ping_status":"close","template":"","meta":{"_bbp_topic_count":0,"_bbp_reply_count":0,"_bbp_total_topic_count":0,"_bbp_total_reply_count":0,"_bbp_voice_count":0,"_bbp_anonymous_reply_count":0,"_bbp_topic_count_hidden":0,"_bbp_reply_count_hidden":0,"_bbp_forum_subforum_count":0,"site-sidebar-layout":"default","site-content-layout":"","ast-site-content-layout":"default","site-content-style":"default","site-sidebar-style":"default","ast-global-header-display":"","ast-banner-title-visibility":"","ast-main-header-display":"","ast-hfb-above-header-display":"","ast-hfb-below-header-display":"","ast-hfb-mobile-header-display":"","site-post-title":"","ast-breadcrumbs-content":"","ast-featured-img":"","footer-sml-layout":"","theme-transparent-header-meta":"","adv-header-id-meta":"","stick-header-meta":"","header-above-stick-meta":"","header-main-stick-meta":"","header-below-stick-meta":"","astra-migrate-meta-layouts":"set","ast-page-background-enabled":"default","ast-page-background-meta":{"desktop":{"background-color":"var(--ast-global-color-4)","background-image":"","background-repeat":"repeat","background-position":"center center","background-size":"auto","background-attachment":"scroll","background-type":"","background-media":"","overlay-type":"","overlay-color":"","overlay-opacity":"","overlay-gradient":""},"tablet":{"background-color":"","background-image":"","background-repeat":"repeat","background-position":"center center","background-size":"auto","background-attachment":"scroll","background-type":"","background-media":"","overlay-type":"","overlay-color":"","overlay-opacity":"","overlay-gradient":""},"mobile":{"background-color":"","background-image":"","background-repeat":"repeat","background-position":"center center","background-size":"auto","background-attachment":"scroll","background-type":"","background-media":"","overlay-type":"","overlay-color":"","overlay-opacity":"","overlay-gradient":""}},"ast-content-background-meta":{"desktop":{"background-color":"var(--ast-global-color-5)","background-image":"","background-repeat":"repeat","background-position":"center center","background-size":"auto","background-attachment":"scroll","background-type":"","background-media":"","overlay-type":"","overlay-color":"","overlay-opacity":"","overlay-gradient":""},"tablet":{"background-color":"var(--ast-global-color-5)","background-image":"","background-repeat":"repeat","background-position":"center center","background-size":"auto","background-attachment":"scroll","background-type":"","background-media":"","overlay-type":"","overlay-color":"","overlay-opacity":"","overlay-gradient":""},"mobile":{"background-color":"var(--ast-global-color-5)","background-image":"","background-repeat":"repeat","background-position":"center center","background-size":"auto","background-attachment":"scroll","background-type":"","background-media":"","overlay-type":"","overlay-color":"","overlay-opacity":"","overlay-gradient":""}},"footnotes":""},"class_list":["post-10916","page","type-page","status-publish","hentry"],"post_mailing_queue_ids":[],"_links":{"self":[{"href":"https:\/\/serveiseducatius.xtec.cat\/cda-garrotxa\/wp-json\/wp\/v2\/pages\/10916","targetHints":{"allow":["GET"]}}],"collection":[{"href":"https:\/\/serveiseducatius.xtec.cat\/cda-garrotxa\/wp-json\/wp\/v2\/pages"}],"about":[{"href":"https:\/\/serveiseducatius.xtec.cat\/cda-garrotxa\/wp-json\/wp\/v2\/types\/page"}],"author":[{"embeddable":true,"href":"https:\/\/serveiseducatius.xtec.cat\/cda-garrotxa\/wp-json\/wp\/v2\/users\/1"}],"replies":[{"embeddable":true,"href":"https:\/\/serveiseducatius.xtec.cat\/cda-garrotxa\/wp-json\/wp\/v2\/comments?post=10916"}],"version-history":[{"count":3,"href":"https:\/\/serveiseducatius.xtec.cat\/cda-garrotxa\/wp-json\/wp\/v2\/pages\/10916\/revisions"}],"predecessor-version":[{"id":11036,"href":"https:\/\/serveiseducatius.xtec.cat\/cda-garrotxa\/wp-json\/wp\/v2\/pages\/10916\/revisions\/11036"}],"wp:attachment":[{"href":"https:\/\/serveiseducatius.xtec.cat\/cda-garrotxa\/wp-json\/wp\/v2\/media?parent=10916"}],"curies":[{"name":"wp","href":"https:\/\/api.w.org\/{rel}","templated":true}]}}