{"id":10499,"date":"2023-04-26T11:16:42","date_gmt":"2023-04-26T09:16:42","guid":{"rendered":"https:\/\/serveiseducatius.xtec.cat\/cda-garrotxa\/?page_id=10499"},"modified":"2025-09-17T09:50:19","modified_gmt":"2025-09-17T07:50:19","slug":"situacions-aprenentatge","status":"publish","type":"page","link":"https:\/\/serveiseducatius.xtec.cat\/cda-garrotxa\/activitats-2\/situacions-aprenentatge\/","title":{"rendered":"Situacions d&#8217;aprenentatge"},"content":{"rendered":"<p>Per a estades o activitats de m\u00e9s d\u2019un dia s\u2019ofereixen\u00a0<strong>situacions d&#8217;aprenentatge<\/strong> pensades i dissenyades per a treballar de manera global i interdisciplinari dins el context geol\u00f2gic i natural de la zona volc\u00e0nica de la Garrotxa.<\/p>\n<p>Per obtenir informaci\u00f3 detallada de cada seq\u00fc\u00e8ncia, <strong>clica<\/strong>\u00a0a sobre de cada una d\u2019elles:<\/p>\n<ul>\n<li><a href=\"https:\/\/serveiseducatius.xtec.cat\/cda-garrotxa\/activitats-2\/geologia-i-vulcanisme\/viure-entre-volcans-risc-o-oportunitat\/\">\u2696 Viure entre volcans: Risc o oportunitat?<\/a><\/li>\n<li><a href=\"https:\/\/serveiseducatius.xtec.cat\/cda-garrotxa\/activitats-2\/geologia-i-vulcanisme\/la-greda-vol-fer-noves-amistats\/\">\u26f0 La Greda vol fer noves amistats!<\/a><\/li>\n<li><a href=\"https:\/\/serveiseducatius.xtec.cat\/cda-garrotxa\/activitats-2\/geologia-i-vulcanisme\/el-risc-geologic-a-la-garrotxa\/\">\ud83c\udfda El risc geol\u00f2gic a la Garrotxa.<\/a><\/li>\n<\/ul>\n","protected":false},"excerpt":{"rendered":"<p>Per a estades o activitats de m\u00e9s d\u2019un dia s\u2019ofereixen\u00a0situacions d&#8217;aprenentatge pensades i dissenyades per a treballar de manera global i interdisciplinari dins el context geol\u00f2gic i natural de la zona volc\u00e0nica de la Garrotxa. Per obtenir informaci\u00f3 detallada de cada seq\u00fc\u00e8ncia, clica\u00a0a sobre de cada una d\u2019elles: \u2696 Viure entre volcans: Risc o oportunitat? [&hellip;]<\/p>\n","protected":false},"author":1,"featured_media":0,"parent":9741,"menu_order":100,"comment_status":"closed","ping_status":"closed","template":"","meta":{"_bbp_topic_count":0,"_bbp_reply_count":0,"_bbp_total_topic_count":0,"_bbp_total_reply_count":0,"_bbp_voice_count":0,"_bbp_anonymous_reply_count":0,"_bbp_topic_count_hidden":0,"_bbp_reply_count_hidden":0,"_bbp_forum_subforum_count":0,"site-sidebar-layout":"left-sidebar","site-content-layout":"","ast-site-content-layout":"default","site-content-style":"default","site-sidebar-style":"default","ast-global-header-display":"","ast-banner-title-visibility":"","ast-main-header-display":"","ast-hfb-above-header-display":"","ast-hfb-below-header-display":"","ast-hfb-mobile-header-display":"","site-post-title":"","ast-breadcrumbs-content":"","ast-featured-img":"","footer-sml-layout":"","theme-transparent-header-meta":"","adv-header-id-meta":"","stick-header-meta":"","header-above-stick-meta":"","header-main-stick-meta":"","header-below-stick-meta":"","astra-migrate-meta-layouts":"set","ast-page-background-enabled":"default","ast-page-background-meta":{"desktop":{"background-color":"var(--ast-global-color-4)","background-image":"","background-repeat":"repeat","background-position":"center center","background-size":"auto","background-attachment":"scroll","background-type":"","background-media":"","overlay-type":"","overlay-color":"","overlay-opacity":"","overlay-gradient":""},"tablet":{"background-color":"","background-image":"","background-repeat":"repeat","background-position":"center center","background-size":"auto","background-attachment":"scroll","background-type":"","background-media":"","overlay-type":"","overlay-color":"","overlay-opacity":"","overlay-gradient":""},"mobile":{"background-color":"","background-image":"","background-repeat":"repeat","background-position":"center center","background-size":"auto","background-attachment":"scroll","background-type":"","background-media":"","overlay-type":"","overlay-color":"","overlay-opacity":"","overlay-gradient":""}},"ast-content-background-meta":{"desktop":{"background-color":"var(--ast-global-color-5)","background-image":"","background-repeat":"repeat","background-position":"center center","background-size":"auto","background-attachment":"scroll","background-type":"","background-media":"","overlay-type":"","overlay-color":"","overlay-opacity":"","overlay-gradient":""},"tablet":{"background-color":"var(--ast-global-color-5)","background-image":"","background-repeat":"repeat","background-position":"center center","background-size":"auto","background-attachment":"scroll","background-type":"","background-media":"","overlay-type":"","overlay-color":"","overlay-opacity":"","overlay-gradient":""},"mobile":{"background-color":"var(--ast-global-color-5)","background-image":"","background-repeat":"repeat","background-position":"center center","background-size":"auto","background-attachment":"scroll","background-type":"","background-media":"","overlay-type":"","overlay-color":"","overlay-opacity":"","overlay-gradient":""}},"footnotes":""},"class_list":["post-10499","page","type-page","status-publish","hentry"],"post_mailing_queue_ids":[],"_links":{"self":[{"href":"https:\/\/serveiseducatius.xtec.cat\/cda-garrotxa\/wp-json\/wp\/v2\/pages\/10499","targetHints":{"allow":["GET"]}}],"collection":[{"href":"https:\/\/serveiseducatius.xtec.cat\/cda-garrotxa\/wp-json\/wp\/v2\/pages"}],"about":[{"href":"https:\/\/serveiseducatius.xtec.cat\/cda-garrotxa\/wp-json\/wp\/v2\/types\/page"}],"author":[{"embeddable":true,"href":"https:\/\/serveiseducatius.xtec.cat\/cda-garrotxa\/wp-json\/wp\/v2\/users\/1"}],"replies":[{"embeddable":true,"href":"https:\/\/serveiseducatius.xtec.cat\/cda-garrotxa\/wp-json\/wp\/v2\/comments?post=10499"}],"version-history":[{"count":5,"href":"https:\/\/serveiseducatius.xtec.cat\/cda-garrotxa\/wp-json\/wp\/v2\/pages\/10499\/revisions"}],"predecessor-version":[{"id":10901,"href":"https:\/\/serveiseducatius.xtec.cat\/cda-garrotxa\/wp-json\/wp\/v2\/pages\/10499\/revisions\/10901"}],"up":[{"embeddable":true,"href":"https:\/\/serveiseducatius.xtec.cat\/cda-garrotxa\/wp-json\/wp\/v2\/pages\/9741"}],"wp:attachment":[{"href":"https:\/\/serveiseducatius.xtec.cat\/cda-garrotxa\/wp-json\/wp\/v2\/media?parent=10499"}],"curies":[{"name":"wp","href":"https:\/\/api.w.org\/{rel}","templated":true}]}}