{"id":10468,"date":"2023-04-25T12:42:31","date_gmt":"2023-04-25T10:42:31","guid":{"rendered":"https:\/\/serveiseducatius.xtec.cat\/cda-garrotxa\/?page_id=10468"},"modified":"2023-05-03T13:38:09","modified_gmt":"2023-05-03T11:38:09","slug":"croscat-la-historia-dun-volca","status":"publish","type":"page","link":"https:\/\/serveiseducatius.xtec.cat\/cda-garrotxa\/activitats-2\/geologia-i-vulcanisme\/croscat-la-historia-dun-volca\/","title":{"rendered":"Croscat: La hist\u00f2ria d&#8217;un volc\u00e0"},"content":{"rendered":"\t\t\t\t\t\t<style>\r\n\t\t\t\t\r\n\t\t\t\t\t#tab_container_10013 {\r\n\toverflow:hidden;\r\n\tdisplay:block;\r\n\twidth:100%;\r\n\tborder:0px solid #ddd;\r\n\tmargin-bottom:30px;\r\n\t}\r\n\r\n#tab_container_10013 .tab-content{\r\n\tpadding:20px;\r\n\tborder: 1px solid #e6e6e6 !important;\r\n\tmargin-top: 0px;\r\n\tbackground-color:#ffffff !important;\r\n\tcolor: #000000 !important;\r\n\tfont-size:14px !important;\r\n\tfont-family: Open Sans !important;\r\n\t\r\n\t\tborder: 1px solid #e6e6e6 !important;\r\n\t}\r\n#tab_container_10013 .wpsm_nav-tabs {\r\n    border-bottom: 0px solid #ddd;\r\n}\r\n#tab_container_10013 .wpsm_nav-tabs > li.active > a, #tab_container_10013 .wpsm_nav-tabs > li.active > a:hover, #tab_container_10013 .wpsm_nav-tabs > li.active > a:focus {\r\n\tcolor: #000000 !important;\r\n\tcursor: default;\r\n\tbackground-color: #ffffff !important;\r\n\tborder: 1px solid #e6e6e6 !important;\r\n}\r\n\r\n#tab_container_10013 .wpsm_nav-tabs > li > a {\r\n    margin-right: 0px !important; \r\n    line-height: 1.42857143 !important;\r\n    border: 1px solid #c36935 !important;\r\n    border-radius: 0px 0px 0 0 !important; \r\n\tbackground-color: #d67c48 !important;\r\n\tcolor: #000000 !important;\r\n\tpadding: 15px 18px 15px 18px !important;\r\n\ttext-decoration: none !important;\r\n\tfont-size: 16px !important;\r\n\ttext-align:center !important;\r\n\tfont-family: Open Sans !important;\r\n}\r\n#tab_container_10013 .wpsm_nav-tabs > li > a:focus {\r\noutline: 0px !important;\r\n}\r\n\r\n#tab_container_10013 .wpsm_nav-tabs > li > a:before {\r\n\tdisplay:none !important;\r\n}\r\n#tab_container_10013 .wpsm_nav-tabs > li > a:after {\r\n\tdisplay:none !important ;\r\n}\r\n#tab_container_10013 .wpsm_nav-tabs > li{\r\npadding:0px !important ;\r\nmargin:0px;\r\n}\r\n\r\n#tab_container_10013 .wpsm_nav-tabs > li > a:hover , #tab_container_10013 .wpsm_nav-tabs > li > a:focus {\r\n    color: #000000 !important;\r\n    background-color: #d67c48 !important;\r\n\tborder: 1px solid #c36935 !important;\r\n\t\r\n}\r\n#tab_container_10013 .wpsm_nav-tabs > li > a .fa{\r\n\r\nmargin-right:5px !important;\r\n\r\nmargin-left:5px !important;\r\n\r\n\r\n}\r\n\r\n\t\t#tab_container_10013 .wpsm_nav-tabs a{\r\n\t\t\tbackground-image: none;\r\n\t\t\tbackground-position: 0 0;\r\n\t\t\tbackground-repeat: repeat-x;\r\n\t\t}\r\n\t\t\t\r\n\r\n\r\n#tab_container_10013 .wpsm_nav-tabs > li {\r\n    float: left;\r\n    margin-bottom: -1px !important;\r\n\tmargin-right:0px !important; \r\n}\r\n\r\n\r\n#tab_container_10013 .tab-content{\r\noverflow:hidden !important;\r\n}\r\n\r\n\r\n@media (min-width: 769px) {\r\n\r\n\t#tab_container_10013 .wpsm_nav-tabs > li{\r\n\t\tfloat:left !important ;\r\n\t\t\t\tmargin-right:-1px !important;\r\n\t\t\t\t\t}\r\n\t#tab_container_10013 .wpsm_nav-tabs{\r\n\t\tfloat:none !important;\r\n\t\tmargin:0px !important;\r\n\t}\r\n\r\n\t#tab_container_10013 .wpsm_nav-tabs > li {\r\n\t\t\t\t\r\n\t}\r\n\t#tab_container_10013 .wpsm_nav{\r\n\t\t\t}\r\n\r\n}\r\n\r\n\r\n\r\n@media (max-width: 768px) {\r\n\t#tab_container_10013 .wpsm_nav-tabs > li {\r\n\t\t\t\t\r\n\t}\r\n\t#tab_container_10013 .wpsm_nav{\r\n\t\t\t}\r\n}\r\n\r\n\r\n\t.wpsm_nav-tabs li:before{\r\n\t\tdisplay:none !important;\r\n\t}\r\n\r\n\t@media (max-width: 768px) {\r\n\t\t\t\t\r\n\t\t\t\t.wpsm_nav-tabs{\r\n\t\t\tmargin-left:0px !important;\r\n\t\t\tmargin-right:0px !important; \r\n\t\t\t\r\n\t\t}\r\n\t\t\t\t#tab_container_10013 .wpsm_nav-tabs > li{\r\n\t\t\tfloat:none !important;\r\n\t\t}\r\n\t\t\t\r\n\t}\t\t\t\t<\/style>\r\n\t\t\t\t<div id=\"tab_container_10013\" >\r\n\t \r\n\t\t\t\t\t<ul class=\"wpsm_nav wpsm_nav-tabs\" role=\"tablist\" id=\"myTab_10013\">\r\n\t\t\t\t\t\t\t\r\n\t\t\t\t\t\t\t<li role=\"presentation\"  class=\"active\"  onclick=\"do_resize()\">\r\n\r\n\t\t\t\t\t\t\t\t<!-- XTEC ************ MODIFICAT - Disable scrolling on tab change. Fixes error in option \"Tabs Description Animation\" -->\r\n\t\t\t\t\t\t\t\t<!-- 2021.12.01 @aginard -->\r\n\t\t\t\t\t\t\t\t<a href=\"javascript:void(0);\" aria-controls=\"tabs_desc_10013_1\" role=\"tab\" data-toggle=\"tab\" data-target=\"#tabs_desc_10013_1\">\r\n\t\t\t\t\t\t\t\t<!-- ORIGINAL\r\n\t\t\t\t\t\t\t\t<a href=\"#tabs_desc_10013_1\" aria-controls=\"tabs_desc_10013_1\" role=\"tab\" data-toggle=\"tab\">\r\n\t\t\t\t\t\t\t\t-->\r\n\t\t\t\t\t\t\t\t<!-- ************ FI -->\r\n\t\t\t\t\t\t\t\t\t\r\n\t\t\t\t\t\t\t\t\t\t\t\t\t\t\t\t\t\t\t\t\t\t\t\t\t\t\t\t\t\t\t<i class=\"fa fa-bookmark-o\"><\/i> \t\t\t\t\t\t\t\t\t\t\t\t\t\t\t\t\t\t\t\r\n\t\t\t\t\t\t\t\t\t\t\t\t\t\t\t\t\t\t\r\n\t\t\t\t\t\t\t\t\t<span>Descripci\u00f3<\/span>\r\n\t\t\t\t\t\t\t\t\t\r\n\t\t\t\t\t\t\t\t\t\t\t\t\t\t\t\t\t\t\r\n\t\t\t\t\t\t\t\t\t\t\t\t\t\t\t\t\t\t\t\t\r\n\t\t\t\t\t\t\t\t\t\r\n\t\t\t\t\t\t\t\t<\/a>\r\n\t\t\t\t\t\t\t<\/li>\r\n\t\t\t\t\t\t\t\r\n\t\t\t\t\t\t\t<li role=\"presentation\"  onclick=\"do_resize()\">\r\n\r\n\t\t\t\t\t\t\t\t<!-- XTEC ************ MODIFICAT - Disable scrolling on tab change. Fixes error in option \"Tabs Description Animation\" -->\r\n\t\t\t\t\t\t\t\t<!-- 2021.12.01 @aginard -->\r\n\t\t\t\t\t\t\t\t<a href=\"javascript:void(0);\" aria-controls=\"tabs_desc_10013_2\" role=\"tab\" data-toggle=\"tab\" data-target=\"#tabs_desc_10013_2\">\r\n\t\t\t\t\t\t\t\t<!-- ORIGINAL\r\n\t\t\t\t\t\t\t\t<a href=\"#tabs_desc_10013_2\" aria-controls=\"tabs_desc_10013_2\" role=\"tab\" data-toggle=\"tab\">\r\n\t\t\t\t\t\t\t\t-->\r\n\t\t\t\t\t\t\t\t<!-- ************ FI -->\r\n\t\t\t\t\t\t\t\t\t\r\n\t\t\t\t\t\t\t\t\t\t\t\t\t\t\t\t\t\t\t\t\t\t\t\t\t\t\t\t\t\t\t<i class=\"fa fa-file-text-o\"><\/i> \t\t\t\t\t\t\t\t\t\t\t\t\t\t\t\t\t\t\t\r\n\t\t\t\t\t\t\t\t\t\t\t\t\t\t\t\t\t\t\r\n\t\t\t\t\t\t\t\t\t<span>Fitxa de l&#039;activitat<\/span>\r\n\t\t\t\t\t\t\t\t\t\r\n\t\t\t\t\t\t\t\t\t\t\t\t\t\t\t\t\t\t\r\n\t\t\t\t\t\t\t\t\t\t\t\t\t\t\t\t\t\t\t\t\r\n\t\t\t\t\t\t\t\t\t\r\n\t\t\t\t\t\t\t\t<\/a>\r\n\t\t\t\t\t\t\t<\/li>\r\n\t\t\t\t\t\t\t\r\n\t\t\t\t\t\t\t<li role=\"presentation\"  onclick=\"do_resize()\">\r\n\r\n\t\t\t\t\t\t\t\t<!-- XTEC ************ MODIFICAT - Disable scrolling on tab change. Fixes error in option \"Tabs Description Animation\" -->\r\n\t\t\t\t\t\t\t\t<!-- 2021.12.01 @aginard -->\r\n\t\t\t\t\t\t\t\t<a href=\"javascript:void(0);\" aria-controls=\"tabs_desc_10013_3\" role=\"tab\" data-toggle=\"tab\" data-target=\"#tabs_desc_10013_3\">\r\n\t\t\t\t\t\t\t\t<!-- ORIGINAL\r\n\t\t\t\t\t\t\t\t<a href=\"#tabs_desc_10013_3\" aria-controls=\"tabs_desc_10013_3\" role=\"tab\" data-toggle=\"tab\">\r\n\t\t\t\t\t\t\t\t-->\r\n\t\t\t\t\t\t\t\t<!-- ************ FI -->\r\n\t\t\t\t\t\t\t\t\t\r\n\t\t\t\t\t\t\t\t\t\t\t\t\t\t\t\t\t\t\t\t\t\t\t\t\t\t\t\t\t\t\t<i class=\"fa fa-sign-out\"><\/i> \t\t\t\t\t\t\t\t\t\t\t\t\t\t\t\t\t\t\t\r\n\t\t\t\t\t\t\t\t\t\t\t\t\t\t\t\t\t\t\r\n\t\t\t\t\t\t\t\t\t<span>Treball previ<\/span>\r\n\t\t\t\t\t\t\t\t\t\r\n\t\t\t\t\t\t\t\t\t\t\t\t\t\t\t\t\t\t\r\n\t\t\t\t\t\t\t\t\t\t\t\t\t\t\t\t\t\t\t\t\r\n\t\t\t\t\t\t\t\t\t\r\n\t\t\t\t\t\t\t\t<\/a>\r\n\t\t\t\t\t\t\t<\/li>\r\n\t\t\t\t\t\t\t\r\n\t\t\t\t\t\t\t<li role=\"presentation\"  onclick=\"do_resize()\">\r\n\r\n\t\t\t\t\t\t\t\t<!-- XTEC ************ MODIFICAT - Disable scrolling on tab change. Fixes error in option \"Tabs Description Animation\" -->\r\n\t\t\t\t\t\t\t\t<!-- 2021.12.01 @aginard -->\r\n\t\t\t\t\t\t\t\t<a href=\"javascript:void(0);\" aria-controls=\"tabs_desc_10013_4\" role=\"tab\" data-toggle=\"tab\" data-target=\"#tabs_desc_10013_4\">\r\n\t\t\t\t\t\t\t\t<!-- ORIGINAL\r\n\t\t\t\t\t\t\t\t<a href=\"#tabs_desc_10013_4\" aria-controls=\"tabs_desc_10013_4\" role=\"tab\" data-toggle=\"tab\">\r\n\t\t\t\t\t\t\t\t-->\r\n\t\t\t\t\t\t\t\t<!-- ************ FI -->\r\n\t\t\t\t\t\t\t\t\t\r\n\t\t\t\t\t\t\t\t\t\t\t\t\t\t\t\t\t\t\t\t\t\t\t\t\t\t\t\t\t\t\t<i class=\"fa fa-sign-out\"><\/i> \t\t\t\t\t\t\t\t\t\t\t\t\t\t\t\t\t\t\t\r\n\t\t\t\t\t\t\t\t\t\t\t\t\t\t\t\t\t\t\r\n\t\t\t\t\t\t\t\t\t<span>Treball posterior<\/span>\r\n\t\t\t\t\t\t\t\t\t\r\n\t\t\t\t\t\t\t\t\t\t\t\t\t\t\t\t\t\t\r\n\t\t\t\t\t\t\t\t\t\t\t\t\t\t\t\t\t\t\t\t\r\n\t\t\t\t\t\t\t\t\t\r\n\t\t\t\t\t\t\t\t<\/a>\r\n\t\t\t\t\t\t\t<\/li>\r\n\t\t\t\t\t\t\t\r\n\t\t\t\t\t\t\t<li role=\"presentation\"  onclick=\"do_resize()\">\r\n\r\n\t\t\t\t\t\t\t\t<!-- XTEC ************ MODIFICAT - Disable scrolling on tab change. Fixes error in option \"Tabs Description Animation\" -->\r\n\t\t\t\t\t\t\t\t<!-- 2021.12.01 @aginard -->\r\n\t\t\t\t\t\t\t\t<a href=\"javascript:void(0);\" aria-controls=\"tabs_desc_10013_5\" role=\"tab\" data-toggle=\"tab\" data-target=\"#tabs_desc_10013_5\">\r\n\t\t\t\t\t\t\t\t<!-- ORIGINAL\r\n\t\t\t\t\t\t\t\t<a href=\"#tabs_desc_10013_5\" aria-controls=\"tabs_desc_10013_5\" role=\"tab\" data-toggle=\"tab\">\r\n\t\t\t\t\t\t\t\t-->\r\n\t\t\t\t\t\t\t\t<!-- ************ FI -->\r\n\t\t\t\t\t\t\t\t\t\r\n\t\t\t\t\t\t\t\t\t\t\t\t\t\t\t\t\t\t\t\t\t\t\t\t\t\t\t\t\t\t\t<i class=\"fa fa-info-circle\"><\/i> \t\t\t\t\t\t\t\t\t\t\t\t\t\t\t\t\t\t\t\r\n\t\t\t\t\t\t\t\t\t\t\t\t\t\t\t\t\t\t\r\n\t\t\t\t\t\t\t\t\t<span>Observacions<\/span>\r\n\t\t\t\t\t\t\t\t\t\r\n\t\t\t\t\t\t\t\t\t\t\t\t\t\t\t\t\t\t\r\n\t\t\t\t\t\t\t\t\t\t\t\t\t\t\t\t\t\t\t\t\r\n\t\t\t\t\t\t\t\t\t\r\n\t\t\t\t\t\t\t\t<\/a>\r\n\t\t\t\t\t\t\t<\/li>\r\n\t\t\t\t\t\t\t\t\t\t\t <\/ul>\r\n\r\n\t\t\t\t\t  <!-- Tab panes -->\r\n\t\t\t\t\t  <div class=\"tab-content\" id=\"tab-content_10013\">\r\n\t\t\t\t\t\t\t\t\t\t\t\t <div role=\"tabpanel\" class=\"tab-pane  in active \" id=\"tabs_desc_10013_1\">\r\n\t\t\t\t\t\t\t\t<p style=\"text-align: justify;\">Itinerari pel volc\u00e0 Croscat amb l'objectiu de descobrir-ne la seva hist\u00f2ria. L'observaci\u00f3, manipulaci\u00f3 dels materials i el debat ens permetran interpretar la seva formaci\u00f3, les accions humanes que hi han tingut lloc, els canvis que ha patit i el seu estat actual.<\/p>\n<p style=\"text-align: justify;\">\nEn reconeixerem les seves caracter\u00edstiques, n'esbrinarem les seves din\u00e0miques i el seu funcionament durant les erupcions i n'estudiarem com ha sigut i com ser\u00e0 la seva evoluci\u00f3 al llarg del temps.<\/p>\n<p style=\"text-align: justify;\">\nAl llarg de la sortida tamb\u00e9 es posaran de relleu, valorant-ne les caracter\u00edstiques i la seva import\u00e0ncia, els diferents ecosistemes i les diferents formacions vegetals presents a la zona volc\u00e0nica.<\/p>\n\t\t\t\t\t\t <\/div>\r\n\t\t\t\t\t\t\t\t\t\t\t\t <div role=\"tabpanel\" class=\"tab-pane \" id=\"tabs_desc_10013_2\">\r\n\t\t\t\t\t\t\t\t<ul>\n<li><a href=\"https:\/\/drive.google.com\/file\/d\/1WueB_cXhBpF-Vt6dtygMp5OoA325zbIV\/view?usp=share_link\">Prim\u00e0ria<\/a><\/li>\n<li><a href=\"https:\/\/drive.google.com\/file\/d\/1C4PhIVD_dtHvmz_QvQMLAH4JdE5EFc7g\/view?usp=share_link\">Secund\u00e0ria<\/a><\/li>\n<\/ul>\n\t\t\t\t\t\t <\/div>\r\n\t\t\t\t\t\t\t\t\t\t\t\t <div role=\"tabpanel\" class=\"tab-pane \" id=\"tabs_desc_10013_3\">\r\n\t\t\t\t\t\t\t\t<p>A partir de la visualitzaci\u00f3 del v\u00eddeo <a href=\"https:\/\/www.youtube.com\/watch?v=rby2eeZ7ClU\"><em>Croscat la hist\u00f2ria d'un volc\u00e0<\/em><\/a> l'alumnat rebr\u00e0, en format molt breu i sintetitzat, informaci\u00f3 sobre l'origen, la formaci\u00f3 i l'evoluci\u00f3 d'un dels cons volc\u00e0nics m\u00e9s singulars de la Garrotxa, el Croscat.<\/p>\n<p>Amb la introducci\u00f3 de nou vocabulari i de nous conceptes vulcanol\u00f2gics, l'alumnat podr\u00e0 realitzar la visita i l'estudi dels cons volc\u00e0nics amb molta m\u00e9s facilitat i predisposici\u00f3.<\/p>\n<p style=\"text-align: center;\"><strong>V\u00eddeo complert<\/strong><\/p>\n<p style=\"text-align: center;\"><iframe loading=\"lazy\" title=\"YouTube video player\" src=\"https:\/\/www.youtube.com\/embed\/rby2eeZ7ClU\" width=\"560\" height=\"315\" frameborder=\"200\" allowfullscreen=\"allowfullscreen\"><\/iframe><\/p>\n<p>\u00a0<\/p>\n<p style=\"text-align: center;\"><strong>Animaci\u00f3<\/strong><\/p>\n<p style=\"text-align: center;\"><iframe loading=\"lazy\" width=\"560\" height=\"315\" src=\"https:\/\/www.youtube.com\/embed\/yruStxWhPA8\" title=\"YouTube video player\" frameborder=\"0\" allow=\"accelerometer; autoplay; clipboard-write; encrypted-media; gyroscope; picture-in-picture\" allowfullscreen><\/iframe><\/p>\n\t\t\t\t\t\t <\/div>\r\n\t\t\t\t\t\t\t\t\t\t\t\t <div role=\"tabpanel\" class=\"tab-pane \" id=\"tabs_desc_10013_4\">\r\n\t\t\t\t\t\t\t\t\t\t\t\t\t\t <\/div>\r\n\t\t\t\t\t\t\t\t\t\t\t\t <div role=\"tabpanel\" class=\"tab-pane \" id=\"tabs_desc_10013_5\">\r\n\t\t\t\t\t\t\t\t<ul>\n<li>Si es visita m\u00e9s d'un con volc\u00e0nic, per tal de despla\u00e7ar-nos per la zona, ser\u00e0 necessari disposar de l'autocar del centre.<\/li>\n<li>Tota l'activitat es realitza a l'aire lliure i transcorre per camins i senders. Ser\u00e0 necessari que tan l'alumnat com el professorat portin cal\u00e7at i roba adequada.<\/li>\n<li>Amb la pr\u00e8via coordinaci\u00f3 del Camp d'Aprenentatge, i en funci\u00f3 de les necessitats de cada centre educatiu, es pot adaptar la durada i l'\u00e0mbit d'actuaci\u00f3 d'alguna activitat.<\/li>\n<\/ul>\n\t\t\t\t\t\t <\/div>\r\n\t\t\t\t\t\t\t\r\n\t\t\t\t\t <\/div>\r\n\t\t\t\t\t \r\n\t\t\t\t <\/div>\r\n <script>\r\n\t\tjQuery(function () {\r\n\t\t\tjQuery('#myTab_10013 a:first').tab('show')\r\n\t\t});\r\n\t\t\r\n\t\t\t\tjQuery(function(){\r\n\t\t\tvar b=\"fadeIn\";\r\n\t\t\tvar c;\r\n\t\t\tvar a;\r\n\t\t\td(jQuery(\"#myTab_10013 a\"),jQuery(\"#tab-content_10013\"));function d(e,f,g){\r\n\t\t\t\te.click(function(i){\r\n\t\t\t\t\ti.preventDefault();\r\n\t\t\t\t\tjQuery(this).tab(\"show\");\r\n\t\t\t\t\tvar h=jQuery(this).data(\"easein\");\r\n\t\t\t\t\tif(c){c.removeClass(a);}\r\n\t\t\t\t\tif(h){f.find(\"div.active\").addClass(\"animated \"+h);a=h;}\r\n\t\t\t\t\telse{if(g){f.find(\"div.active\").addClass(\"animated \"+g);a=g;}else{f.find(\"div.active\").addClass(\"animated \"+b);a=b;}}c=f.find(\"div.active\");\r\n\t\t\t\t});\r\n\t\t\t}\r\n\t\t});\r\n\t\t\r\n\r\n\t\tfunction do_resize(){\r\n\r\n\t\t\tvar width=jQuery( '.tab-content .tab-pane iframe' ).width();\r\n\t\t\tvar height=jQuery( '.tab-content .tab-pane iframe' ).height();\r\n\r\n\t\t\tvar toggleSize = true;\r\n\t\t\tjQuery('iframe').animate({\r\n\t\t\t    width: toggleSize ? width : 640,\r\n\t\t\t    height: toggleSize ? height : 360\r\n\t\t\t  }, 250);\r\n\r\n\t\t\t  toggleSize = !toggleSize;\r\n\t\t}\r\n\r\n\r\n\t<\/script>\r\n\t\t\t\t\r\n\t\t\t\n","protected":false},"excerpt":{"rendered":"","protected":false},"author":1,"featured_media":0,"parent":8197,"menu_order":16,"comment_status":"closed","ping_status":"closed","template":"page-templates\/side-menu.php","meta":{"_bbp_topic_count":0,"_bbp_reply_count":0,"_bbp_total_topic_count":0,"_bbp_total_reply_count":0,"_bbp_voice_count":0,"_bbp_anonymous_reply_count":0,"_bbp_topic_count_hidden":0,"_bbp_reply_count_hidden":0,"_bbp_forum_subforum_count":0,"site-sidebar-layout":"default","site-content-layout":"","ast-site-content-layout":"","site-content-style":"default","site-sidebar-style":"default","ast-global-header-display":"","ast-banner-title-visibility":"","ast-main-header-display":"","ast-hfb-above-header-display":"","ast-hfb-below-header-display":"","ast-hfb-mobile-header-display":"","site-post-title":"","ast-breadcrumbs-content":"","ast-featured-img":"","footer-sml-layout":"","theme-transparent-header-meta":"","adv-header-id-meta":"","stick-header-meta":"","header-above-stick-meta":"","header-main-stick-meta":"","header-below-stick-meta":"","astra-migrate-meta-layouts":"default","ast-page-background-enabled":"default","ast-page-background-meta":{"desktop":{"background-color":"var(--ast-global-color-4)","background-image":"","background-repeat":"repeat","background-position":"center center","background-size":"auto","background-attachment":"scroll","background-type":"","background-media":"","overlay-type":"","overlay-color":"","overlay-opacity":"","overlay-gradient":""},"tablet":{"background-color":"","background-image":"","background-repeat":"repeat","background-position":"center center","background-size":"auto","background-attachment":"scroll","background-type":"","background-media":"","overlay-type":"","overlay-color":"","overlay-opacity":"","overlay-gradient":""},"mobile":{"background-color":"","background-image":"","background-repeat":"repeat","background-position":"center center","background-size":"auto","background-attachment":"scroll","background-type":"","background-media":"","overlay-type":"","overlay-color":"","overlay-opacity":"","overlay-gradient":""}},"ast-content-background-meta":{"desktop":{"background-color":"var(--ast-global-color-5)","background-image":"","background-repeat":"repeat","background-position":"center center","background-size":"auto","background-attachment":"scroll","background-type":"","background-media":"","overlay-type":"","overlay-color":"","overlay-opacity":"","overlay-gradient":""},"tablet":{"background-color":"var(--ast-global-color-5)","background-image":"","background-repeat":"repeat","background-position":"center center","background-size":"auto","background-attachment":"scroll","background-type":"","background-media":"","overlay-type":"","overlay-color":"","overlay-opacity":"","overlay-gradient":""},"mobile":{"background-color":"var(--ast-global-color-5)","background-image":"","background-repeat":"repeat","background-position":"center center","background-size":"auto","background-attachment":"scroll","background-type":"","background-media":"","overlay-type":"","overlay-color":"","overlay-opacity":"","overlay-gradient":""}},"footnotes":""},"class_list":["post-10468","page","type-page","status-publish","hentry"],"post_mailing_queue_ids":[],"_links":{"self":[{"href":"https:\/\/serveiseducatius.xtec.cat\/cda-garrotxa\/wp-json\/wp\/v2\/pages\/10468","targetHints":{"allow":["GET"]}}],"collection":[{"href":"https:\/\/serveiseducatius.xtec.cat\/cda-garrotxa\/wp-json\/wp\/v2\/pages"}],"about":[{"href":"https:\/\/serveiseducatius.xtec.cat\/cda-garrotxa\/wp-json\/wp\/v2\/types\/page"}],"author":[{"embeddable":true,"href":"https:\/\/serveiseducatius.xtec.cat\/cda-garrotxa\/wp-json\/wp\/v2\/users\/1"}],"replies":[{"embeddable":true,"href":"https:\/\/serveiseducatius.xtec.cat\/cda-garrotxa\/wp-json\/wp\/v2\/comments?post=10468"}],"version-history":[{"count":3,"href":"https:\/\/serveiseducatius.xtec.cat\/cda-garrotxa\/wp-json\/wp\/v2\/pages\/10468\/revisions"}],"predecessor-version":[{"id":10571,"href":"https:\/\/serveiseducatius.xtec.cat\/cda-garrotxa\/wp-json\/wp\/v2\/pages\/10468\/revisions\/10571"}],"up":[{"embeddable":true,"href":"https:\/\/serveiseducatius.xtec.cat\/cda-garrotxa\/wp-json\/wp\/v2\/pages\/8197"}],"wp:attachment":[{"href":"https:\/\/serveiseducatius.xtec.cat\/cda-garrotxa\/wp-json\/wp\/v2\/media?parent=10468"}],"curies":[{"name":"wp","href":"https:\/\/api.w.org\/{rel}","templated":true}]}}