{"id":10189,"date":"2021-06-21T10:27:45","date_gmt":"2021-06-21T08:27:45","guid":{"rendered":"http:\/\/serveiseducatius.xtec.cat\/cda-garrotxa\/?page_id=10189"},"modified":"2025-09-23T13:48:02","modified_gmt":"2025-09-23T11:48:02","slug":"faqs","status":"publish","type":"page","link":"https:\/\/serveiseducatius.xtec.cat\/cda-garrotxa\/faqs\/","title":{"rendered":"FAQS"},"content":{"rendered":"\n<p class=\"has-text-align-center has-black-color has-ast-global-color-1-background-color has-text-color has-background has-link-color has-medium-font-size wp-elements-6af6d18ef4536c882f345c3a0fe68f34\"><strong>Informaci\u00f3 pr\u00e8via<\/strong><\/p>\n\n\n\n<ul class=\"wp-block-list\">\n<li><strong>Com podem trobar informaci\u00f3 dels Camps d\u2019Aprenentatge?<\/strong><\/li>\n<\/ul>\n\n\n\n<p>Al portal web de l\u2019XTEC, en l\u2019apartat Serveis Educatius &#8211; Camps d\u2019Aprenentatge, podeu trobar tota la informaci\u00f3 referent al funcionament dels CdA&#8217;s i EdA&#8217;s i les dades b\u00e0siques de la xarxa de Camps i Entorns d&#8217;Aprenentatge<\/p>\n\n\n\n<p><a href=\"http:\/\/xtec.gencat.cat\/ca\/serveis\/sesc\/cda\/inscripcio\/index.html\" target=\"_blank\" rel=\"noopener noreferrer\">http:\/\/xtec.gencat.cat\/ca\/serveis\/sesc\/cda\/inscripcio\/index.html<\/a><\/p>\n\n\n\n<ul class=\"wp-block-list\">\n<li><strong>Quan es demanen les estades i sortides als Camps i Entorns d\u2019Aprenentatge?<\/strong><\/li>\n<\/ul>\n\n\n\n<p>Normalment el per\u00edode de preinscripcions per fer una estada o una sortida pel curs seg\u00fcent \u00e9s durant el mes de maig. El Departament publica pr\u00e8viament, al portal de Camps i Entorns d\u2019Aprenentatge de l\u2019XTEC, el per\u00edode d\u2019inscripci\u00f3 exacte i les condicions concretes de cada curs.<\/p>\n\n\n\n<p>Fora d\u2019aquest per\u00edode, caldr\u00e0 trucar directament al Camp o Entorn per veure si encara queden algunes dates vacants disponibles.<\/p>\n\n\n\n<ul class=\"wp-block-list\">\n<li><strong>Qu\u00e8 \u00e9s la preinscripci\u00f3?<\/strong><\/li>\n<\/ul>\n\n\n\n<p>\u00c9s la sol\u00b7licitud que s\u2019ha d\u2019emplenar al mes de maig a&nbsp; <i>l\u2019<a href=\"https:\/\/aplicacions.gestioeducativa.gencat.cat\/siteminderagent\/forms\/gicar2019edufed\/loginCorp2019v16edu.fcc?TYPE=33554433&amp;REALMOID=06-d341c47b-eb8e-41cd-9f6e-1a94408e02fb&amp;GUID=&amp;SMAUTHREASON=0&amp;METHOD=GET&amp;SMAGENTNAME=-SM-1FMsixKYKBau7gkEG2m1%2brQu7p1EGfrdOo5%2fWj6Qu1TjpJ7k6t3XMhro45XzPnMS&amp;TARGET=-SM-HTTPS%3a%2f%2faplicacions%2eensenyament%2egencat%2ecat%2fpls%2fapex%2fapex_authentication%2ecallback%3fp_session_id%3d304930221912799%26p_app_id%3d151%26p_ajax_identifier%3dptuTShMIjV3uMZtzPW6a7YSn8Nr6anM015JnbLHXKMc%26p_page_id%3d501\"><strong>aplicatiu CAMPS<\/strong><\/a><\/i><i>&nbsp;<\/i>per poder demanar Estades o Sortides en un Camp o Entorn d\u2019Aprenentatge. En el cas de ser acceptada i adjudicada, cal fer posteriorment, durant el mes de setembre, la <strong><i>inscripci\u00f3 definitiva<\/i><\/strong>.<\/p>\n\n\n\n<ul class=\"wp-block-list\">\n<li><strong>Qu\u00e8 \u00e9s l\u2019aplicatiu CAMPS?<\/strong><\/li>\n<\/ul>\n\n\n\n<p>\u00c9s el <a href=\"https:\/\/aplicacions.gestioeducativa.gencat.cat\/siteminderagent\/forms\/gicar2019edufed\/loginCorp2019v16edu.fcc?TYPE=33554433&amp;REALMOID=06-d341c47b-eb8e-41cd-9f6e-1a94408e02fb&amp;GUID=&amp;SMAUTHREASON=0&amp;METHOD=GET&amp;SMAGENTNAME=-SM-1FMsixKYKBau7gkEG2m1%2brQu7p1EGfrdOo5%2fWj6Qu1TjpJ7k6t3XMhro45XzPnMS&amp;TARGET=-SM-HTTPS%3a%2f%2faplicacions%2eensenyament%2egencat%2ecat%2fpls%2fapex%2fapex_authentication%2ecallback%3fp_session_id%3d304930221912799%26p_app_id%3d151%26p_ajax_identifier%3dptuTShMIjV3uMZtzPW6a7YSn8Nr6anM015JnbLHXKMc%26p_page_id%3d501\">portal d\u2019internet<\/a> on heu d\u2019entrar \u2013amb l\u2019identificador d\u2019un usuari amb identificaci\u00f3 GICAR\u2013 per fer la preinscripci\u00f3 o sol\u00b7licitud d\u2019activitats amb alumnes a qualsevol Camp i Entorn d\u2019Aprenentatge. Tamb\u00e9 \u00e9s el lloc on es poden consultar, a finals de juny, les dates (o no) adjudicades segons les disponibilitats i els <a href=\"http:\/\/xtec.gencat.cat\/web\/.content\/serveis\/cda\/inscripcio\/documents\/Barem_CdA_EdA_2019_2020.-docx.pdf\">barems de selecci\u00f3<\/a>&nbsp;de cada Camp i Entorn.<\/p>\n\n\n\n<p>Si us ha estat adjudicada l\u2019activitat que heu demanat, caldr\u00e0 acceptar (o no) aquesta adjudicaci\u00f3 en el mateix aplicatiu.<\/p>\n\n\n\n<p>A partir d\u2019aquest moment,&nbsp; al setembre, es contacta ja directament amb el CdA o EdA corresponent.<\/p>\n\n\n\n<p><\/p>\n\n\n\n<p class=\"has-text-align-center has-black-color has-ast-global-color-1-background-color has-text-color has-background has-link-color has-medium-font-size wp-elements-0462917f5b6d08f0b6ae29a533d32b8f\"><strong>Un cop assignats<\/strong><\/p>\n\n\n\n<ul class=\"wp-block-list\">\n<li><strong>Qu\u00e8 s\u2019ha de fer al setembre?<\/strong><\/li>\n<\/ul>\n\n\n\n<p>Assistir a la Trobada de Coordinaci\u00f3 (TC) en la data que es convoqui i enviar la inscripci\u00f3 definitiva.<\/p>\n\n\n\n<ul class=\"wp-block-list\">\n<li><strong>Qu\u00e8 \u00e9s la Trobada de Coodinaci\u00f3 (TC)?<\/strong><\/li>\n<\/ul>\n\n\n\n<p>Una trobada telem\u00e0tica entre el centre i el&nbsp; CdA&nbsp; que ha de venir a fer una estada. En aquesta Trobada de coordinaci\u00f3 es dona a con\u00e8ixer l\u2019oferta educativa del CdA, es concreten les activitats i es coordinen totes les q\u00fcestions organitzatives i pedag\u00f2giques de l\u2019estada tot pactant i preparant el treball previ que es realitzar\u00e0 al centre.<\/p>\n\n\n\n<p>El Departament d\u2019Ensenyament considera obligat\u00f2ria l\u2019assist\u00e8ncia per als docents que han de venir amb els alumnes.<\/p>\n\n\n\n<ul class=\"wp-block-list\">\n<li><strong>Qu\u00e8 \u00e9s el full d\u2019inscripci\u00f3 definitiu?<\/strong><\/li>\n<\/ul>\n\n\n\n<p>Aquest document \u00e9s el <em>contracte&nbsp;definitiu<\/em> signat per la direcci\u00f3 del centre, i &nbsp;\u00e9s indispensable per a confirmar l\u2019estada al Camp o Entorn.<\/p>\n\n\n\n<ul class=\"wp-block-list\">\n<li><strong>On trobo el full d\u2019inscripci\u00f3 definitiu?<\/strong><\/li>\n<\/ul>\n\n\n\n<p>En el mateix <a href=\"https:\/\/aplicacions.gestioeducativa.gencat.cat\/siteminderagent\/forms\/gicar2019edufed\/loginCorp2019v16edu.fcc?TYPE=33554433&amp;REALMOID=06-d341c47b-eb8e-41cd-9f6e-1a94408e02fb&amp;GUID=&amp;SMAUTHREASON=0&amp;METHOD=GET&amp;SMAGENTNAME=-SM-1FMsixKYKBau7gkEG2m1%2brQu7p1EGfrdOo5%2fWj6Qu1TjpJ7k6t3XMhro45XzPnMS&amp;TARGET=-SM-HTTPS%3a%2f%2faplicacions%2eensenyament%2egencat%2ecat%2fpls%2fapex%2fapex_authentication%2ecallback%3fp_session_id%3d301734644072258%26p_app_id%3d151%26p_ajax_identifier%3dhIDIQui_svD8naAJF8abRd19sHF_NMPPU0DbhBw56mo%26p_page_id%3d501\"><strong>aplicatiu CAMPS<\/strong><\/a> on es va fer la sol\u00b7licitud, una vegada acceptada.<\/p>\n\n\n\n<p><\/p>\n\n\n\n<p class=\"has-text-align-center has-black-color has-ast-global-color-1-background-color has-text-color has-background has-link-color has-medium-font-size wp-elements-a549f65d007b5da15021af96e36c67a4\"><strong>Temes de pagament<\/strong><\/p>\n\n\n\n<ul class=\"wp-block-list\">\n<li><strong>Quant val l\u2019estada?<\/strong><\/li>\n<\/ul>\n\n\n\n<p>Podem dividir el pagament de l&#8217;estada en 3 grans blocs.<\/p>\n\n\n\n<p><strong>ACTIVITATS DEL CdA:<\/strong> El Departament fixa els preus p\u00fablics de les activitats a Camps i Entorns per cada curs. Aquests es poden consultar a l&#8217;apartat <a href=\"https:\/\/dogc.gencat.cat\/ca\/document-del-dogc\/?documentId=743883\"><strong>preu p\u00fablic i quotes<\/strong><\/a>. Actualment s\u00f3n<strong> 3\u20ac<\/strong> per alumne.<\/p>\n\n\n\n<p>En el cas dels alumnes que poden gaudir de <a href=\"https:\/\/drive.google.com\/file\/d\/1QSIl3qsamlMg6unAuKrL4ZjHzSy9tKUK\/view\" target=\"_blank\" rel=\"noopener\" data-saferedirecturl=\"https:\/\/www.google.com\/url?q=https:\/\/view.genial.ly\/60d0697d60a9840df4c0bf54&amp;source=gmail&amp;ust=1685605128801000&amp;usg=AOvVaw2bagVG4m4LRr0I3YW1vtcu\"><strong>descomptes aplicables<\/strong> <\/a>cal portar el llistat dels alumnes que gaudeixen del tipus de bonificaci\u00f3 el dia de la sortida o estada.<\/p>\n\n\n\n<p><strong>ALLOTJAMENT:<\/strong> La q<span style=\"font-family: inherit; font-size: 1em;\">uota d\u2019allotjament que varia en funci\u00f3 de la durada de l&#8217;estada. Aquest preu es pot consultar al seg\u00fcent web de <strong><a href=\"https:\/\/xanascat.gencat.cat\/ca\/programes\/camps-i-entorns-daprenentatge\">XANASCAT<\/a><\/strong>.<\/span><\/p>\n\n\n\n<p><strong>EXTRES:<\/strong> Altres activitats o serveis que es realitzen en paral\u00b7lel a les activitats del CdA de la Garrotxa i que tenen un cost afegit:<\/p>\n\n\n\n<ul class=\"wp-block-list\">\n<li>Dinar al restaurant Can Xel (10\u20ac\/persona). Aquell dia, des de l&#8217;alberg, se us descomptar\u00e0 el cost del dinar.<\/li>\n\n\n\n<li>Visita a la Cooperativa la Fageda (5\u20ac per alumne).<\/li>\n\n\n\n<li>Tallers a l&#8217;<strong><a href=\"https:\/\/espaicrater.com\/activitats-educatives\/\" data-type=\"link\" data-id=\"https:\/\/espaicrater.com\/activitats-educatives\/\">ESPAI CR\u00c0TER<\/a><\/strong> per complementar la visita guiada. 115\u20ac\/grup (25 alumnes).<\/li>\n<\/ul>\n\n\n\n<p>La quota d\u2019activitat es paga a posteriori de l&#8217;activitat i es pot fer via transfer\u00e8ncia banc\u00e0ria. El n\u00famero de c\/c del CdA de la Garrotxa \u00e9s <strong>ES98 2100 3724 15 22000 10401<\/strong><\/p>\n\n\n\n<p><\/p>\n\n\n\n<p class=\"has-text-align-center has-black-color has-ast-global-color-1-background-color has-text-color has-background has-link-color has-medium-font-size wp-elements-ea1ea72b8476a96cedfe047b5271a16c\"><strong>Les activitats i les estades<\/strong><\/p>\n\n\n\n<ul class=\"wp-block-list\">\n<li><strong>Quin \u00e9s el programa d\u2019activitats que es far\u00e0 a l\u2019estada?<\/strong><\/li>\n<\/ul>\n\n\n\n<p>A la Trobada de Coordinaci\u00f3 el Camp presenta la seva oferta i les diferents modalitats d\u2019estada. En funci\u00f3 de les opcions disponibles i els interessos del centre, es fixar\u00e0 un programa espec\u00edfic per a cada estada.<\/p>\n\n\n\n<p>Si el centre no ha vingut a la trobada de coordinaci\u00f3, el CdA fixar\u00e0 el programa estimat i el comunicar\u00e0 al centre.<\/p>\n\n\n\n<p>Nom\u00e9s en algunes activitats hi ha un cost extra:<\/p>\n\n\n\n<ul class=\"wp-block-list\">\n<li><strong>Hem d\u2019estar presents els professors en totes les activitats de l\u2019estada?<\/strong><\/li>\n<\/ul>\n\n\n\n<p>S\u00ed. Aix\u00ed ho fixa la normativa general, el document de <a href=\"http:\/\/xtec.gencat.cat\/web\/.content\/serveis\/cda\/inscripcio\/documents\/Revisio-Responsabilitats_centre_cda-eda-juliol-2020.pdf\">responsabilitat<\/a> i aix\u00ed ho entenem des del Camp que \u00e9s necessari.<\/p>\n\n\n\n<ul class=\"wp-block-list\">\n<li><\/li>\n<\/ul>\n\n\n\n<ul class=\"wp-block-list\">\n<li><strong>Qu\u00e8 han de portar els alumnes a l\u2019estada?<\/strong><\/li>\n\n\n\n<li>\n<ul class=\"wp-block-list\">\n<li>Roba i cal\u00e7at c\u00f2mode i adaptat a l&#8217;\u00e8poca de l&#8217;any. Cal remarcar que la immensa majoria de les activitats es realitzen a l&#8217;aire lliure i en entorns naturals.<\/li>\n\n\n\n<li>Roba d&#8217;abric i impermeable.<\/li>\n\n\n\n<li>Carpeta de suport pel quadern.<\/li>\n\n\n\n<li>Una motxilla petita i c\u00f2moda per a l\u2019\u00fas diari, on els pugui cabre el quadern, la carpeta, els llapis, una cantimplora o ampolla per emplenar-la d\u2019aigua, la fruita o l\u2019entrep\u00e0 de mig mat\u00ed, i la jaqueta o roba per protegir-se de la pluja o el vent.<\/li>\n<\/ul>\n<\/li>\n\n\n\n<li><strong>Qu\u00e8 s\u2019ha de fer abans de venir a l\u2019estada?<\/strong><\/li>\n\n\n\n<li>\n<ul class=\"wp-block-list\">\n<li>Fer les activitats pr\u00e8vies, amb l\u2019alumnat, que s\u2019han fixat i pactat a la TC.<\/li>\n\n\n\n<li>Comunicar a l\u2019alumnat tot el que han de saber (coses que han de portar\u2026).<\/li>\n\n\n\n<li>Organitzar grups de dormitoris, menjador, etc.<\/li>\n\n\n\n<li><\/li>\n<\/ul>\n<\/li>\n\n\n\n<li><strong>El dia que sortim del centre a primera hora, cal avisar?<\/strong><\/li>\n<\/ul>\n\n\n\n<p>Nom\u00e9s si hi ha alguna variaci\u00f3 significativa o si s\u2019endarrereix molt l\u2019arribada del centre al CdA.<\/p>\n\n\n\n<ul class=\"wp-block-list\">\n<li><strong>On est\u00e0 ubicat el Camp d\u2019Aprenentatge?<\/strong><\/li>\n<\/ul>\n\n\n\n<p>El Camp, conjuntament amb l&#8217;allotjament, est\u00e0 situat a l&#8217;<a href=\"https:\/\/www.google.com\/maps\/place\/Passeig+Barcelona,+15,+17800+Olot,+Girona\/@42.1774059,2.4834251,16z\/data=!3m1!4b1!4m6!3m5!1s0x12bacae6f62bdc3b:0x7e155cfc46324941!8m2!3d42.1774059!4d2.4834251!16s%2Fg%2F11c4l0jh56?entry=ttu&amp;g_ep=EgoyMDI1MDkxNy4wIKXMDSoASAFQAw%3D%3D\" data-type=\"link\" data-id=\"https:\/\/www.google.com\/maps\/place\/Passeig+Barcelona,+15,+17800+Olot,+Girona\/@42.1774059,2.4834251,16z\/data=!3m1!4b1!4m6!3m5!1s0x12bacae6f62bdc3b:0x7e155cfc46324941!8m2!3d42.1774059!4d2.4834251!16s%2Fg%2F11c4l0jh56?entry=ttu&amp;g_ep=EgoyMDI1MDkxNy4wIKXMDSoASAFQAw%3D%3D\">Alberg Torre Malagrida d&#8217;Olot<\/a>.<\/p>\n\n\n\n<ul class=\"wp-block-list\">\n<li><strong>A quina hora hem d\u2019arribar?<\/strong><\/li>\n<\/ul>\n\n\n\n<p>En una estada est\u00e0ndard se sol arribar cap a mig mat\u00ed. Normalment, per\u00f2, a la Trobada de Coordinaci\u00f3 es pacta l\u2019hora d\u2019arribada en funci\u00f3 del lloc de proced\u00e8ncia, el mitj\u00e0 de transport i el programa de treball.<\/p>\n\n\n\n<ul class=\"wp-block-list\">\n<li><strong>Quan s&#8217;acaba l&#8217;estada?<\/strong><\/li>\n<\/ul>\n\n\n\n<p>Normalment l\u2019estada s\u2019acaba despr\u00e9s del dinar del darrer dia. A &nbsp;la Trobada de Coordinaci\u00f3 es pacta l\u2019hora de dinar i de marxar segons els interessos del centre.<\/p>\n\n\n\n<ul class=\"wp-block-list\">\n<li><strong>Qu\u00e8 es fa en cas de mal temps?<\/strong><\/li>\n<\/ul>\n\n\n\n<p>Des del Camp es consulten les previsions del temps pr\u00e8viament a l\u2019estada, i pactem amb vosaltres, si cal, &nbsp;les possibilitats de canvi o modificaci\u00f3 del programa previst. El CdA disposa, en aquest cas,&nbsp;&nbsp;de propostes alternatives .<\/p>\n\n\n\n<p>El Camp es reserva sempre el dret d\u2019anul\u00b7lar o modificar una activitat quan es donin les condicions meteorol\u00f2giques o situacions no previstes que es considerin de risc.<\/p>\n\n\n\n<ul class=\"wp-block-list\">\n<li><strong>Hi ha un nombre m\u00e0xim o m\u00ednim d\u2019alumnes per fer l\u2019estada?<\/strong><\/li>\n<\/ul>\n\n\n\n<p>Des del CdA de la Garrotxa agafem a grups de 45 alumnes. \u00c9s el l\u00edmit que no podem sobrepassar en el nostre Camp.<\/p>\n\n\n\n<p><\/p>\n\n\n\n<p class=\"has-text-align-center has-black-color has-ast-global-color-1-background-color has-text-color has-background has-link-color has-medium-font-size wp-elements-10200efd5ebeda8f547ae756dbeb12f3\"><strong>Alumnat NESE<\/strong><\/p>\n\n\n\n<ul class=\"wp-block-list\">\n<li><strong>Hem d\u2019avisar si portem alumnes amb alguna minusvalidesa o trastorn de conducta?<\/strong><\/li>\n<\/ul>\n\n\n\n<p>\u00c9s important comentar-ho a la TC per a tenir-ho en compte de cara a les activitats, a la infraestructura i a l\u2019atenci\u00f3 i tracte amb l\u2019alumnat.<\/p>\n","protected":false},"excerpt":{"rendered":"<p>Informaci\u00f3 pr\u00e8via Al portal web de l\u2019XTEC, en l\u2019apartat Serveis Educatius &#8211; Camps d\u2019Aprenentatge, podeu trobar tota la informaci\u00f3 referent al funcionament dels CdA&#8217;s i EdA&#8217;s i les dades b\u00e0siques de la xarxa de Camps i Entorns d&#8217;Aprenentatge http:\/\/xtec.gencat.cat\/ca\/serveis\/sesc\/cda\/inscripcio\/index.html Normalment el per\u00edode de preinscripcions per fer una estada o una sortida pel curs seg\u00fcent \u00e9s [&hellip;]<\/p>\n","protected":false},"author":1,"featured_media":0,"parent":0,"menu_order":0,"comment_status":"closed","ping_status":"closed","template":"","meta":{"_bbp_topic_count":0,"_bbp_reply_count":0,"_bbp_total_topic_count":0,"_bbp_total_reply_count":0,"_bbp_voice_count":0,"_bbp_anonymous_reply_count":0,"_bbp_topic_count_hidden":0,"_bbp_reply_count_hidden":0,"_bbp_forum_subforum_count":0,"site-sidebar-layout":"default","site-content-layout":"","ast-site-content-layout":"default","site-content-style":"default","site-sidebar-style":"default","ast-global-header-display":"","ast-banner-title-visibility":"","ast-main-header-display":"","ast-hfb-above-header-display":"","ast-hfb-below-header-display":"","ast-hfb-mobile-header-display":"","site-post-title":"","ast-breadcrumbs-content":"","ast-featured-img":"","footer-sml-layout":"","theme-transparent-header-meta":"","adv-header-id-meta":"","stick-header-meta":"","header-above-stick-meta":"","header-main-stick-meta":"","header-below-stick-meta":"","astra-migrate-meta-layouts":"set","ast-page-background-enabled":"default","ast-page-background-meta":{"desktop":{"background-color":"var(--ast-global-color-4)","background-image":"","background-repeat":"repeat","background-position":"center center","background-size":"auto","background-attachment":"scroll","background-type":"","background-media":"","overlay-type":"","overlay-color":"","overlay-opacity":"","overlay-gradient":""},"tablet":{"background-color":"","background-image":"","background-repeat":"repeat","background-position":"center center","background-size":"auto","background-attachment":"scroll","background-type":"","background-media":"","overlay-type":"","overlay-color":"","overlay-opacity":"","overlay-gradient":""},"mobile":{"background-color":"","background-image":"","background-repeat":"repeat","background-position":"center center","background-size":"auto","background-attachment":"scroll","background-type":"","background-media":"","overlay-type":"","overlay-color":"","overlay-opacity":"","overlay-gradient":""}},"ast-content-background-meta":{"desktop":{"background-color":"var(--ast-global-color-5)","background-image":"","background-repeat":"repeat","background-position":"center center","background-size":"auto","background-attachment":"scroll","background-type":"","background-media":"","overlay-type":"","overlay-color":"","overlay-opacity":"","overlay-gradient":""},"tablet":{"background-color":"var(--ast-global-color-5)","background-image":"","background-repeat":"repeat","background-position":"center center","background-size":"auto","background-attachment":"scroll","background-type":"","background-media":"","overlay-type":"","overlay-color":"","overlay-opacity":"","overlay-gradient":""},"mobile":{"background-color":"var(--ast-global-color-5)","background-image":"","background-repeat":"repeat","background-position":"center center","background-size":"auto","background-attachment":"scroll","background-type":"","background-media":"","overlay-type":"","overlay-color":"","overlay-opacity":"","overlay-gradient":""}},"footnotes":""},"class_list":["post-10189","page","type-page","status-publish","hentry"],"post_mailing_queue_ids":[],"_links":{"self":[{"href":"https:\/\/serveiseducatius.xtec.cat\/cda-garrotxa\/wp-json\/wp\/v2\/pages\/10189","targetHints":{"allow":["GET"]}}],"collection":[{"href":"https:\/\/serveiseducatius.xtec.cat\/cda-garrotxa\/wp-json\/wp\/v2\/pages"}],"about":[{"href":"https:\/\/serveiseducatius.xtec.cat\/cda-garrotxa\/wp-json\/wp\/v2\/types\/page"}],"author":[{"embeddable":true,"href":"https:\/\/serveiseducatius.xtec.cat\/cda-garrotxa\/wp-json\/wp\/v2\/users\/1"}],"replies":[{"embeddable":true,"href":"https:\/\/serveiseducatius.xtec.cat\/cda-garrotxa\/wp-json\/wp\/v2\/comments?post=10189"}],"version-history":[{"count":5,"href":"https:\/\/serveiseducatius.xtec.cat\/cda-garrotxa\/wp-json\/wp\/v2\/pages\/10189\/revisions"}],"predecessor-version":[{"id":10976,"href":"https:\/\/serveiseducatius.xtec.cat\/cda-garrotxa\/wp-json\/wp\/v2\/pages\/10189\/revisions\/10976"}],"wp:attachment":[{"href":"https:\/\/serveiseducatius.xtec.cat\/cda-garrotxa\/wp-json\/wp\/v2\/media?parent=10189"}],"curies":[{"name":"wp","href":"https:\/\/api.w.org\/{rel}","templated":true}]}}